{"id":4684,"date":"2025-07-17T23:27:15","date_gmt":"2025-07-17T23:27:15","guid":{"rendered":"https:\/\/baflesoviedo.com\/home\/?post_type=product&#038;p=4684"},"modified":"2025-07-18T00:22:10","modified_gmt":"2025-07-18T00:22:10","slug":"pro-ject-automat-2-tornamesa-automatica","status":"publish","type":"product","link":"https:\/\/baflesoviedo.com\/home\/product\/pro-ject-automat-2-tornamesa-automatica\/","title":{"rendered":"Pro-Ject, AUTOMAT A2, Tornamesa Autom\u00e1tica"},"content":{"rendered":"<p><b>Especificaciones T\u00e9cnicas:<\/b><\/p>\n<table cellspacing=\"0\" cellpadding=\"0\">\n<tbody>\n<tr>\n<td valign=\"middle\"><b>Speed:<\/b><\/td>\n<td valign=\"middle\">33, 45, 78 (electronic speed change)<\/td>\n<\/tr>\n<tr>\n<td valign=\"middle\"><b>Drive principle:<\/b><\/td>\n<td valign=\"middle\">belt drive, fully automatic<\/td>\n<\/tr>\n<tr>\n<td valign=\"middle\"><b>Platter:<\/b><\/td>\n<td valign=\"middle\">damped aluminium platter<\/td>\n<\/tr>\n<tr>\n<td valign=\"middle\"><b>Wow &amp; flutter:<\/b><\/td>\n<td valign=\"middle\">33: +\/-0,14%; 45: +\/-0,12%<\/td>\n<\/tr>\n<tr>\n<td valign=\"middle\"><b>Speed drift:<\/b><\/td>\n<td valign=\"middle\">33: +\/-0,27%; 45: +\/-0,22%<\/td>\n<\/tr>\n<tr>\n<td valign=\"middle\"><b>Signal to noise:<\/b><\/td>\n<td valign=\"middle\">74dB<\/td>\n<\/tr>\n<tr>\n<td valign=\"middle\"><b>Tonearm:<\/b><\/td>\n<td valign=\"middle\">ultra-light-mass 8,3\u201d aluminium tonearm<\/td>\n<\/tr>\n<tr>\n<td valign=\"middle\"><b>Effective arm length:<\/b><\/td>\n<td valign=\"middle\">211mm<\/td>\n<\/tr>\n<tr>\n<td valign=\"middle\"><b>Effective arm mass:<\/b><\/td>\n<td valign=\"middle\">7g<\/td>\n<\/tr>\n<tr>\n<td valign=\"middle\"><b>Overhang:<\/b><\/td>\n<td valign=\"middle\">19,5mm<\/td>\n<\/tr>\n<tr>\n<td valign=\"middle\"><b>Included accessories:<\/b><\/td>\n<td valign=\"middle\">15V DC \/ 0,8A power supply, dust cover, 7\u2018\u2018 single adapter, feltmat, phono cable<\/td>\n<\/tr>\n<tr>\n<td valign=\"middle\"><b>Power consumption:<\/b><\/td>\n<td valign=\"middle\">1,5W<\/td>\n<\/tr>\n<tr>\n<td valign=\"middle\"><b>Dimensions:<\/b><\/td>\n<td valign=\"middle\">430 x 150 x 365 mm (WxHxD)<\/td>\n<\/tr>\n<tr>\n<td valign=\"middle\"><b>Weight:<\/b><\/td>\n<td valign=\"middle\">7,3 kg net \/ 10 kg with packaging<\/td>\n<\/tr>\n<\/tbody>\n<\/table>\n<p><a href=\"https:\/\/www.project-audio.com\/en\/product\/a2\/\" target=\"_blank\" rel=\"noopener noreferrer\"><span style=\"color: #0000ff;\">Click aqu\u00ed para m\u00e1s informaci\u00f3n del producto.<\/span><\/a><\/p>\n","protected":false},"excerpt":{"rendered":"<p>Tocadiscos totalmente autom\u00e1tico de alta gama, para disfrutar de la comodidad absoluta y un rendimiento sonoro audi\u00f3filo. Este modelo eleva el concepto de tocadiscos autom\u00e1tico, combinando componentes de precisi\u00f3n con una ingenier\u00eda excepcional que lleva tu colecci\u00f3n de vinilos a otro nivel.<\/p>\n<ul>\n<li><b>Sistema totalmente autom\u00e1tico con precisi\u00f3n mec\u00e1nica:<\/b> operaci\u00f3n Start\/Stop completamente autom\u00e1tica.<\/li>\n<li><b>Plato de aluminio:<\/b> m\u00e1s grande y pesado (305\u202fmm). Reduce vibraciones, resonancias y mantiene una estabilidad rotacional excepcional.<\/li>\n<li><b>Motor de bajas vibraciones con suspensi\u00f3n mejorada:<\/b> minimiza la transmisi\u00f3n de vibraciones al plato y al brazo, garantizando una reproducci\u00f3n limpia y detallada.<\/li>\n<li><b>Brazo de aluminio de 8.3\u2033 con headshell desmontable:<\/b> m\u00e1s versatilidad para cambiar c\u00e1psulas de manera sencilla. Incluye c\u00e1psula Ortofon 2M Red preinstalada y perfectamente alineada.<\/li>\n<li><b>Pastilla Ortofon 2M Red:<\/b> sonido abierto, din\u00e1mico y con un toque de calidez.<\/li>\n<li><b>Chasis de madera MDF:<\/b> alta densidad para bloquear resonancias y vibraciones externas.<\/li>\n<li><b>Preamplificador phono conmutable:<\/b> permite conexi\u00f3n directa a entradas de l\u00ednea o preamplificador externo.<\/li>\n<li><b>Cambio electr\u00f3nico r\u00e1pido de velocidades:<\/b> 33\/45 RPM.<\/li>\n<li><b>Fabricado en Europa:<\/b> este modelo viene fabricado en Alemania, con controles de calidad estrictos en cada etapa.<\/li>\n<li>Disponible en acabado <b>satin black<\/b>.<span class=\"Apple-converted-space\">\u00a0<\/span><\/li>\n<\/ul>\n","protected":false},"featured_media":4685,"template":"","meta":[],"product_cat":[37],"product_tag":[40,56,62],"_links":{"self":[{"href":"https:\/\/baflesoviedo.com\/home\/wp-json\/wp\/v2\/product\/4684"}],"collection":[{"href":"https:\/\/baflesoviedo.com\/home\/wp-json\/wp\/v2\/product"}],"about":[{"href":"https:\/\/baflesoviedo.com\/home\/wp-json\/wp\/v2\/types\/product"}],"wp:featuredmedia":[{"embeddable":true,"href":"https:\/\/baflesoviedo.com\/home\/wp-json\/wp\/v2\/media\/4685"}],"wp:attachment":[{"href":"https:\/\/baflesoviedo.com\/home\/wp-json\/wp\/v2\/media?parent=4684"}],"wp:term":[{"taxonomy":"product_cat","embeddable":true,"href":"https:\/\/baflesoviedo.com\/home\/wp-json\/wp\/v2\/product_cat?post=4684"},{"taxonomy":"product_tag","embeddable":true,"href":"https:\/\/baflesoviedo.com\/home\/wp-json\/wp\/v2\/product_tag?post=4684"}],"curies":[{"name":"wp","href":"https:\/\/api.w.org\/{rel}","templated":true}]}}