{"id":4699,"date":"2025-07-18T00:00:54","date_gmt":"2025-07-18T00:00:54","guid":{"rendered":"https:\/\/baflesoviedo.com\/home\/?post_type=product&#038;p=4699"},"modified":"2025-12-17T00:42:12","modified_gmt":"2025-12-17T00:42:12","slug":"pro-ject-stream-box-s2-streamer","status":"publish","type":"product","link":"https:\/\/baflesoviedo.com\/home\/product\/pro-ject-stream-box-s2-streamer\/","title":{"rendered":"Pro-Ject, Stream Box S2, Streamer"},"content":{"rendered":"<p><b>Especificaciones T\u00e9cnicas:<\/b><\/p>\n<table cellspacing=\"0\" cellpadding=\"0\">\n<tbody>\n<tr>\n<td valign=\"middle\"><b>Audio Formats<\/b><\/td>\n<td valign=\"middle\">MP3, FLAC, WAV, ALAC, APE, AAC<\/td>\n<\/tr>\n<tr>\n<td valign=\"middle\"><b>Internet Radio<\/b><\/td>\n<td valign=\"middle\">TuneIn, iHeartRadio<\/td>\n<\/tr>\n<tr>\n<td valign=\"middle\"><b>Streaming Services<\/b><\/td>\n<td valign=\"middle\">TIDAL, Spotify<\/td>\n<\/tr>\n<tr>\n<td valign=\"middle\"><b>Supported data protocols<\/b><\/td>\n<td valign=\"middle\">Airplay, UPnP, DLNA<\/td>\n<\/tr>\n<tr>\n<td valign=\"middle\"><b>Multi-room<\/b><\/td>\n<td valign=\"middle\">Up to six devices<\/td>\n<\/tr>\n<tr>\n<td valign=\"middle\"><b>Inputs<\/b><\/td>\n<td valign=\"middle\">1 x USB A<\/td>\n<\/tr>\n<tr>\n<td valign=\"middle\"><\/td>\n<td valign=\"middle\">Network (Ethernet, WiFi)<\/td>\n<\/tr>\n<tr>\n<td valign=\"middle\"><\/td>\n<td valign=\"middle\">1 x 3.5 mm (Line In)<\/td>\n<\/tr>\n<tr>\n<td valign=\"middle\"><b>WiFi Standards<\/b><\/td>\n<td valign=\"middle\">WiFi 802.11 b\/g\/n<\/td>\n<\/tr>\n<tr>\n<td valign=\"middle\"><b>Outputs<\/b><\/td>\n<td valign=\"middle\">1 x RCA (fixed)<\/td>\n<\/tr>\n<tr>\n<td valign=\"middle\"><\/td>\n<td valign=\"middle\">1 x 3.5 mm (variable)<\/td>\n<\/tr>\n<tr>\n<td valign=\"middle\"><\/td>\n<td valign=\"middle\">1 x optical (S\/PDIF)<\/td>\n<\/tr>\n<tr>\n<td valign=\"middle\"><b>Controllable via<\/b><\/td>\n<td valign=\"middle\">App &#8220;Pro-Ject Stream S2&#8221; (iOS\/Android)<\/td>\n<\/tr>\n<tr>\n<td valign=\"middle\"><b>Weight<\/b><\/td>\n<td valign=\"middle\">375 g (without power supply)<\/td>\n<\/tr>\n<tr>\n<td valign=\"middle\"><b>Dimensions (WxHxD)<\/b><\/td>\n<td valign=\"middle\">103 x 37 x 122 mm<\/td>\n<\/tr>\n<\/tbody>\n<\/table>\n<p><a href=\"https:\/\/www.project-audio.com\/en\/product\/stream-box-s2\/\" target=\"_blank\" rel=\"noopener noreferrer\"><span style=\"color: #0000ff;\">Click aqu\u00ed para m\u00e1s informaci\u00f3n del producto.<\/span><\/a><\/p>\n","protected":false},"excerpt":{"rendered":"<p>Streamer multisala con un dise\u00f1o compacto y avanzado.<\/p>\n<ul>\n<li>Reproducci\u00f3n 24\/192.<\/li>\n<li>Compatible con Spotify, TIDAL, Qobuz y Amazon Music.<\/li>\n<li>Compatible con Airplay, UPnP y DLNA.<\/li>\n<li>Compatible con multisala y modo fiesta.<\/li>\n<li>Emparejamiento stereo.<\/li>\n<li>Conversor digital-anal\u00f3gico (DAC) ESS9023.<\/li>\n<li>WAV, ALAC, FLAC, MP3, APE, AAC.<\/li>\n<li>Entrada de l\u00ednea.<\/li>\n<li>Salidas anal\u00f3gicas y \u00f3pticas.<\/li>\n<li>Wi-Fi 802.11 b\/g\/n.<\/li>\n<li>Construcci\u00f3n met\u00e1lica s\u00f3lida que protege contra interferencias.<\/li>\n<li>App de control gratuita &#8220;Pro-Ject Stream S2&#8221; (iOS\/Android).<\/li>\n<\/ul>\n","protected":false},"featured_media":4700,"template":"","meta":[],"product_cat":[19,23],"product_tag":[40,56,219,67],"_links":{"self":[{"href":"https:\/\/baflesoviedo.com\/home\/wp-json\/wp\/v2\/product\/4699"}],"collection":[{"href":"https:\/\/baflesoviedo.com\/home\/wp-json\/wp\/v2\/product"}],"about":[{"href":"https:\/\/baflesoviedo.com\/home\/wp-json\/wp\/v2\/types\/product"}],"wp:featuredmedia":[{"embeddable":true,"href":"https:\/\/baflesoviedo.com\/home\/wp-json\/wp\/v2\/media\/4700"}],"wp:attachment":[{"href":"https:\/\/baflesoviedo.com\/home\/wp-json\/wp\/v2\/media?parent=4699"}],"wp:term":[{"taxonomy":"product_cat","embeddable":true,"href":"https:\/\/baflesoviedo.com\/home\/wp-json\/wp\/v2\/product_cat?post=4699"},{"taxonomy":"product_tag","embeddable":true,"href":"https:\/\/baflesoviedo.com\/home\/wp-json\/wp\/v2\/product_tag?post=4699"}],"curies":[{"name":"wp","href":"https:\/\/api.w.org\/{rel}","templated":true}]}}