{"id":4703,"date":"2025-07-18T00:08:42","date_gmt":"2025-07-18T00:08:42","guid":{"rendered":"https:\/\/baflesoviedo.com\/home\/?post_type=product&#038;p=4703"},"modified":"2025-12-17T01:13:57","modified_gmt":"2025-12-17T01:13:57","slug":"pro-ject-debut-pro-s-balanced-tornamesa","status":"publish","type":"product","link":"https:\/\/baflesoviedo.com\/home\/product\/pro-ject-debut-pro-s-balanced-tornamesa\/","title":{"rendered":"Pro-Ject, Debut PRO S Balanced, Tornamesa"},"content":{"rendered":"<p><b>Especificaciones T\u00e9cnicas:<\/b><\/p>\n<table cellspacing=\"0\" cellpadding=\"0\">\n<tbody>\n<tr>\n<td valign=\"middle\"><b>Speed:<\/b><\/td>\n<td valign=\"middle\">33, 45\/(78) (electronic speed change)<\/td>\n<\/tr>\n<tr>\n<td valign=\"middle\"><b>Drive principle:<\/b><\/td>\n<td valign=\"middle\">belt drive with electronic speed control<\/td>\n<\/tr>\n<tr>\n<td valign=\"middle\"><b>Platter:<\/b><\/td>\n<td valign=\"middle\">300mm, die cast aluminium platter with TPE damping and felt mat<\/td>\n<\/tr>\n<tr>\n<td valign=\"middle\"><b>Platter bearing:<\/b><\/td>\n<td valign=\"middle\">high precision stainless steel axle in bronze bushing<\/td>\n<\/tr>\n<tr>\n<td valign=\"middle\"><b>Wow &amp; flutter:<\/b><\/td>\n<td valign=\"middle\">33: +\/-0,16%; 45: +\/-0,14%<\/td>\n<\/tr>\n<tr>\n<td valign=\"middle\"><b>Speed drift:<\/b><\/td>\n<td valign=\"middle\">33: +\/-0,40%; 45: +\/-0,50%<\/td>\n<\/tr>\n<tr>\n<td valign=\"middle\"><b>Signal to noise:<\/b><\/td>\n<td valign=\"middle\">68dB<\/td>\n<\/tr>\n<tr>\n<td valign=\"middle\"><b>Tonearm:<\/b><\/td>\n<td valign=\"middle\">10\u201c S-shape aluminium; SME connector<\/td>\n<\/tr>\n<tr>\n<td valign=\"middle\"><b>Effective arm length\/mass:<\/b><\/td>\n<td valign=\"middle\">254 mm \/ 8 g<\/td>\n<\/tr>\n<tr>\n<td valign=\"middle\"><b>Overhang:<\/b><\/td>\n<td valign=\"middle\">16 mm<\/td>\n<\/tr>\n<tr>\n<td valign=\"middle\"><b>Included accessories:<\/b><\/td>\n<td valign=\"middle\">15V DC \/ 0,8A power supply, dust cover, 78 RPM round belt, 7\u2018\u2018 single adapter, Record Puck E<\/td>\n<\/tr>\n<tr>\n<td valign=\"middle\"><b>Power consumption:<\/b><\/td>\n<td valign=\"middle\">4W \/ 0W standby<\/td>\n<\/tr>\n<tr>\n<td valign=\"middle\"><b>Dimensions (without dustcover):<\/b><\/td>\n<td valign=\"middle\">462 x 145 x 345mm (W x H x D)<\/td>\n<\/tr>\n<tr>\n<td valign=\"middle\"><b>Dimensions (dustcover opened):<\/b><\/td>\n<td valign=\"middle\">462 x 383 x 430mm (W x H x D)<\/td>\n<\/tr>\n<tr>\n<td valign=\"middle\"><b>Weight:<\/b><\/td>\n<td valign=\"middle\">7 kg net<\/td>\n<\/tr>\n<\/tbody>\n<\/table>\n<p><a href=\"https:\/\/www.project-audio.com\/en\/product\/debut-pro-s-balanced\/\" target=\"_blank\" rel=\"noopener noreferrer\"><span style=\"color: #0000ff;\">Click aqu\u00ed para m\u00e1s informaci\u00f3n del producto.<\/span><\/a><\/p>\n","protected":false},"excerpt":{"rendered":"<p>Este modelo audi\u00f3filo aporta un dise\u00f1o completamente nuevo a los tocadiscos Pro-Ject. Convence en todos los aspectos, no solo visualmente, sino tambi\u00e9n, y a\u00fan m\u00e1s importante, en cuanto a sonido.<\/p>\n<ul>\n<li>Pastilla Pick it S2 C: Precisi\u00f3n y din\u00e1mica inigualables.<\/li>\n<li>Subplato de aluminio: Una mejora sustancial respecto a los subplatos convencionales.<\/li>\n<li>NUEVO dise\u00f1o de brazo en forma de S de 10&#8243;: Super r\u00edgido y con amortiguaci\u00f3n \u00fanica para garantizar un seguimiento perfecto.<\/li>\n<li>VTA y azimut: Totalmente ajustables.<\/li>\n<li>33\/45\/78 RPM: Control de motor de alta precisi\u00f3n para velocidades de reproducci\u00f3n controladas electr\u00f3nicamente.<\/li>\n<li>Plato especial: TPE amortiguado y antimagn\u00e9tico.<\/li>\n<li>Patas met\u00e1licas: Amortiguadas y ajustables en altura.<\/li>\n<\/ul>\n","protected":false},"featured_media":4704,"template":"","meta":[],"product_cat":[37],"product_tag":[40,56,62],"_links":{"self":[{"href":"https:\/\/baflesoviedo.com\/home\/wp-json\/wp\/v2\/product\/4703"}],"collection":[{"href":"https:\/\/baflesoviedo.com\/home\/wp-json\/wp\/v2\/product"}],"about":[{"href":"https:\/\/baflesoviedo.com\/home\/wp-json\/wp\/v2\/types\/product"}],"wp:featuredmedia":[{"embeddable":true,"href":"https:\/\/baflesoviedo.com\/home\/wp-json\/wp\/v2\/media\/4704"}],"wp:attachment":[{"href":"https:\/\/baflesoviedo.com\/home\/wp-json\/wp\/v2\/media?parent=4703"}],"wp:term":[{"taxonomy":"product_cat","embeddable":true,"href":"https:\/\/baflesoviedo.com\/home\/wp-json\/wp\/v2\/product_cat?post=4703"},{"taxonomy":"product_tag","embeddable":true,"href":"https:\/\/baflesoviedo.com\/home\/wp-json\/wp\/v2\/product_tag?post=4703"}],"curies":[{"name":"wp","href":"https:\/\/api.w.org\/{rel}","templated":true}]}}