{"id":4708,"date":"2025-07-18T00:14:29","date_gmt":"2025-07-18T00:14:29","guid":{"rendered":"https:\/\/baflesoviedo.com\/home\/?post_type=product&#038;p=4708"},"modified":"2025-12-17T00:41:25","modified_gmt":"2025-12-17T00:41:25","slug":"pro-ject-cd-box-e-reproductor-cd","status":"publish","type":"product","link":"https:\/\/baflesoviedo.com\/home\/product\/pro-ject-cd-box-e-reproductor-cd\/","title":{"rendered":"Pro-Ject, CD Box E, Reproductor CD"},"content":{"rendered":"<p><b>Especificaciones T\u00e9cnicas:<\/b><\/p>\n<table cellspacing=\"0\" cellpadding=\"0\">\n<tbody>\n<tr>\n<td valign=\"middle\"><b>Supports:<\/b><\/td>\n<td valign=\"middle\">Red Book CD-DA<\/td>\n<\/tr>\n<tr>\n<td valign=\"middle\"><b>Digital output:<\/b><\/td>\n<td valign=\"middle\">1 x S\/PDIF coaxial<\/td>\n<\/tr>\n<tr>\n<td valign=\"middle\"><b>Analog output:<\/b><\/td>\n<td valign=\"middle\">1x pair RCA<\/td>\n<\/tr>\n<tr>\n<td valign=\"middle\"><b>Output level:<\/b><\/td>\n<td valign=\"middle\">1,8 Vrms \/ 0dBFS<\/td>\n<\/tr>\n<tr>\n<td valign=\"middle\"><b>Frequency response:<\/b><\/td>\n<td valign=\"middle\">20Hz &#8211; 20kHz, &#8211; 0,2dB<\/td>\n<\/tr>\n<tr>\n<td valign=\"middle\"><b>THD (analog output):<\/b><\/td>\n<td valign=\"middle\">0,04% \/ 1kHz<\/td>\n<\/tr>\n<tr>\n<td valign=\"middle\"><b>Noise floor:<\/b><\/td>\n<td valign=\"middle\">&gt; 85dB<\/td>\n<\/tr>\n<tr>\n<td valign=\"middle\"><b>Channel separation:<\/b><\/td>\n<td valign=\"middle\">&gt; 65dB<\/td>\n<\/tr>\n<tr>\n<td valign=\"middle\"><b>D\/A-converter:<\/b><\/td>\n<td valign=\"middle\">MS8413<\/td>\n<\/tr>\n<tr>\n<td valign=\"middle\"><b>Power supply:<\/b><\/td>\n<td valign=\"middle\">12V\/2A DC, suitable for your country<\/td>\n<\/tr>\n<tr>\n<td valign=\"middle\"><b>Power consumption:<\/b><\/td>\n<td valign=\"middle\">250 &#8211; 1500mA DC, &lt;0,5W in Stand-By<\/td>\n<\/tr>\n<tr>\n<td valign=\"middle\"><b>Battery remote control:<\/b><\/td>\n<td valign=\"middle\">2 x AAA 1,5V<\/td>\n<\/tr>\n<tr>\n<td valign=\"middle\"><b>Dimensions WxHxD:<\/b><\/td>\n<td valign=\"middle\">206 x 55 x 153 (160 incl. sockets) mm<\/td>\n<\/tr>\n<tr>\n<td valign=\"middle\"><b>Weight:<\/b><\/td>\n<td valign=\"middle\">1430g without power supply<\/td>\n<\/tr>\n<\/tbody>\n<\/table>\n<p><a href=\"https:\/\/www.project-audio.com\/en\/product\/cd-box-e\/\" target=\"_blank\" rel=\"noopener noreferrer\"><span style=\"color: #0000ff;\">Click aqu\u00ed para m\u00e1s informaci\u00f3n del producto.<\/span><\/a><\/p>\n","protected":false},"excerpt":{"rendered":"<p>Reproductor de CD b\u00e1sico, con el mismo panel frontal de aluminio que los reproductores de las l\u00edneas S, DS o RS. A diferencia de los reproductores de DVD o Blu-ray, un reproductor de CD puro suele ser mejor en la reproducci\u00f3n de CD est\u00e9reo. Este ofrece una resoluci\u00f3n excelente y el mejor sonido, con una precisi\u00f3n de bits de 1:1.<\/p>\n<ul>\n<li>Construcci\u00f3n met\u00e1lica r\u00edgida garantiza estabilidad e inmunidad a influencias mec\u00e1nicas y electromagn\u00e9ticas externas.<\/li>\n<li>Mecanismo de ranura<\/li>\n<li>Conversor digital\/anal\u00f3gico (DAC) de alta calidad para una reproducci\u00f3n precisa<\/li>\n<li>Salida anal\u00f3gica line-level RCA<\/li>\n<li>Salida digital coaxial S\/PDIF<\/li>\n<li>Control remoto incluido<\/li>\n<li>Disponible en acabados: plata o negro<\/li>\n<\/ul>\n","protected":false},"featured_media":4709,"template":"","meta":[],"product_cat":[19],"product_tag":[189,40,56],"_links":{"self":[{"href":"https:\/\/baflesoviedo.com\/home\/wp-json\/wp\/v2\/product\/4708"}],"collection":[{"href":"https:\/\/baflesoviedo.com\/home\/wp-json\/wp\/v2\/product"}],"about":[{"href":"https:\/\/baflesoviedo.com\/home\/wp-json\/wp\/v2\/types\/product"}],"wp:featuredmedia":[{"embeddable":true,"href":"https:\/\/baflesoviedo.com\/home\/wp-json\/wp\/v2\/media\/4709"}],"wp:attachment":[{"href":"https:\/\/baflesoviedo.com\/home\/wp-json\/wp\/v2\/media?parent=4708"}],"wp:term":[{"taxonomy":"product_cat","embeddable":true,"href":"https:\/\/baflesoviedo.com\/home\/wp-json\/wp\/v2\/product_cat?post=4708"},{"taxonomy":"product_tag","embeddable":true,"href":"https:\/\/baflesoviedo.com\/home\/wp-json\/wp\/v2\/product_tag?post=4708"}],"curies":[{"name":"wp","href":"https:\/\/api.w.org\/{rel}","templated":true}]}}