{"id":4713,"date":"2025-07-18T00:20:22","date_gmt":"2025-07-18T00:20:22","guid":{"rendered":"https:\/\/baflesoviedo.com\/home\/?post_type=product&#038;p=4713"},"modified":"2025-07-18T00:20:23","modified_gmt":"2025-07-18T00:20:23","slug":"pro-ject-pick-it-mc9-pastilla-tocadiscos-mc","status":"publish","type":"product","link":"https:\/\/baflesoviedo.com\/home\/product\/pro-ject-pick-it-mc9-pastilla-tocadiscos-mc\/","title":{"rendered":"Pro-Ject, Pick it MC9, Pastilla Tocadiscos (MC)"},"content":{"rendered":"<p><b>Especificaciones T\u00e9cnicas:<\/b><\/p>\n<table cellspacing=\"0\" cellpadding=\"0\">\n<tbody>\n<tr>\n<td valign=\"middle\"><b>Cartridge principle:<\/b><\/td>\n<td valign=\"middle\">MC (Moving-Coil)<\/td>\n<\/tr>\n<tr>\n<td valign=\"middle\"><b>Output voltage at 1 kHz:<\/b><\/td>\n<td valign=\"middle\">0,35 mV (3,54 cm\/sec)<\/td>\n<\/tr>\n<tr>\n<td valign=\"middle\"><b>Channel separation at 1 kHz:<\/b><\/td>\n<td valign=\"middle\">35 dB<\/td>\n<\/tr>\n<tr>\n<td valign=\"middle\"><b>Dynamic Compliance:<\/b><\/td>\n<td valign=\"middle\">12\u00b5m\/mN<\/td>\n<\/tr>\n<tr>\n<td valign=\"middle\"><b>Tracking ability at 315Hz:<\/b><\/td>\n<td valign=\"middle\">70 \u03bcm<\/td>\n<\/tr>\n<tr>\n<td valign=\"middle\"><b>Frequency response:<\/b><\/td>\n<td valign=\"middle\">20 &#8211; 20 000 Hz +\/- 1dB<\/td>\n<\/tr>\n<tr>\n<td valign=\"middle\"><b>Stylus type:<\/b><\/td>\n<td valign=\"middle\">Special Elliptical<\/td>\n<\/tr>\n<tr>\n<td valign=\"middle\"><b>Stylus tip radius:<\/b><\/td>\n<td valign=\"middle\">5&#215;150 \u03bcm<\/td>\n<\/tr>\n<tr>\n<td valign=\"middle\"><b>Tracking force, range:<\/b><\/td>\n<td valign=\"middle\">1,6 &#8211; 1,9 g (mN)<\/td>\n<\/tr>\n<tr>\n<td valign=\"middle\"><b>Tracking force, recommended:<\/b><\/td>\n<td valign=\"middle\">1,8 g (mN)<\/td>\n<\/tr>\n<tr>\n<td valign=\"middle\"><b>Tracking angle:<\/b><\/td>\n<td valign=\"middle\">20\u00b0<\/td>\n<\/tr>\n<tr>\n<td valign=\"middle\"><b>Recommended load resistance:<\/b><\/td>\n<td valign=\"middle\">100-470 \u03a9<\/td>\n<\/tr>\n<tr>\n<td valign=\"middle\"><b>Break-in period:<\/b><\/td>\n<td valign=\"middle\">30 hours<\/td>\n<\/tr>\n<tr>\n<td valign=\"middle\"><b>Cartridge weight:<\/b><\/td>\n<td valign=\"middle\">9,6 g<\/td>\n<\/tr>\n<tr>\n<td valign=\"middle\"><b>Dimensions, without connection pins and stylus (W x H x D):<\/b><\/td>\n<td valign=\"middle\">17&#215;12.5x21mm<\/td>\n<\/tr>\n<\/tbody>\n<\/table>\n<p><a href=\"https:\/\/www.project-audio.com\/en\/product\/pick-it-mc9\/\" target=\"_blank\" rel=\"noopener noreferrer\"><span style=\"color: #0000ff;\">Click aqu\u00ed para m\u00e1s informaci\u00f3n del producto.<\/span><\/a><\/p>\n","protected":false},"excerpt":{"rendered":"<p>La Pick it MC de primera categor\u00eda. Este modelo reproduce tu m\u00fasica con la m\u00e1xima precisi\u00f3n: una escena sonora detallada, altamente din\u00e1mica y r\u00edtmica son solo algunas de sus caracter\u00edsticas. Est\u00e1 optimizada para m\u00fasica altamente din\u00e1mica como el jazz y la m\u00fasica cl\u00e1sica. El ensamblaje y el control de calidad se realizan en Europa para garantizar la m\u00e1xima calidad de sonido posible.<\/p>\n<ul>\n<li>Respuesta de frecuencia plana.<\/li>\n<li>Cuerpo \u00edntegramente de aluminio.<\/li>\n<li>Montaje est\u00e1ndar de 1\/2 pulgada.<\/li>\n<li>Dise\u00f1ado y ensamblado en Europa.<\/li>\n<\/ul>\n","protected":false},"featured_media":4714,"template":"","meta":[],"product_cat":[37],"product_tag":[40,185,202,56,62],"_links":{"self":[{"href":"https:\/\/baflesoviedo.com\/home\/wp-json\/wp\/v2\/product\/4713"}],"collection":[{"href":"https:\/\/baflesoviedo.com\/home\/wp-json\/wp\/v2\/product"}],"about":[{"href":"https:\/\/baflesoviedo.com\/home\/wp-json\/wp\/v2\/types\/product"}],"wp:featuredmedia":[{"embeddable":true,"href":"https:\/\/baflesoviedo.com\/home\/wp-json\/wp\/v2\/media\/4714"}],"wp:attachment":[{"href":"https:\/\/baflesoviedo.com\/home\/wp-json\/wp\/v2\/media?parent=4713"}],"wp:term":[{"taxonomy":"product_cat","embeddable":true,"href":"https:\/\/baflesoviedo.com\/home\/wp-json\/wp\/v2\/product_cat?post=4713"},{"taxonomy":"product_tag","embeddable":true,"href":"https:\/\/baflesoviedo.com\/home\/wp-json\/wp\/v2\/product_tag?post=4713"}],"curies":[{"name":"wp","href":"https:\/\/api.w.org\/{rel}","templated":true}]}}