{"id":4727,"date":"2025-07-22T00:14:27","date_gmt":"2025-07-22T00:14:27","guid":{"rendered":"https:\/\/baflesoviedo.com\/home\/?post_type=product&#038;p=4727"},"modified":"2025-12-17T00:36:00","modified_gmt":"2025-12-17T00:36:00","slug":"pro-ject-dac-box-e-dac","status":"publish","type":"product","link":"https:\/\/baflesoviedo.com\/home\/product\/pro-ject-dac-box-e-dac\/","title":{"rendered":"Pro-Ject, DAC Box E, DAC"},"content":{"rendered":"<p><b>Especificaciones T\u00e9cnicas:<\/b><\/p>\n<table cellspacing=\"0\" cellpadding=\"0\">\n<tbody>\n<tr>\n<td valign=\"middle\"><b>Line-level output<\/b><\/td>\n<td valign=\"middle\">1 pair RCA\/phono sockets<\/td>\n<\/tr>\n<tr>\n<td valign=\"middle\"><b>Output voltage<\/b><\/td>\n<td valign=\"middle\">0.7 Vrms<\/td>\n<\/tr>\n<tr>\n<td valign=\"middle\"><b>Digital inputs<\/b><\/td>\n<td valign=\"middle\">1x coaxial (S\/PDIF), 1x optical (TOSlink\u00ae)<\/td>\n<\/tr>\n<tr>\n<td valign=\"middle\"><b>D\/A converter<\/b><\/td>\n<td valign=\"middle\">CS4344. 24Bit\/192kHz<\/td>\n<\/tr>\n<tr>\n<td valign=\"middle\"><b>Supported audio format<\/b><\/td>\n<td valign=\"middle\">PCM (LPCM) (Stereo only, no support for multi-channel formats)<\/td>\n<\/tr>\n<tr>\n<td valign=\"middle\"><b>Sampling rates Optical and coaxial input<\/b><\/td>\n<td valign=\"middle\">44.1 kHz, 48kHz, 96 kHz and 192 kHz (coaxial only)<\/td>\n<\/tr>\n<tr>\n<td valign=\"middle\"><b>Outboard power supply<\/b><\/td>\n<td valign=\"middle\">18 V \/ 500 mA DC; 220 &#8211; 240V, 50Hz<\/td>\n<\/tr>\n<tr>\n<td valign=\"middle\"><b>Power consumption<\/b><\/td>\n<td valign=\"middle\">200 mA DC, &lt;1W in standby<\/td>\n<\/tr>\n<tr>\n<td valign=\"middle\"><b>Dimensions W x H x D (D with sockets)<\/b><\/td>\n<td valign=\"middle\">120 x 32 x 100 (106) mm<\/td>\n<\/tr>\n<tr>\n<td valign=\"middle\"><b>Weight<\/b><\/td>\n<td valign=\"middle\">250 g without power supply<\/td>\n<\/tr>\n<\/tbody>\n<\/table>\n<p><a href=\"https:\/\/www.project-audio.com\/en\/product\/dac-box-e\/\" target=\"_blank\" rel=\"noopener noreferrer\"><span style=\"color: #0000ff;\">Click aqu\u00ed para m\u00e1s informaci\u00f3n del producto.<\/span><\/a><\/p>\n","protected":false},"excerpt":{"rendered":"<p>El DAC Box E de gama b\u00e1sica es un excelente convertidor digital-anal\u00f3gico para fuentes de sonido digital. A pesar de su bajo precio, ofrece un sonido excepcional y soporta m\u00fasica HD para disfrutar del mejor sonido posible. Es la actualizaci\u00f3n perfecta para cualquier fuente de audio stereo digital. \u00a1Una excelente opci\u00f3n de audio a un precio incre\u00edble!<\/p>\n<ul>\n<li>Conversi\u00f3n D\/A de 24 bits \/ 192 kHz<\/li>\n<li>Conexi\u00f3n coaxial (RCA) y \u00f3ptica (Toslink)<\/li>\n<li>Componentes especiales de bajo ruido<\/li>\n<li>Conectores RCA chapados en oro<\/li>\n<li>Incluye fuente de alimentaci\u00f3n externa<\/li>\n<li>Acabados disponibles: negro o blanco<\/li>\n<\/ul>\n","protected":false},"featured_media":4728,"template":"","meta":[],"product_cat":[19],"product_tag":[57,40,56],"_links":{"self":[{"href":"https:\/\/baflesoviedo.com\/home\/wp-json\/wp\/v2\/product\/4727"}],"collection":[{"href":"https:\/\/baflesoviedo.com\/home\/wp-json\/wp\/v2\/product"}],"about":[{"href":"https:\/\/baflesoviedo.com\/home\/wp-json\/wp\/v2\/types\/product"}],"wp:featuredmedia":[{"embeddable":true,"href":"https:\/\/baflesoviedo.com\/home\/wp-json\/wp\/v2\/media\/4728"}],"wp:attachment":[{"href":"https:\/\/baflesoviedo.com\/home\/wp-json\/wp\/v2\/media?parent=4727"}],"wp:term":[{"taxonomy":"product_cat","embeddable":true,"href":"https:\/\/baflesoviedo.com\/home\/wp-json\/wp\/v2\/product_cat?post=4727"},{"taxonomy":"product_tag","embeddable":true,"href":"https:\/\/baflesoviedo.com\/home\/wp-json\/wp\/v2\/product_tag?post=4727"}],"curies":[{"name":"wp","href":"https:\/\/api.w.org\/{rel}","templated":true}]}}