{"id":4740,"date":"2025-07-22T19:07:58","date_gmt":"2025-07-22T19:07:58","guid":{"rendered":"https:\/\/baflesoviedo.com\/home\/?post_type=product&#038;p=4740"},"modified":"2025-07-28T18:29:09","modified_gmt":"2025-07-28T18:29:09","slug":"pro-ject-speaker-box-5-e-carbon-altavoces-librero","status":"publish","type":"product","link":"https:\/\/baflesoviedo.com\/home\/product\/pro-ject-speaker-box-5-e-carbon-altavoces-librero\/","title":{"rendered":"Pro-Ject, Speaker Box 5 E Carbon, Altavoces Librero"},"content":{"rendered":"<p><b>Especificaciones T\u00e9cnicas:<\/b><\/p>\n<table cellspacing=\"0\" cellpadding=\"0\">\n<tbody>\n<tr>\n<td valign=\"middle\"><b>Enclosure type:<\/b><\/td>\n<td valign=\"middle\">bass reflex via rear firing port<\/td>\n<\/tr>\n<tr>\n<td valign=\"middle\"><b>Recommended amplifier power:<\/b><\/td>\n<td valign=\"middle\">10 to 150 watts<\/td>\n<\/tr>\n<tr>\n<td valign=\"middle\"><b>Frequency response:<\/b><\/td>\n<td valign=\"middle\">65Hz &#8211; 20kHz<\/td>\n<\/tr>\n<tr>\n<td valign=\"middle\"><b>Nominal impedance:<\/b><\/td>\n<td valign=\"middle\">4 Ohm<\/td>\n<\/tr>\n<tr>\n<td valign=\"middle\"><b>Sensitivity:<\/b><\/td>\n<td valign=\"middle\">86 dB (1 W \/ 1 m)<\/td>\n<\/tr>\n<tr>\n<td valign=\"middle\"><b>Chassis:<\/b><\/td>\n<td valign=\"middle\">1\u201d silk dome tweeter<\/td>\n<\/tr>\n<tr>\n<td valign=\"middle\"><\/td>\n<td valign=\"middle\">5\u201d carbon fiber glass bass\/mid<\/td>\n<\/tr>\n<tr>\n<td valign=\"middle\"><b>Dimensions:<\/b><\/td>\n<td valign=\"middle\">270 x 165 x 220 mm (HxWxD)<\/td>\n<\/tr>\n<tr>\n<td valign=\"middle\"><b>Weight:<\/b><\/td>\n<td valign=\"middle\">4,76 kg each<\/td>\n<\/tr>\n<\/tbody>\n<\/table>\n<p><a href=\"https:\/\/www.project-audio.com\/en\/product\/speaker-box-5-e-carbon\/\" target=\"_blank\" rel=\"noopener noreferrer\"><span style=\"color: #0000ff;\">Click aqu\u00ed para m\u00e1s informaci\u00f3n del producto.<\/span><\/a><\/p>\n","protected":false},"excerpt":{"rendered":"<ul>\n<li><span style=\"text-decoration: underline;\">Acabados Standard (Black, White, Blue, Green, Yellow):<\/span> $549 ($620.37 con IVA)<\/li>\n<li><span style=\"text-decoration: underline;\">Acabado Walnut:<\/span> $605 ($683.65 con IVA)<\/li>\n<\/ul>\n<p>Altavoces de estanter\u00eda para audi\u00f3filos que ofrecen una respuesta de frecuencia plana con detalles impecables. Ofrecen graves potentes y definidos que mantienen viva la musicalidad. El dise\u00f1o del Speaker Box 5 E Carbon es sutil pero elegante, lo que le permite integrarse en cualquier estilo interior.<\/p>\n<ul>\n<li>Principio bass reflex de 2 v\u00edas<\/li>\n<li>Tweeter de c\u00fapula de seda de 1&#8243;, combinado con un woofer especial de fibra de vidrio y carbono (5\u201d).<\/li>\n<li>Baja coloraci\u00f3n y gran transparencia<\/li>\n<li>Escenario sonoro altamente detallado<\/li>\n<li>Terminales banana chapados en oro<\/li>\n<li>Caja de MDF antiresonante<\/li>\n<li>El soporte de pared se vende por separado<\/li>\n<li>Rejillas magn\u00e9ticas para altavoces incluidas.<\/li>\n<li>Disponible en acabados: satin golden yellow, satin fir green, satin steel blue, satin black, satin white, walnut.<span class=\"Apple-converted-space\">\u00a0<\/span><\/li>\n<\/ul>\n","protected":false},"featured_media":4743,"template":"","meta":[],"product_cat":[122,130,17],"product_tag":[31,184,40,56],"_links":{"self":[{"href":"https:\/\/baflesoviedo.com\/home\/wp-json\/wp\/v2\/product\/4740"}],"collection":[{"href":"https:\/\/baflesoviedo.com\/home\/wp-json\/wp\/v2\/product"}],"about":[{"href":"https:\/\/baflesoviedo.com\/home\/wp-json\/wp\/v2\/types\/product"}],"wp:featuredmedia":[{"embeddable":true,"href":"https:\/\/baflesoviedo.com\/home\/wp-json\/wp\/v2\/media\/4743"}],"wp:attachment":[{"href":"https:\/\/baflesoviedo.com\/home\/wp-json\/wp\/v2\/media?parent=4740"}],"wp:term":[{"taxonomy":"product_cat","embeddable":true,"href":"https:\/\/baflesoviedo.com\/home\/wp-json\/wp\/v2\/product_cat?post=4740"},{"taxonomy":"product_tag","embeddable":true,"href":"https:\/\/baflesoviedo.com\/home\/wp-json\/wp\/v2\/product_tag?post=4740"}],"curies":[{"name":"wp","href":"https:\/\/api.w.org\/{rel}","templated":true}]}}