{"id":4749,"date":"2025-07-22T21:09:58","date_gmt":"2025-07-22T21:09:58","guid":{"rendered":"https:\/\/baflesoviedo.com\/home\/?post_type=product&#038;p=4749"},"modified":"2025-07-28T18:29:31","modified_gmt":"2025-07-28T18:29:31","slug":"pro-ject-speaker-box-10-e-carbon-altavoces-torre","status":"publish","type":"product","link":"https:\/\/baflesoviedo.com\/home\/product\/pro-ject-speaker-box-10-e-carbon-altavoces-torre\/","title":{"rendered":"Pro-Ject, Speaker Box 10 E Carbon, Altavoces Torre"},"content":{"rendered":"<p><b>Especificaciones T\u00e9cnicas:<\/b><\/p>\n<table cellspacing=\"0\" cellpadding=\"0\">\n<tbody>\n<tr>\n<td valign=\"middle\"><b>Enclosure type:<\/b><\/td>\n<td valign=\"middle\">bass reflex via rear firing port<\/td>\n<\/tr>\n<tr>\n<td valign=\"middle\"><b>Recommended amplifier power:<\/b><\/td>\n<td valign=\"middle\">10 to 150 watts<\/td>\n<\/tr>\n<tr>\n<td valign=\"middle\"><b>Frequency response:<\/b><\/td>\n<td valign=\"middle\">48Hz &#8211; 20kHz<\/td>\n<\/tr>\n<tr>\n<td valign=\"middle\"><b>Nominal impedance:<\/b><\/td>\n<td valign=\"middle\">4 ohms<\/td>\n<\/tr>\n<tr>\n<td valign=\"middle\"><b>Sensitivity:<\/b><\/td>\n<td valign=\"middle\">87dB (1w \/1m)<\/td>\n<\/tr>\n<tr>\n<td valign=\"middle\"><b>Chassis:<\/b><\/td>\n<td valign=\"middle\">1\u201d silk dome tweeter<\/td>\n<\/tr>\n<tr>\n<td valign=\"middle\"><\/td>\n<td valign=\"middle\">2 x 4\u201d carbon fiber glass bass\/mid<\/td>\n<\/tr>\n<tr>\n<td valign=\"middle\"><b>Dimensions:<\/b><\/td>\n<td valign=\"middle\">935 x 140 x 190 mm (HxWxD)<\/td>\n<\/tr>\n<tr>\n<td valign=\"middle\"><b>Weight:<\/b><\/td>\n<td valign=\"middle\">7,93 kg each<\/td>\n<\/tr>\n<\/tbody>\n<\/table>\n<p><a href=\"https:\/\/www.project-audio.com\/en\/product\/speaker-box-10-e-carbon\/\" target=\"_blank\" rel=\"noopener noreferrer\"><span style=\"color: #0000ff;\">Click aqu\u00ed para m\u00e1s informaci\u00f3n del producto.<\/span><\/a><\/p>\n","protected":false},"excerpt":{"rendered":"<ul>\n<li><span style=\"text-decoration: underline;\">Acabados Standard (Satin White, Satin Black):<\/span> $859 ($970.67 con IVA)<\/li>\n<li><span style=\"text-decoration: underline;\">Acabado Walnut:<\/span> $909 ($1,027.17 con IVA)<\/li>\n<\/ul>\n<p>Altavoces tipo torre, dise\u00f1ados para ofrecer una respuesta de frecuencia plana y audi\u00f3fila. Logra un sonido altamente natural combinado con graves potentes. Adem\u00e1s, revela cada detalle sin coloraci\u00f3n y una imagen est\u00e9reo amplia y profunda. Su agradable timbre permite escuchar durante horas sin causar fatiga, y su look elegante es ideal para cualquier estilo de interior. No encontrar\u00e1s tornillos visibles en la parte frontal y las rejillas de los altavoces incluidas est\u00e1n fijadas con imanes para una apariencia impecable.<\/p>\n<ul>\n<li>Principio bass reflex de 2 v\u00edas<\/li>\n<li>Tweeter de c\u00fapula de seda de 1&#8243;, combinado con dos woofers especiales de fibra de vidrio y carbono (4\u201d)<\/li>\n<li>Sonido ultra transparente y detallado<\/li>\n<li>Colocaci\u00f3n perfecta de voces e instrumentos<\/li>\n<li>Terminales banana chapados en oro<\/li>\n<li>Caja de MDF antiresonante<\/li>\n<li>Rejillas magn\u00e9ticas para altavoces incluidas<\/li>\n<li>Disponible en acabados: satin black, satin white, walnut.<\/li>\n<\/ul>\n","protected":false},"featured_media":4752,"template":"","meta":[],"product_cat":[121,130,17],"product_tag":[31,191,40,56],"_links":{"self":[{"href":"https:\/\/baflesoviedo.com\/home\/wp-json\/wp\/v2\/product\/4749"}],"collection":[{"href":"https:\/\/baflesoviedo.com\/home\/wp-json\/wp\/v2\/product"}],"about":[{"href":"https:\/\/baflesoviedo.com\/home\/wp-json\/wp\/v2\/types\/product"}],"wp:featuredmedia":[{"embeddable":true,"href":"https:\/\/baflesoviedo.com\/home\/wp-json\/wp\/v2\/media\/4752"}],"wp:attachment":[{"href":"https:\/\/baflesoviedo.com\/home\/wp-json\/wp\/v2\/media?parent=4749"}],"wp:term":[{"taxonomy":"product_cat","embeddable":true,"href":"https:\/\/baflesoviedo.com\/home\/wp-json\/wp\/v2\/product_cat?post=4749"},{"taxonomy":"product_tag","embeddable":true,"href":"https:\/\/baflesoviedo.com\/home\/wp-json\/wp\/v2\/product_tag?post=4749"}],"curies":[{"name":"wp","href":"https:\/\/api.w.org\/{rel}","templated":true}]}}