{"id":476,"date":"2020-04-22T23:13:23","date_gmt":"2020-04-22T23:13:23","guid":{"rendered":"https:\/\/baflesoviedo.com\/home\/?post_type=product&#038;p=476"},"modified":"2025-09-30T22:02:45","modified_gmt":"2025-09-30T22:02:45","slug":"bowers-wilkins-db1d-subwoofer","status":"publish","type":"product","link":"https:\/\/baflesoviedo.com\/home\/product\/bowers-wilkins-db1d-subwoofer\/","title":{"rendered":"Bowers &#038; Wilkins, DB1D, Subwoofer"},"content":{"rendered":"<p><strong>Especificaciones<\/strong><\/p>\n<table style=\"height: 575px;\" width=\"834\">\n<tbody>\n<tr>\n<td width=\"477\">Caracter\u00edsticas t\u00e9cnicas<\/td>\n<td width=\"777\">Amplificador Hypex Clase D 2000w<\/td>\n<\/tr>\n<tr>\n<td width=\"477\"><\/td>\n<td width=\"777\">2 unidades de unidad de cono Aerofoil de 300 mm (12 pulgadas) en una configuraci\u00f3n equilibrada<\/td>\n<\/tr>\n<tr>\n<td width=\"477\"><\/td>\n<td width=\"777\">Preamplificador digital con ecualizador din\u00e1mico<\/td>\n<\/tr>\n<tr>\n<td width=\"477\"><\/td>\n<td width=\"777\">Configuraci\u00f3n basada en la aplicaci\u00f3n y control BT-LE<\/td>\n<\/tr>\n<tr>\n<td width=\"477\">Unidades de parlante<\/td>\n<td width=\"777\">2 unidades de unidad de cono Aerofoil de 300 mm (12 pulgadas) en una configuraci\u00f3n equilibrada<\/td>\n<\/tr>\n<tr>\n<td width=\"477\">Rango de frecuencia (-6dB)<\/td>\n<td width=\"777\">8.5Hz &#8211; 500Hz<\/td>\n<\/tr>\n<tr>\n<td width=\"477\">Respuesta de frecuencia -3dB (centrada en el nivel a 100Hz)<\/td>\n<td width=\"777\">10Hz &#8211; 350 Hz<\/td>\n<\/tr>\n<tr>\n<td width=\"477\">Salida de potencia m\u00e1xima<\/td>\n<td width=\"777\">2000W<\/td>\n<\/tr>\n<tr>\n<td width=\"477\">Entradas<\/td>\n<td width=\"777\">2 x XLR<\/td>\n<\/tr>\n<tr>\n<td width=\"477\"><\/td>\n<td width=\"777\">2 x RCA<\/td>\n<\/tr>\n<tr>\n<td width=\"477\"><\/td>\n<td width=\"777\">2 x 3.5mm 12V disparador<\/td>\n<\/tr>\n<tr>\n<td width=\"477\"><\/td>\n<td width=\"777\">RS-232 &#8211; conector D de 9 pines<\/td>\n<\/tr>\n<tr>\n<td width=\"477\">Dimensiones<\/td>\n<td width=\"777\">Altura: 460 mm (18,1 pulgadas)<\/td>\n<\/tr>\n<tr>\n<td width=\"477\"><\/td>\n<td width=\"777\">Ancho: 429 mm (16.9 pulgadas)<\/td>\n<\/tr>\n<tr>\n<td width=\"477\"><\/td>\n<td width=\"777\">Profundidad: 410 mm (16,1 pulgadas)<\/td>\n<\/tr>\n<tr>\n<td width=\"477\">Peso neto<\/td>\n<td width=\"777\">43kg<\/td>\n<\/tr>\n<tr>\n<td width=\"477\">Acabado del gabinete (acabado de rejilla)<\/td>\n<td width=\"777\">Negro brillante (con rejillas negras)<\/td>\n<\/tr>\n<tr>\n<td width=\"477\"><\/td>\n<td width=\"777\">Blanco satinado (con rejillas grises)<\/td>\n<\/tr>\n<tr>\n<td width=\"477\"><\/td>\n<td width=\"777\">Rosenut (con rejillas negras)<\/td>\n<\/tr>\n<\/tbody>\n<\/table>\n<p><span style=\"color: #0000ff;\"><a style=\"color: #0000ff;\" href=\"https:\/\/www.bowerswilkins.com\/home-audio\/db1d\" target=\"_blank\" rel=\"noopener noreferrer\">Click aqu\u00ed para m\u00e1s informaci\u00f3n del producto<\/a><\/span><\/p>\n","protected":false},"excerpt":{"rendered":"<p>Combinando 2000 vatios de amplificaci\u00f3n digital con dos controladores Aerofoil \u2122 balanceados para una incre\u00edble potencia y velocidad de gama baja, DB1D es el mejor subwoofer Bowers &amp; Wilkins.\u00a0Disponible en colores gloss black o white.<\/p>\n","protected":false},"featured_media":520,"template":"","meta":[],"product_cat":[36],"product_tag":[35,68],"_links":{"self":[{"href":"https:\/\/baflesoviedo.com\/home\/wp-json\/wp\/v2\/product\/476"}],"collection":[{"href":"https:\/\/baflesoviedo.com\/home\/wp-json\/wp\/v2\/product"}],"about":[{"href":"https:\/\/baflesoviedo.com\/home\/wp-json\/wp\/v2\/types\/product"}],"wp:featuredmedia":[{"embeddable":true,"href":"https:\/\/baflesoviedo.com\/home\/wp-json\/wp\/v2\/media\/520"}],"wp:attachment":[{"href":"https:\/\/baflesoviedo.com\/home\/wp-json\/wp\/v2\/media?parent=476"}],"wp:term":[{"taxonomy":"product_cat","embeddable":true,"href":"https:\/\/baflesoviedo.com\/home\/wp-json\/wp\/v2\/product_cat?post=476"},{"taxonomy":"product_tag","embeddable":true,"href":"https:\/\/baflesoviedo.com\/home\/wp-json\/wp\/v2\/product_tag?post=476"}],"curies":[{"name":"wp","href":"https:\/\/api.w.org\/{rel}","templated":true}]}}