{"id":4761,"date":"2025-07-24T01:19:56","date_gmt":"2025-07-24T01:19:56","guid":{"rendered":"https:\/\/baflesoviedo.com\/home\/?post_type=product&#038;p=4761"},"modified":"2025-07-28T18:29:43","modified_gmt":"2025-07-28T18:29:43","slug":"pro-ject-speaker-box-12-e-carbon-altavoces-torre","status":"publish","type":"product","link":"https:\/\/baflesoviedo.com\/home\/product\/pro-ject-speaker-box-12-e-carbon-altavoces-torre\/","title":{"rendered":"Pro-Ject, Speaker Box 12 E Carbon, Altavoces Torre"},"content":{"rendered":"<p><b>Especificaciones T\u00e9cnicas:<\/b><\/p>\n<table cellspacing=\"0\" cellpadding=\"0\">\n<tbody>\n<tr>\n<td valign=\"middle\"><b>Enclosure type:<\/b><\/td>\n<td valign=\"middle\">bass reflex via rear firing port<\/td>\n<\/tr>\n<tr>\n<td valign=\"middle\"><b>Recommended amplifier power:<\/b><\/td>\n<td valign=\"middle\">20 to 200 watts<\/td>\n<\/tr>\n<tr>\n<td valign=\"middle\"><b>Frequency response:<\/b><\/td>\n<td valign=\"middle\">42Hz &#8211; 20kHz<\/td>\n<\/tr>\n<tr>\n<td valign=\"middle\"><b>Nominal impedance:<\/b><\/td>\n<td valign=\"middle\">4 ohms<\/td>\n<\/tr>\n<tr>\n<td valign=\"middle\"><b>Sensitivity:<\/b><\/td>\n<td valign=\"middle\">89dB (1w \/1m)<\/td>\n<\/tr>\n<tr>\n<td valign=\"middle\"><b>Chassis:<\/b><\/td>\n<td valign=\"middle\">1\u201d silk dome tweeter<\/td>\n<\/tr>\n<tr>\n<td valign=\"middle\"><\/td>\n<td valign=\"middle\">2 x 6,5\u201d carbon fiber glass bass\/mid<\/td>\n<\/tr>\n<tr>\n<td valign=\"middle\"><b>Dimensions:<\/b><\/td>\n<td valign=\"middle\">1100 x 165 x 220 mm (HxWxD)<\/td>\n<\/tr>\n<tr>\n<td valign=\"middle\"><b>Weight:<\/b><\/td>\n<td valign=\"middle\">15,17 kg each<\/td>\n<\/tr>\n<\/tbody>\n<\/table>\n<p><a href=\"https:\/\/www.project-audio.com\/en\/product\/speaker-box-12-e-carbon\/\" target=\"_blank\" rel=\"noopener noreferrer\"><span style=\"color: #0000ff;\">Click aqu\u00ed para m\u00e1s informaci\u00f3n del producto.<\/span><\/a><\/p>\n","protected":false},"excerpt":{"rendered":"<ul>\n<li><span style=\"text-decoration: underline;\">Acabados Standard (Black, White, Blue, Green, Yellow):<\/span> $1,299 ($1,467.87 con IVA)<\/li>\n<li><span style=\"text-decoration: underline;\">Acabado Walnut:<\/span> $1,399 ($1,580.87 con IVA)<\/li>\n<\/ul>\n<p>Altavoces tipo torre de 2.5 v\u00edas, para un sonido de nivel audi\u00f3filo. Su dise\u00f1o es sutil pero elegante, lo que permite integrarlos en cualquier estilo interior. No encontrar\u00e1s tornillos visibles en la parte frontal, y las rejillas de los altavoces incluidos est\u00e1n fijadas con imanes \u2014todo para un look impecable en tu sala de m\u00fasica.<\/p>\n<ul>\n<li>Tweeter de c\u00fapula de seda de 1&#8243;, con dos woofers de carbono y fibra de vidrio de 6,5\u201d<\/li>\n<li>Escenario sonoro ultra transparente y detallado<\/li>\n<li>Caja con punto de gravedad relleno de arena<\/li>\n<li>Terminales banana chapados en oro<\/li>\n<li>Cabina de MDF antiresonante<\/li>\n<li>Rejillas magn\u00e9ticas para altavoces incluidas<\/li>\n<li>Disponible en acabados: satin fir green, satin golden yellow, satin steel blue, satin black, satin white, walnut.<\/li>\n<\/ul>\n","protected":false},"featured_media":4764,"template":"","meta":[],"product_cat":[121,130,17],"product_tag":[31,191,40,56],"_links":{"self":[{"href":"https:\/\/baflesoviedo.com\/home\/wp-json\/wp\/v2\/product\/4761"}],"collection":[{"href":"https:\/\/baflesoviedo.com\/home\/wp-json\/wp\/v2\/product"}],"about":[{"href":"https:\/\/baflesoviedo.com\/home\/wp-json\/wp\/v2\/types\/product"}],"wp:featuredmedia":[{"embeddable":true,"href":"https:\/\/baflesoviedo.com\/home\/wp-json\/wp\/v2\/media\/4764"}],"wp:attachment":[{"href":"https:\/\/baflesoviedo.com\/home\/wp-json\/wp\/v2\/media?parent=4761"}],"wp:term":[{"taxonomy":"product_cat","embeddable":true,"href":"https:\/\/baflesoviedo.com\/home\/wp-json\/wp\/v2\/product_cat?post=4761"},{"taxonomy":"product_tag","embeddable":true,"href":"https:\/\/baflesoviedo.com\/home\/wp-json\/wp\/v2\/product_tag?post=4761"}],"curies":[{"name":"wp","href":"https:\/\/api.w.org\/{rel}","templated":true}]}}