{"id":4788,"date":"2025-07-24T18:05:02","date_gmt":"2025-07-24T18:05:02","guid":{"rendered":"https:\/\/baflesoviedo.com\/home\/?post_type=product&#038;p=4788"},"modified":"2026-04-01T22:27:43","modified_gmt":"2026-04-01T22:27:43","slug":"pro-ject-uni-box-s3-amplificador-integrado-streamer","status":"publish","type":"product","link":"https:\/\/baflesoviedo.com\/home\/product\/pro-ject-uni-box-s3-amplificador-integrado-streamer\/","title":{"rendered":"Pro-Ject, Uni Box S3, Amplificador Integrado + Streamer"},"content":{"rendered":"<p><b>Especificaciones T\u00e9cnicas:<\/b><\/p>\n<p><b>Power output:<\/b> 2x 23W \/ 40W at 8 \/ 4ohms (1% THD)<\/p>\n<p><b>Frequency response (20Hz &#8211; 20kHz):<\/b> &lt; 0,4 &#8211; 0,9dB @4ohms<\/p>\n<p><b>Channel separation:<\/b> &#8211; 67dB at 10kHz<\/p>\n<p><b>Signal to noise ratio:<\/b> 94dB (9dB-\u201aA\u2018 weighted) @4ohm<\/p>\n<p><b>THD:<\/b> &lt; 0,05% at 10W \/ 4 ohms<\/p>\n<p><b>Headphone amplifier:<\/b> 70mW at 32ohm (1%THD)<\/p>\n<p><b>Analogue inputs:<\/b> 2x pair RCA, 1x phono MM (RCA)<\/p>\n<p><b>Digital inputs:<\/b> RCA coax, 2 x Toslink, eARC, WiFi\/BT<\/p>\n<p><b>Power amplifier:<\/b> Texas Instruments TPA3221DDV<\/p>\n<p><b>DA-converter: <\/b>Cirrus Logic CS4344 24bit\/192kHz<\/p>\n<p><b>Variable output:<\/b> 1x pair RCA<\/p>\n<p><b>Speaker connectors:<\/b> 4mm \u00d8 banana plugs, spades<\/p>\n<p>connectors or naked wire<\/p>\n<p><b>Wireless connectivity:<\/b> Wi-Fi 5, 802.11 b\/g\/n\/ac 2.4 G<\/p>\n<p>and 5G dual bands, Bluetooth 5.1, SBC and AAC<\/p>\n<p><b>Power supply:<\/b> 20V\/3A DC; 100 &#8211; 240V, 50\/60Hz<\/p>\n<p><b>Standby Power consumption:<\/b> &lt; 0,5 watts<\/p>\n<p><b>Dimensions WxHxD:<\/b> 206x55x153 (176mm with sockets)<\/p>\n<p><b>Weight:<\/b> 1100 g without power supply<\/p>\n<p><a href=\"https:\/\/www.project-audio.com\/en\/product\/uni-box-s3\/\" target=\"_blank\" rel=\"noopener noreferrer\"><span style=\"color: #0000ff;\">Click aqu\u00ed para m\u00e1s informaci\u00f3n del producto.<\/span><\/a><\/p>\n","protected":false},"excerpt":{"rendered":"<p>Una soluci\u00f3n compacta de amplificador + streaming integrado todo en uno. Combina las caracter\u00edsticas audi\u00f3filas del MaiA S3 y a\u00f1ade capacidades de streaming de alta calidad. El Uni Box S3 une magistralmente los mundos de lo anal\u00f3gico y el streaming. Sus fuentes anal\u00f3gicas, como los tocadiscos, no se digitalizan, conservando as\u00ed su car\u00e1cter sonoro rico y realista. Con un dise\u00f1o de preamplificador y amplificador de potencia totalmente anal\u00f3gico, cada matiz de su m\u00fasica se reproduce con una potencia impresionante y una precisi\u00f3n din\u00e1mica. Disponible en acabados black o silver.<\/p>\n<ul>\n<li>NUEVAS y potentes funciones multisala<\/li>\n<li>NUEVA transmisi\u00f3n y recepci\u00f3n inal\u00e1mbricas Pro-Ject<\/li>\n<li>NUEVAS conexiones Tidal Connect, Spotify Connect, Qobuz, etc.<\/li>\n<li>NUEVA entrada TV ARC<\/li>\n<li>Dise\u00f1o dual mono<\/li>\n<li>8 entradas (3 anal\u00f3gicas, 3 digitales, 1 eARC, 1 Wi-Fi\/Bluetooth)<\/li>\n<li>Entrada Phono MM<\/li>\n<li>Salida de auriculares jack de 6,3 mm<\/li>\n<li>Salida variable para subwoofer o amplificador de segunda zona<\/li>\n<li>Control remoto incluido<\/li>\n<li>Fabricado en Europa<\/li>\n<\/ul>\n","protected":false},"featured_media":5950,"template":"","meta":[],"product_cat":[130,129,19],"product_tag":[234,214,40,56,219,67],"_links":{"self":[{"href":"https:\/\/baflesoviedo.com\/home\/wp-json\/wp\/v2\/product\/4788"}],"collection":[{"href":"https:\/\/baflesoviedo.com\/home\/wp-json\/wp\/v2\/product"}],"about":[{"href":"https:\/\/baflesoviedo.com\/home\/wp-json\/wp\/v2\/types\/product"}],"wp:featuredmedia":[{"embeddable":true,"href":"https:\/\/baflesoviedo.com\/home\/wp-json\/wp\/v2\/media\/5950"}],"wp:attachment":[{"href":"https:\/\/baflesoviedo.com\/home\/wp-json\/wp\/v2\/media?parent=4788"}],"wp:term":[{"taxonomy":"product_cat","embeddable":true,"href":"https:\/\/baflesoviedo.com\/home\/wp-json\/wp\/v2\/product_cat?post=4788"},{"taxonomy":"product_tag","embeddable":true,"href":"https:\/\/baflesoviedo.com\/home\/wp-json\/wp\/v2\/product_tag?post=4788"}],"curies":[{"name":"wp","href":"https:\/\/api.w.org\/{rel}","templated":true}]}}