{"id":4807,"date":"2025-07-27T23:32:57","date_gmt":"2025-07-27T23:32:57","guid":{"rendered":"https:\/\/baflesoviedo.com\/home\/?post_type=product&#038;p=4807"},"modified":"2025-07-28T18:30:11","modified_gmt":"2025-07-28T18:30:11","slug":"sonus-faber-concertino-g4-altavoz-librero","status":"publish","type":"product","link":"https:\/\/baflesoviedo.com\/home\/product\/sonus-faber-concertino-g4-altavoz-librero\/","title":{"rendered":"Sonus faber, Concertino G4, Altavoz Librero"},"content":{"rendered":"<p><b>Especificaciones T\u00e9cnicas:<\/b><\/p>\n<p><b>System<br \/>\n<\/b>2-way Vented Cork enclosure design<\/p>\n<p><b>Loudspeakers<br \/>\n<\/b>Tweeter: 1,1&#8243; DAD\u2122 Arrow Point tweeter,<br \/>\nMidwoofer: 1x 5.25&#8243; Ferrite Magnet\u00a0Midwoofer<\/p>\n<p><b>Crossover Points<br \/>\n<\/b>1700Hz<\/p>\n<p><b>Frequency response<br \/>\n<\/b>60 -25.000 Hz<\/p>\n<p><b>Sensitivity<br \/>\n<\/b>85dB<\/p>\n<p><b>Nominal impedance<br \/>\n<\/b>4 Ohm<\/p>\n<p><b>Recommended power amplifier<br \/>\n<\/b>30 W &#8211; 150 W<\/p>\n<p><b>Product dimensions (HxWxD)<br \/>\n<\/b>314 x 214 x 297 mm \/ each (without stand)<br \/>\n12.4 x 8.4 x 11.7 inch \/each (without stand)<br \/>\n1044 x 270 x 320 mm \/each (with stand)<br \/>\n41 x 10.6 x 12.6 inch \/each (with stand)<b><\/b><\/p>\n<p><b>Dimensions with packaging (HxWxD)<br \/>\n<\/b>460 x 525 x 415 mm<br \/>\n18.1 x 20.7 x 16.3 in<br \/>\n427 x 421 x 826 mm (stand)<br \/>\n16.8 x 16.6 x 32..5 in (stand)<\/p>\n<p><b>Weight<br \/>\n<\/b>6,6 kg \/ each<br \/>\n14.5 lb \/ each<br \/>\n14,5 kg (stand weight)<br \/>\n32 lb (stand weight)<\/p>\n<p><b>Cabinet<br \/>\n<\/b>Solid wood<br \/>\nPlant- Based Leather<br \/>\nCork<br \/>\nIron Steel (stand)<\/p>\n<p><a href=\"https:\/\/www.sonusfaber.com\/en\/products\/concertino\/tech-specs\">Click aqu\u00ed para m\u00e1s informaci\u00f3n del producto.<\/a><\/p>\n","protected":false},"excerpt":{"rendered":"<p><span style=\"font-weight: 400;\">La Edici\u00f3n Maestro es la perfecta combinaci\u00f3n de tradici\u00f3n y experimentaci\u00f3n del equipo Sonus faber. Este producto innovador es fabricado con corcho y cuero a base de plantas para crear un soundstage org\u00e1nico y moderno.<\/span><\/p>\n","protected":false},"featured_media":4801,"template":"","meta":[],"product_cat":[122,18],"product_tag":[31,184,185,107],"_links":{"self":[{"href":"https:\/\/baflesoviedo.com\/home\/wp-json\/wp\/v2\/product\/4807"}],"collection":[{"href":"https:\/\/baflesoviedo.com\/home\/wp-json\/wp\/v2\/product"}],"about":[{"href":"https:\/\/baflesoviedo.com\/home\/wp-json\/wp\/v2\/types\/product"}],"wp:featuredmedia":[{"embeddable":true,"href":"https:\/\/baflesoviedo.com\/home\/wp-json\/wp\/v2\/media\/4801"}],"wp:attachment":[{"href":"https:\/\/baflesoviedo.com\/home\/wp-json\/wp\/v2\/media?parent=4807"}],"wp:term":[{"taxonomy":"product_cat","embeddable":true,"href":"https:\/\/baflesoviedo.com\/home\/wp-json\/wp\/v2\/product_cat?post=4807"},{"taxonomy":"product_tag","embeddable":true,"href":"https:\/\/baflesoviedo.com\/home\/wp-json\/wp\/v2\/product_tag?post=4807"}],"curies":[{"name":"wp","href":"https:\/\/api.w.org\/{rel}","templated":true}]}}