{"id":4809,"date":"2025-07-28T18:08:27","date_gmt":"2025-07-28T18:08:27","guid":{"rendered":"https:\/\/baflesoviedo.com\/home\/?post_type=product&#038;p=4809"},"modified":"2025-07-28T18:08:30","modified_gmt":"2025-07-28T18:08:30","slug":"sonus-faber-olympica-nova-center-channel-stands-base-altavoz","status":"publish","type":"product","link":"https:\/\/baflesoviedo.com\/home\/product\/sonus-faber-olympica-nova-center-channel-stands-base-altavoz\/","title":{"rendered":"Sonus faber, Olympica Nova Center Channel Stands, Base Altavoz"},"content":{"rendered":"<p><b>Especificaciones T\u00e9cnicas\u00a0<\/b><\/p>\n<p><b>Product dimensions (HxWxD)<br \/>\n<\/b><span style=\"font-weight: 400;\">468 x 532 x 374 mm \/ unit<br \/>\n<\/span><span style=\"font-weight: 400;\">18.4 x 20.9 x 14.7 in \/ unit<\/span><\/p>\n<p><b>Dimensions with packaging (HxWxD)<br \/>\n<\/b><span style=\"font-weight: 400;\">510 x 635 x 530 mm \/ unit<br \/>\n<\/span><span style=\"font-weight: 400;\">20.1 x 25 x 20.9 in \/ unit<\/span><\/p>\n<p><b>Weight<br \/>\n<\/b>8 kg \/ unit<br \/>\n17.6 lb \/ unit<\/p>\n<p><b>Packaging weight<br \/>\n<\/b>12 kg \/ unit<br \/>\n26.5 lb \/ unit<\/p>\n<p><a href=\"https:\/\/www.sonusfaber.com\/en\/products\/olympica-nova-center-channel-stand\">Click aqu\u00ed para m\u00e1s informaci\u00f3n del producto.<\/a><\/p>\n","protected":false},"excerpt":{"rendered":"<p><span style=\"font-weight: 400;\">Esta base est\u00e1 fabricada de aluminio con acero inoxidable. Es distinguible por su elegancia, estabilidad y aislamiento de vibraciones.\u00a0<\/span><\/p>\n<p><span style=\"font-weight: 400;\">*precio unitario <\/span><\/p>\n<p><br style=\"font-weight: 400;\" \/><br style=\"font-weight: 400;\" \/><\/p>\n","protected":false},"featured_media":4810,"template":"","meta":[],"product_cat":[156],"product_tag":[152,185,107],"_links":{"self":[{"href":"https:\/\/baflesoviedo.com\/home\/wp-json\/wp\/v2\/product\/4809"}],"collection":[{"href":"https:\/\/baflesoviedo.com\/home\/wp-json\/wp\/v2\/product"}],"about":[{"href":"https:\/\/baflesoviedo.com\/home\/wp-json\/wp\/v2\/types\/product"}],"wp:featuredmedia":[{"embeddable":true,"href":"https:\/\/baflesoviedo.com\/home\/wp-json\/wp\/v2\/media\/4810"}],"wp:attachment":[{"href":"https:\/\/baflesoviedo.com\/home\/wp-json\/wp\/v2\/media?parent=4809"}],"wp:term":[{"taxonomy":"product_cat","embeddable":true,"href":"https:\/\/baflesoviedo.com\/home\/wp-json\/wp\/v2\/product_cat?post=4809"},{"taxonomy":"product_tag","embeddable":true,"href":"https:\/\/baflesoviedo.com\/home\/wp-json\/wp\/v2\/product_tag?post=4809"}],"curies":[{"name":"wp","href":"https:\/\/api.w.org\/{rel}","templated":true}]}}