{"id":4815,"date":"2025-07-28T18:20:41","date_gmt":"2025-07-28T18:20:41","guid":{"rendered":"https:\/\/baflesoviedo.com\/home\/?post_type=product&#038;p=4815"},"modified":"2025-07-28T18:30:40","modified_gmt":"2025-07-28T18:30:40","slug":"sonus-faber-lumina-v-amator-altavoces-torre","status":"publish","type":"product","link":"https:\/\/baflesoviedo.com\/home\/product\/sonus-faber-lumina-v-amator-altavoces-torre\/","title":{"rendered":"Sonus faber, Lumina V Amator, Altavoces Torre"},"content":{"rendered":"<p><b>Especificaciones T\u00e9cnicas:<\/b><\/p>\n<p><span style=\"font-weight: 400;\"><strong>System<\/strong><br \/>\n<\/span><span style=\"font-weight: 400;\">3-way floorstanding loudspeaker system.<\/span><span style=\"font-weight: 400;\"><br \/>\n<\/span><span style=\"font-weight: 400;\">Vented box design<\/span><\/p>\n<p><span style=\"font-weight: 400;\"><strong>Loudspeakers<\/strong><br \/>\n<\/span><span style=\"font-weight: 400;\">Tw: \u00d8 29 mm high definition DAD\u2122 driver, Visco-elastically baffle decoupling, Ferrite, Soft Dome.<\/span><span style=\"font-weight: 400;\"><br \/>\n<\/span><span style=\"font-weight: 400;\">Md: \u00d8 150mm paper cone driver.<\/span><span style=\"font-weight: 400;\"><br \/>\n<\/span><span style=\"font-weight: 400;\">W: \u00d8 2x165mm cone drivers. Sandwich diaphragm structure<\/span><\/p>\n<p><span style=\"font-weight: 400;\"><strong>Crossover Points<\/strong><br \/>\n<\/span><span style=\"font-weight: 400;\">260, 2850 Hz.<\/span><span style=\"font-weight: 400;\"><br \/>\n<\/span><span style=\"font-weight: 400;\">Optimized amplitude\/phase response for optimal space\/time performance Hybrid IFF-Paracross solution, Hi-Fi components<\/span><\/p>\n<p><span style=\"font-weight: 400;\"><strong>Frequency response<\/strong><br \/>\n<\/span><span style=\"font-weight: 400;\">38 Hz \u2013 24000 Hz<\/span><\/p>\n<p><span style=\"font-weight: 400;\"><strong>Sensitivity<\/strong><br \/>\n<\/span><span style=\"font-weight: 400;\">89 dB SPL (2.83V\/1m)<\/span><\/p>\n<p><span style=\"font-weight: 400;\"><strong>Nominal impedance<\/strong><br \/>\n<\/span><span style=\"font-weight: 400;\">4 Ohm<\/span><\/p>\n<p><span style=\"font-weight: 400;\"><strong>Recommended power amplifier<\/strong><br \/>\n<\/span><span style=\"font-weight: 400;\">50W \u2013 300W, undistorted signal<\/span><\/p>\n<p><span style=\"font-weight: 400;\"><strong>Connectivity<\/strong><br \/>\n<\/span><span style=\"font-weight: 400;\">4 connectors binding post: Mid-Hi, Low<\/span><\/p>\n<p><span style=\"font-weight: 400;\"><strong>Decoupling Systems<\/strong><br \/>\n<\/span><span style=\"font-weight: 400;\">Iron spikes<\/span><\/p>\n<p><span style=\"font-weight: 400;\"><strong>Product dimensions (HxWxD)<\/strong><br \/>\n<\/span><span style=\"font-weight: 400;\">1049 x 280 x 372,6 mm \/ each<\/span><span style=\"font-weight: 400;\"><br \/>\n<\/span><span style=\"font-weight: 400;\">4.13 x 11 x 14.7 in \/ each<\/span><\/p>\n<p><span style=\"font-weight: 400;\"><strong>Dimensions with packaging (HxWxD)<\/strong><br \/>\n<\/span><span style=\"font-weight: 400;\">1150 x 370 x 475 mm \/ each<\/span><span style=\"font-weight: 400;\"><br \/>\n<\/span><span style=\"font-weight: 400;\"> 45.3 x 14.6 x 18.7 x in \/ each<\/span><\/p>\n<p><span style=\"font-weight: 400;\"><strong>Weight<\/strong><br \/>\n<\/span><span style=\"font-weight: 400;\">22,5 Kg \/ each<\/span><span style=\"font-weight: 400;\"><br \/>\n<\/span><span style=\"font-weight: 400;\">49.6 lb \/ each<\/span><\/p>\n<p><span style=\"font-weight: 400;\"><strong>Packaging weight<\/strong><br \/>\n<\/span><span style=\"font-weight: 400;\">27,2 Kg \/ each<\/span><span style=\"font-weight: 400;\"><br \/>\n<\/span><span style=\"font-weight: 400;\">60 lb \/ each<\/span><\/p>\n<p><span style=\"font-weight: 400;\"><strong>Cabinet<\/strong><br \/>\n<\/span><span style=\"font-weight: 400;\">Squared shape<br \/>\n<\/span><span style=\"font-weight: 400;\">High gloss wood<br \/>\n<\/span><span style=\"font-weight: 400;\">Black leather<\/span><\/p>\n<p><a href=\"https:\/\/www.sonusfaber.com\/en\/products\/lumina-v-amator\">Click aqu\u00ed para m\u00e1s informaci\u00f3n del producto.<\/a><\/p>\n","protected":false},"excerpt":{"rendered":"<p><span style=\"font-weight: 400;\">Fabricado en Italia, el Lumina V Amator es una versi\u00f3n del Lumina V con tecnolog\u00eda m\u00e1s reciente para incentivar un sonido emocionante y atractivo. Este dise\u00f1o presenta el display simple y cuadrado de la colecci\u00f3n Lumina con nuevos paneles frontales, chapas lacadas y vetas de madera de 45 grados. Este modelo cuenta con una red de cruce mejorada a 2850 Hz, una mejora de 250 Hz respecto a Lumina V, elevando la experiencia auditiva a nuevas alturas. Se encuentra en negro, rojo vino y caf\u00e9 <\/span><span style=\"font-weight: 400;\">oscuro<\/span><span style=\"font-weight: 400;\">. <\/span><\/p>\n","protected":false},"featured_media":4816,"template":"","meta":[],"product_cat":[121,18],"product_tag":[31,191,185,107],"_links":{"self":[{"href":"https:\/\/baflesoviedo.com\/home\/wp-json\/wp\/v2\/product\/4815"}],"collection":[{"href":"https:\/\/baflesoviedo.com\/home\/wp-json\/wp\/v2\/product"}],"about":[{"href":"https:\/\/baflesoviedo.com\/home\/wp-json\/wp\/v2\/types\/product"}],"wp:featuredmedia":[{"embeddable":true,"href":"https:\/\/baflesoviedo.com\/home\/wp-json\/wp\/v2\/media\/4816"}],"wp:attachment":[{"href":"https:\/\/baflesoviedo.com\/home\/wp-json\/wp\/v2\/media?parent=4815"}],"wp:term":[{"taxonomy":"product_cat","embeddable":true,"href":"https:\/\/baflesoviedo.com\/home\/wp-json\/wp\/v2\/product_cat?post=4815"},{"taxonomy":"product_tag","embeddable":true,"href":"https:\/\/baflesoviedo.com\/home\/wp-json\/wp\/v2\/product_tag?post=4815"}],"curies":[{"name":"wp","href":"https:\/\/api.w.org\/{rel}","templated":true}]}}