{"id":4828,"date":"2025-07-28T19:01:11","date_gmt":"2025-07-28T19:01:11","guid":{"rendered":"https:\/\/baflesoviedo.com\/home\/?post_type=product&#038;p=4828"},"modified":"2025-07-28T19:01:11","modified_gmt":"2025-07-28T19:01:11","slug":"sonus-faber-duetto-stands-base-altavoz","status":"publish","type":"product","link":"https:\/\/baflesoviedo.com\/home\/product\/sonus-faber-duetto-stands-base-altavoz\/","title":{"rendered":"Sonus faber, Duetto Stands, Base Altavoz"},"content":{"rendered":"<p><b>Especificaciones T\u00e9cnicas\u00a0<\/b><\/p>\n<p><span style=\"font-weight: 400;\"><strong>Product dimensions (HxWxD)<\/strong><br \/>\n<\/span><span style=\"font-weight: 400;\">740 x 298 x 371 mm \/ each<\/span><span style=\"font-weight: 400;\"><br \/>\n<\/span><span style=\"font-weight: 400;\">29.1 x 11.7 x 14.6 in \/ each<\/span><\/p>\n<p><span style=\"font-weight: 400;\"><strong>Dimensions with packaging (HxWxD)<\/strong><br \/>\n<\/span><span style=\"font-weight: 400;\">841 x 372 x 412 mm \/ pair<\/span><span style=\"font-weight: 400;\"><br \/>\n<\/span><span style=\"font-weight: 400;\">33.1 x 14.6 x 16.2 in \/ pair<\/span><\/p>\n<p><span style=\"font-weight: 400;\"><strong>Weight<\/strong><br \/>\n<\/span><span style=\"font-weight: 400;\">4.8 Kg \/each<br \/>\n<\/span><span style=\"font-weight: 400;\">16.5 lbs \/each<\/span><\/p>\n<p><span style=\"font-weight: 400;\"><strong>Packaging weight<\/strong><br \/>\n<\/span><span style=\"font-weight: 400;\">13 kg \/pair<br \/>\n<\/span><span style=\"font-weight: 400;\">28.7 lbs \/pair<\/span><\/p>\n<p><a href=\"https:\/\/www.sonusfaber.com\/en\/products\/duetto-stands\">Click aqu\u00ed para m\u00e1s informaci\u00f3n del producto.<\/a><\/p>\n","protected":false},"excerpt":{"rendered":"<p><span style=\"font-weight: 400;\">Los Sonus Faber Duetto Stands est\u00e1n dise\u00f1ados espec\u00edficamente para complementar los altavoces inal\u00e1mbricos Duetto. Estos soportes est\u00e1n fabricados en aluminio con un acabado en negro mate, lo que les confiere un aspecto elegante y moderno. Su dise\u00f1o minimalista y construcci\u00f3n robusta aseguran una estabilidad \u00f3ptima para los altavoces, mejorando tanto su rendimiento ac\u00fastico como su est\u00e9tica. Los soportes y los altavoces se venden por separado.<\/span><\/p>\n","protected":false},"featured_media":4829,"template":"","meta":[],"product_cat":[156],"product_tag":[152,185,107],"_links":{"self":[{"href":"https:\/\/baflesoviedo.com\/home\/wp-json\/wp\/v2\/product\/4828"}],"collection":[{"href":"https:\/\/baflesoviedo.com\/home\/wp-json\/wp\/v2\/product"}],"about":[{"href":"https:\/\/baflesoviedo.com\/home\/wp-json\/wp\/v2\/types\/product"}],"wp:featuredmedia":[{"embeddable":true,"href":"https:\/\/baflesoviedo.com\/home\/wp-json\/wp\/v2\/media\/4829"}],"wp:attachment":[{"href":"https:\/\/baflesoviedo.com\/home\/wp-json\/wp\/v2\/media?parent=4828"}],"wp:term":[{"taxonomy":"product_cat","embeddable":true,"href":"https:\/\/baflesoviedo.com\/home\/wp-json\/wp\/v2\/product_cat?post=4828"},{"taxonomy":"product_tag","embeddable":true,"href":"https:\/\/baflesoviedo.com\/home\/wp-json\/wp\/v2\/product_tag?post=4828"}],"curies":[{"name":"wp","href":"https:\/\/api.w.org\/{rel}","templated":true}]}}