{"id":4857,"date":"2025-07-29T02:07:17","date_gmt":"2025-07-29T02:07:17","guid":{"rendered":"https:\/\/baflesoviedo.com\/home\/?post_type=product&#038;p=4857"},"modified":"2025-07-29T02:07:17","modified_gmt":"2025-07-29T02:07:17","slug":"mcintosh-mc3500-mkii-amplificador-monoblock","status":"publish","type":"product","link":"https:\/\/baflesoviedo.com\/home\/product\/mcintosh-mc3500-mkii-amplificador-monoblock\/","title":{"rendered":"McIntosh, MC3500 MKII, Amplificador Monoblock"},"content":{"rendered":"<p><b>Especificaciones T\u00e9cnicas:<\/b><\/p>\n<h4><strong>Electronic Specifications<\/strong><\/h4>\n<ul>\n<li style=\"font-weight: 400;\" aria-level=\"1\"><span style=\"font-weight: 400;\">FTC Power Output Rating<\/span><span style=\"font-weight: 400;\"><br \/>\n<\/span><span style=\"font-weight: 400;\">350 W<\/span><\/li>\n<li style=\"font-weight: 400;\" aria-level=\"1\"><span style=\"font-weight: 400;\">Power Output per Channel<\/span><span style=\"font-weight: 400;\"><br \/>\n<\/span><span style=\"font-weight: 400;\">350 W into 2, 4 or 8 ohms<\/span><\/li>\n<li style=\"font-weight: 400;\" aria-level=\"1\"><span style=\"font-weight: 400;\">Number of Channels<\/span><span style=\"font-weight: 400;\"><br \/>\n<\/span><span style=\"font-weight: 400;\">1<\/span><\/li>\n<li style=\"font-weight: 400;\" aria-level=\"1\"><span style=\"font-weight: 400;\">Total Harmonic Distortion<\/span><span style=\"font-weight: 400;\"><br \/>\n<\/span><span style=\"font-weight: 400;\">0.3% maximum harmonic distortion at any power level from 250 milliwatts to rated power, 20Hz to 20kHz<\/span><span style=\"font-weight: 400;\"><br \/>\n<\/span><span style=\"font-weight: 400;\">&lt;0.20% at 1W, 20Hz to 20kHz<\/span><\/li>\n<li style=\"font-weight: 400;\" aria-level=\"1\"><span style=\"font-weight: 400;\">S\/N below rated output<\/span><span style=\"font-weight: 400;\"><br \/>\n<\/span><span style=\"font-weight: 400;\">120dB<\/span><\/li>\n<li style=\"font-weight: 400;\" aria-level=\"1\"><span style=\"font-weight: 400;\">Dynamic Headroom<\/span><span style=\"font-weight: 400;\"><br \/>\n<\/span><span style=\"font-weight: 400;\">2.4dB<\/span><\/li>\n<li style=\"font-weight: 400;\" aria-level=\"1\"><span style=\"font-weight: 400;\">Damping Factor<\/span><span style=\"font-weight: 400;\"><br \/>\n<\/span><span style=\"font-weight: 400;\">&gt;25 Wideband<\/span><\/li>\n<li style=\"font-weight: 400;\" aria-level=\"1\"><span style=\"font-weight: 400;\">Rated Power Band<\/span><span style=\"font-weight: 400;\"><br \/>\n<\/span><span style=\"font-weight: 400;\">20Hz to 20kHz<\/span><\/li>\n<li style=\"font-weight: 400;\" aria-level=\"1\"><span style=\"font-weight: 400;\">Frequency Response<\/span><span style=\"font-weight: 400;\"><br \/>\n<\/span><span style=\"font-weight: 400;\">+0, -0.5dB from 20Hz to 20kHz<\/span><span style=\"font-weight: 400;\"><br \/>\n<\/span><span style=\"font-weight: 400;\">+0, -3.0dB from 10Hz to 70kHz<\/span><\/li>\n<\/ul>\n<h4><strong>Control<\/strong><\/h4>\n<ul>\n<li style=\"font-weight: 400;\" aria-level=\"1\"><span style=\"font-weight: 400;\">Remote Power Control<\/span><span style=\"font-weight: 400;\"><br \/>\n<\/span><span style=\"font-weight: 400;\">Yes<\/span><\/li>\n<li style=\"font-weight: 400;\" aria-level=\"1\"><span style=\"font-weight: 400;\">Multi-Channel DB25 Cable<\/span><span style=\"font-weight: 400;\"><br \/>\n<\/span><span style=\"font-weight: 400;\">N\/A<\/span><\/li>\n<\/ul>\n<h4><strong>General Specifications<\/strong><\/h4>\n<ul>\n<li style=\"font-weight: 400;\" aria-level=\"1\"><span style=\"font-weight: 400;\">Circuit Configuration<\/span><span style=\"font-weight: 400;\"><br \/>\n<\/span><span style=\"font-weight: 400;\">Unity Coupled<\/span><\/li>\n<li style=\"font-weight: 400;\" aria-level=\"1\"><span style=\"font-weight: 400;\">Circuit Design<\/span><span style=\"font-weight: 400;\"><br \/>\n<\/span><span style=\"font-weight: 400;\">Vacuum Tube<\/span><\/li>\n<li style=\"font-weight: 400;\" aria-level=\"1\"><span style=\"font-weight: 400;\">Mono Bridge<\/span><span style=\"font-weight: 400;\"><br \/>\n<\/span><span style=\"font-weight: 400;\">No<\/span><\/li>\n<li style=\"font-weight: 400;\" aria-level=\"1\"><span style=\"font-weight: 400;\">Mono Parallel<\/span><span style=\"font-weight: 400;\"><br \/>\n<\/span><span style=\"font-weight: 400;\">No<\/span><\/li>\n<li style=\"font-weight: 400;\" aria-level=\"1\"><span style=\"font-weight: 400;\">Output Type<\/span><span style=\"font-weight: 400;\"><br \/>\n<\/span><span style=\"font-weight: 400;\">Unity Coupled Output Transformer<\/span><\/li>\n<li style=\"font-weight: 400;\" aria-level=\"1\"><span style=\"font-weight: 400;\">Meters<\/span><span style=\"font-weight: 400;\"><br \/>\n<\/span><span style=\"font-weight: 400;\">Yes<\/span><\/li>\n<li style=\"font-weight: 400;\" aria-level=\"1\"><span style=\"font-weight: 400;\">Meter Light Switch<\/span><span style=\"font-weight: 400;\"><br \/>\n<\/span><span style=\"font-weight: 400;\">Yes<\/span><\/li>\n<li style=\"font-weight: 400;\" aria-level=\"1\"><span style=\"font-weight: 400;\">Balanced Input<\/span><span style=\"font-weight: 400;\"><br \/>\n<\/span><span style=\"font-weight: 400;\">Yes<\/span><\/li>\n<li style=\"font-weight: 400;\" aria-level=\"1\"><span style=\"font-weight: 400;\">Front Panel<\/span><span style=\"font-weight: 400;\"><br \/>\n<\/span><span style=\"font-weight: 400;\">Machined aluminum with handles<\/span><\/li>\n<li style=\"font-weight: 400;\" aria-level=\"1\"><span style=\"font-weight: 400;\">Illumination<\/span><span style=\"font-weight: 400;\"><br \/>\n<\/span><span style=\"font-weight: 400;\">Direct LED<\/span><\/li>\n<li style=\"font-weight: 400;\" aria-level=\"1\"><span style=\"font-weight: 400;\">Chassis Style<\/span><span style=\"font-weight: 400;\"><br \/>\n<\/span><span style=\"font-weight: 400;\">Polished stainless steel<\/span><\/li>\n<\/ul>\n<h4><strong>Connectivity<\/strong><\/h4>\n<ul>\n<li style=\"font-weight: 400;\" aria-level=\"1\"><span style=\"font-weight: 400;\">Speaker Binding Post Type<\/span><span style=\"font-weight: 400;\"><br \/>\n<\/span><span style=\"font-weight: 400;\">Patented Solid Cinch\u2122 Speaker Binding Posts<\/span><\/li>\n<\/ul>\n<h4><strong>Weights &amp; Dimensions<\/strong><\/h4>\n<ul>\n<li style=\"font-weight: 400;\" aria-level=\"1\"><span style=\"font-weight: 400;\">Unit Dimensions (W x H x D)<\/span><span style=\"font-weight: 400;\"><br \/>\n<\/span><span style=\"font-weight: 400;\">18&#8243; (45.7cm) x 11-13\/16&#8243; (30cm) x 21-5\/8&#8243; (54.9cm)<\/span><\/li>\n<li style=\"font-weight: 400;\" aria-level=\"1\"><span style=\"font-weight: 400;\">Unit Weight<\/span><span style=\"font-weight: 400;\"><br \/>\n<\/span><span style=\"font-weight: 400;\">121 lbs (54.9 kg)<\/span><\/li>\n<\/ul>\n<p>Shipping Weight<span style=\"font-weight: 400;\"><br \/>\n<\/span><span style=\"font-weight: 400;\">147 lbs (66.7 kg)<\/span><\/p>\n<p><a href=\"https:\/\/www.mcintoshlabs.com\/products\/amplifiers\/MC3500\">Click aqu\u00ed para m\u00e1s informaci\u00f3n del producto.<\/a><\/p>\n","protected":false},"excerpt":{"rendered":"<p><span style=\"font-weight: 400;\">El MC3500 Mk II es un amplificador monoblock a v\u00e1lvulas de 350 Watts, inspirado en el legendario modelo original de 1968, pero actualizado con tecnolog\u00eda y componentes modernos para ofrecer un rendimiento sonoro excepcional. Utiliza ocho v\u00e1lvulas EL509S y un lazo de retroalimentaci\u00f3n adicional para mayor linealidad. Cuenta con entradas y salidas balanceadas y no balanceadas para f\u00e1cil integraci\u00f3n en sistemas de biamplificaci\u00f3n. Su dise\u00f1o conserva elementos ic\u00f3nicos como los rieles laterales en forma de U, acabados dorados anodizados y chasis de acero inoxidable pulido, fusionando el esp\u00edritu cl\u00e1sico con la excelencia moderna.<\/span><\/p>\n<p><span style=\"font-weight: 400;\">*Cont\u00e1ctenos para obtener el precio <\/span><\/p>\n","protected":false},"featured_media":4859,"template":"","meta":[],"product_cat":[20],"product_tag":[163,185,29],"_links":{"self":[{"href":"https:\/\/baflesoviedo.com\/home\/wp-json\/wp\/v2\/product\/4857"}],"collection":[{"href":"https:\/\/baflesoviedo.com\/home\/wp-json\/wp\/v2\/product"}],"about":[{"href":"https:\/\/baflesoviedo.com\/home\/wp-json\/wp\/v2\/types\/product"}],"wp:featuredmedia":[{"embeddable":true,"href":"https:\/\/baflesoviedo.com\/home\/wp-json\/wp\/v2\/media\/4859"}],"wp:attachment":[{"href":"https:\/\/baflesoviedo.com\/home\/wp-json\/wp\/v2\/media?parent=4857"}],"wp:term":[{"taxonomy":"product_cat","embeddable":true,"href":"https:\/\/baflesoviedo.com\/home\/wp-json\/wp\/v2\/product_cat?post=4857"},{"taxonomy":"product_tag","embeddable":true,"href":"https:\/\/baflesoviedo.com\/home\/wp-json\/wp\/v2\/product_tag?post=4857"}],"curies":[{"name":"wp","href":"https:\/\/api.w.org\/{rel}","templated":true}]}}