{"id":5060,"date":"2025-09-16T01:46:05","date_gmt":"2025-09-16T01:46:05","guid":{"rendered":"https:\/\/baflesoviedo.com\/home\/?post_type=product&#038;p=5060"},"modified":"2025-09-16T01:46:05","modified_gmt":"2025-09-16T01:46:05","slug":"ps-audio-stellar-dac-dac","status":"publish","type":"product","link":"https:\/\/baflesoviedo.com\/home\/product\/ps-audio-stellar-dac-dac\/","title":{"rendered":"PS Audio, Stellar DAC, DAC"},"content":{"rendered":"<p><b>Especificaciones T\u00e9cnicas:<\/b><\/p>\n<table cellspacing=\"0\" cellpadding=\"0\">\n<tbody>\n<tr>\n<td colspan=\"2\" valign=\"middle\"><b>Physical<\/b><\/td>\n<\/tr>\n<tr>\n<td valign=\"middle\">Unit Weight<\/td>\n<td valign=\"middle\">22.5 lbs [10.2 kg]<\/td>\n<\/tr>\n<tr>\n<td valign=\"middle\">Unit Dimensions<\/td>\n<td valign=\"middle\">17&#8243;W x 3&#8243;H x 12&#8243; D<\/p>\n<p>[43.18 cm x 7.62 cm x 30.48 cm]<\/td>\n<\/tr>\n<tr>\n<td valign=\"middle\">Shipping Weight<\/td>\n<td valign=\"middle\">26 lbs [11.8 kg]<\/td>\n<\/tr>\n<tr>\n<td valign=\"middle\">Shipping Dimensions<\/td>\n<td valign=\"middle\">22&#8243;W x 8&#8243;H x 17&#8243;D<\/p>\n<p>[55.88 cm x 20.32 cm x 43.18 cm]<\/td>\n<\/tr>\n<tr>\n<td valign=\"middle\">Color Options<\/td>\n<td valign=\"middle\">Black<\/p>\n<p>Silver<\/td>\n<\/tr>\n<tr>\n<td colspan=\"2\" valign=\"middle\"><b>Power requirements<\/b><\/td>\n<\/tr>\n<tr>\n<td valign=\"middle\">Input Power<\/td>\n<td valign=\"middle\">Model specific 100VAC, 120VAC, or 230VAC 50 or 60Hz<\/td>\n<\/tr>\n<tr>\n<td valign=\"middle\">Power Consumption<\/td>\n<td valign=\"middle\">25W<\/td>\n<\/tr>\n<tr>\n<td colspan=\"2\" valign=\"middle\"><b>Digital audio inputs<\/b><\/td>\n<\/tr>\n<tr>\n<td valign=\"middle\">Inputs<\/td>\n<td valign=\"middle\">I2S (2), Coax (2), Optical, USB<\/td>\n<\/tr>\n<tr>\n<td valign=\"middle\">Sample Rates<\/td>\n<td valign=\"middle\">I2S: 2 inputs<\/p>\n<p>&#8211; PCM 44.1KHz to 384Khz, DSD64, DSD128, DSD256<\/p>\n<p>Coax: 2 inputs<\/p>\n<p>&#8211; PCM 44.1KHz &#8211; 192KHz<\/p>\n<p>Optical: 1 input<\/p>\n<p>&#8211; PCM 44.1kHZ &#8211; 192KHz<\/p>\n<p>USB: 1 input<\/p>\n<p>&#8211; PCM 44.1kHZ &#8211; 384KHz<\/p>\n<p>&#8211; DSD64, DSD128 (native)<\/p>\n<p>&#8211; DSD64, DSD128 (DoP)<\/td>\n<\/tr>\n<tr>\n<td colspan=\"2\" valign=\"middle\"><b>Analog Audio Output<\/b><\/td>\n<\/tr>\n<tr>\n<td valign=\"middle\">Connector<\/td>\n<td valign=\"middle\">RCA single ended, XLR balanced<\/td>\n<\/tr>\n<tr>\n<td valign=\"middle\">Output Level High, Maximum<\/td>\n<td valign=\"middle\">4 VRMS Balanced<\/p>\n<p>2 VRMS Single Ended<\/td>\n<\/tr>\n<tr>\n<td valign=\"middle\">Output Impedance<\/td>\n<td valign=\"middle\">100\u03a9 \/ 200\u03a9<\/td>\n<\/tr>\n<tr>\n<td valign=\"middle\">Frequency Response<\/td>\n<td valign=\"middle\">20Hz-20kHz, +\/- 0.1dB<\/p>\n<p>10Hz-55kHz, -1dB<\/td>\n<\/tr>\n<tr>\n<td valign=\"middle\">Max Output<\/td>\n<td valign=\"middle\">4V RMS Balanced, 2V RMS single-ended<\/td>\n<\/tr>\n<tr>\n<td valign=\"middle\">THD+N @ 1KHz (full scale)<\/td>\n<td valign=\"middle\">&lt;0.003% at full output<\/td>\n<\/tr>\n<tr>\n<td valign=\"middle\">IMD<\/td>\n<td valign=\"middle\">&lt;0.004%, CCIF, at full output<\/td>\n<\/tr>\n<tr>\n<td valign=\"middle\">SNR<\/td>\n<td valign=\"middle\">110dB, referenced to 4V RMS<\/td>\n<\/tr>\n<tr>\n<td colspan=\"2\" valign=\"middle\"><b>Data Handling<\/b><\/td>\n<\/tr>\n<tr>\n<td valign=\"middle\">Format<\/td>\n<td valign=\"middle\">PCM or DSD<\/td>\n<\/tr>\n<tr>\n<td valign=\"middle\">Sample Rate (PCM)<\/td>\n<td valign=\"middle\">44.1kHz, 48.0kHz, 88.2kHz, 96.0kHz, 176.4kHz, 192kHz, 352.8kHz, 384kHz<\/td>\n<\/tr>\n<tr>\n<td valign=\"middle\">Word Length (PCM)<\/td>\n<td valign=\"middle\">16-32 bit<\/td>\n<\/tr>\n<tr>\n<td valign=\"middle\">Data Rate (DSD)<\/td>\n<td valign=\"middle\">Up to DSD256 (11.2MHz) Native<\/td>\n<\/tr>\n<tr>\n<td valign=\"middle\">Digital Volume Control<\/td>\n<td valign=\"middle\">Yes<\/td>\n<\/tr>\n<tr>\n<td valign=\"middle\">Analog Conversion<\/td>\n<td valign=\"middle\">ES9018K2M DAC Chip<\/td>\n<\/tr>\n<tr>\n<td colspan=\"2\" valign=\"middle\"><b>I2S Digital Input<\/b><\/td>\n<\/tr>\n<tr>\n<td valign=\"middle\">Connector<\/td>\n<td valign=\"middle\">HDMI<\/td>\n<\/tr>\n<tr>\n<td valign=\"middle\">Format<\/td>\n<td valign=\"middle\">PCM or DSD. DoP on all inputs as well as native DSD on<\/td>\n<\/tr>\n<tr>\n<td colspan=\"2\" valign=\"middle\"><b>USB Digital Input<\/b><\/td>\n<\/tr>\n<tr>\n<td valign=\"middle\">Connector<\/td>\n<td valign=\"middle\">USB &#8220;B&#8221; Type<\/td>\n<\/tr>\n<tr>\n<td valign=\"middle\">Format<\/td>\n<td valign=\"middle\">PCM, DoP v1.1 (DSD over PCM), or Native DSD<\/td>\n<\/tr>\n<tr>\n<td valign=\"middle\">Transfer Mode<\/td>\n<td valign=\"middle\">Asynchronous<\/td>\n<\/tr>\n<\/tbody>\n<\/table>\n<p><a href=\"https:\/\/www.psaudio.com\/products\/stellar-dac?mc_cid=2351cb6cc1&amp;mc_eid=339b07173e\" target=\"_blank\" rel=\"noopener noreferrer\"><span style=\"color: #0000ff;\">Click aqu\u00ed para m\u00e1s informaci\u00f3n del producto.<\/span><\/a><\/p>\n","protected":false},"excerpt":{"rendered":"<p>Este DAC combina prestaciones de alto nivel y versatilidad para un sonido transparente, electr\u00f3nica refinada y est\u00e9tica simple y elegante. El Stellar DAC fue dise\u00f1ado para ser el coraz\u00f3n musical de tu sistema, con entrada digital de \u00faltima generaci\u00f3n, salida anal\u00f3gica superior y una musicalidad que transforma cualquier fuente cotidiana en una experiencia envolvente. Disponible en acabados black o silver.<\/p>\n<ul>\n<li><b>Tecnolog\u00eda Digital Lens exclusiva: <\/b>realiza resampling y reclocking de la se\u00f1al digital entrante, reduciendo significativamente el jitter para ofrecer audio m\u00e1s limpio y estable.<\/li>\n<li><b>Etapa de salida anal\u00f3gica en Clase A balanceada: <\/b>dise\u00f1o h\u00edbrido de alta corriente, sin capacitores en la ruta de salida, y totalmente balanceada (XLR), lo que garantiza una se\u00f1al pura, sin distorsi\u00f3n ni coloraci\u00f3n.<\/li>\n<li><b>DAC ESS Sabre 32-bit Hyperstream (ES9018K2M): <\/b>uno de los chips m\u00e1s avanzados del mercado, que brinda resoluci\u00f3n extrema y excelente linealidad.<\/li>\n<li><b>Modo DAC fijo o variable (volumen integrado): <\/b>puedes usarlo como DAC puro o como preamplificador con control de volumen sin p\u00e9rdidas, ideal para minimizar equipos adicionales.<\/li>\n<li><b>Amplia compatibilidad de formatos y entradas digitales: <\/b>acepta PCM hasta 384 kHz, DSD (nativo) hasta DSD256, con entradas USB, \u00f3ptica, coaxial e I\u00b2S dual, ampliando tus posibilidades.<\/li>\n<li><b>Tres filtros digitales seleccionables: <\/b>ajusta la presentaci\u00f3n del sonido a tu gusto para obtener mayor enfoque, espacialidad o suavidad tonal.<span class=\"Apple-converted-space\">\u00a0<\/span><\/li>\n<li><b>Construcci\u00f3n robusta y dise\u00f1o minimalista: <\/b>chasis s\u00f3lido de buena dimensi\u00f3n (aprox. 43 \u00d7 7.6 \u00d7 30 cm), con acabado en plateado o negro, y un ventilador silencioso \u2014ideal para cualquier sala de escucha.<\/li>\n<\/ul>\n","protected":false},"featured_media":5061,"template":"","meta":[],"product_cat":[20],"product_tag":[57,185,159],"_links":{"self":[{"href":"https:\/\/baflesoviedo.com\/home\/wp-json\/wp\/v2\/product\/5060"}],"collection":[{"href":"https:\/\/baflesoviedo.com\/home\/wp-json\/wp\/v2\/product"}],"about":[{"href":"https:\/\/baflesoviedo.com\/home\/wp-json\/wp\/v2\/types\/product"}],"wp:featuredmedia":[{"embeddable":true,"href":"https:\/\/baflesoviedo.com\/home\/wp-json\/wp\/v2\/media\/5061"}],"wp:attachment":[{"href":"https:\/\/baflesoviedo.com\/home\/wp-json\/wp\/v2\/media?parent=5060"}],"wp:term":[{"taxonomy":"product_cat","embeddable":true,"href":"https:\/\/baflesoviedo.com\/home\/wp-json\/wp\/v2\/product_cat?post=5060"},{"taxonomy":"product_tag","embeddable":true,"href":"https:\/\/baflesoviedo.com\/home\/wp-json\/wp\/v2\/product_tag?post=5060"}],"curies":[{"name":"wp","href":"https:\/\/api.w.org\/{rel}","templated":true}]}}