{"id":5065,"date":"2025-09-16T01:51:52","date_gmt":"2025-09-16T01:51:52","guid":{"rendered":"https:\/\/baflesoviedo.com\/home\/?post_type=product&#038;p=5065"},"modified":"2025-09-16T01:51:53","modified_gmt":"2025-09-16T01:51:53","slug":"ps-audio-perfectwave-sacd-transport-transporte-sacd","status":"publish","type":"product","link":"https:\/\/baflesoviedo.com\/home\/product\/ps-audio-perfectwave-sacd-transport-transporte-sacd\/","title":{"rendered":"PS Audio, PerfectWave SACD Transport, Transporte SACD"},"content":{"rendered":"<p><b>Especificaciones T\u00e9cnicas:<\/b><\/p>\n<table cellspacing=\"0\" cellpadding=\"0\">\n<tbody>\n<tr>\n<td valign=\"middle\">Physical<\/td>\n<td valign=\"middle\"><\/td>\n<\/tr>\n<tr>\n<td valign=\"middle\">Unit Weight<\/td>\n<td valign=\"middle\">22 lbs [9.97 kg]<\/td>\n<\/tr>\n<tr>\n<td valign=\"middle\">Unit Dimensions<\/td>\n<td valign=\"middle\">14\u201d x 17\u201d x 4\u201d [ 36cm x 43cm x 10cm]<\/td>\n<\/tr>\n<tr>\n<td valign=\"middle\">Shipping Weight<\/td>\n<td valign=\"middle\">31 lbs [14 kg]<\/td>\n<\/tr>\n<tr>\n<td valign=\"middle\">Shipping Dimensions<\/td>\n<td valign=\"middle\">20.5\u201dx 24\u201d x 10\u201d [52cm x 61cm x 25cm]<\/td>\n<\/tr>\n<tr>\n<td valign=\"middle\">Color Options<\/td>\n<td valign=\"middle\">Black<\/p>\n<p>Silver<\/td>\n<\/tr>\n<tr>\n<td valign=\"middle\">Power Requirements<\/td>\n<td valign=\"middle\"><\/td>\n<\/tr>\n<tr>\n<td valign=\"middle\">Input Power<\/td>\n<td valign=\"middle\">Model specific 100VAC, 120VAC, or 230VAC 50 or 60Hz<\/td>\n<\/tr>\n<tr>\n<td valign=\"middle\">Power Consumption<\/td>\n<td valign=\"middle\">30W<\/td>\n<\/tr>\n<tr>\n<td valign=\"middle\">Media<\/td>\n<td valign=\"middle\"><\/td>\n<\/tr>\n<tr>\n<td valign=\"middle\">Optical discs<\/td>\n<td valign=\"middle\">SACD\/CD\/CD-R\/CD-RW\/<\/p>\n<p>DVD-R*\/-RW*\/+R*\/+RW*<\/p>\n<p>(*Audio data file only)<\/td>\n<\/tr>\n<tr>\n<td valign=\"middle\">USB Drive<\/td>\n<td valign=\"middle\">USB Flash Drive with audio files<\/td>\n<\/tr>\n<tr>\n<td valign=\"middle\">Supported File Formats<\/td>\n<td valign=\"middle\">MP3\/WMA\/AAC (~48kHz\/320bps)<\/p>\n<p>WAV\/FLAC\/AIFF (~192kHz\/24bit)<\/p>\n<p>ALAC (~96kHz\/24bit)<\/p>\n<p>DSD (~5.6MHz)<\/td>\n<\/tr>\n<tr>\n<td valign=\"middle\">Outputs<\/td>\n<td valign=\"middle\"><\/td>\n<\/tr>\n<tr>\n<td valign=\"middle\">I2S<\/td>\n<td valign=\"middle\">1 I2S output for PCM and DSD (raw)<\/td>\n<\/tr>\n<tr>\n<td valign=\"middle\">Coax<\/td>\n<td valign=\"middle\">1 output for PCM and DoP<\/td>\n<\/tr>\n<tr>\n<td valign=\"middle\">BNC<\/td>\n<td valign=\"middle\">2 outputs for PCM and DoP<\/p>\n<p>&nbsp;<\/p>\n<p>Use in tandem for double-rate DoP<\/td>\n<\/tr>\n<tr>\n<td valign=\"middle\">XLR Balanced<\/td>\n<td valign=\"middle\">2 outputs for PCM and DoP<\/p>\n<p>&nbsp;<\/p>\n<p>Use in tandem for double-rate DoP<\/td>\n<\/tr>\n<tr>\n<td valign=\"middle\">RJ45 and WIFI<\/td>\n<td valign=\"middle\">Ethernet and WIFI for over-the-air code updates<\/td>\n<\/tr>\n<\/tbody>\n<\/table>\n<p><a href=\"https:\/\/www.psaudio.com\/products\/perfectwave-sacd-transport\" target=\"_blank\" rel=\"noopener noreferrer\"><span style=\"color: #0000ff;\">Click aqu\u00ed para m\u00e1s informaci\u00f3n del producto.<\/span><\/a><\/p>\n","protected":false},"excerpt":{"rendered":"<p>*Cont\u00e1ctenos para obtener precio.<\/p>\n<p>Libera el verdadero potencial de tu biblioteca de discos con este transport \u00f3ptico de nivel audi\u00f3filo. El PerfectWave SACD Transport es una pieza de ingenier\u00eda destinada a revelar detalles escondidos en CDs y SACDs, llevando tu sistema digital a un nuevo plano musical. Disponible en acabados black o silver.<\/p>\n<ul>\n<li><b><\/b><b>Aislamiento galv\u00e1nico y Digital Lens: <\/b>audio puro y sin ruidos, fluctuaciones ni distorsiones \u2013s\u00f3lo claridad y profundidad.<\/li>\n<li><b><\/b><b>DSD sin filtrar: <\/b>accede a la capa de alta resoluci\u00f3n SACD a trav\u00e9s de I2S para experimentar audio con calidad de estudio<\/li>\n<li><b><\/b><b>Compatibilidad universal con discos: <\/b>reproduce SACD, CD, DVD-A y MP3\/WAV\/FLAC\/DSD por USB \u2013un dispositivo, flexibilidad total.<\/li>\n<li><b><\/b><b>Fabricado para durar y f\u00e1cil de usar: <\/b>chasis de acero inoxidable, control remoto amigable, configuraci\u00f3n plug-and-play \u2013el lujo se une a la comodidad<\/li>\n<\/ul>\n","protected":false},"featured_media":5066,"template":"","meta":[],"product_cat":[20],"product_tag":[185,159,53,211],"_links":{"self":[{"href":"https:\/\/baflesoviedo.com\/home\/wp-json\/wp\/v2\/product\/5065"}],"collection":[{"href":"https:\/\/baflesoviedo.com\/home\/wp-json\/wp\/v2\/product"}],"about":[{"href":"https:\/\/baflesoviedo.com\/home\/wp-json\/wp\/v2\/types\/product"}],"wp:featuredmedia":[{"embeddable":true,"href":"https:\/\/baflesoviedo.com\/home\/wp-json\/wp\/v2\/media\/5066"}],"wp:attachment":[{"href":"https:\/\/baflesoviedo.com\/home\/wp-json\/wp\/v2\/media?parent=5065"}],"wp:term":[{"taxonomy":"product_cat","embeddable":true,"href":"https:\/\/baflesoviedo.com\/home\/wp-json\/wp\/v2\/product_cat?post=5065"},{"taxonomy":"product_tag","embeddable":true,"href":"https:\/\/baflesoviedo.com\/home\/wp-json\/wp\/v2\/product_tag?post=5065"}],"curies":[{"name":"wp","href":"https:\/\/api.w.org\/{rel}","templated":true}]}}