{"id":5070,"date":"2025-09-16T01:57:01","date_gmt":"2025-09-16T01:57:01","guid":{"rendered":"https:\/\/baflesoviedo.com\/home\/?post_type=product&#038;p=5070"},"modified":"2025-09-16T01:57:02","modified_gmt":"2025-09-16T01:57:02","slug":"ps-audio-pmg-signature-sacd-transport-transporte-sacd","status":"publish","type":"product","link":"https:\/\/baflesoviedo.com\/home\/product\/ps-audio-pmg-signature-sacd-transport-transporte-sacd\/","title":{"rendered":"PS Audio, PMG Signature SACD Transport, Transporte SACD"},"content":{"rendered":"<p><b>Especificaciones T\u00e9cnicas:<\/b><\/p>\n<table cellspacing=\"0\" cellpadding=\"0\">\n<tbody>\n<tr>\n<td valign=\"middle\">Physical<\/td>\n<td valign=\"middle\"><\/td>\n<\/tr>\n<tr>\n<td valign=\"middle\">Unit Weight<\/td>\n<td valign=\"middle\">30.3 lbs (13.7kg)<\/td>\n<\/tr>\n<tr>\n<td valign=\"middle\">Unit Dimensions<\/td>\n<td valign=\"middle\">14 3\/4\u201d x 17 1\/2\u201d x 4 3\/8\u201d (with feet)<\/p>\n<p>375 mm x 445 mm x 112 mm (with feet)<\/td>\n<\/tr>\n<tr>\n<td valign=\"middle\">Shipping Weight<\/td>\n<td valign=\"middle\">40.5 lbs (18.4 kg)<\/td>\n<\/tr>\n<tr>\n<td valign=\"middle\">Shipping Dimensions<\/td>\n<td valign=\"middle\">20 1\/2\u201d x 24\u201d x 10\u201d<\/p>\n<p>521 mm x 610 mm x 254 mm<\/td>\n<\/tr>\n<tr>\n<td valign=\"middle\">Color Options<\/td>\n<td valign=\"middle\">Black<\/p>\n<p>Silver<\/td>\n<\/tr>\n<tr>\n<td valign=\"middle\">Power Requirements<\/td>\n<td valign=\"middle\"><\/td>\n<\/tr>\n<tr>\n<td valign=\"middle\">Input Power<\/td>\n<td valign=\"middle\">120VAC or 230VAC 50 or 60Hz<\/td>\n<\/tr>\n<tr>\n<td valign=\"middle\">Power Consumption<\/td>\n<td valign=\"middle\">25W<\/td>\n<\/tr>\n<tr>\n<td valign=\"middle\">Media<\/td>\n<td valign=\"middle\"><\/td>\n<\/tr>\n<tr>\n<td valign=\"middle\">Optical discs<\/td>\n<td valign=\"middle\">SACD\/CD\/CD-R\/CD-RW\/<\/p>\n<p>DVD-R*\/-RW*\/+R*\/+RW*<\/p>\n<p>(*Audio data file only)<\/td>\n<\/tr>\n<tr>\n<td valign=\"middle\">USB Drive<\/td>\n<td valign=\"middle\">USB Flash Drive with audio files<\/td>\n<\/tr>\n<tr>\n<td valign=\"middle\">Supported File Formats<\/td>\n<td valign=\"middle\">MP3\/WMA\/AAC (~48kHz\/320bps)<\/p>\n<p>WAV\/FLAC\/AIFF (~192kHz\/24bit)<\/p>\n<p>ALAC (~96kHz\/24bit)<\/p>\n<p>DSD (~5.6MHz)<\/td>\n<\/tr>\n<tr>\n<td valign=\"middle\">Outputs<\/td>\n<td valign=\"middle\"><\/td>\n<\/tr>\n<tr>\n<td valign=\"middle\">I2S<\/td>\n<td valign=\"middle\">1 I2S output for PCM and DSD (raw)<\/td>\n<\/tr>\n<tr>\n<td valign=\"middle\">Coax<\/td>\n<td valign=\"middle\">1 output for PCM and DoP<\/td>\n<\/tr>\n<tr>\n<td valign=\"middle\">BNC<\/td>\n<td valign=\"middle\">2 outputs for PCM and DoP<\/p>\n<p>Use in tandem for double-rate DoP<\/td>\n<\/tr>\n<tr>\n<td valign=\"middle\">XLR Balanced<\/td>\n<td valign=\"middle\">2 outputs for PCM and DoP<\/p>\n<p>Use in tandem for double-rate DoP<\/td>\n<\/tr>\n<\/tbody>\n<\/table>\n<p><a href=\"https:\/\/www.psaudio.com\/products\/pmg-signature-sacd-transport?srsltid=AfmBOorDpwQ1rW-gwWM8Hx4H-RLPzrIw-C7RTaUXdB0oXKSy1Av9cbG1\" target=\"_blank\" rel=\"noopener noreferrer\"><span style=\"color: #0000ff;\">Click aqu\u00ed para m\u00e1s informaci\u00f3n del producto.<\/span><\/a><\/p>\n","protected":false},"excerpt":{"rendered":"<p>Este transporte SACD es la c\u00faspide de lo que PS Audio ha creado hasta ahora para reproducir discos \u00f3pticos: CD, SACD y otros. Est\u00e1 dise\u00f1ado para extraer cada detalle, abrir espacios sonoros antes escondidos y ofrecer una experiencia auditiva de muy alto nivel. Perfecto para quienes exigen lo m\u00e1ximo de su colecci\u00f3n f\u00edsica de m\u00fasica. Disponible en acabados silver o black.<\/p>\n<ul>\n<li><b>Aislamiento galv\u00e1nico en la etapa de salida: <\/b>separa el\u00e9ctricamente los circuitos de drive \u00f3ptico del m\u00f3dulo Digital Lens mediante una pulsaci\u00f3n de energ\u00eda a trav\u00e9s del espacio, eliminando pr\u00e1cticamente las interferencias de tierra, ruidos y jitter.<\/li>\n<li><b>Acceso a la capa DSD nativa de SACD mediante salida I\u00b2S: <\/b>permite que discos SACD ofrezcan su capa DSD \u201cmaestra\u201d directamente al DAC compatible v\u00eda I\u00b2S, recuperaci\u00f3n de fidelidad deseada para audi\u00f3filos.<\/li>\n<li><b>Compatibilidad universal de discos \u00f3pticos y formatos digitales: <\/b>reproduce SACD, CD, DVD-R\/RW\/+, CD-R\/RW, discos de datos; adem\u00e1s acepta formatos desde MP3\/AAC hasta WAV\/FLAC\/AIFF de alta resoluci\u00f3n, ALAC, e incluso DSD (~5.6 MHz). Incluye entrada USB para memorias con archivos digitales.<\/li>\n<li><b>M\u00faltiples salidas digitales premium: <\/b>cuenta con salidas I\u00b2S (PCM y DSD crudo), Coaxial, BNC (dos), XLR balanceadas, RCA coaxial, todas preparadas para PCM, DoP y configuraci\u00f3n doble-rate en algunos casos.<\/li>\n<li><b>Dise\u00f1o \u201cchasis dentro de chasis\u201d y buena fuente de alimentaci\u00f3n: <\/b>construcci\u00f3n robusta para aislar vibraciones y ruidos externos; utiliza fuentes de poder bien dimensionadas y reguladores separados para secciones sensibles vs. secciones ruidosas.<\/li>\n<li><b>Operaci\u00f3n sencilla, sin complicaciones: <\/b>\u201cPlug and play\u201d: no requiere ajustes complejos, firmware, o configuraciones dif\u00edciles. Control remoto incluido.<span class=\"Apple-converted-space\">\u00a0<\/span><\/li>\n<\/ul>\n","protected":false},"featured_media":5071,"template":"","meta":[],"product_cat":[20],"product_tag":[185,159,53,211],"_links":{"self":[{"href":"https:\/\/baflesoviedo.com\/home\/wp-json\/wp\/v2\/product\/5070"}],"collection":[{"href":"https:\/\/baflesoviedo.com\/home\/wp-json\/wp\/v2\/product"}],"about":[{"href":"https:\/\/baflesoviedo.com\/home\/wp-json\/wp\/v2\/types\/product"}],"wp:featuredmedia":[{"embeddable":true,"href":"https:\/\/baflesoviedo.com\/home\/wp-json\/wp\/v2\/media\/5071"}],"wp:attachment":[{"href":"https:\/\/baflesoviedo.com\/home\/wp-json\/wp\/v2\/media?parent=5070"}],"wp:term":[{"taxonomy":"product_cat","embeddable":true,"href":"https:\/\/baflesoviedo.com\/home\/wp-json\/wp\/v2\/product_cat?post=5070"},{"taxonomy":"product_tag","embeddable":true,"href":"https:\/\/baflesoviedo.com\/home\/wp-json\/wp\/v2\/product_tag?post=5070"}],"curies":[{"name":"wp","href":"https:\/\/api.w.org\/{rel}","templated":true}]}}