{"id":5075,"date":"2025-09-16T02:05:14","date_gmt":"2025-09-16T02:05:14","guid":{"rendered":"https:\/\/baflesoviedo.com\/home\/?post_type=product&#038;p=5075"},"modified":"2026-01-15T01:24:11","modified_gmt":"2026-01-15T01:24:11","slug":"elac-concentro-s509-altavoces-torre","status":"publish","type":"product","link":"https:\/\/baflesoviedo.com\/home\/product\/elac-concentro-s509-altavoces-torre\/","title":{"rendered":"ELAC, Concentro S509, Altavoces Torre"},"content":{"rendered":"<p><b>Especificaciones T\u00e9cnicas:<\/b><\/p>\n<table cellspacing=\"0\" cellpadding=\"0\">\n<tbody>\n<tr>\n<td valign=\"top\"><b>Height<\/b><\/td>\n<td valign=\"top\">1320 mm with Spikes\/Washer<\/td>\n<\/tr>\n<tr>\n<td valign=\"top\"><b>Width<\/b><\/td>\n<td valign=\"top\">325 mm with Spikes\/Washer<\/td>\n<\/tr>\n<tr>\n<td valign=\"top\"><b>Depth<\/b><\/td>\n<td valign=\"top\">460 mm with Spikes\/Washer<\/td>\n<\/tr>\n<tr>\n<td valign=\"top\"><b>Weight<\/b><\/td>\n<td valign=\"top\">42.8 kg<\/td>\n<\/tr>\n<tr>\n<td valign=\"top\"><b>Type<\/b><\/td>\n<td valign=\"top\">4-Way, Bass Reflex<\/td>\n<\/tr>\n<tr>\n<td valign=\"top\"><b>Woofer<\/b><\/td>\n<td valign=\"top\">4 \u00d7 180 mm \u00d8, AS cone<\/td>\n<\/tr>\n<tr>\n<td valign=\"top\"><b>Low-Midrange<\/b><\/td>\n<td valign=\"top\">1 x 180 mm \u00d8, AS-XR cone<\/td>\n<\/tr>\n<tr>\n<td valign=\"top\"><b>High-Midrange<\/b><\/td>\n<td valign=\"top\">1 \u00d7 50 1130 mm, \u00d8 AL cone<\/td>\n<\/tr>\n<tr>\n<td valign=\"top\"><b>Tweeter<\/b><\/td>\n<td valign=\"top\">1 x JET 5c<\/td>\n<\/tr>\n<tr>\n<td valign=\"top\"><b>Crossover Frequency<\/b><\/td>\n<td valign=\"top\">120 | 400 | 2600 Hz<\/td>\n<\/tr>\n<tr>\n<td valign=\"top\"><b>Nominal Power Handling<\/b><\/td>\n<td valign=\"top\">280 W<\/td>\n<\/tr>\n<tr>\n<td valign=\"top\"><b>Minimal Impedance<\/b><\/td>\n<td valign=\"top\">3.2\u03a9 bei 360 Hz<\/td>\n<\/tr>\n<tr>\n<td valign=\"top\"><b>Peak Power Handling<\/b><\/td>\n<td valign=\"top\">340 W<\/td>\n<\/tr>\n<tr>\n<td valign=\"top\"><b>Frequency Range (IEC 268-5)<\/b><\/td>\n<td valign=\"top\">22 &#8211; 50000 Hz<\/td>\n<\/tr>\n<tr>\n<td valign=\"top\"><b>Sensitivity<\/b><\/td>\n<td valign=\"top\">88 dB \/ 2.83 V\/m<\/td>\n<\/tr>\n<tr>\n<td valign=\"top\"><b>Suitable for Amplifiers from<\/b><\/td>\n<td valign=\"top\">4 &#8211; 8\u03a9<\/td>\n<\/tr>\n<tr>\n<td valign=\"top\"><b>Nominal Impedance<\/b><\/td>\n<td valign=\"top\">4\u03a9<\/td>\n<\/tr>\n<tr>\n<td valign=\"top\"><b>Recommended Amplifier Power<\/b><\/td>\n<td valign=\"top\">60 &#8211; 600 W\/channel<\/td>\n<\/tr>\n<tr>\n<td valign=\"top\"><b>Finishes<\/b><\/td>\n<td valign=\"top\">Black High Gloss, White High Gloss, Walnut High Gloss<\/td>\n<\/tr>\n<tr>\n<td valign=\"top\"><b>Accessories Included<\/b><\/td>\n<td valign=\"top\">Bi-Wiring-Set, Gloves, Spike-Set, Washer<\/td>\n<\/tr>\n<\/tbody>\n<\/table>\n<p><a href=\"https:\/\/elac.com\/s509\" target=\"_blank\" rel=\"noopener noreferrer\"><span style=\"color: #0000ff;\">Click aqu\u00ed para m\u00e1s informaci\u00f3n del producto.<\/span><\/a><\/p>\n","protected":false},"excerpt":{"rendered":"<p>El <b>ELAC S509<\/b> es un altavoz de suelo dise\u00f1ado para ofrecer una experiencia sonora envolvente y detallada, tanto para cine en casa como para escuchar m\u00fasica en alta fidelidad. Con una construcci\u00f3n robusta y una ingenier\u00eda ac\u00fastica de precisi\u00f3n, este modelo combina potencia, claridad y estilo moderno. Disponible en acabados gloss black, gloss white o gloss walnut.<\/p>\n<ul>\n<li><b>Dise\u00f1o de torre estilizado<\/b>: su formato elegante y moderno lo convierte en una pieza central tanto ac\u00fastica como est\u00e9tica en cualquier sala.<\/li>\n<li><b>Tweeter de alta resoluci\u00f3n<\/b>: agudos precisos y cristalinos para una reproducci\u00f3n detallada de voces e instrumentos.<\/li>\n<li><b>M\u00faltiples woofers de rango medio y graves<\/b>: graves potentes y definidos, capaces de llenar la habitaci\u00f3n con una presi\u00f3n sonora equilibrada.<\/li>\n<li><b>Construcci\u00f3n de gabinete de calidad premium<\/b>: dise\u00f1ado para minimizar resonancias y maximizar la pureza del sonido.<\/li>\n<li><b>Compatibilidad avanzada<\/b>: ideal para configuraciones est\u00e9reo de alta fidelidad o sistemas multicanal de cine en casa.<\/li>\n<\/ul>\n","protected":false},"featured_media":5076,"template":"","meta":[],"product_cat":[121,18],"product_tag":[31,191,206,185],"_links":{"self":[{"href":"https:\/\/baflesoviedo.com\/home\/wp-json\/wp\/v2\/product\/5075"}],"collection":[{"href":"https:\/\/baflesoviedo.com\/home\/wp-json\/wp\/v2\/product"}],"about":[{"href":"https:\/\/baflesoviedo.com\/home\/wp-json\/wp\/v2\/types\/product"}],"wp:featuredmedia":[{"embeddable":true,"href":"https:\/\/baflesoviedo.com\/home\/wp-json\/wp\/v2\/media\/5076"}],"wp:attachment":[{"href":"https:\/\/baflesoviedo.com\/home\/wp-json\/wp\/v2\/media?parent=5075"}],"wp:term":[{"taxonomy":"product_cat","embeddable":true,"href":"https:\/\/baflesoviedo.com\/home\/wp-json\/wp\/v2\/product_cat?post=5075"},{"taxonomy":"product_tag","embeddable":true,"href":"https:\/\/baflesoviedo.com\/home\/wp-json\/wp\/v2\/product_tag?post=5075"}],"curies":[{"name":"wp","href":"https:\/\/api.w.org\/{rel}","templated":true}]}}