{"id":5087,"date":"2025-09-16T02:29:28","date_gmt":"2025-09-16T02:29:28","guid":{"rendered":"https:\/\/baflesoviedo.com\/home\/?post_type=product&#038;p=5087"},"modified":"2026-01-15T01:23:32","modified_gmt":"2026-01-15T01:23:32","slug":"elac-concentro-s507-altavoces-torre","status":"publish","type":"product","link":"https:\/\/baflesoviedo.com\/home\/product\/elac-concentro-s507-altavoces-torre\/","title":{"rendered":"ELAC, Concentro S507, Altavoces Torre"},"content":{"rendered":"<p><b>Especificaciones T\u00e9cnicas:<\/b><\/p>\n<table cellspacing=\"0\" cellpadding=\"0\">\n<tbody>\n<tr>\n<td valign=\"top\"><b>Height<\/b><\/td>\n<td valign=\"top\">1220 mm with Spikes\/ Washer<\/td>\n<\/tr>\n<tr>\n<td valign=\"top\"><b>Width<\/b><\/td>\n<td valign=\"top\">270 mm with Spikes\/ Washer<\/td>\n<\/tr>\n<tr>\n<td valign=\"top\"><b>Depth<\/b><\/td>\n<td valign=\"top\">380 mm with Spikes\/ Washer<\/td>\n<\/tr>\n<tr>\n<td valign=\"top\"><b>Weight<\/b><\/td>\n<td valign=\"top\">37 kg<\/td>\n<\/tr>\n<tr>\n<td valign=\"top\"><b>Type<\/b><\/td>\n<td valign=\"top\">4-Way, bass reflex<\/td>\n<\/tr>\n<tr>\n<td valign=\"top\"><b>Woofer<\/b><\/td>\n<td valign=\"top\">4 \u00d7 150 AS mm \u2300 cone<\/td>\n<\/tr>\n<tr>\n<td valign=\"top\"><b>Low Midrange<\/b><\/td>\n<td valign=\"top\">1 \u00d7 180 mm \u2300, AS-XR cone<\/td>\n<\/tr>\n<tr>\n<td valign=\"top\"><b>High Midrange<\/b><\/td>\n<td valign=\"top\">1 \u00d7 50 | 130 mm \u2300 AL cone<\/td>\n<\/tr>\n<tr>\n<td valign=\"top\"><b>Tweeter<\/b><\/td>\n<td valign=\"top\">1 x JET 5c<\/td>\n<\/tr>\n<tr>\n<td valign=\"top\"><b>Crossover frequency<\/b><\/td>\n<td valign=\"top\">120 | 400 | 2600 Hz<\/td>\n<\/tr>\n<tr>\n<td valign=\"top\"><b>Nominal\/peak power handling<\/b><\/td>\n<td valign=\"top\">240 W<\/td>\n<\/tr>\n<tr>\n<td valign=\"top\"><b>Minimum impedance<\/b><\/td>\n<td valign=\"top\">3,0 \u2126 bei 360 Hz<\/td>\n<\/tr>\n<tr>\n<td valign=\"top\"><b>Peak power handling<\/b><\/td>\n<td valign=\"top\">300 W<\/td>\n<\/tr>\n<tr>\n<td valign=\"top\"><b>Frequecny Range<\/b><\/td>\n<td valign=\"top\">24 &#8211; 50000 Hz<\/td>\n<\/tr>\n<tr>\n<td valign=\"top\"><b>Sensitivity<\/b><\/td>\n<td valign=\"top\">88 dB \/ 2,83 V\/m<\/td>\n<\/tr>\n<tr>\n<td valign=\"top\"><b>Suitable for amplifiers from &#8230; to Nominal impedance<\/b><\/td>\n<td valign=\"top\">4-8 \u2126<\/td>\n<\/tr>\n<tr>\n<td valign=\"top\"><b>Nomial impedance<\/b><\/td>\n<td valign=\"top\">4 \u2126<\/td>\n<\/tr>\n<tr>\n<td valign=\"top\"><b>Recommended amplifier power<\/b><\/td>\n<td valign=\"top\">60 &#8211; 500 W\/channel<\/td>\n<\/tr>\n<tr>\n<td valign=\"top\"><b>Finishes<\/b><\/td>\n<td valign=\"top\">Black High Gloss, White High Gloss<\/td>\n<\/tr>\n<tr>\n<td valign=\"top\"><b>Accessories<\/b><\/td>\n<td valign=\"top\">Bi-Wiring-Set, Gloves, Spike-Set, Washer<\/td>\n<\/tr>\n<\/tbody>\n<\/table>\n<p><a href=\"https:\/\/elac.com\/s507\" target=\"_blank\" rel=\"noopener noreferrer\"><span style=\"color: #0000ff;\">Click aqu\u00ed para m\u00e1s informaci\u00f3n del producto.<\/span><\/a><\/p>\n","protected":false},"excerpt":{"rendered":"<p>El S507 es parte de la l\u00ednea Concentro \u201cS\u201d de ELAC, que re\u00fane lo mejor de la ingenier\u00eda ac\u00fastica, dise\u00f1o refinado y rendimiento para audi\u00f3filos exigentes. Es ideal si busc\u00e1s un altavoz que llene salas con graves profundos, medios definidos y agudos ultra-resolutivos, adem\u00e1s de est\u00e9tica moderna y elegante. Disponible en acabados gloss black o gloss white.<\/p>\n<ul>\n<li><b>Dise\u00f1o exterior distintivo: <\/b>gabinete trapezoidal con \u201cwrap-around baffle\u201d, lados suavemente curvados y la base tipo \u201chigh-heel\u201d que aporta elegancia y estabilidad.<\/li>\n<li><b>Tweeter JET 5c + driver coaxial de medios agudos StepX-JET: <\/b>agudos r\u00e1pidos, rango din\u00e1mico amplio, excelente definici\u00f3n espacial. El driver coaxial mejora la coherencia temporal entre medios y agudos.<span class=\"Apple-converted-space\">\u00a0<\/span><\/li>\n<li><b>Drivers especiales para medios bajos y woofers laterales: <\/b>incluye un driver de rango medio-bajo (AS-XR) de ~180 mm adem\u00e1s de cuatro woofers AS de 150 mm en montaje lateral. Esto permite graves contundentes, buen cuerpo en los medios y manejo de potencia con menos vibraciones de gabinete.<span class=\"Apple-converted-space\">\u00a0<\/span><\/li>\n<li><b>Tecnolog\u00eda especializada DCR (Directivity Control Ring): <\/b>incluye anillos intercambiables (3) para ajustar la dispersi\u00f3n de los medios-altos seg\u00fan la sala o tu posici\u00f3n de escucha, equilibrando sonido directo vs ambiente.<span class=\"Apple-converted-space\">\u00a0<\/span><\/li>\n<li><b>Rango de frecuencia extendido y sensibilidad adecuada: <\/b>de ~ <b>24 Hz<\/b> hasta ~ <b>50 kHz<\/b>, sensibilidad de <b>88 dB \/ 2,83 V\/m<\/b>. Baja impedancia m\u00ednima (~3 \u03a9 cerca de 360 Hz) lo que exige un amplificador de calidad capaz de entregar corriente suficiente.<span class=\"Apple-converted-space\">\u00a0<\/span><\/li>\n<li><b>Potencia nominal \/ pico y recomendaciones de amplificaci\u00f3n: <\/b>soporta ~ <b>240 W RMS<\/b> con ~ <b>300 W pico<\/b>. Se recomienda usarlo con amplificadores entre <b>60-500 W por canal <\/b>para aprovechar plenamente su potencial sin forzar.<span class=\"Apple-converted-space\">\u00a0<\/span><\/li>\n<li><b>Calidad ac\u00fastica y f\u00edsica del gabinete: <\/b>construcci\u00f3n robusta, materiales premium, dise\u00f1o que minimiza resonancias internas. Puerto reflex hacia abajo, espigas ajustables para buen contacto con el suelo y control del grave.<span class=\"Apple-converted-space\">\u00a0<\/span><\/li>\n<\/ul>\n","protected":false},"featured_media":5088,"template":"","meta":[],"product_cat":[121,18],"product_tag":[31,191,206,185],"_links":{"self":[{"href":"https:\/\/baflesoviedo.com\/home\/wp-json\/wp\/v2\/product\/5087"}],"collection":[{"href":"https:\/\/baflesoviedo.com\/home\/wp-json\/wp\/v2\/product"}],"about":[{"href":"https:\/\/baflesoviedo.com\/home\/wp-json\/wp\/v2\/types\/product"}],"wp:featuredmedia":[{"embeddable":true,"href":"https:\/\/baflesoviedo.com\/home\/wp-json\/wp\/v2\/media\/5088"}],"wp:attachment":[{"href":"https:\/\/baflesoviedo.com\/home\/wp-json\/wp\/v2\/media?parent=5087"}],"wp:term":[{"taxonomy":"product_cat","embeddable":true,"href":"https:\/\/baflesoviedo.com\/home\/wp-json\/wp\/v2\/product_cat?post=5087"},{"taxonomy":"product_tag","embeddable":true,"href":"https:\/\/baflesoviedo.com\/home\/wp-json\/wp\/v2\/product_tag?post=5087"}],"curies":[{"name":"wp","href":"https:\/\/api.w.org\/{rel}","templated":true}]}}