{"id":5100,"date":"2025-09-16T04:09:45","date_gmt":"2025-09-16T04:09:45","guid":{"rendered":"https:\/\/baflesoviedo.com\/home\/?post_type=product&#038;p=5100"},"modified":"2025-09-16T04:09:46","modified_gmt":"2025-09-16T04:09:46","slug":"elac-concentro-m807-altavoces-torre","status":"publish","type":"product","link":"https:\/\/baflesoviedo.com\/home\/product\/elac-concentro-m807-altavoces-torre\/","title":{"rendered":"ELAC, Concentro M807, Altavoces Torre"},"content":{"rendered":"<p><b>Especificaciones T\u00e9cnicas:<\/b><\/p>\n<table cellspacing=\"0\" cellpadding=\"0\">\n<tbody>\n<tr>\n<td valign=\"top\"><b>Height<\/b><\/td>\n<td valign=\"top\">1340 mm<\/td>\n<\/tr>\n<tr>\n<td valign=\"top\"><b>Width<\/b><\/td>\n<td valign=\"top\">461 mm<\/td>\n<\/tr>\n<tr>\n<td valign=\"top\"><b>Depth<\/b><\/td>\n<td valign=\"top\">595 mm<\/td>\n<\/tr>\n<tr>\n<td valign=\"top\"><b>Weight<\/b><\/td>\n<td valign=\"top\">62 kg<\/td>\n<\/tr>\n<tr>\n<td valign=\"top\"><b>Speaker Type<\/b><\/td>\n<td valign=\"top\">4-Way, Bass Reflex<\/td>\n<\/tr>\n<tr>\n<td valign=\"top\"><b>Woofer<\/b><\/td>\n<td valign=\"top\">2 x 250 mm, AS Cone<\/td>\n<\/tr>\n<tr>\n<td valign=\"top\"><b>Low-Midrange<\/b><\/td>\n<td valign=\"top\">2 x 115 mm, AS-XR Cone<\/td>\n<\/tr>\n<tr>\n<td valign=\"top\"><b>High-Midrange<\/b><\/td>\n<td valign=\"top\">6 \u00d7 40 mm, A-XR Cone<\/td>\n<\/tr>\n<tr>\n<td valign=\"top\"><b>Tweeter<\/b><\/td>\n<td valign=\"top\">JET 6c<\/td>\n<\/tr>\n<tr>\n<td valign=\"top\"><b>Crossover Frequency<\/b><\/td>\n<td valign=\"top\">150 | 650 | 2650 Hz<\/td>\n<\/tr>\n<tr>\n<td valign=\"top\"><b>Nominal Power Handling<\/b><\/td>\n<td valign=\"top\">300 W<\/td>\n<\/tr>\n<tr>\n<td valign=\"top\"><b>Minimal Impedance<\/b><\/td>\n<td valign=\"top\">3.1 \u03a9 at 350 Hz<\/td>\n<\/tr>\n<tr>\n<td valign=\"top\"><b>Peak Power Handling<\/b><\/td>\n<td valign=\"top\">400 W<\/td>\n<\/tr>\n<tr>\n<td valign=\"top\"><b>Frequency Range (EC 268-5)<\/b><\/td>\n<td valign=\"top\">24 &#8211; 50000 Hz<\/td>\n<\/tr>\n<tr>\n<td valign=\"top\"><b>Sensitivity<\/b><\/td>\n<td valign=\"top\">88 dB \/ 2.83 V\/m<\/td>\n<\/tr>\n<tr>\n<td valign=\"top\"><b>Suitable for amplifiers from \u2026.. to<\/b><\/td>\n<td valign=\"top\">4-8 \u03a9<\/td>\n<\/tr>\n<tr>\n<td valign=\"top\"><b>Nominal Impedance<\/b><\/td>\n<td valign=\"top\">4 \u03a9<\/td>\n<\/tr>\n<tr>\n<td valign=\"top\"><b>Recommended amplifier power<\/b><\/td>\n<td valign=\"top\">80 &#8211; 600 W\/Channel<\/td>\n<\/tr>\n<tr>\n<td valign=\"top\"><b>Finishes<\/b><\/td>\n<td valign=\"top\">Black High Gloss, White High Gloss; Deco Rings in Black or Gray<\/td>\n<\/tr>\n<tr>\n<td valign=\"top\"><b>Accesories<\/b><\/td>\n<td valign=\"top\">Bi-Wiring-Set, Polishing Cloth, Transport Straps<\/td>\n<\/tr>\n<\/tbody>\n<\/table>\n<p><a href=\"https:\/\/elac.com\/m807\" target=\"_blank\" rel=\"noopener noreferrer\"><span style=\"color: #0000ff;\">Click aqu\u00ed para m\u00e1s informaci\u00f3n del producto.<\/span><\/a><\/p>\n","protected":false},"excerpt":{"rendered":"<p>*Contactar para obtener precio.<\/p>\n<p>Dise\u00f1ada para entusiastas del audio que buscan no s\u00f3lo sonido espectacular, sino tambi\u00e9n una pieza de arte funcional. Los Concentro M 807 combinan innovaci\u00f3n ac\u00fastica, est\u00e9tica refinada y una ingenier\u00eda sin concesiones para ofrecer una experiencia auditiva sublime. Disponible en acabados gloss black y gloss white.<\/p>\n<ul>\n<li><b>Tecnolog\u00eda VXe con array coaxial adaptativo: <\/b>un anillo compuesto por seis drivers de rango medio A-XR dispuestos alrededor del tweeter JET 6c, que permite ajustar la directividad del sonido (modos m\u00e1s directos o m\u00e1s difusos) para adaptarse a la ac\u00fastica de cada sala.<\/li>\n<li><b>Woofer doble de 250 mm (10<\/b>\u2033<b>): <\/b>este par de woofers entrega bajos profundos, controlados, con excelente manejo de excursi\u00f3n, manteniendo la integridad del grave a\u00fan a vol\u00famenes exigentes.<span class=\"Apple-converted-space\">\u00a0<\/span><\/li>\n<li><b>Dise\u00f1o de caja con sistema bass reflex: <\/b>puerto de reflejo ac\u00fastico dirigido hacia la parte inferior que permite lograr bajos amplios sin comprometer el espacio ni generar resonancias molestas.<span class=\"Apple-converted-space\">\u00a0<\/span><\/li>\n<li><b>Red crossover refinada: <\/b>con componentes premium \u2014capacitores de pel\u00edcula, bobinas de n\u00facleo de aire, resistencias MOX\u2014 para asegurar transiciones de frecuencia suaves, integraci\u00f3n de drivers impecable y una fase coherente.<span class=\"Apple-converted-space\">\u00a0<\/span><\/li>\n<li><b>Alto rendimiento en todo el rango audible: <\/b>respuesta en frecuencia de <b>24 Hz a 50 kHz<\/b>, sensibilidad alrededor de <b>88 dB \/ 2.83 V\/m<\/b>, impedancia nominal de 4 \u03a9, potencia manejada nominal de 300 W (pico hasta ~400 W).<\/li>\n<li><b>Cabinet ac\u00fastico optimizado: <\/b>superficies no paralelas, refuerzos mecanizados en seis ejes para eliminar vibraciones internas y ondas estacionarias \u2014la estructura contribuye directamente a un sonido m\u00e1s limpio, sin coloraciones.<\/li>\n<\/ul>\n","protected":false},"featured_media":5101,"template":"","meta":[],"product_cat":[121,17],"product_tag":[31,191,206,40],"_links":{"self":[{"href":"https:\/\/baflesoviedo.com\/home\/wp-json\/wp\/v2\/product\/5100"}],"collection":[{"href":"https:\/\/baflesoviedo.com\/home\/wp-json\/wp\/v2\/product"}],"about":[{"href":"https:\/\/baflesoviedo.com\/home\/wp-json\/wp\/v2\/types\/product"}],"wp:featuredmedia":[{"embeddable":true,"href":"https:\/\/baflesoviedo.com\/home\/wp-json\/wp\/v2\/media\/5101"}],"wp:attachment":[{"href":"https:\/\/baflesoviedo.com\/home\/wp-json\/wp\/v2\/media?parent=5100"}],"wp:term":[{"taxonomy":"product_cat","embeddable":true,"href":"https:\/\/baflesoviedo.com\/home\/wp-json\/wp\/v2\/product_cat?post=5100"},{"taxonomy":"product_tag","embeddable":true,"href":"https:\/\/baflesoviedo.com\/home\/wp-json\/wp\/v2\/product_tag?post=5100"}],"curies":[{"name":"wp","href":"https:\/\/api.w.org\/{rel}","templated":true}]}}