{"id":5113,"date":"2025-09-16T04:56:27","date_gmt":"2025-09-16T04:56:27","guid":{"rendered":"https:\/\/baflesoviedo.com\/home\/?post_type=product&#038;p=5113"},"modified":"2025-09-16T04:56:27","modified_gmt":"2025-09-16T04:56:27","slug":"elac-concentro-m-2-altavoces-torre","status":"publish","type":"product","link":"https:\/\/baflesoviedo.com\/home\/product\/elac-concentro-m-2-altavoces-torre\/","title":{"rendered":"ELAC, Concentro M.2, Altavoces Torre"},"content":{"rendered":"<p><b>Especificaciones T\u00e9cnicas:<\/b><\/p>\n<p><a href=\"https:\/\/elac.com\/concentro-m-2\" target=\"_blank\" rel=\"noopener noreferrer\"><span style=\"color: #0000ff;\">Click aqu\u00ed para especificaciones de f\u00e1brica.<\/span><\/a><\/p>\n","protected":false},"excerpt":{"rendered":"<p>*Contactar para obtener precio.<\/p>\n<p>El Concentro M.2 re\u00fane lo mejor de la serie Concentro: presencia escultural, tecnolog\u00eda de punta y rendimiento audi\u00f3filo elevado. Si deseas un altavoz que entregue tama\u00f1o, impacto y detalle sin ocupar tanto espacio como los modelos m\u00e1s grandes, este es para ti. Disponible en acabados gloss black y gloss white.<\/p>\n<ul>\n<li><b>Dise\u00f1o coaxial con tecnolog\u00eda VX: <\/b>integra el sistema VX-JET: tweeter JET 6 coaxial al mid\/high, con la posibilidad de ajustar su posici\u00f3n (adelante\/atr\u00e1s) para adaptar la dispersi\u00f3n sonora a tu sala y optimizar la escena sonora.<span class=\"Apple-converted-space\">\u00a0<\/span><\/li>\n<li><b>Tweeter JET 6 de alta definici\u00f3n: <\/b>alt\u00edsima velocidad de respuesta, rango din\u00e1mico amplio, y baja distorsi\u00f3n; logra reproducir agudos con gran nitidez y espacialidad.<\/li>\n<li><b>Drivers de rango medio \/ bajo-medio con tecnolog\u00eda AS-XR: <\/b>conos de aluminio-sandwich, dise\u00f1o r\u00edgido, buena amortiguaci\u00f3n, que brindan claridad en medios y cuerpo en los graves bajos.<span class=\"Apple-converted-space\">\u00a0<\/span><\/li>\n<li><b>4 woofers AS de gran di\u00e1metro (~220 mm \/ 8.7<\/b>\u2033<b>): <\/b>para proporcionar bajos profundos y controlados, incluso a vol\u00famenes exigentes, sin necesidad de subwoofer.<\/li>\n<li><b>Rango de frecuencia impresionante: <\/b>desde ~ 24 Hz hasta ~ 50 kHz, lo que permite escuchar tanto los graves profundos como los agudos finos con mucha fidelidad.<span class=\"Apple-converted-space\">\u00a0<\/span><\/li>\n<li><b>Potencia recomendada amplia y exigente: <\/b>necesita de amplificadores capaces de entregar entre <b>80 y 600 W por canal<\/b>, para sacarle el m\u00e1ximo partido. Impedancia nominal de 4 \u03a9; m\u00ednima en ciertas frecuencias m\u00e1s baja, lo que exige buena fuente.<\/li>\n<li><b>Construcci\u00f3n y gabinete premium: <\/b>MDF grueso, base pesada mecanizada de aluminio, estructura dise\u00f1ada para minimizar resonancias internas, sin superficies paralelas, compartimentos ac\u00fasticos internos; componentes de crossover de alta calidad.<span class=\"Apple-converted-space\">\u00a0<\/span><\/li>\n<li><b>Est\u00e9tica elegante y adaptable: <\/b>acabados en alto brillo en negro o blanco; paneles laterales opcionales (madera, carbono, cuero u otros) para personalizar. La base robusta realza presencia visual y estabilidad.<\/li>\n<\/ul>\n","protected":false},"featured_media":5114,"template":"","meta":[],"product_cat":[121,17],"product_tag":[31,191,206,40],"_links":{"self":[{"href":"https:\/\/baflesoviedo.com\/home\/wp-json\/wp\/v2\/product\/5113"}],"collection":[{"href":"https:\/\/baflesoviedo.com\/home\/wp-json\/wp\/v2\/product"}],"about":[{"href":"https:\/\/baflesoviedo.com\/home\/wp-json\/wp\/v2\/types\/product"}],"wp:featuredmedia":[{"embeddable":true,"href":"https:\/\/baflesoviedo.com\/home\/wp-json\/wp\/v2\/media\/5114"}],"wp:attachment":[{"href":"https:\/\/baflesoviedo.com\/home\/wp-json\/wp\/v2\/media?parent=5113"}],"wp:term":[{"taxonomy":"product_cat","embeddable":true,"href":"https:\/\/baflesoviedo.com\/home\/wp-json\/wp\/v2\/product_cat?post=5113"},{"taxonomy":"product_tag","embeddable":true,"href":"https:\/\/baflesoviedo.com\/home\/wp-json\/wp\/v2\/product_tag?post=5113"}],"curies":[{"name":"wp","href":"https:\/\/api.w.org\/{rel}","templated":true}]}}