{"id":513,"date":"2020-04-23T15:11:42","date_gmt":"2020-04-23T15:11:42","guid":{"rendered":"https:\/\/baflesoviedo.com\/home\/?post_type=product&#038;p=513"},"modified":"2023-10-21T03:57:36","modified_gmt":"2023-10-21T03:57:36","slug":"lithe-audio-wifi-all-in-one-altavoz-de-techo-inalambrico-wifi","status":"publish","type":"product","link":"https:\/\/baflesoviedo.com\/home\/product\/lithe-audio-wifi-all-in-one-altavoz-de-techo-inalambrico-wifi\/","title":{"rendered":"Lithe Audio, 01561, Altavoz de techo Inal\u00e1mbrico WiFi Todo en uno (Individual- Maestro)"},"content":{"rendered":"<p>&nbsp;<\/p>\n<p><strong>Especificaciones<\/strong><\/p>\n<table width=\"849\">\n<tbody>\n<tr>\n<td width=\"188\">Conectividad<\/td>\n<td width=\"661\">Control de aplicaciones a trav\u00e9s de IOS o Android, control total con zonificaci\u00f3n f\u00e1cil de arrastrar y soltar<\/td>\n<\/tr>\n<tr>\n<td width=\"188\"><\/td>\n<td width=\"661\">Acceda al almacenamiento de m\u00fasica digital utilizando la unidad NAS (disco duro en red).<\/td>\n<\/tr>\n<tr>\n<td width=\"188\"><\/td>\n<td width=\"661\">Con\u00e9ctese a WiFi existente 2.4Ghz<\/td>\n<\/tr>\n<tr>\n<td width=\"188\"><\/td>\n<td width=\"661\">Certificado Apple Airplay<\/td>\n<\/tr>\n<tr>\n<td width=\"188\"><\/td>\n<td width=\"661\">Conexiones DLNA \/ uPnP<\/td>\n<\/tr>\n<tr>\n<td width=\"188\"><\/td>\n<td width=\"661\">Entrada de l\u00ednea (entrada RCA)<\/td>\n<\/tr>\n<tr>\n<td width=\"188\"><\/td>\n<td width=\"661\">WiFi certificado 2.4Ghz (802.11b \/ g \/ n)<\/td>\n<\/tr>\n<tr>\n<td width=\"188\">ESPECIFICACIONES DE AUDIO<\/td>\n<td width=\"661\">Woofer: cono tejido de Kevlar de 6.5 &#8220;<\/td>\n<\/tr>\n<tr>\n<td width=\"188\"><\/td>\n<td width=\"661\">Tweeter: cono de titanio de 0.75 &#8220;<\/td>\n<\/tr>\n<tr>\n<td width=\"188\"><\/td>\n<td width=\"661\">Interruptor mono \/ est\u00e9reo<\/td>\n<\/tr>\n<tr>\n<td width=\"188\"><\/td>\n<td width=\"661\">Potencia RMS: 60W RMS<\/td>\n<\/tr>\n<tr>\n<td width=\"188\"><\/td>\n<td width=\"661\">Impedancia: 8 ohmios<\/td>\n<\/tr>\n<tr>\n<td width=\"188\"><\/td>\n<td width=\"661\">Calidad de sonido THD + N 0.009%, 65Hz-20kHZ<\/td>\n<\/tr>\n<tr>\n<td width=\"188\"><\/td>\n<td width=\"661\">Sensibilidad (1W \/ 1m): 90dB<\/td>\n<\/tr>\n<tr>\n<td width=\"188\"><\/td>\n<td width=\"661\">Frecuencia de muestreo de audio: 8 kHz<\/td>\n<\/tr>\n<tr>\n<td width=\"188\"><\/td>\n<td width=\"661\">Amplificador digital clase D<\/td>\n<\/tr>\n<tr>\n<td width=\"188\">AUDIO MULTI HABITACI\u00d3N<\/td>\n<td width=\"661\">Conecte hasta 30 altavoces maestros (30 zonas)<\/td>\n<\/tr>\n<tr>\n<td width=\"188\"><\/td>\n<td width=\"661\">Spotify Connect directamente a los altavoces<\/td>\n<\/tr>\n<tr>\n<td width=\"188\"><\/td>\n<td width=\"661\">Juega Spotify, Deezer, Tidal, Tune in y V Tuner<\/td>\n<\/tr>\n<tr>\n<td width=\"188\"><\/td>\n<td width=\"661\">Reproduce m\u00fasica en un grupo o en habitaciones individuales.<\/td>\n<\/tr>\n<tr>\n<td width=\"188\">ESPECIFICADOR DE ALTAVOZ<\/td>\n<td width=\"661\">Di\u00e1metro de corte de 210 mm<\/td>\n<\/tr>\n<tr>\n<td width=\"188\"><\/td>\n<td width=\"661\">Peso: 3.7kg<\/td>\n<\/tr>\n<tr>\n<td width=\"188\"><\/td>\n<td width=\"661\">Fuente de alimentaci\u00f3n: DC24V \/ 2.5A<\/td>\n<\/tr>\n<tr>\n<td width=\"188\"><\/td>\n<td width=\"661\">Dimensiones: (ancho x profundidad) 230 x 95 mm<\/td>\n<\/tr>\n<tr>\n<td width=\"188\"><\/td>\n<td width=\"661\">Temperatura de funcionamiento: 0\u00ba a 40\u00ba C<\/td>\n<\/tr>\n<tr>\n<td width=\"188\"><\/td>\n<td width=\"661\">Temperatura de almacenamiento: -20\u00ba a 70\u00ba C<\/td>\n<\/tr>\n<\/tbody>\n<\/table>\n<p><a href=\"https:\/\/www.litheaudio.com\/kitchen-ceiling-speakers\/lithe-audio-wifi-all-in-one-multi-room-ceiling-speaker-single-master.html\" target=\"_blank\" rel=\"noopener noreferrer\"><span style=\"color: #0000ff;\">Click aqu\u00ed para m\u00e1s informaci\u00f3n del producto<\/span><\/a><\/p>\n","protected":false},"excerpt":{"rendered":"<p>Altavoces de techo inal\u00e1mbricos inal\u00e1mbricos multi-room todo en uno combinan un amplificador, un receptor de WiFi y un altavoz de alta calidad para ofrecerle la soluci\u00f3n todo en uno absoluta.<\/p>\n<p>Precio por unidad.<\/p>\n","protected":false},"featured_media":517,"template":"","meta":[],"product_cat":[124,22],"product_tag":[31,74,75,73],"_links":{"self":[{"href":"https:\/\/baflesoviedo.com\/home\/wp-json\/wp\/v2\/product\/513"}],"collection":[{"href":"https:\/\/baflesoviedo.com\/home\/wp-json\/wp\/v2\/product"}],"about":[{"href":"https:\/\/baflesoviedo.com\/home\/wp-json\/wp\/v2\/types\/product"}],"wp:featuredmedia":[{"embeddable":true,"href":"https:\/\/baflesoviedo.com\/home\/wp-json\/wp\/v2\/media\/517"}],"wp:attachment":[{"href":"https:\/\/baflesoviedo.com\/home\/wp-json\/wp\/v2\/media?parent=513"}],"wp:term":[{"taxonomy":"product_cat","embeddable":true,"href":"https:\/\/baflesoviedo.com\/home\/wp-json\/wp\/v2\/product_cat?post=513"},{"taxonomy":"product_tag","embeddable":true,"href":"https:\/\/baflesoviedo.com\/home\/wp-json\/wp\/v2\/product_tag?post=513"}],"curies":[{"name":"wp","href":"https:\/\/api.w.org\/{rel}","templated":true}]}}