{"id":5159,"date":"2025-09-16T15:27:21","date_gmt":"2025-09-16T15:27:21","guid":{"rendered":"https:\/\/baflesoviedo.com\/home\/?post_type=product&#038;p=5159"},"modified":"2025-09-16T15:27:22","modified_gmt":"2025-09-16T15:27:22","slug":"elac-varro-ps350-subwoofer-activo","status":"publish","type":"product","link":"https:\/\/baflesoviedo.com\/home\/product\/elac-varro-ps350-subwoofer-activo\/","title":{"rendered":"ELAC, Varro PS350, Subwoofer Activo"},"content":{"rendered":"<p><b>Especificaciones T\u00e9cnicas:<\/b><\/p>\n<table cellspacing=\"0\" cellpadding=\"0\">\n<tbody>\n<tr>\n<td valign=\"top\"><b>Speaker Type<\/b><\/td>\n<td valign=\"top\">Bass Reflex<\/td>\n<\/tr>\n<tr>\n<td valign=\"top\"><b>Woofer<\/b><\/td>\n<td valign=\"top\">12\u201d Treated Paper<\/td>\n<\/tr>\n<tr>\n<td valign=\"top\"><b>Frequency Response (Anechoic)<\/b><\/td>\n<td valign=\"top\">24Hz to 150Hz<\/td>\n<\/tr>\n<tr>\n<td valign=\"top\"><b>Frequency Response (In Room)<\/b><\/td>\n<td valign=\"top\">21Hz to 150Hz<\/td>\n<\/tr>\n<tr>\n<td valign=\"top\"><b>Maximum Output Level, SPL dB\/1m anechoic<\/b><\/td>\n<td valign=\"top\">108 dB<\/td>\n<\/tr>\n<tr>\n<td valign=\"top\"><b>Low pass crossover, Hz<\/b><\/td>\n<td valign=\"top\">40Hz to 150Hz<\/td>\n<\/tr>\n<tr>\n<td valign=\"top\"><b>Amplifier power, @4 Ohm (RMS\/Peak)<\/b><\/td>\n<td valign=\"top\">350\/700 Watts<\/td>\n<\/tr>\n<tr>\n<td valign=\"top\"><b>App Controlled (BLE)<\/b><\/td>\n<td valign=\"top\">iOS and Android<\/td>\n<\/tr>\n<tr>\n<td valign=\"top\"><b>Amplifier Topology<\/b><\/td>\n<td valign=\"top\">BASH<\/td>\n<\/tr>\n<tr>\n<td valign=\"top\"><b>Standby Power Consumption<\/b><\/td>\n<td valign=\"top\">&lt; 0.5W<\/td>\n<\/tr>\n<tr>\n<td valign=\"top\"><b>Inputs<\/b><\/td>\n<td valign=\"top\">RCA Line Level<\/td>\n<\/tr>\n<tr>\n<td valign=\"top\"><b>Data Connection<\/b><\/td>\n<td valign=\"top\">USB (Firmware Update)<\/td>\n<\/tr>\n<tr>\n<td valign=\"top\"><b>Cabinet Finish<\/b><\/td>\n<td valign=\"top\">Black Vinyl<\/td>\n<\/tr>\n<tr>\n<td valign=\"top\"><b>Accessories Included<\/b><\/td>\n<td valign=\"top\">Grille, AC power Cord, Spikes<\/td>\n<\/tr>\n<tr>\n<td valign=\"top\"><b>Height<\/b><\/td>\n<td valign=\"top\">437 mm<\/td>\n<\/tr>\n<tr>\n<td valign=\"top\"><b>Width<\/b><\/td>\n<td valign=\"top\">416 mm<\/td>\n<\/tr>\n<tr>\n<td valign=\"top\"><b>Depth<\/b><\/td>\n<td valign=\"top\">418 mm<\/td>\n<\/tr>\n<tr>\n<td valign=\"top\"><b>Net Weight<\/b><\/td>\n<td valign=\"top\">21.8 Kg<\/td>\n<\/tr>\n<\/tbody>\n<\/table>\n<p><a href=\"https:\/\/elac.com\/ps350\" target=\"_blank\" rel=\"noopener noreferrer\"><span style=\"color: #0000ff;\">Click aqu\u00ed para m\u00e1s informaci\u00f3n del producto.<\/span><\/a><\/p>\n","protected":false},"excerpt":{"rendered":"<p>Subwoofer activo de 12\u201d, de la l\u00ednea premium de ELAC. El PS350-BK es ideal si quer\u00e9s combinar potencia real con precisi\u00f3n, facilidad de uso y est\u00e9tica moderna. Gracias a su tama\u00f1o y caracter\u00edsticas inteligentes, es perfecto para sistemas de m\u00fasica, cine en casa, o ambientes exigentes que demandan bajos profundos sin comprometer claridad.<\/p>\n<ul>\n<li><b>Potencia RMS \/ pico impresionante: <\/b>amplificador BASH de <b>350 W RMS<\/b>, con picos de hasta <b>700 W<\/b>, que garantiza capacidad para reproducir pasajes intensos sin saturaci\u00f3n.<span class=\"Apple-converted-space\">\u00a0<\/span><\/li>\n<li><b>Woofer de 12<\/b>\u2033<b> de alta excursi\u00f3n con bobina de voz de 2<\/b>\u2033<b>: <\/b>cono de papel tratado, liviano pero r\u00edgido, con capacidad de movimiento amplio para reproducir graves profundos con control y m\u00ednima distorsi\u00f3n.<span class=\"Apple-converted-space\">\u00a0<\/span><\/li>\n<li><b>Auto EQ + App de control remoto (Sub Control 3.0): <\/b>permite calibrar autom\u00e1ticamente el subwoofer seg\u00fan tu sala usando el micr\u00f3fono del tel\u00e9fono; tambi\u00e9n gestionar frecuencias de cruce, fase y volumen desde la posici\u00f3n de escucha.<span class=\"Apple-converted-space\">\u00a0<\/span><\/li>\n<li><b>Respuesta en frecuencia amplia: <\/b>desde ~ 24-150 Hz (medici\u00f3n en c\u00e1mara anecoica) y hasta ~ 21-150 Hz en sala. Ideal para sentir los graves profundos sin perder el detalle en las frecuencias bajas.<span class=\"Apple-converted-space\">\u00a0<\/span><\/li>\n<li><b>Nivel de presi\u00f3n sonora (SPL) capaz: <\/b>hasta ~ 108 dB a 1 metro seg\u00fan mediciones anecoicas, lo que lo hace m\u00e1s que suficiente para experiencias din\u00e1micas tanto en cine como en m\u00fasica.<span class=\"Apple-converted-space\">\u00a0<\/span><\/li>\n<li><b>Construcci\u00f3n robusta: <\/b>gabinete de MDF de 30 mm con refuerzos internos, acabado vin\u00edlico negro (\u201cblack vinyl\u201d), puerto bass-reflex, patitas regulables\/spikes, rejilla frontal removible.<span class=\"Apple-converted-space\">\u00a0<\/span><\/li>\n<li><b>Controles f\u00edsicos esenciales + conectividad clara: <\/b>entrada de l\u00ednea \/ LFE por RCA, ajuste desde aplicaci\u00f3n (app) para cambiar frecuencia de cruce (40-150 Hz), fase, volumen. Control f\u00edsico de volumen trasero tambi\u00e9n presente. Standby muy bajo (&lt; 0.5 W).<\/li>\n<\/ul>\n","protected":false},"featured_media":5160,"template":"","meta":[],"product_cat":[123,36,17],"product_tag":[210,195,206,40,68],"_links":{"self":[{"href":"https:\/\/baflesoviedo.com\/home\/wp-json\/wp\/v2\/product\/5159"}],"collection":[{"href":"https:\/\/baflesoviedo.com\/home\/wp-json\/wp\/v2\/product"}],"about":[{"href":"https:\/\/baflesoviedo.com\/home\/wp-json\/wp\/v2\/types\/product"}],"wp:featuredmedia":[{"embeddable":true,"href":"https:\/\/baflesoviedo.com\/home\/wp-json\/wp\/v2\/media\/5160"}],"wp:attachment":[{"href":"https:\/\/baflesoviedo.com\/home\/wp-json\/wp\/v2\/media?parent=5159"}],"wp:term":[{"taxonomy":"product_cat","embeddable":true,"href":"https:\/\/baflesoviedo.com\/home\/wp-json\/wp\/v2\/product_cat?post=5159"},{"taxonomy":"product_tag","embeddable":true,"href":"https:\/\/baflesoviedo.com\/home\/wp-json\/wp\/v2\/product_tag?post=5159"}],"curies":[{"name":"wp","href":"https:\/\/api.w.org\/{rel}","templated":true}]}}