{"id":5199,"date":"2025-09-16T16:27:19","date_gmt":"2025-09-16T16:27:19","guid":{"rendered":"https:\/\/baflesoviedo.com\/home\/?post_type=product&#038;p=5199"},"modified":"2025-12-17T00:31:29","modified_gmt":"2025-12-17T00:31:29","slug":"pro-ject-phono-box-ds3-b-preamplificador-phono","status":"publish","type":"product","link":"https:\/\/baflesoviedo.com\/home\/product\/pro-ject-phono-box-ds3-b-preamplificador-phono\/","title":{"rendered":"Pro-Ject, Phono Box DS3 B, Preamplificador Phono"},"content":{"rendered":"<p><b>Especificaciones T\u00e9cnicas:<\/b><\/p>\n<table cellspacing=\"0\" cellpadding=\"0\">\n<tbody>\n<tr>\n<td valign=\"middle\"><b>Input impedance:<\/b><\/td>\n<td valign=\"middle\">Stepless 10 \u2013 1000 ohms or fix 47kOhms<\/td>\n<\/tr>\n<tr>\n<td valign=\"middle\"><b>Input capacitance:<\/b><\/td>\n<td valign=\"middle\">50, 150, 300, 400 pF<\/td>\n<\/tr>\n<tr>\n<td valign=\"middle\"><b>Gain (+ 6dB using XLR Out sockets):<\/b><\/td>\n<td valign=\"middle\">40, 45, 50, 55, 60, 65 dB<\/td>\n<\/tr>\n<tr>\n<td valign=\"middle\"><b>Signal \/ Noise ratio MM (40dB):<\/b><\/td>\n<td valign=\"middle\">104dBV, 111dBV &#8211; \u201aA\u2018 weighted<\/td>\n<\/tr>\n<tr>\n<td valign=\"middle\"><b>Signal \/ Noise ratio MC (60dB):<\/b><\/td>\n<td valign=\"middle\">85dBV, 91dBV &#8211; \u201aA\u2018 weighted<\/td>\n<\/tr>\n<tr>\n<td valign=\"middle\"><b>THD at 1 kHz:<\/b><\/td>\n<td valign=\"middle\">&lt;0,001% MM, &lt; 0,004% MC<\/td>\n<\/tr>\n<tr>\n<td valign=\"middle\"><b>THD (20Hz-20kHz):<\/b><\/td>\n<td valign=\"middle\">&lt;0,005% MM, &lt; 0,01% MC<\/td>\n<\/tr>\n<tr>\n<td valign=\"middle\"><b>RIAA-equalization curve accuracy:<\/b><\/td>\n<td valign=\"middle\">&lt; 0,25dB \/ 20Hz &#8211; 20kHz<\/td>\n<\/tr>\n<tr>\n<td valign=\"middle\"><b>Subsonic filter:<\/b><\/td>\n<td valign=\"middle\">at 20Hz with 18dB\/octave<\/td>\n<\/tr>\n<tr>\n<td valign=\"middle\"><b>Input:<\/b><\/td>\n<td valign=\"middle\">1x 5-pin mini XLR \/ 1x pair XLR \/ 1x pair RCA phono<\/td>\n<\/tr>\n<tr>\n<td valign=\"middle\"><b>Line-level output:<\/b><\/td>\n<td valign=\"middle\">1x pair RCA, 1x pair XLR<\/td>\n<\/tr>\n<tr>\n<td valign=\"middle\"><b>Wiring XLR sockets:<\/b><\/td>\n<td valign=\"middle\">1 ground, 2 \u201chot\u201d and 3 \u201ccold\u201d<\/td>\n<\/tr>\n<tr>\n<td valign=\"middle\"><b>Trigger In\/Out:<\/b><\/td>\n<td valign=\"middle\">12V on\/off detector<\/td>\n<\/tr>\n<tr>\n<td valign=\"middle\"><b>Power supply DC:<\/b><\/td>\n<td valign=\"middle\">18V\/500mA<\/td>\n<\/tr>\n<tr>\n<td valign=\"middle\"><b>Power consumption:<\/b><\/td>\n<td valign=\"middle\">18V\/max.290mA DC, &lt;0.5 W standby<\/td>\n<\/tr>\n<tr>\n<td valign=\"middle\"><b>Dimensions:<\/b><\/td>\n<td valign=\"middle\">206 x 72 x 194 (205 with sockets) mm<\/td>\n<\/tr>\n<tr>\n<td valign=\"middle\"><b>Weight:<\/b><\/td>\n<td valign=\"middle\">1480g without power supply<\/td>\n<\/tr>\n<\/tbody>\n<\/table>\n<p><a href=\"https:\/\/www.project-audio.com\/en\/product\/phono-box-ds3-b\/\" target=\"_blank\" rel=\"noopener noreferrer\"><span style=\"color: #0000ff;\">Click aqu\u00ed para m\u00e1s informaci\u00f3n del producto.<\/span><\/a><\/p>\n","protected":false},"excerpt":{"rendered":"<p>El Phono Box DS3 B es un preamplificador de phono que ofrece una calidad de sonido excepcional, dise\u00f1ado para audi\u00f3filos que buscan una reproducci\u00f3n precisa y detallada de sus vinilos. Con una construcci\u00f3n s\u00f3lida y una amplia gama de ajustes, es ideal para quienes desean optimizar su sistema anal\u00f3gico. Disponible en acabados silver o black.<\/p>\n<ul>\n<li><b>Entradas y salidas balanceadas XLR y mini XLR de 5 pines: <\/b>permite una conexi\u00f3n balanceada para una mayor inmunidad al ruido y una se\u00f1al m\u00e1s limpia.<span class=\"Apple-converted-space\">\u00a0<\/span><\/li>\n<li><b>Circuito de ganancia completamente balanceado y sim\u00e9trico: <\/b>dise\u00f1o dual mono para una separaci\u00f3n est\u00e9reo \u00f3ptima y una mayor claridad en la reproducci\u00f3n.<span class=\"Apple-converted-space\">\u00a0<\/span><\/li>\n<li><b>Ecualizaci\u00f3n RIAA pasiva y discreta: <\/b>asegura una precisi\u00f3n tonal superior y una desviaci\u00f3n m\u00ednima de la curva ideal RIAA.<span class=\"Apple-converted-space\">\u00a0<\/span><\/li>\n<li><b>Ajustes continuos de impedancia de entrada (10\u20131000<\/b><b>\u202f<\/b><b>\u03a9) y capacitancia (50\u2013400<\/b><b>\u202f<\/b><b>pF): <\/b>permite una adaptaci\u00f3n precisa a una amplia variedad de cartuchos MM y MC.<span class=\"Apple-converted-space\">\u00a0<\/span><\/li>\n<li><b>Amplificaci\u00f3n de hasta 65<\/b><b>\u202f<\/b><b>dB: <\/b>adecuado para pastillas de salida baja, proporcionando un nivel de se\u00f1al adecuado para la mayor\u00eda de los sistemas.<span class=\"Apple-converted-space\">\u00a0<\/span><\/li>\n<li><b>Filtro subs\u00f3nico a 20<\/b><b>\u202f<\/b><b>Hz con 18<\/b><b>\u202f<\/b><b>dB\/octava: <\/b>elimina frecuencias no deseadas que pueden afectar la calidad del sonido.<span class=\"Apple-converted-space\">\u00a0<\/span><\/li>\n<li><b>Construcci\u00f3n robusta con chasis de acero y paneles de aluminio: <\/b>proporciona alta rigidez y aislamiento frente a interferencias.<\/li>\n<li><b>Memoria para dos entradas de tornamesa: <\/b>guarda y recuerda autom\u00e1ticamente los ajustes para cada entrada, facilitando el cambio entre diferentes fuentes.<\/li>\n<\/ul>\n","protected":false},"featured_media":5200,"template":"","meta":[],"product_cat":[37,19],"product_tag":[40,216,56,62],"_links":{"self":[{"href":"https:\/\/baflesoviedo.com\/home\/wp-json\/wp\/v2\/product\/5199"}],"collection":[{"href":"https:\/\/baflesoviedo.com\/home\/wp-json\/wp\/v2\/product"}],"about":[{"href":"https:\/\/baflesoviedo.com\/home\/wp-json\/wp\/v2\/types\/product"}],"wp:featuredmedia":[{"embeddable":true,"href":"https:\/\/baflesoviedo.com\/home\/wp-json\/wp\/v2\/media\/5200"}],"wp:attachment":[{"href":"https:\/\/baflesoviedo.com\/home\/wp-json\/wp\/v2\/media?parent=5199"}],"wp:term":[{"taxonomy":"product_cat","embeddable":true,"href":"https:\/\/baflesoviedo.com\/home\/wp-json\/wp\/v2\/product_cat?post=5199"},{"taxonomy":"product_tag","embeddable":true,"href":"https:\/\/baflesoviedo.com\/home\/wp-json\/wp\/v2\/product_tag?post=5199"}],"curies":[{"name":"wp","href":"https:\/\/api.w.org\/{rel}","templated":true}]}}