{"id":5208,"date":"2025-09-16T17:16:43","date_gmt":"2025-09-16T17:16:43","guid":{"rendered":"https:\/\/baflesoviedo.com\/home\/?post_type=product&#038;p=5208"},"modified":"2025-12-17T00:30:21","modified_gmt":"2025-12-17T00:30:21","slug":"pro-ject-phono-box-e-bt-5-preamplificador-phono","status":"publish","type":"product","link":"https:\/\/baflesoviedo.com\/home\/product\/pro-ject-phono-box-e-bt-5-preamplificador-phono\/","title":{"rendered":"Pro-Ject, Phono Box E BT 5, Preamplificador Phono"},"content":{"rendered":"<p><b>Especificaciones T\u00e9cnicas:<\/b><\/p>\n<table cellspacing=\"0\" cellpadding=\"0\">\n<tbody>\n<tr>\n<td valign=\"middle\"><b>Phono input impedance<\/b><\/td>\n<td valign=\"middle\">47 kohms<\/td>\n<\/tr>\n<tr>\n<td valign=\"middle\"><b>Phono capacitance<\/b><\/td>\n<td valign=\"middle\">100 pF<\/td>\n<\/tr>\n<tr>\n<td valign=\"middle\"><b>Gain phono<\/b><\/td>\n<td valign=\"middle\">34 dB<\/td>\n<\/tr>\n<tr>\n<td valign=\"middle\"><b>Inputs<\/b><\/td>\n<td valign=\"middle\">1 Phono (RCA), 1 Line In (3.5 mm)<\/td>\n<\/tr>\n<tr>\n<td valign=\"middle\"><b>Outputs<\/b><\/td>\n<td valign=\"middle\">1 Line Out (3.5 mm), 1 Bluetooth<\/td>\n<\/tr>\n<tr>\n<td valign=\"middle\"><b>Noise floor<\/b><\/td>\n<td valign=\"middle\">74dbA (A-weighted)<\/td>\n<\/tr>\n<tr>\n<td valign=\"middle\"><b>THD<\/b><\/td>\n<td valign=\"middle\">&lt; 0,04%<\/td>\n<\/tr>\n<tr>\n<td valign=\"middle\"><b>Phono\/Line in max. input voltage<\/b><\/td>\n<td valign=\"middle\">800mV<\/td>\n<\/tr>\n<tr>\n<td valign=\"middle\"><b>RIAA equalisation curve accuracy<\/b><\/td>\n<td valign=\"middle\">within 0.5 dB\/20 Hz &#8211; 20 kHz<\/td>\n<\/tr>\n<tr>\n<td valign=\"middle\"><b>Bluetooth<\/b><\/td>\n<td valign=\"middle\">V5.2, aptX, aptX Adaptive, aptX HD<\/td>\n<\/tr>\n<tr>\n<td valign=\"middle\"><b>Outboard power supply<\/b><\/td>\n<td valign=\"middle\">18 V\/500 mA DC, suitable for your country&#8217;s mains supply<\/td>\n<\/tr>\n<tr>\n<td valign=\"middle\"><b>Power consumption<\/b><\/td>\n<td valign=\"middle\">200 mA DC<\/td>\n<\/tr>\n<tr>\n<td valign=\"middle\"><b>Dimensions W x H x D (D with sockets)<\/b><\/td>\n<td valign=\"middle\">120 x 32 x 100mm<\/td>\n<\/tr>\n<tr>\n<td valign=\"middle\"><b>Weight<\/b><\/td>\n<td valign=\"middle\">280 g without power supply<\/td>\n<\/tr>\n<\/tbody>\n<\/table>\n<p><a href=\"https:\/\/www.project-audio.com\/en\/product\/phono-box-e-bt5\/\" target=\"_blank\" rel=\"noopener noreferrer\"><span style=\"color: #0000ff;\">Click aqu\u00ed para m\u00e1s informaci\u00f3n del producto.<\/span><\/a><\/p>\n","protected":false},"excerpt":{"rendered":"<p>El Phono Box E BT5 es un preamplificador de phono que transforma tu tornamesa con pastilla MM en un transmisor Bluetooth de alta resoluci\u00f3n. Ideal para quienes desean disfrutar de su colecci\u00f3n de vinilos de manera inal\u00e1mbrica sin comprometer la calidad de sonido. Disponible en acabados white o black.<\/p>\n<ul>\n<li><b>Transmisi\u00f3n inal\u00e1mbrica Bluetooth 5.2 con soporte aptX Adaptive y aptX HD: <\/b>disfruta de audio de alta resoluci\u00f3n sin cables.<span class=\"Apple-converted-space\">\u00a0<\/span><\/li>\n<li><b>Entradas: 1 Phono (RCA), 1 Line In (3.5 mm): <\/b>conecta tu tornamesa o cualquier fuente de audio con facilidad.<span class=\"Apple-converted-space\">\u00a0<\/span><\/li>\n<li><b>Salidas: 1 Line Out (3.5 mm), 1 Bluetooth: <\/b>utiliza la salida anal\u00f3gica o transmite de forma inal\u00e1mbrica seg\u00fan tu preferencia.<span class=\"Apple-converted-space\">\u00a0<\/span><\/li>\n<li><b>Impedancia de entrada de phono: 47 k\u03a9, capacitancia: 100 pF, ganancia de fono: 34 dB: <\/b>ajustes \u00f3ptimos para cartuchos MM, garantizando una reproducci\u00f3n precisa.<span class=\"Apple-converted-space\">\u00a0<\/span><\/li>\n<li><b>Curva de ecualizaci\u00f3n RIAA precisa: <\/b>reproducci\u00f3n fiel del sonido original del vinilo.<span class=\"Apple-converted-space\">\u00a0<\/span><\/li>\n<li><b>Circuiter\u00eda de bajo ruido con apantallamiento met\u00e1lico interno: <\/b>minimiza interferencias y asegura una se\u00f1al limpia.<span class=\"Apple-converted-space\">\u00a0<\/span><\/li>\n<li><b>Conectores RCA chapados en oro: <\/b>garantiza conexiones duraderas y de alta calidad.<span class=\"Apple-converted-space\">\u00a0<\/span><\/li>\n<li><b>Fuente de alimentaci\u00f3n externa incluida (18 V\/500 mA DC): <\/b>reduce el ruido el\u00e9ctrico y mejora la calidad de la se\u00f1al.<span class=\"Apple-converted-space\">\u00a0<\/span><\/li>\n<li><b>Tama\u00f1o compacto (120 x 32 x 100 mm) y peso ligero (280 g sin fuente de alimentaci\u00f3n): <\/b>f\u00e1cil de integrar en cualquier sistema de audio.<span class=\"Apple-converted-space\">\u00a0<\/span><\/li>\n<\/ul>\n","protected":false},"featured_media":5209,"template":"","meta":[],"product_cat":[37,19,23],"product_tag":[80,40,74,216,56,62],"_links":{"self":[{"href":"https:\/\/baflesoviedo.com\/home\/wp-json\/wp\/v2\/product\/5208"}],"collection":[{"href":"https:\/\/baflesoviedo.com\/home\/wp-json\/wp\/v2\/product"}],"about":[{"href":"https:\/\/baflesoviedo.com\/home\/wp-json\/wp\/v2\/types\/product"}],"wp:featuredmedia":[{"embeddable":true,"href":"https:\/\/baflesoviedo.com\/home\/wp-json\/wp\/v2\/media\/5209"}],"wp:attachment":[{"href":"https:\/\/baflesoviedo.com\/home\/wp-json\/wp\/v2\/media?parent=5208"}],"wp:term":[{"taxonomy":"product_cat","embeddable":true,"href":"https:\/\/baflesoviedo.com\/home\/wp-json\/wp\/v2\/product_cat?post=5208"},{"taxonomy":"product_tag","embeddable":true,"href":"https:\/\/baflesoviedo.com\/home\/wp-json\/wp\/v2\/product_tag?post=5208"}],"curies":[{"name":"wp","href":"https:\/\/api.w.org\/{rel}","templated":true}]}}