{"id":5226,"date":"2025-09-16T17:35:51","date_gmt":"2025-09-16T17:35:51","guid":{"rendered":"https:\/\/baflesoviedo.com\/home\/?post_type=product&#038;p=5226"},"modified":"2025-12-17T00:29:19","modified_gmt":"2025-12-17T00:29:19","slug":"pro-ject-tube-box-e-preamplificador-phono","status":"publish","type":"product","link":"https:\/\/baflesoviedo.com\/home\/product\/pro-ject-tube-box-e-preamplificador-phono\/","title":{"rendered":"Pro-Ject, Tube Box E, Preamplificador Phono"},"content":{"rendered":"<p><b>Especificaciones T\u00e9cnicas:<\/b><\/p>\n<table cellspacing=\"0\" cellpadding=\"0\">\n<tbody>\n<tr>\n<td valign=\"middle\"><b>Tubes<\/b><\/td>\n<td valign=\"middle\">2 x ECC83 (12AX 7A)<\/td>\n<\/tr>\n<tr>\n<td valign=\"middle\"><b>Input impedance<\/b><\/td>\n<td valign=\"middle\">10 ohms, 100 ohms, 1 kohm, 2 kohms<\/td>\n<\/tr>\n<tr>\n<td valign=\"middle\"><b>Input capacitance\/impedance<\/b><\/td>\n<td valign=\"middle\">47pF, 147pF, 267pF, 367 pF, 487 pF and 587 pF* \/ 47 kohms<\/td>\n<\/tr>\n<tr>\n<td valign=\"middle\"><b>Input gain<\/b><\/td>\n<td valign=\"middle\">40 dB, 43 dB \/ 50 dB, 60 dB und 63 dB<\/td>\n<\/tr>\n<tr>\n<td valign=\"middle\"><b>Noise floor<\/b><\/td>\n<td valign=\"middle\">77 dB (A weighted) at 40 dB input gain, 65dB (A weighted) at 50 dB and 63 dB input gain<\/td>\n<\/tr>\n<tr>\n<td valign=\"middle\"><b>THD<\/b><\/td>\n<td valign=\"middle\">&lt;0.03% at 40 dB input gain &lt;0.07% at 50 dB and 63 dB input gain<\/td>\n<\/tr>\n<tr>\n<td valign=\"middle\"><b>RIAA-equalisation curve accuracy<\/b><\/td>\n<td valign=\"middle\">+\/- 0.5 dB\/20 Hz &#8211; 20 kHz<\/td>\n<\/tr>\n<tr>\n<td valign=\"middle\"><b>Subsonic filter<\/b><\/td>\n<td valign=\"middle\">at 20 Hz with 18 dB\/octave<\/td>\n<\/tr>\n<tr>\n<td valign=\"middle\"><b>Input<\/b><\/td>\n<td valign=\"middle\">1 pair RCA\/phono sockets<\/td>\n<\/tr>\n<tr>\n<td valign=\"middle\"><b>Line-level output<\/b><\/td>\n<td valign=\"middle\">1 pair RCA\/phono sockets<\/td>\n<\/tr>\n<tr>\n<td valign=\"middle\"><b>Outboard power supply<\/b><\/td>\n<td valign=\"middle\">18 V \/ 1.000 mA DC, suitable for your country&#8217;s mains supply<\/td>\n<\/tr>\n<tr>\n<td valign=\"middle\"><b>Power consumption<\/b><\/td>\n<td valign=\"middle\">470 mA DC, &lt;1W in standby<\/td>\n<\/tr>\n<tr>\n<td valign=\"middle\"><b>Dimensions W x H x D with sockets<\/b><\/td>\n<td valign=\"middle\">103 x 73 x 131 mm<\/td>\n<\/tr>\n<tr>\n<td valign=\"middle\"><b>Weight<\/b><\/td>\n<td valign=\"middle\">450 g without power supply<\/td>\n<\/tr>\n<\/tbody>\n<\/table>\n<p><a href=\"https:\/\/www.project-audio.com\/en\/product\/tube-box-e\/\" target=\"_blank\" rel=\"noopener noreferrer\"><span style=\"color: #0000ff;\">Click aqu\u00ed para m\u00e1s informaci\u00f3n del producto.<\/span><\/a><\/p>\n","protected":false},"excerpt":{"rendered":"<p>El Tube Box E a\u00f1ade la magia de las v\u00e1lvulas a la serie E de Pro-Ject sin romper el presupuesto. Con un dise\u00f1o totalmente discreto, soporte para cartuchos MM y MC, ajuste fino de ganancia y carga, y componentes de alta calidad; ofrece una firma sonora c\u00e1lida, con medios ricos y una experiencia anal\u00f3gica envolvente. Disponible en acabados black o silver.<\/p>\n<ul>\n<li><b>Dise\u00f1o circuito discreto sin operacionales (OpAmps):<span class=\"Apple-converted-space\">\u00a0 <\/span><\/b>usa etapas completamente individuales con tubos duales ECC83, lo que mejora la presencia tonal, aporta ese car\u00e1cter c\u00e1lido t\u00edpico de los equipos de v\u00e1lvulas, y permite \u201ctube rolling\u201d (reemplazar las v\u00e1lvulas para variar car\u00e1cter sonoro).<span class=\"Apple-converted-space\">\u00a0<\/span><\/li>\n<li><b>Soporte para cartuchos MM y MC: <\/b>con diversas opciones de impedancia (10 \u2126, 100 \u2126, 1 k\u2126, 2 k\u2126) y capacitancia de entrada ajustable (desde ~ 47 pF hasta ~ 587 pF), lo que permite emparejarlo precisamente con muchas c\u00e1psulas distintas.<span class=\"Apple-converted-space\">\u00a0<\/span><\/li>\n<li><b>Ganancias seleccionables frontales amplias: <\/b>6 niveles de ganancia (\u2248 40, 43, 50, 53, 60, 63 dB), permitiendo adaptarse a cartuchos de salida baja (MC) o salida m\u00e1s alta (MM) sin necesidad de a\u00f1adir etapas externas.<span class=\"Apple-converted-space\">\u00a0<\/span><\/li>\n<li><b>Filtro sub-s\u00f3nico conmutable (20 Hz \/ 18 dB\/octava): <\/b>elimina vibraciones o ruidos de muy baja frecuencia que pueden enturbiar el sonido. Especialmente \u00fatil cuando el equipo se encuentra en muebles, estantes o cerca de fuentes de vibraci\u00f3n.<span class=\"Apple-converted-space\">\u00a0<\/span><\/li>\n<li><b>Alta fidelidad en la curva RIAA: <\/b>ecualizaci\u00f3n RIAA precisa que mantiene la respuesta muy cercana a la curva ideal (\u00b1 0,5 dB entre 20 Hz y 20 kHz), asegurando que tanto graves como agudos se mantengan equilibrados.<span class=\"Apple-converted-space\">\u00a0<\/span><\/li>\n<li><b>Bajo ruido, buena separaci\u00f3n est\u00e9reo: <\/b>circuito con entrada FET, dise\u00f1o dual mono, carcasa met\u00e1lica, y fuentes de alimentaci\u00f3n internas m\u00faltiples que reducen ruidos el\u00e9ctricos y interferencias.<span class=\"Apple-converted-space\">\u00a0<\/span><\/li>\n<li><b>Construcci\u00f3n robusta y componentes de calidad: <\/b>chasis de metal, panel frontal de aluminio mecanizado, conectores RCA chapados en oro, v\u00e1lvulas reemplazables, todo pensado para durabilidad, servicio a largo plazo y buena relaci\u00f3n se\u00f1al\/distorsi\u00f3n.<\/li>\n<\/ul>\n","protected":false},"featured_media":5227,"template":"","meta":[],"product_cat":[130,37,19],"product_tag":[40,216,56,62],"_links":{"self":[{"href":"https:\/\/baflesoviedo.com\/home\/wp-json\/wp\/v2\/product\/5226"}],"collection":[{"href":"https:\/\/baflesoviedo.com\/home\/wp-json\/wp\/v2\/product"}],"about":[{"href":"https:\/\/baflesoviedo.com\/home\/wp-json\/wp\/v2\/types\/product"}],"wp:featuredmedia":[{"embeddable":true,"href":"https:\/\/baflesoviedo.com\/home\/wp-json\/wp\/v2\/media\/5227"}],"wp:attachment":[{"href":"https:\/\/baflesoviedo.com\/home\/wp-json\/wp\/v2\/media?parent=5226"}],"wp:term":[{"taxonomy":"product_cat","embeddable":true,"href":"https:\/\/baflesoviedo.com\/home\/wp-json\/wp\/v2\/product_cat?post=5226"},{"taxonomy":"product_tag","embeddable":true,"href":"https:\/\/baflesoviedo.com\/home\/wp-json\/wp\/v2\/product_tag?post=5226"}],"curies":[{"name":"wp","href":"https:\/\/api.w.org\/{rel}","templated":true}]}}