{"id":5281,"date":"2025-11-04T00:29:10","date_gmt":"2025-11-04T00:29:10","guid":{"rendered":"https:\/\/baflesoviedo.com\/home\/?post_type=product&#038;p=5281"},"modified":"2025-11-05T18:00:17","modified_gmt":"2025-11-05T18:00:17","slug":"ifi-go-link-max-dac-portable","status":"publish","type":"product","link":"https:\/\/baflesoviedo.com\/home\/product\/ifi-go-link-max-dac-portable\/","title":{"rendered":"iFi, GO link Max, DAC Portable"},"content":{"rendered":"<p class=\"p1\"><b>Especificaciones T\u00e9cnicas:<\/b><\/p>\n<table class=\"t1\" cellspacing=\"0\" cellpadding=\"0\">\n<tbody>\n<tr>\n<td class=\"td1\" valign=\"middle\">\n<p class=\"p3\"><span class=\"s1\"><b>CHIPSET<\/b><\/span><\/p>\n<\/td>\n<td class=\"td1\" valign=\"middle\">\n<p class=\"p3\"><span class=\"s1\">ESS Sabre ES9219<\/span><\/p>\n<\/td>\n<\/tr>\n<tr>\n<td class=\"td2\" valign=\"middle\">\n<p class=\"p3\"><span class=\"s1\"><b>DIMENSIONS<\/b><\/span><\/p>\n<\/td>\n<td class=\"td2\" valign=\"middle\">\n<p class=\"p3\"><span class=\"s1\">150x15x10mm (5.9 x 0.59 x 0.39\u201d)<\/span><\/p>\n<\/td>\n<\/tr>\n<tr>\n<td class=\"td3\" valign=\"middle\">\n<p class=\"p3\"><span class=\"s1\"><b>DNR<\/b><\/span><\/p>\n<\/td>\n<td class=\"td3\" valign=\"middle\">\n<p class=\"p3\"><span class=\"s1\">130dBA via 4.4mm; 125dBA via 3.5mm<\/span><\/p>\n<\/td>\n<\/tr>\n<tr>\n<td class=\"td4\" valign=\"middle\">\n<p class=\"p3\"><span class=\"s1\"><b>INPUT<\/b><\/span><\/p>\n<\/td>\n<td class=\"td4\" valign=\"middle\">\n<p class=\"p3\"><span class=\"s1\">USB-C<\/span><\/p>\n<\/td>\n<\/tr>\n<tr>\n<td class=\"td5\" valign=\"middle\">\n<p class=\"p3\"><span class=\"s1\"><b>MAXIMUM SUPPORTED SAMPLE RATE<\/b><\/span><\/p>\n<\/td>\n<td class=\"td5\" valign=\"middle\">\n<p class=\"p4\">PCM 384kHz<span class=\"Apple-converted-space\">\u00a0<\/span><\/p>\n<p class=\"p3\"><span class=\"s1\">DSD256<\/span><\/p>\n<\/td>\n<\/tr>\n<tr>\n<td class=\"td4\" valign=\"middle\">\n<p class=\"p3\"><span class=\"s1\"><b>NET WEIGHT<\/b><\/span><\/p>\n<\/td>\n<td class=\"td4\" valign=\"middle\">\n<p class=\"p3\"><span class=\"s1\">14.5g (0.51 oz)<\/span><\/p>\n<\/td>\n<\/tr>\n<tr>\n<td class=\"td3\" valign=\"middle\">\n<p class=\"p3\"><span class=\"s1\"><b>OUTPUT<\/b><\/span><\/p>\n<\/td>\n<td class=\"td3\" valign=\"middle\">\n<p class=\"p4\">4.4mm Balanced<span class=\"Apple-converted-space\">\u00a0<\/span><\/p>\n<p class=\"p3\"><span class=\"s1\">3.5mm S-Balanced<\/span><\/p>\n<\/td>\n<\/tr>\n<tr>\n<td class=\"td2\" valign=\"middle\">\n<p class=\"p3\"><span class=\"s1\"><b>OUTPUT IMPEDANCE<\/b><\/span><\/p>\n<\/td>\n<td class=\"td2\" valign=\"middle\">\n<p class=\"p3\"><span class=\"s1\">0.35\u03a9 via 4.4mm; 0.7\u03a9 via 3.5mm<\/span><\/p>\n<\/td>\n<\/tr>\n<tr>\n<td class=\"td3\" valign=\"middle\">\n<p class=\"p3\"><span class=\"s1\"><b>POWER CONSUMPTION<\/b><\/span><\/p>\n<\/td>\n<td class=\"td3\" valign=\"middle\">\n<p class=\"p3\"><span class=\"s1\">No Signal ~0.6W; Max Signal ~3.2W<\/span><\/p>\n<\/td>\n<\/tr>\n<tr>\n<td class=\"td6\" valign=\"middle\">\n<p class=\"p3\"><span class=\"s1\"><b>RMS OUTPUT POWER<\/b><\/span><\/p>\n<\/td>\n<td class=\"td6\" valign=\"middle\">\n<p class=\"p4\">241mW @ 32\u03a9; 4V @ 300\u03a9 via 4.4mm<span class=\"Apple-converted-space\">\u00a0<\/span><\/p>\n<p class=\"p3\"><span class=\"s1\">100mW @ 32\u03a9; 2V @ 300\u03a9 via 3.5mm<\/span><\/p>\n<\/td>\n<\/tr>\n<tr>\n<td class=\"td3\" valign=\"middle\">\n<p class=\"p3\"><span class=\"s1\"><b>SNR<\/b><\/span><\/p>\n<\/td>\n<td class=\"td3\" valign=\"middle\">\n<p class=\"p3\"><span class=\"s1\">130dBA via 4.4mm; 125dBA via 3.5mm<\/span><\/p>\n<\/td>\n<\/tr>\n<tr>\n<td class=\"td7\" valign=\"middle\">\n<p class=\"p3\"><span class=\"s1\"><b>THD+N<\/b><\/span><\/p>\n<\/td>\n<td class=\"td7\" valign=\"middle\">\n<p class=\"p3\"><span class=\"s1\">\u22640.0016% @ 32\u03a9 2.4V via 4.4mm; \u22640.0015% @ 32\u03a9 1.27V via 3.5mm<\/span><\/p>\n<\/td>\n<\/tr>\n<\/tbody>\n<\/table>\n<p><a href=\"https:\/\/ifi-audio.com\/collections\/all-products\/products\/go-link-max\" target=\"_blank\" rel=\"noopener noreferrer\"><span style=\"color: #0000ff;\">Click aqu\u00ed para m\u00e1s informaci\u00f3n del producto.<\/span><\/a><\/p>\n","protected":false},"excerpt":{"rendered":"<p class=\"p1\">El <b>GO Link Max<\/b> eleva el est\u00e1ndar de los dongles DAC port\u00e1tiles al ofrecer salida balanceada, mayor potencia y procesamiento de calidad en un formato ultracompacto. Es perfecto para quienes buscan llevar sonido de alta fidelidad en el bolsillo, sin sacrificar detalle, control ni ergonom\u00eda.<\/p>\n<ul class=\"ul1\">\n<li class=\"li1\"><b>Salidas duales: 4,4 mm balanceada + 3,5 mm S-Balanceada<\/b><br \/>\nDa flexibilidad para usar auriculares tanto balanceados como convencionales sin adaptadores extra.<span class=\"Apple-converted-space\">\u00a0<\/span><\/li>\n<li class=\"li1\"><b>Potencia real para auriculares exigentes<\/b><br \/>\nHasta ~ 241 mW a 32 \u03a9 en la salida balanceada, y ~ 100 mW en la salida 3,5 mm. Suficiente para muchos IEMs y auriculares ligeros.<span class=\"Apple-converted-space\">\u00a0<\/span><\/li>\n<li class=\"li1\"><b>DAC dual ESS Sabre con circuito balanceado<\/b><br \/>\nUtiliza dos chips ES9219 en configuraci\u00f3n balanceada para mejorar separaci\u00f3n de canales, reducir ruido y ofrecer un sonido m\u00e1s limpio.<span class=\"Apple-converted-space\">\u00a0<\/span><\/li>\n<li class=\"li1\"><b>Compatibilidad con alta resoluci\u00f3n<\/b><br \/>\nAdmite PCM hasta 32-bit \/ 384 kHz y DSD256 de forma nativa.<span class=\"Apple-converted-space\">\u00a0<\/span><\/li>\n<li class=\"li1\"><b>Mejoras de se\u00f1al: THD Compensation + Dynamic Range Enhancement<\/b><br \/>\nTecnolog\u00edas integradas para minimizar distorsi\u00f3n arm\u00f3nica y aumentar la din\u00e1mica audible.<span class=\"Apple-converted-space\">\u00a0<\/span><\/li>\n<li class=\"li1\"><b>Formato ultracompacto y ligereza<\/b><br \/>\nMide aproximadamente 150 \u00d7 15 \u00d7 10 mm y pesa ~ 14,5 g. Se integra f\u00e1cilmente con smartphones, laptops y tablets.<span class=\"Apple-converted-space\">\u00a0<\/span><\/li>\n<li class=\"li1\"><b>Plug &amp; Play con adaptadores incluidos<\/b><br \/>\nIncluye adaptador USB-A a USB-C y adaptador Lightning, para compatibilidad con una variedad de dispositivos sin necesidad de drivers.<span class=\"Apple-converted-space\">\u00a0<\/span><\/li>\n<li class=\"li1\"><b>Construcci\u00f3n met\u00e1lica de calidad con cable fijo robusto<\/b><br \/>\nCarcasa met\u00e1lica (aleaci\u00f3n ligera) y cable trenzado (no removible) para equilibrio entre durabilidad y portabilidad.<\/li>\n<\/ul>\n","protected":false},"featured_media":5282,"template":"","meta":[],"product_cat":[139,19],"product_tag":[203,225,57,40,224],"_links":{"self":[{"href":"https:\/\/baflesoviedo.com\/home\/wp-json\/wp\/v2\/product\/5281"}],"collection":[{"href":"https:\/\/baflesoviedo.com\/home\/wp-json\/wp\/v2\/product"}],"about":[{"href":"https:\/\/baflesoviedo.com\/home\/wp-json\/wp\/v2\/types\/product"}],"wp:featuredmedia":[{"embeddable":true,"href":"https:\/\/baflesoviedo.com\/home\/wp-json\/wp\/v2\/media\/5282"}],"wp:attachment":[{"href":"https:\/\/baflesoviedo.com\/home\/wp-json\/wp\/v2\/media?parent=5281"}],"wp:term":[{"taxonomy":"product_cat","embeddable":true,"href":"https:\/\/baflesoviedo.com\/home\/wp-json\/wp\/v2\/product_cat?post=5281"},{"taxonomy":"product_tag","embeddable":true,"href":"https:\/\/baflesoviedo.com\/home\/wp-json\/wp\/v2\/product_tag?post=5281"}],"curies":[{"name":"wp","href":"https:\/\/api.w.org\/{rel}","templated":true}]}}