{"id":5290,"date":"2025-11-04T02:30:10","date_gmt":"2025-11-04T02:30:10","guid":{"rendered":"https:\/\/baflesoviedo.com\/home\/?post_type=product&#038;p=5290"},"modified":"2025-11-04T22:56:06","modified_gmt":"2025-11-04T22:56:06","slug":"ifi-zen-blue-3-dac-bluetooth","status":"publish","type":"product","link":"https:\/\/baflesoviedo.com\/home\/product\/ifi-zen-blue-3-dac-bluetooth\/","title":{"rendered":"iFi, ZEN Blue 3, DAC Bluetooth"},"content":{"rendered":"<p class=\"p1\"><b>Especificaciones T\u00e9cnicas:<\/b><\/p>\n<table class=\"t1\" cellspacing=\"0\" cellpadding=\"0\">\n<tbody>\n<tr>\n<td class=\"td1\" valign=\"middle\">\n<p class=\"p3\"><span class=\"s1\"><b>CHIPSET<\/b><\/span><\/p>\n<\/td>\n<td class=\"td1\" valign=\"middle\">\n<p class=\"p4\"><b>Bluetooth:<span class=\"Apple-converted-space\">\u00a0<\/span><\/b><\/p>\n<p class=\"p4\">Qualcomm QCC518x Series.<span class=\"Apple-converted-space\">\u00a0<\/span><\/p>\n<p class=\"p4\"><b>DSP:<span class=\"Apple-converted-space\">\u00a0<\/span><\/b><\/p>\n<p class=\"p4\">CT5302<span class=\"Apple-converted-space\">\u00a0<\/span><\/p>\n<p class=\"p4\"><b>DAC:<span class=\"Apple-converted-space\">\u00a0<\/span><\/b><\/p>\n<p class=\"p4\">ES9023<span class=\"Apple-converted-space\">\u00a0<\/span><\/p>\n<p class=\"p4\"><b>Amp:<span class=\"Apple-converted-space\">\u00a0<\/span><\/b><\/p>\n<p class=\"p3\"><span class=\"s1\">MAX97220<\/span><\/p>\n<\/td>\n<\/tr>\n<tr>\n<td class=\"td2\" valign=\"middle\">\n<p class=\"p3\"><span class=\"s1\"><b>DNR<\/b><\/span><\/p>\n<\/td>\n<td class=\"td2\" valign=\"middle\">\n<p class=\"p3\"><span class=\"s1\">109dB (0dBFS @ 1kHz)<\/span><\/p>\n<\/td>\n<\/tr>\n<tr>\n<td class=\"td3\" valign=\"middle\">\n<p class=\"p3\"><span class=\"s1\"><b>INPUT<\/b><\/span><\/p>\n<\/td>\n<td class=\"td3\" valign=\"middle\">\n<p class=\"p4\"><b>RX Mode:<span class=\"Apple-converted-space\">\u00a0<\/span><\/b><\/p>\n<p class=\"p4\">Bluetooth 5.4 (aptX Lossless, aptX Adaptive, aptX, LDAC, LHDC\/HWA, AAC, SBC)<span class=\"Apple-converted-space\">\u00a0<\/span><\/p>\n<p class=\"p4\"><b>TX Mode:<span class=\"Apple-converted-space\">\u00a0<\/span><\/b><\/p>\n<p class=\"p4\">USB, Optical, Coaxial, RCA L\/R (Analogue)<span class=\"Apple-converted-space\">\u00a0<\/span><\/p>\n<p class=\"p4\"><b>DAC Mode:<span class=\"Apple-converted-space\">\u00a0<\/span><\/b><\/p>\n<p class=\"p3\"><span class=\"s1\">USB, Optical, Coaxial, RCA L\/R (Analogue)<\/span><\/p>\n<\/td>\n<\/tr>\n<tr>\n<td class=\"td4\" valign=\"middle\">\n<p class=\"p3\"><span class=\"s1\"><b>LIMITED WARRANTY<\/b><\/span><\/p>\n<\/td>\n<td class=\"td4\" valign=\"middle\">\n<p class=\"p3\"><span class=\"s1\">12 Months*<\/span><\/p>\n<\/td>\n<\/tr>\n<tr>\n<td class=\"td5\" valign=\"middle\">\n<p class=\"p3\"><span class=\"s1\"><b>MAXIMUM SUPPORTED SAMPLE RATE<\/b><\/span><\/p>\n<\/td>\n<td class=\"td5\" valign=\"middle\">\n<p class=\"p4\"><b>RX Mode:<span class=\"Apple-converted-space\">\u00a0<\/span><\/b><\/p>\n<p class=\"p4\">96kHz\/24Bit<span class=\"Apple-converted-space\">\u00a0<\/span><\/p>\n<p class=\"p4\"><b>TX Mode:<span class=\"Apple-converted-space\">\u00a0<\/span><\/b><\/p>\n<p class=\"p4\">96kHz\/24Bit<span class=\"Apple-converted-space\">\u00a0<\/span><\/p>\n<p class=\"p4\"><b>DAC Mode:<span class=\"Apple-converted-space\">\u00a0<\/span><\/b><\/p>\n<p class=\"p3\"><span class=\"s1\">96kHz\/24Bit (USB), 192kHz\/24Bit (Optical\/Coaxial)<\/span><\/p>\n<\/td>\n<\/tr>\n<tr>\n<td class=\"td4\" valign=\"middle\">\n<p class=\"p3\"><span class=\"s1\"><b>NET WEIGHT<\/b><\/span><\/p>\n<\/td>\n<td class=\"td4\" valign=\"middle\">\n<p class=\"p3\"><span class=\"s1\">447 g (0.99 lbs)<\/span><\/p>\n<\/td>\n<\/tr>\n<tr>\n<td class=\"td6\" valign=\"middle\">\n<p class=\"p3\"><span class=\"s1\"><b>OUTPUT IMPEDANCE<\/b><\/span><\/p>\n<\/td>\n<td class=\"td6\" valign=\"middle\">\n<p class=\"p4\"><b>Balanced 4.4mm:<span class=\"Apple-converted-space\">\u00a0<\/span><\/b><\/p>\n<p class=\"p4\">\u2264102\u03a9<span class=\"Apple-converted-space\">\u00a0<\/span><\/p>\n<p class=\"p4\"><b>Single-Ended RCA:<span class=\"Apple-converted-space\">\u00a0<\/span><\/b><\/p>\n<p class=\"p3\"><span class=\"s1\">\u226451\u03a9<\/span><\/p>\n<\/td>\n<\/tr>\n<tr>\n<td class=\"td7\" valign=\"middle\">\n<p class=\"p3\"><span class=\"s1\"><b>OUTPUT VOLTAGE<\/b><\/span><\/p>\n<\/td>\n<td class=\"td7\" valign=\"middle\">\n<p class=\"p4\"><b>Balanced 4.4mm:<span class=\"Apple-converted-space\">\u00a0<\/span><\/b><\/p>\n<p class=\"p4\">4.1Vrms (0dBFS@1kHz)<span class=\"Apple-converted-space\">\u00a0<\/span><\/p>\n<p class=\"p4\"><b>Single-Ended RCA:<span class=\"Apple-converted-space\">\u00a0<\/span><\/b><\/p>\n<p class=\"p3\"><span class=\"s1\">2.05Vrms (0dBFS@1kHz)<\/span><\/p>\n<\/td>\n<\/tr>\n<tr>\n<td class=\"td8\" valign=\"middle\">\n<p class=\"p3\"><span class=\"s1\"><b>SNR<\/b><\/span><\/p>\n<\/td>\n<td class=\"td8\" valign=\"middle\">\n<p class=\"p3\"><span class=\"s1\">109dB<\/span><\/p>\n<\/td>\n<\/tr>\n<tr>\n<td class=\"td9\" valign=\"middle\">\n<p class=\"p3\"><span class=\"s1\"><b>THD+N<\/b><\/span><\/p>\n<\/td>\n<td class=\"td9\" valign=\"middle\">\n<p class=\"p3\"><span class=\"s1\">&lt; 0.005% (10K Load)@(20-20kHz)<\/span><\/p>\n<\/td>\n<\/tr>\n<tr>\n<td class=\"td10\" valign=\"middle\">\n<p class=\"p3\"><span class=\"s1\"><b>POWER SUPPLY REQUIREMENT<\/b><\/span><\/p>\n<\/td>\n<td class=\"td10\" valign=\"middle\">\n<p class=\"p3\"><span class=\"s1\">USB-C or DC 5V\/\u22650.5A (centre +ve)<\/span><\/p>\n<\/td>\n<\/tr>\n<\/tbody>\n<\/table>\n<p><a href=\"https:\/\/ifi-audio.com\/collections\/all-products\/products\/zen-blue-3\" target=\"_blank\" rel=\"noopener noreferrer\"><span style=\"color: #0000ff;\">Click aqu\u00ed para m\u00e1s informaci\u00f3n del producto.<\/span><\/a><\/p>\n","protected":false},"excerpt":{"rendered":"<p class=\"p1\">El <b>ZEN Blue 3<\/b> es un dispositivo vers\u00e1til pensado para quienes quieren tener lo mejor del audio inal\u00e1mbrico <i>y<\/i> cableado, sin p\u00e9rdidas. Usalo para recibir se\u00f1al Bluetooth y convertirla en anal\u00f3gica de alta calidad para tu sistema Hi-Fi (modo RX), para transmitir se\u00f1al digital o de l\u00ednea a aud\u00edfonos Bluetooth (modo TX), o como un DAC USB\/S-PDIF moderno con excelentes salidas anal\u00f3gicas. Es ideal si ya ten\u00e9s equipo hi-fi y quer\u00e9s a\u00f1adir conectividad Bluetooth lossless sin comprometer la calidad.<\/p>\n<ul class=\"ul1\">\n<li class=\"li1\"><b>Bluetooth 5.4 con aptX Lossless<\/b><br \/>\nZEN Blue 3 es el primer dispositivo capaz de <i>recibir<\/i> y <i>transmitir<\/i> audio CD-quality por Bluetooth usando aptX Lossless. Esto significa audio sin p\u00e9rdidas de datos a 44.1 kHz \/ 16-bit.<span class=\"Apple-converted-space\">\u00a0<\/span><\/li>\n<li class=\"li1\"><b>Modo TX + modo RX + modo DAC cableado<\/b>\n<ul class=\"ul2\">\n<li class=\"li1\"><b><\/b><i>Modo RX<\/i>: recibe Bluetooth desde tu tel\u00e9fono\/tableta \/ reproductor y lo convierte en salida anal\u00f3gica a tu sistema Hi-Fi.<\/li>\n<li class=\"li1\"><b><\/b><i>Modo TX<\/i>: toma se\u00f1al desde USB \/ \u00f3ptica \/ coaxial \/ RCA y la retransmite por Bluetooth con aptX Lossless u otros c\u00f3decs. Excelente para usar con auriculares Bluetooth o parlantes inal\u00e1mbricos.<span class=\"Apple-converted-space\">\u00a0<\/span><\/li>\n<li class=\"li1\"><b><\/b><i>Modo DAC<\/i>: funciona como DAC USB\/\u00f3ptico\/coaxial, con salidas anal\u00f3gicas balanceadas y RCA.<span class=\"Apple-converted-space\">\u00a0<\/span><\/li>\n<\/ul>\n<\/li>\n<li class=\"li1\"><b>Compatibilidad con m\u00faltiples codecs<\/b><br \/>\nSoporta aptX Lossless, aptX Adaptive, aptX HD, aptX cl\u00e1sico, LDAC, LHDC\/HWA, AAC y SBC.<span class=\"Apple-converted-space\">\u00a0<\/span><\/li>\n<li class=\"li1\"><b>Componentes internos de alta calidad<\/b><br \/>\nIncluye chipset Bluetooth Qualcomm QCC518x, DAC ESS Sabre ES9023, etapa de amplificaci\u00f3n MAX97220, y relojes femto-precision GMT para reducir jitter y mejorar la estabilidad del audio.<span class=\"Apple-converted-space\">\u00a0<\/span><\/li>\n<li class=\"li1\"><b>Salidas balanceadas 4,4 mm + RCA<\/b><br \/>\nPara conexionados anal\u00f3gicos sin p\u00e9rdidas, especialmente \u00fatil si tienes amplificadores o etapas con entrada balanceada.<span class=\"Apple-converted-space\">\u00a0<\/span><\/li>\n<li class=\"li1\"><b>Control del retardo + bot\u00f3n \u201cLow Latency\u201d<\/b><br \/>\nAl transmitir en modo TX puedes activar <i>Low Latency<\/i> para minimizar retrasos en pel\u00edculas o juegos.<span class=\"Apple-converted-space\">\u00a0<\/span><\/li>\n<li class=\"li1\"><b>Construcci\u00f3n robusta y dise\u00f1o pensado para escritorio<\/b><br \/>\nChasis met\u00e1lico, botones frontales para selecci\u00f3n de modo + indicadores LED del c\u00f3dec activo<\/li>\n<\/ul>\n","protected":false},"featured_media":5291,"template":"","meta":[],"product_cat":[19,23],"product_tag":[226,80,57,40,224],"_links":{"self":[{"href":"https:\/\/baflesoviedo.com\/home\/wp-json\/wp\/v2\/product\/5290"}],"collection":[{"href":"https:\/\/baflesoviedo.com\/home\/wp-json\/wp\/v2\/product"}],"about":[{"href":"https:\/\/baflesoviedo.com\/home\/wp-json\/wp\/v2\/types\/product"}],"wp:featuredmedia":[{"embeddable":true,"href":"https:\/\/baflesoviedo.com\/home\/wp-json\/wp\/v2\/media\/5291"}],"wp:attachment":[{"href":"https:\/\/baflesoviedo.com\/home\/wp-json\/wp\/v2\/media?parent=5290"}],"wp:term":[{"taxonomy":"product_cat","embeddable":true,"href":"https:\/\/baflesoviedo.com\/home\/wp-json\/wp\/v2\/product_cat?post=5290"},{"taxonomy":"product_tag","embeddable":true,"href":"https:\/\/baflesoviedo.com\/home\/wp-json\/wp\/v2\/product_tag?post=5290"}],"curies":[{"name":"wp","href":"https:\/\/api.w.org\/{rel}","templated":true}]}}