{"id":5321,"date":"2025-11-04T23:41:14","date_gmt":"2025-11-04T23:41:14","guid":{"rendered":"https:\/\/baflesoviedo.com\/home\/?post_type=product&#038;p=5321"},"modified":"2025-11-04T23:41:15","modified_gmt":"2025-11-04T23:41:15","slug":"ifi-hip-dac-3-dac-portable","status":"publish","type":"product","link":"https:\/\/baflesoviedo.com\/home\/product\/ifi-hip-dac-3-dac-portable\/","title":{"rendered":"iFi, Hip-Dac 3, DAC Portable"},"content":{"rendered":"<p class=\"p1\"><b>Especificaciones T\u00e9cnicas:<\/b><\/p>\n<table class=\"t1\" cellspacing=\"0\" cellpadding=\"0\">\n<tbody>\n<tr>\n<td class=\"td1\" valign=\"middle\">\n<p class=\"p3\"><span class=\"s1\"><b>BATTERY<\/b><\/span><\/p>\n<\/td>\n<td class=\"td1\" valign=\"middle\">\n<p class=\"p4\">Lithium-polymer 2,200mAh<span class=\"Apple-converted-space\">\u00a0<\/span><\/p>\n<p class=\"p3\"><span class=\"s1\">up to 12 hours<\/span><\/p>\n<\/td>\n<\/tr>\n<tr>\n<td class=\"td2\" valign=\"middle\">\n<p class=\"p3\"><span class=\"s1\"><b>DAC<\/b><\/span><\/p>\n<\/td>\n<td class=\"td2\" valign=\"middle\">\n<p class=\"p3\"><span class=\"s1\">Burr Brown<\/span><\/p>\n<\/td>\n<\/tr>\n<tr>\n<td class=\"td1\" valign=\"middle\">\n<p class=\"p3\"><span class=\"s1\"><b>DIMENSIONS<\/b><\/span><\/p>\n<\/td>\n<td class=\"td1\" valign=\"middle\">\n<p class=\"p3\"><span class=\"s1\">102 x 70 x 14 mm (4.0&#8243; x 2.8&#8243; x 0.6&#8243;)<\/span><\/p>\n<\/td>\n<\/tr>\n<tr>\n<td class=\"td3\" valign=\"middle\">\n<p class=\"p3\"><span class=\"s1\"><b>DNR<\/b><\/span><\/p>\n<\/td>\n<td class=\"td3\" valign=\"middle\">\n<p class=\"p4\"><b>Balanced: <\/b>&lt;109dB(A)<span class=\"Apple-converted-space\">\u00a0<\/span><\/p>\n<p class=\"p3\"><span class=\"s1\"><b>UnBAL:<\/b> &lt;103dB(A) @ 0dBFS<\/span><\/p>\n<\/td>\n<\/tr>\n<tr>\n<td class=\"td4\" valign=\"middle\">\n<p class=\"p3\"><span class=\"s1\"><b>FORMATS SUPPORTED<\/b><\/span><\/p>\n<\/td>\n<td class=\"td4\" valign=\"middle\">\n<p class=\"p3\"><span class=\"s1\">DSD256 \/ PCM384kHz \/ Full MQA Decoder<\/span><\/p>\n<\/td>\n<\/tr>\n<tr>\n<td class=\"td3\" valign=\"middle\">\n<p class=\"p3\"><span class=\"s1\"><b>HEADPHONE OUTPUT<\/b><\/span><\/p>\n<\/td>\n<td class=\"td3\" valign=\"middle\">\n<p class=\"p4\">4.4mm<\/p>\n<p class=\"p3\"><span class=\"s1\">3.5mm<\/span><\/p>\n<\/td>\n<\/tr>\n<tr>\n<td class=\"td5\" valign=\"middle\">\n<p class=\"p3\"><span class=\"s1\"><b>INPUT<\/b><\/span><\/p>\n<\/td>\n<td class=\"td5\" valign=\"middle\">\n<p class=\"p3\"><span class=\"s1\">USB-C<\/span><\/p>\n<\/td>\n<\/tr>\n<tr>\n<td class=\"td2\" valign=\"middle\">\n<p class=\"p3\"><span class=\"s1\"><b>NET WEIGHT<\/b><\/span><\/p>\n<\/td>\n<td class=\"td2\" valign=\"middle\">\n<p class=\"p3\"><span class=\"s1\">135 g<\/span><\/p>\n<\/td>\n<\/tr>\n<tr>\n<td class=\"td5\" valign=\"middle\">\n<p class=\"p3\"><span class=\"s1\"><b>POWER CONSUMPTION<\/b><\/span><\/p>\n<\/td>\n<td class=\"td5\" valign=\"middle\">\n<p class=\"p3\"><span class=\"s1\">&lt;2W idle, 4W max<\/span><\/p>\n<\/td>\n<\/tr>\n<tr>\n<td class=\"td6\" valign=\"middle\">\n<p class=\"p3\"><span class=\"s1\"><b>RMS OUTPUT POWER<\/b><\/span><\/p>\n<\/td>\n<td class=\"td6\" valign=\"middle\">\n<p class=\"p4\"><b>Balanced: <\/b>400mW @ 32\u03a9; 6.3V @ 600\u03a9<span class=\"Apple-converted-space\">\u00a0<\/span><\/p>\n<p class=\"p3\"><span class=\"s1\"><b>UnBAL:<\/b> 280mW @ 32\u03a9; 3.2V @ 600\u03a9<\/span><\/p>\n<\/td>\n<\/tr>\n<tr>\n<td class=\"td7\" valign=\"middle\">\n<p class=\"p3\"><span class=\"s1\"><b>SNR<\/b><\/span><\/p>\n<\/td>\n<td class=\"td7\" valign=\"middle\">\n<p class=\"p4\"><b>Balanced: <\/b>&lt;109dB(A) @ 0dBFS<span class=\"Apple-converted-space\">\u00a0<\/span><\/p>\n<p class=\"p3\"><span class=\"s1\"><b>UnBAL:<\/b> &lt;103dB(A) @ 0dBFS<\/span><\/p>\n<\/td>\n<\/tr>\n<tr>\n<td class=\"td8\" valign=\"middle\">\n<p class=\"p3\"><span class=\"s1\"><b>THD+N<\/b><\/span><\/p>\n<\/td>\n<td class=\"td8\" valign=\"middle\">\n<p class=\"p4\"><b>Balanced: <\/b>&lt;0.006X% (360mW\/2.0V @ 600\u03a9)<span class=\"Apple-converted-space\">\u00a0<\/span><\/p>\n<p class=\"p3\"><span class=\"s1\"><b>UnBAL:<\/b> &lt;0.01% (100mW\/1.27V @ 16\u03a9)<\/span><\/p>\n<\/td>\n<\/tr>\n<\/tbody>\n<\/table>\n<p><a href=\"https:\/\/ifi-audio.com\/collections\/all-products\/products\/hip-dac-3\" target=\"_blank\" rel=\"noopener noreferrer\"><span style=\"color: #0000ff;\">Click aqu\u00ed para m\u00e1s informaci\u00f3n del producto.<\/span><\/a><\/p>\n","protected":false},"excerpt":{"rendered":"<p class=\"p1\">El <b>Hip-DAC 3<\/b> es la versi\u00f3n m\u00e1s reciente de la serie \u201cHip-DAC\u201d, dise\u00f1ada para audi\u00f3filos que quieren un DAC\/amp port\u00e1til robusto, con potencia real, funciones avanzadas y mejoras frente a generaciones anteriores. Perfecto para quienes combinan uso de escritorio y m\u00f3vil, con exigencias de calidad sonora.<\/p>\n<ul class=\"ul1\">\n<li class=\"li1\"><b>Salidas balanceada 4,4 mm y salida S-Balanced 3,5 mm<\/b><br \/>\nPermite usar tanto auriculares balanceados como convencionales, con circuito optimizado para minimizar diafon\u00eda y p\u00e9rdida de calidad.<span class=\"Apple-converted-space\">\u00a0<\/span><\/li>\n<li class=\"li1\"><b>Potencia real destacada<\/b>\n<ul class=\"ul2\">\n<li class=\"li1\"><b><\/b>Balanced: hasta <b>400 mW a 32 \u03a9<\/b> (y 6,3 V a 600 \u03a9)<span class=\"Apple-converted-space\">\u00a0<\/span><\/li>\n<li class=\"li1\"><b><\/b>S-Balanced: 280 mW a 32 \u03a9, 3,2 V a 600 \u03a9<span class=\"Apple-converted-space\">\u00a0<\/span><\/li>\n<\/ul>\n<\/li>\n<li class=\"li1\"><b>Tecnolog\u00eda iEMatch incorporada<\/b><br \/>\nUn conmutador en la base permite activar una atenuaci\u00f3n especial para reducir ruido de fondo (\u201chiss\u201d) al usar monitores in-ear (IEMs) sensibles.<span class=\"Apple-converted-space\">\u00a0<\/span><\/li>\n<li class=\"li1\"><b>Ganancia ajustable (PowerMatch) y realce de bajos anal\u00f3gico (XBass)<\/b><br \/>\nPermite adaptar el volumen para auriculares de baja o alta sensibilidad, y amplificar el bajo sin recurrir a procesamiento digital.<span class=\"Apple-converted-space\">\u00a0<\/span><\/li>\n<li class=\"li1\"><b>Conectores USB-C duales: uno para datos, otro para carga<\/b><br \/>\nSepara la alimentaci\u00f3n de la transmisi\u00f3n de audio para reducir interferencias; permite usar mientras carga.<span class=\"Apple-converted-space\">\u00a0<\/span><\/li>\n<li class=\"li1\"><b>Compatibilidad con formatos de alta resoluci\u00f3n<\/b><br \/>\nSoporta PCM hasta <b>32-bit \/ 384 kHz<\/b>, DSD hasta DSD256 y decodificaci\u00f3n completa de MQA.<span class=\"Apple-converted-space\">\u00a0<\/span><\/li>\n<li class=\"li1\"><b>Autonom\u00eda de bater\u00eda amplia y recarga separada<\/b><br \/>\nBater\u00eda de ~ 2.200 mAh, con duraci\u00f3n estimada de <b>8 a 12 horas<\/b> dependiendo uso y nivel de volumen.<span class=\"Apple-converted-space\">\u00a0<\/span><\/li>\n<li class=\"li1\"><b>Dise\u00f1o elegante, compacto y robusto<\/b><br \/>\nCon acabado \u201cTitanium Shadow\u201d, chasis de aluminio, dise\u00f1o tipo petaca (\u201cflask\u201d) y dimensiones manejables (~ 102 \u00d7 70 \u00d7 14 mm, peso ~ 135 g).<span class=\"Apple-converted-space\">\u00a0<\/span><\/li>\n<li class=\"li1\"><b>Iluminaci\u00f3n LED indicadora del muestreo \/ formato digital<\/b><br \/>\nA ambos lados del control de volumen hay LED que cambian de color seg\u00fan la frecuencia\/ formato de la se\u00f1al entrante.<\/li>\n<\/ul>\n","protected":false},"featured_media":5322,"template":"","meta":[],"product_cat":[139,19],"product_tag":[203,225,57,40,224],"_links":{"self":[{"href":"https:\/\/baflesoviedo.com\/home\/wp-json\/wp\/v2\/product\/5321"}],"collection":[{"href":"https:\/\/baflesoviedo.com\/home\/wp-json\/wp\/v2\/product"}],"about":[{"href":"https:\/\/baflesoviedo.com\/home\/wp-json\/wp\/v2\/types\/product"}],"wp:featuredmedia":[{"embeddable":true,"href":"https:\/\/baflesoviedo.com\/home\/wp-json\/wp\/v2\/media\/5322"}],"wp:attachment":[{"href":"https:\/\/baflesoviedo.com\/home\/wp-json\/wp\/v2\/media?parent=5321"}],"wp:term":[{"taxonomy":"product_cat","embeddable":true,"href":"https:\/\/baflesoviedo.com\/home\/wp-json\/wp\/v2\/product_cat?post=5321"},{"taxonomy":"product_tag","embeddable":true,"href":"https:\/\/baflesoviedo.com\/home\/wp-json\/wp\/v2\/product_tag?post=5321"}],"curies":[{"name":"wp","href":"https:\/\/api.w.org\/{rel}","templated":true}]}}