{"id":5325,"date":"2025-11-04T23:46:37","date_gmt":"2025-11-04T23:46:37","guid":{"rendered":"https:\/\/baflesoviedo.com\/home\/?post_type=product&#038;p=5325"},"modified":"2025-11-04T23:46:38","modified_gmt":"2025-11-04T23:46:38","slug":"ifi-hip-case-3-estuche","status":"publish","type":"product","link":"https:\/\/baflesoviedo.com\/home\/product\/ifi-hip-case-3-estuche\/","title":{"rendered":"iFi, hip-case 3, Estuche"},"content":{"rendered":"<p class=\"p1\"><b>Especificaciones T\u00e9cnicas:<\/b><\/p>\n<p><a href=\"https:\/\/ifi-audio.com\/collections\/all-products\/products\/hip-case-3\" target=\"_blank\" rel=\"noopener noreferrer\"><span style=\"color: #0000ff;\">Click aqu\u00ed para m\u00e1s informaci\u00f3n del producto.<\/span><\/a><\/p>\n","protected":false},"excerpt":{"rendered":"<p class=\"p1\">Un accesorio esencial que brinda protecci\u00f3n est\u00e9tica y funcional a tu Hip-Dac 3, permitiendo su uso diario con seguridad, sin sacrificar accesibilidad ni estilo.<\/p>\n<ul class=\"ul1\">\n<li class=\"li1\"><b>Material \u201cfaux suede\u201d suave al tacto<\/b><br \/>\nEste estuche est\u00e1 hecho de gamuza sint\u00e9tica que protege el acabado met\u00e1lico del Hip-Dac 3 con una textura lujosa y menos propensa a rayones.<span class=\"Apple-converted-space\">\u00a0<\/span><\/li>\n<li class=\"li1\"><b>Dise\u00f1o a medida con ajustes espec\u00edficos para Hip-Dac 3<\/b><br \/>\nAunque tambi\u00e9n es compatible con modelos anteriores de Hip-Dac, incorpora modificaciones para adaptarse al nuevo interruptor iEMatch del Hip-Dac 3 sin interferencias.<span class=\"Apple-converted-space\">\u00a0<\/span><\/li>\n<li class=\"li1\"><b>Ajuste firme (\u201csnug fit\u201d) sin limitar controles<\/b><br \/>\nEnvu\u00e9lvelo alrededor del dispositivo sin reducir la funcionalidad: los recortes permiten acceso al bot\u00f3n iEMatch, puertos y controles.<span class=\"Apple-converted-space\">\u00a0<\/span><\/li>\n<li class=\"li1\"><b>Costuras decorativas y logo bordado<\/b><br \/>\nDetalles de acabado elegante que realzan el aspecto premium del accesorio.<span class=\"Apple-converted-space\">\u00a0<\/span><\/li>\n<li class=\"li1\"><b>Color neutro estilo \u201cDesert Taupe\u201d<\/b><br \/>\nUn tono sobrio que combina bien con el acabado del propio Hip-Dac 3 sin atraer exceso de atenci\u00f3n.<span class=\"Apple-converted-space\">\u00a0<\/span><\/li>\n<li class=\"li1\"><b>Ligero y pensado para uso diario<\/b><br \/>\nA\u00f1ade muy poco peso o volumen, ideal para transporte sin molestias.<span class=\"Apple-converted-space\">\u00a0<\/span><\/li>\n<\/ul>\n","protected":false},"featured_media":5326,"template":"","meta":[],"product_cat":[139,19],"product_tag":[203,225,57,40,224],"_links":{"self":[{"href":"https:\/\/baflesoviedo.com\/home\/wp-json\/wp\/v2\/product\/5325"}],"collection":[{"href":"https:\/\/baflesoviedo.com\/home\/wp-json\/wp\/v2\/product"}],"about":[{"href":"https:\/\/baflesoviedo.com\/home\/wp-json\/wp\/v2\/types\/product"}],"wp:featuredmedia":[{"embeddable":true,"href":"https:\/\/baflesoviedo.com\/home\/wp-json\/wp\/v2\/media\/5326"}],"wp:attachment":[{"href":"https:\/\/baflesoviedo.com\/home\/wp-json\/wp\/v2\/media?parent=5325"}],"wp:term":[{"taxonomy":"product_cat","embeddable":true,"href":"https:\/\/baflesoviedo.com\/home\/wp-json\/wp\/v2\/product_cat?post=5325"},{"taxonomy":"product_tag","embeddable":true,"href":"https:\/\/baflesoviedo.com\/home\/wp-json\/wp\/v2\/product_tag?post=5325"}],"curies":[{"name":"wp","href":"https:\/\/api.w.org\/{rel}","templated":true}]}}