{"id":5335,"date":"2025-11-05T06:37:44","date_gmt":"2025-11-05T06:37:44","guid":{"rendered":"https:\/\/baflesoviedo.com\/home\/?post_type=product&#038;p=5335"},"modified":"2025-11-05T06:37:45","modified_gmt":"2025-11-05T06:37:45","slug":"ifi-xdsd-gryphon-case-estuche","status":"publish","type":"product","link":"https:\/\/baflesoviedo.com\/home\/product\/ifi-xdsd-gryphon-case-estuche\/","title":{"rendered":"iFi, xDSD Gryphon Case, Estuche"},"content":{"rendered":"<p class=\"p1\"><b>Especificaciones T\u00e9cnicas:<\/b><\/p>\n<p><a href=\"https:\/\/ifi-audio.com\/collections\/all-products\/products\/xdsd-gryphon-case\" target=\"_blank\" rel=\"noopener noreferrer\"><span style=\"color: #0000ff;\">Click aqu\u00ed para m\u00e1s informaci\u00f3n del producto.<\/span><\/a><\/p>\n","protected":false},"excerpt":{"rendered":"<p class=\"p1\">Proteg\u00e9 tu iFi xDSD Gryphon con este estuche r\u00edgido dise\u00f1ado a medida: combina seguridad, estilo y comodidad para transportar tu equipo sin preocupaciones.<\/p>\n<ul class=\"ul1\">\n<li class=\"li1\"><b>Dise\u00f1o interior moldeado a medida<\/b><br \/>\nEl interior del estuche est\u00e1 creado para encajar perfectamente con el xDSD Gryphon, manteni\u00e9ndolo firme y evitando movimientos durante el transporte.<\/li>\n<li class=\"li1\"><b>Carcasa exterior r\u00edgida y resistente<\/b><br \/>\nConstruido con material tipo EVA moldeado, que resiste impactos menores y protege contra golpes, presi\u00f3n o ca\u00eddas leves.<\/li>\n<li class=\"li1\"><b>Revestimiento interior suave tipo fieltro<\/b><br \/>\nEl recubrimiento interno protege la superficie del dispositivo, evitando rayaduras o abrasiones en su acabado.<\/li>\n<li class=\"li1\"><b>Espacio adicional para cables y accesorios peque\u00f1os<\/b><br \/>\nIncluye compartimento o malla interna para guardar cables USB-C, adaptadores, auriculares u otros accesorios esenciales sin que se muevan.<\/li>\n<li class=\"li1\"><b>Cierre con cremallera de calidad<\/b><br \/>\nCremallera robusta con tirador de goma para un agarre seguro, incluso con manos h\u00famedas o al transportarlo con rapidez.<\/li>\n<li class=\"li1\"><b>Compacto y pr\u00e1ctico para uso diario<\/b><br \/>\nDimensiones ajustadas para caber en mochilas de audio o maletines sin ocupar espacio innecesario, sin a\u00f1adir volumen excesivo.<\/li>\n<\/ul>\n","protected":false},"featured_media":5336,"template":"","meta":[],"product_cat":[139,19],"product_tag":[163,203,225,57,40,224],"_links":{"self":[{"href":"https:\/\/baflesoviedo.com\/home\/wp-json\/wp\/v2\/product\/5335"}],"collection":[{"href":"https:\/\/baflesoviedo.com\/home\/wp-json\/wp\/v2\/product"}],"about":[{"href":"https:\/\/baflesoviedo.com\/home\/wp-json\/wp\/v2\/types\/product"}],"wp:featuredmedia":[{"embeddable":true,"href":"https:\/\/baflesoviedo.com\/home\/wp-json\/wp\/v2\/media\/5336"}],"wp:attachment":[{"href":"https:\/\/baflesoviedo.com\/home\/wp-json\/wp\/v2\/media?parent=5335"}],"wp:term":[{"taxonomy":"product_cat","embeddable":true,"href":"https:\/\/baflesoviedo.com\/home\/wp-json\/wp\/v2\/product_cat?post=5335"},{"taxonomy":"product_tag","embeddable":true,"href":"https:\/\/baflesoviedo.com\/home\/wp-json\/wp\/v2\/product_tag?post=5335"}],"curies":[{"name":"wp","href":"https:\/\/api.w.org\/{rel}","templated":true}]}}