{"id":5346,"date":"2025-11-05T06:48:32","date_gmt":"2025-11-05T06:48:32","guid":{"rendered":"https:\/\/baflesoviedo.com\/home\/?post_type=product&#038;p=5346"},"modified":"2025-11-05T06:48:32","modified_gmt":"2025-11-05T06:48:32","slug":"ifi-idsd-diablo-2-dac-amplificador-portable","status":"publish","type":"product","link":"https:\/\/baflesoviedo.com\/home\/product\/ifi-idsd-diablo-2-dac-amplificador-portable\/","title":{"rendered":"iFi, iDSD Diablo 2, DAC\/Amplificador Portable"},"content":{"rendered":"<p class=\"p1\"><b>Especificaciones T\u00e9cnicas:<\/b><\/p>\n<table class=\"t1\" cellspacing=\"0\" cellpadding=\"0\">\n<tbody>\n<tr>\n<td class=\"td1\" valign=\"middle\">\n<p class=\"p3\"><span class=\"s1\"><b>BATTERY<\/b><\/span><\/p>\n<\/td>\n<td class=\"td1\" valign=\"middle\">\n<p class=\"p3\"><span class=\"s1\">Lithium-polymer 4800mAh<\/span><\/p>\n<\/td>\n<\/tr>\n<tr>\n<td class=\"td2\" valign=\"middle\">\n<p class=\"p3\"><span class=\"s1\"><b>BLUETOOTH FORMATS<\/b><\/span><\/p>\n<\/td>\n<td class=\"td2\" valign=\"middle\">\n<p class=\"p4\">aptX Lossless<\/p>\n<p class=\"p4\">aptX Adaptive<\/p>\n<p class=\"p4\">aptX<\/p>\n<p class=\"p4\">LDAC<\/p>\n<p class=\"p4\">LHDC\/HWA<\/p>\n<p class=\"p4\">AAC<\/p>\n<p class=\"p3\"><span class=\"s1\">SBC<\/span><\/p>\n<\/td>\n<\/tr>\n<tr>\n<td class=\"td3\" valign=\"middle\">\n<p class=\"p3\"><span class=\"s1\"><b>CHARGING<\/b><\/span><\/p>\n<\/td>\n<td class=\"td3\" valign=\"middle\">\n<p class=\"p3\"><span class=\"s1\">Via USB-C \u2013 BC v1.2 compliant up to 1900mA<\/span><\/p>\n<\/td>\n<\/tr>\n<tr>\n<td class=\"td4\" valign=\"middle\">\n<p class=\"p3\"><span class=\"s1\"><b>DIGITAL INPUTS<\/b><\/span><\/p>\n<\/td>\n<td class=\"td4\" valign=\"middle\">\n<p class=\"p4\">1x USB-C; 1x S\/PDIF (optical\/coaxial)<span class=\"Apple-converted-space\">\u00a0<\/span><\/p>\n<p class=\"p3\"><span class=\"s1\">Bluetooth 5.4\u2122<\/span><\/p>\n<\/td>\n<\/tr>\n<tr>\n<td class=\"td5\" valign=\"middle\">\n<p class=\"p3\"><span class=\"s1\"><b>DIMENSIONS<\/b><\/span><\/p>\n<\/td>\n<td class=\"td5\" valign=\"middle\">\n<p class=\"p3\"><span class=\"s1\">166x85x28.5mm<\/span><\/p>\n<\/td>\n<\/tr>\n<tr>\n<td class=\"td6\" valign=\"middle\">\n<p class=\"p3\"><span class=\"s1\"><b>DNR<\/b><\/span><\/p>\n<\/td>\n<td class=\"td6\" valign=\"middle\">\n<p class=\"p3\"><span class=\"s1\">\u2265114dB(A)<\/span><\/p>\n<\/td>\n<\/tr>\n<tr>\n<td class=\"td3\" valign=\"middle\">\n<p class=\"p3\"><span class=\"s1\"><b>HEADPHONE OUTPUT<\/b><\/span><\/p>\n<\/td>\n<td class=\"td3\" valign=\"middle\">\n<p class=\"p4\">1x balanced 4.4mm<span class=\"Apple-converted-space\">\u00a0<\/span><\/p>\n<p class=\"p3\"><span class=\"s1\">1x 6.3mm<\/span><\/p>\n<\/td>\n<\/tr>\n<tr>\n<td class=\"td7\" valign=\"middle\">\n<p class=\"p3\"><span class=\"s1\"><b>HI-RES SUPPORT<\/b><\/span><\/p>\n<\/td>\n<td class=\"td7\" valign=\"middle\">\n<p class=\"p4\">768kHz<\/p>\n<p class=\"p4\">DSD512<\/p>\n<p class=\"p3\"><span class=\"s1\">full MQA<\/span><\/p>\n<\/td>\n<\/tr>\n<tr>\n<td class=\"td8\" valign=\"middle\">\n<p class=\"p3\"><span class=\"s1\"><b>MAXIMUM OUTPUT POWER<\/b><\/span><\/p>\n<\/td>\n<td class=\"td8\" valign=\"middle\">\n<p class=\"p4\"><b>Output:<\/b><\/p>\n<p class=\"p4\">4.4mm<span class=\"Apple-converted-space\">\u00a0<\/span><\/p>\n<p class=\"p4\">6.3mm<span class=\"Apple-converted-space\">\u00a0<\/span><\/p>\n<p class=\"p4\"><b>4.4mm:<\/b><\/p>\n<p class=\"p4\">&gt;19.2V\/611mW (@600\u03a9);<span class=\"Apple-converted-space\">\u00a0<\/span><\/p>\n<p class=\"p4\">&gt;12.87V\/5180mW (@32\u03a9)<span class=\"Apple-converted-space\">\u00a0<\/span><\/p>\n<p class=\"p4\"><b>6.3mm:<\/b><\/p>\n<p class=\"p4\">&gt;9.6V\/153mW (@600\u03a9);<span class=\"Apple-converted-space\">\u00a0<\/span><\/p>\n<p class=\"p4\">&gt;8.85V\/2450mW (@32\u03a9)<span class=\"Apple-converted-space\">\u00a0<\/span><\/p>\n<p class=\"p4\"><b>xMEMS:<\/b><\/p>\n<p class=\"p3\"><span class=\"s1\">&gt;28Vpp (4.4mm output)<\/span><\/p>\n<\/td>\n<\/tr>\n<tr>\n<td class=\"td9\" valign=\"middle\">\n<p class=\"p3\"><span class=\"s1\"><b>NET WEIGHT<\/b><\/span><\/p>\n<\/td>\n<td class=\"td9\" valign=\"middle\">\n<p class=\"p3\"><span class=\"s1\">455g (1.0Ibs)<\/span><\/p>\n<\/td>\n<\/tr>\n<tr>\n<td class=\"td3\" valign=\"middle\">\n<p class=\"p3\"><span class=\"s1\"><b>OUTPUT<\/b><\/span><\/p>\n<\/td>\n<td class=\"td3\" valign=\"middle\">\n<p class=\"p4\">4.4mm<span class=\"Apple-converted-space\">\u00a0<\/span><\/p>\n<p class=\"p3\"><span class=\"s1\">6.3mm<\/span><\/p>\n<\/td>\n<\/tr>\n<tr>\n<td class=\"td6\" valign=\"middle\">\n<p class=\"p3\"><span class=\"s1\"><b>OUTPUT IMPEDANCE<\/b><\/span><\/p>\n<\/td>\n<td class=\"td6\" valign=\"middle\">\n<p class=\"p3\"><span class=\"s1\">\u2264200\u03a9<\/span><\/p>\n<\/td>\n<\/tr>\n<tr>\n<td class=\"td10\" valign=\"middle\">\n<p class=\"p3\"><span class=\"s1\"><b>POWER CONSUMPTION<\/b><\/span><\/p>\n<\/td>\n<td class=\"td10\" valign=\"middle\">\n<p class=\"p3\"><span class=\"s1\">Nitro 12W | Turbo 5W | Normal 2W | xMEMS 8W<\/span><\/p>\n<\/td>\n<\/tr>\n<tr>\n<td class=\"td11\" valign=\"middle\">\n<p class=\"p3\"><span class=\"s1\"><b>RMS OUTPUT POWER<\/b><\/span><\/p>\n<\/td>\n<td class=\"td11\" valign=\"middle\">\n<p class=\"p4\"><b>4.4mm:<\/b><\/p>\n<p class=\"p4\">&gt;19.2V\/611mW (@600\u03a9);<\/p>\n<p class=\"p4\">&gt;7.4\/1710mW (@32\u03a9);<span class=\"Apple-converted-space\">\u00a0<\/span><\/p>\n<p class=\"p4\">&gt;11.5\/2060mW (@64\u03a9)<span class=\"Apple-converted-space\">\u00a0<\/span><\/p>\n<p class=\"p4\"><b>6.3mm:<\/b><\/p>\n<p class=\"p4\">&gt;9.6V\/150mW (@600\u03a9);<\/p>\n<p class=\"p4\">&gt;8.1V\/2050mW (@32\u03a9);<span class=\"Apple-converted-space\">\u00a0<\/span><\/p>\n<p class=\"p3\"><span class=\"s1\">&gt;9.3V\/1360mW (@64\u03a9)<\/span><\/p>\n<\/td>\n<\/tr>\n<tr>\n<td class=\"td1\" valign=\"middle\">\n<p class=\"p3\"><span class=\"s1\"><b>SNR<\/b><\/span><\/p>\n<\/td>\n<td class=\"td1\" valign=\"middle\">\n<p class=\"p3\"><span class=\"s1\">\u2265114dB(A)<\/span><\/p>\n<\/td>\n<\/tr>\n<tr>\n<td class=\"td9\" valign=\"middle\">\n<p class=\"p3\"><span class=\"s1\"><b>THD+N<\/b><\/span><\/p>\n<\/td>\n<td class=\"td9\" valign=\"middle\">\n<p class=\"p3\"><span class=\"s1\">0.002% @ 0dBFS 200k\u03a9<\/span><\/p>\n<\/td>\n<\/tr>\n<\/tbody>\n<\/table>\n<p><a href=\"https:\/\/ifi-audio.com\/collections\/all-products\/products\/idsd-diablo-2\" target=\"_blank\" rel=\"noopener noreferrer\"><span style=\"color: #0000ff;\">Click aqu\u00ed para m\u00e1s informaci\u00f3n del producto.<\/span><\/a><\/p>\n","protected":false},"excerpt":{"rendered":"<p class=\"p1\">El <b>iDSD Diablo 2<\/b> es un dispositivo todo-en-uno tope de l\u00ednea, que lleva la experiencia sonora port\u00e1til a otro nivel. Combina DAC, amplificador robusto, conectividad inal\u00e1mbrica avanzada y soporte para nuevas tecnolog\u00edas (como xMEMS). Ideal para quienes no quieren comprometer calidad al moverse entre escritorio, estudio o sistema principal.<\/p>\n<ul class=\"ul1\">\n<li class=\"li1\"><b>Conectividad Bluetooth moderna (BT 5.4) con aptX Lossless y m\u00faltiples c\u00f3decs<\/b><br \/>\nPermite transmitir en calidad de CD sin p\u00e9rdidas, adem\u00e1s de ser compatible con aptX Adaptive, aptX HD, LDAC, LHDC \/ HWA, AAC y SBC.<span class=\"Apple-converted-space\">\u00a0<\/span><\/li>\n<li class=\"li1\"><b>Arquitectura de amplificaci\u00f3n \u201cPureWave\u201d balanceada \/ dual mono<\/b><br \/>\nDise\u00f1o interno sofisticado que ofrece gran margen din\u00e1mico con salida potente en modos balanceado y single-ended.<span class=\"Apple-converted-space\">\u00a0<\/span><\/li>\n<li class=\"li1\"><b>Potencia elevada para manejar auriculares exigentes<\/b><br \/>\nEn salida balanceada 4,4 mm: hasta ~ 5.18 W pico a 32 \u03a9 (valor peak)<br \/>\nEn salida single-ended 6,35 mm: valores altos tambi\u00e9n reportados en pruebas independientes.<span class=\"Apple-converted-space\">\u00a0<\/span><\/li>\n<li class=\"li1\"><b>Soporta formatos digitales de alta resoluci\u00f3n<\/b><br \/>\nPCM hasta <b>768 kHz<\/b>, DSD nativo hasta <b>DSD512<\/b>, y decodificaci\u00f3n completa de MQA.<span class=\"Apple-converted-space\">\u00a0<\/span><\/li>\n<li class=\"li1\"><b>Modo xMEMS (para IEMs con tecnolog\u00eda MEMS invertida)<\/b><br \/>\nInterruptor dedicado para activar compatibilidad con futuros IEMs xMEMS, una caracter\u00edstica futura-orientada.<span class=\"Apple-converted-space\">\u00a0<\/span><\/li>\n<li class=\"li1\"><b>iEMatch para reducci\u00f3n de ruido en IEMs sensibles<\/b><br \/>\nBot\u00f3n inferior para atenuar la se\u00f1al en auriculares ultra sensibles, minimizando siseos o ruido de fondo.<span class=\"Apple-converted-space\">\u00a0<\/span><\/li>\n<li class=\"li1\"><b>Tres modos de ganancia (Normal, Turbo, Nitro)<\/b><br \/>\nPermiten adaptar la ganancia al nivel de exigencia del auricular, desde IEMs sensibles hasta aud\u00edfonos planos de alta impedancia.<span class=\"Apple-converted-space\">\u00a0<\/span><\/li>\n<li class=\"li1\"><b>Bater\u00eda masiva de 4.800 mAh con autonom\u00eda variable<\/b><br \/>\nPermite un uso prolongado; el tiempo depender\u00e1 del modo (Eco \/ Turbo \/ Nitro).<span class=\"Apple-converted-space\">\u00a0<\/span><\/li>\n<li class=\"li1\"><b>Construcci\u00f3n robusta y dise\u00f1o llamativo<\/b><br \/>\nChasis de aluminio anodizado rojo con ranuras que ayudan al disipado t\u00e9rmico; incluye \u201calas\u201d o \u201cwings\u201d que permiten colocarlo vertical u horizontalmente.<span class=\"Apple-converted-space\">\u00a0<\/span><\/li>\n<li class=\"li1\"><b>Funcionalidad h\u00edbrida para escritorio y port\u00e1til<\/b><br \/>\nAunque es \u201cport\u00e1til\u201d, su tama\u00f1o y peso lo hacen ideal para usarse tambi\u00e9n como componente de escritorio. Las alas lo mantienen estable en escritorio.<\/li>\n<\/ul>\n","protected":false},"featured_media":5347,"template":"","meta":[],"product_cat":[139,19,23],"product_tag":[163,203,225,80,57,40,224],"_links":{"self":[{"href":"https:\/\/baflesoviedo.com\/home\/wp-json\/wp\/v2\/product\/5346"}],"collection":[{"href":"https:\/\/baflesoviedo.com\/home\/wp-json\/wp\/v2\/product"}],"about":[{"href":"https:\/\/baflesoviedo.com\/home\/wp-json\/wp\/v2\/types\/product"}],"wp:featuredmedia":[{"embeddable":true,"href":"https:\/\/baflesoviedo.com\/home\/wp-json\/wp\/v2\/media\/5347"}],"wp:attachment":[{"href":"https:\/\/baflesoviedo.com\/home\/wp-json\/wp\/v2\/media?parent=5346"}],"wp:term":[{"taxonomy":"product_cat","embeddable":true,"href":"https:\/\/baflesoviedo.com\/home\/wp-json\/wp\/v2\/product_cat?post=5346"},{"taxonomy":"product_tag","embeddable":true,"href":"https:\/\/baflesoviedo.com\/home\/wp-json\/wp\/v2\/product_tag?post=5346"}],"curies":[{"name":"wp","href":"https:\/\/api.w.org\/{rel}","templated":true}]}}