{"id":536,"date":"2020-04-23T15:37:47","date_gmt":"2020-04-23T15:37:47","guid":{"rendered":"https:\/\/baflesoviedo.com\/home\/?post_type=product&#038;p=536"},"modified":"2023-10-21T03:52:00","modified_gmt":"2023-10-21T03:52:00","slug":"sonos-port-componente-de-transmision-inalambrica-wifi","status":"publish","type":"product","link":"https:\/\/baflesoviedo.com\/home\/product\/sonos-port-componente-de-transmision-inalambrica-wifi\/","title":{"rendered":"Sonos, Port, Componente de transmisi\u00f3n Inal\u00e1mbrica WiFi"},"content":{"rendered":"<p>&nbsp;<\/p>\n<p><strong>Especificaciones<\/strong><\/p>\n<table width=\"1032\">\n<tbody>\n<tr>\n<td width=\"289\">Audio<\/td>\n<td width=\"743\">Entrada de audio para llevar su reproductor de discos, reproductor de CD u otra fuente de audio al ecosistema de Sonos.<\/td>\n<\/tr>\n<tr>\n<td width=\"289\"><\/td>\n<td width=\"743\">Salida de audio a trav\u00e9s de anal\u00f3gico (RCA) o digital (coaxial) para conectar equipos de audio amplificados.<\/td>\n<\/tr>\n<tr>\n<td width=\"289\"><\/td>\n<td width=\"743\">El disparador de 12V enciende su est\u00e9reo o receptor autom\u00e1ticamente cuando se env\u00eda una se\u00f1al, por lo que no se necesitan pasos adicionales ni control remoto.<\/td>\n<\/tr>\n<tr>\n<td width=\"289\"><\/td>\n<td width=\"743\">Controles de graves y agudos ajustables para optimizar el rendimiento del sonido. Ajuste el volumen por habitaci\u00f3n individual o por grupos de habitaciones.<\/td>\n<\/tr>\n<tr>\n<td width=\"289\">Dimensiones<\/td>\n<td width=\"743\"><\/td>\n<\/tr>\n<tr>\n<td width=\"289\">Dimensiones: alto x ancho x profundidad<\/td>\n<td width=\"743\">1,6 x 5,4 x 5,4 pulgadas (41 x 138 x 138 mm)<\/td>\n<\/tr>\n<tr>\n<td width=\"289\">Peso<\/td>\n<td width=\"743\">1.04 libras (0,472 kg)<\/td>\n<\/tr>\n<tr>\n<td width=\"289\">Producto acabado<\/td>\n<td width=\"743\">Negro mate<\/td>\n<\/tr>\n<tr>\n<td width=\"289\">Luces<\/td>\n<td width=\"743\">El LED indica el estado.<\/td>\n<\/tr>\n<tr>\n<td width=\"289\">Energ\u00eda y redes<\/td>\n<td width=\"743\"><\/td>\n<\/tr>\n<tr>\n<td width=\"289\">Fuente de alimentaci\u00f3n<\/td>\n<td width=\"743\">Conmutaci\u00f3n autom\u00e1tica de 100-240 V, entrada universal de CA de 50-60 Hz.<\/td>\n<\/tr>\n<tr>\n<td width=\"289\">Puertos Ethernet<\/td>\n<td width=\"743\">Dos puertos Ethernet de 10\/100 Mbps. Conecte directamente a su enrutador si el WiFi no es confiable.<\/td>\n<\/tr>\n<tr>\n<td width=\"289\">Wifi<\/td>\n<td width=\"743\">Se conecta a la red WiFi de su hogar con cualquier enrutador 802.11b \/ g, 2.4 GHz con capacidad de transmisi\u00f3n.<\/td>\n<\/tr>\n<tr>\n<td width=\"289\">Apple AirPlay 2<\/td>\n<td width=\"743\">Funciona con AirPlay 2 en dispositivos Apple iOS 11.4 y superior.<\/td>\n<\/tr>\n<tr>\n<td width=\"289\">Requisitos del sistema<\/td>\n<td width=\"743\">Equipo de audio amplificado con entradas de audio anal\u00f3gico o digital, o una fuente de audio con salida de audio e internet de banda ancha.<\/td>\n<\/tr>\n<\/tbody>\n<\/table>\n<p><a href=\"https:\/\/www.sonos.com\/en-us\/shop\/port.html\" target=\"_blank\" rel=\"noopener noreferrer\"><span style=\"color: #0000ff;\">Click aqu\u00ed para m\u00e1s informaci\u00f3n del producto<\/span><\/a><\/p>\n","protected":false},"excerpt":{"rendered":"<p>El componente de transmisi\u00f3n vers\u00e1til para su est\u00e9reo o receptor.<\/p>\n<p>Conecte el Sonos Port a su est\u00e9reo tradicional para transmitir m\u00fasica y m\u00e1s. Disfrute del control con la aplicaci\u00f3n Sonos o Apple AirPlay 2, y expanda f\u00e1cilmente su sistema de sonido a m\u00e1s habitaciones.<\/p>\n","protected":false},"featured_media":538,"template":"","meta":[],"product_cat":[22],"product_tag":[74,78,73],"_links":{"self":[{"href":"https:\/\/baflesoviedo.com\/home\/wp-json\/wp\/v2\/product\/536"}],"collection":[{"href":"https:\/\/baflesoviedo.com\/home\/wp-json\/wp\/v2\/product"}],"about":[{"href":"https:\/\/baflesoviedo.com\/home\/wp-json\/wp\/v2\/types\/product"}],"wp:featuredmedia":[{"embeddable":true,"href":"https:\/\/baflesoviedo.com\/home\/wp-json\/wp\/v2\/media\/538"}],"wp:attachment":[{"href":"https:\/\/baflesoviedo.com\/home\/wp-json\/wp\/v2\/media?parent=536"}],"wp:term":[{"taxonomy":"product_cat","embeddable":true,"href":"https:\/\/baflesoviedo.com\/home\/wp-json\/wp\/v2\/product_cat?post=536"},{"taxonomy":"product_tag","embeddable":true,"href":"https:\/\/baflesoviedo.com\/home\/wp-json\/wp\/v2\/product_tag?post=536"}],"curies":[{"name":"wp","href":"https:\/\/api.w.org\/{rel}","templated":true}]}}