{"id":5367,"date":"2025-11-05T21:04:34","date_gmt":"2025-11-05T21:04:34","guid":{"rendered":"https:\/\/baflesoviedo.com\/home\/?post_type=product&#038;p=5367"},"modified":"2025-11-05T21:33:28","modified_gmt":"2025-11-05T21:33:28","slug":"ifi-uno-dac-escritorio","status":"publish","type":"product","link":"https:\/\/baflesoviedo.com\/home\/product\/ifi-uno-dac-escritorio\/","title":{"rendered":"iFi, uno, DAC Escritorio"},"content":{"rendered":"<p class=\"p1\"><b>Especificaciones T\u00e9cnicas:<\/b><\/p>\n<table class=\"t1\" cellspacing=\"0\" cellpadding=\"0\">\n<tbody>\n<tr>\n<td class=\"td1\" valign=\"middle\">\n<p class=\"p3\"><span class=\"s1\"><b>DAC<\/b><\/span><\/p>\n<\/td>\n<td class=\"td1\" valign=\"middle\">\n<p class=\"p3\"><span class=\"s1\">Bit-Perfect DSD &amp; DXD DAC by ESS<\/span><\/p>\n<\/td>\n<\/tr>\n<tr>\n<td class=\"td2\" valign=\"middle\">\n<p class=\"p3\"><span class=\"s1\"><b>DIMENSIONS<\/b><\/span><\/p>\n<\/td>\n<td class=\"td2\" valign=\"middle\">\n<p class=\"p3\"><span class=\"s1\">88 x 81 x 26 mm (3.5&#8243; x 2.8&#8243; x 1.0&#8243;)<\/span><\/p>\n<\/td>\n<\/tr>\n<tr>\n<td class=\"td3\" valign=\"middle\">\n<p class=\"p3\"><span class=\"s1\"><b>DNR<\/b><\/span><\/p>\n<\/td>\n<td class=\"td3\" valign=\"middle\">\n<p class=\"p4\"><b>Line Section<\/b><\/p>\n<ul class=\"ul1\">\n<li class=\"li3\"><span class=\"s1\"> \u2265115dB @ 0dBFS<\/span><\/li>\n<\/ul>\n<p class=\"p4\"><b>Headphone Section<\/b><\/p>\n<ul class=\"ul1\">\n<li class=\"li3\"><span class=\"s1\">\u2265110dB @ 0dBFS<\/span><\/li>\n<\/ul>\n<\/td>\n<\/tr>\n<tr>\n<td class=\"td4\" valign=\"middle\">\n<p class=\"p3\"><span class=\"s1\"><b>FORMATS SUPPORTED<\/b><\/span><\/p>\n<\/td>\n<td class=\"td4\" valign=\"middle\">\n<p class=\"p4\">DSD 256 \/11.3MHz<span class=\"Apple-converted-space\">\u00a0<\/span><\/p>\n<p class=\"p4\">DXD 384kHz<span class=\"Apple-converted-space\">\u00a0<\/span><\/p>\n<p class=\"p4\">PCM 384kHz<span class=\"Apple-converted-space\">\u00a0<\/span><\/p>\n<p class=\"p3\"><span class=\"s1\">MQA<\/span><\/p>\n<\/td>\n<\/tr>\n<tr>\n<td class=\"td5\" valign=\"middle\">\n<p class=\"p3\"><span class=\"s1\"><b>FREQUENCY RESPONSE<\/b><\/span><\/p>\n<\/td>\n<td class=\"td5\" valign=\"middle\">\n<p class=\"p3\"><span class=\"s1\">10-80kHz(-0.5dB)<\/span><\/p>\n<\/td>\n<\/tr>\n<tr>\n<td class=\"td6\" valign=\"middle\">\n<p class=\"p3\"><span class=\"s1\"><b>INPUT<\/b><\/span><\/p>\n<\/td>\n<td class=\"td6\" valign=\"middle\">\n<p class=\"p3\"><span class=\"s1\">USB-C<\/span><\/p>\n<\/td>\n<\/tr>\n<tr>\n<td class=\"td7\" valign=\"middle\">\n<p class=\"p3\"><span class=\"s1\"><b>LIMITED WARRANTY<\/b><\/span><\/p>\n<\/td>\n<td class=\"td7\" valign=\"middle\">\n<p class=\"p3\"><span class=\"s1\">12 months*<\/span><\/p>\n<\/td>\n<\/tr>\n<tr>\n<td class=\"td8\" valign=\"middle\">\n<p class=\"p3\"><span class=\"s1\"><b>NET WEIGHT<\/b><\/span><\/p>\n<\/td>\n<td class=\"td8\" valign=\"middle\">\n<p class=\"p3\"><span class=\"s1\">92 g (0.2 Ibs)<\/span><\/p>\n<\/td>\n<\/tr>\n<tr>\n<td class=\"td7\" valign=\"middle\">\n<p class=\"p3\"><span class=\"s1\"><b>OUTPUT<\/b><\/span><\/p>\n<\/td>\n<td class=\"td7\" valign=\"middle\">\n<p class=\"p3\"><span class=\"s1\">2V max.<\/span><\/p>\n<\/td>\n<\/tr>\n<tr>\n<td class=\"td2\" valign=\"middle\">\n<p class=\"p3\"><span class=\"s1\"><b>POWER CONSUMPTION<\/b><\/span><\/p>\n<\/td>\n<td class=\"td2\" valign=\"middle\">\n<p class=\"p4\">No Signal ~0.8W<span class=\"Apple-converted-space\">\u00a0<\/span><\/p>\n<p class=\"p3\"><span class=\"s1\">Max Signal ~1.5W<\/span><\/p>\n<\/td>\n<\/tr>\n<tr>\n<td class=\"td9\" valign=\"middle\">\n<p class=\"p3\"><span class=\"s1\"><b>RMS OUTPUT POWER<\/b><\/span><\/p>\n<\/td>\n<td class=\"td9\" valign=\"middle\">\n<p class=\"p4\"><b>Headphone Section<\/b><\/p>\n<ul class=\"ul1\">\n<li class=\"li3\"><span class=\"s1\">&gt;\u2265211mW @ 32\u03a9; 39mW @ 300\u03a9<\/span><\/li>\n<\/ul>\n<\/td>\n<\/tr>\n<tr>\n<td class=\"td4\" valign=\"middle\">\n<p class=\"p3\"><span class=\"s1\"><b>SNR<\/b><\/span><\/p>\n<\/td>\n<td class=\"td4\" valign=\"middle\">\n<p class=\"p4\"><b>Line Section<\/b><\/p>\n<ul class=\"ul1\">\n<li class=\"li3\"><span class=\"s1\"> \u2265119dBA<\/span><\/li>\n<\/ul>\n<p class=\"p4\"><b>Headphone Section<\/b><\/p>\n<ul class=\"ul1\">\n<li class=\"li3\"><span class=\"s1\">\u2265113dBA<\/span><\/li>\n<\/ul>\n<\/td>\n<\/tr>\n<tr>\n<td class=\"td10\" valign=\"middle\">\n<p class=\"p3\"><span class=\"s1\"><b>THD+N<\/b><\/span><\/p>\n<\/td>\n<td class=\"td10\" valign=\"middle\">\n<p class=\"p4\"><b>Line Section<\/b><\/p>\n<ul class=\"ul1\">\n<li class=\"li3\"><span class=\"s1\"> \u22640.03% @ 0dBFS<\/span><\/li>\n<\/ul>\n<p class=\"p4\"><b>Headphone Section<\/b><\/p>\n<ul class=\"ul1\">\n<li class=\"li3\"><span class=\"s1\">\u22640.02% (1.27V @ 16\u03a9)<\/span><\/li>\n<\/ul>\n<\/td>\n<\/tr>\n<\/tbody>\n<\/table>\n<p><a href=\"https:\/\/ifi-audio.com\/collections\/all-products\/products\/uno\" target=\"_blank\" rel=\"noopener noreferrer\"><span style=\"color: #0000ff;\">Click aqu\u00ed para m\u00e1s informaci\u00f3n del producto.<\/span><\/a><\/p>\n","protected":false},"excerpt":{"rendered":"<p class=\"p1\">El <b>UNO<\/b> es la propuesta de entrada de iFi para quienes quieren mejorar la calidad de audio en su PC, laptop o sistema b\u00e1sico, sin complicaciones. Su dise\u00f1o compacto permite situarlo sobre el escritorio sin ocupar mucho espacio, pero incorporando funciones esenciales y mejoras que lo hacen m\u00e1s que un simple \u201cdongle\u201d.<\/p>\n<ul class=\"ul1\">\n<li class=\"li1\"><b>Compatibilidad con formatos hi-res y MQA<\/b><br \/>\nSoporta PCM hasta <b>384 kHz<\/b>, DSD nativo hasta <b>DSD256<\/b>, y decodificaci\u00f3n completa de <b>MQA<\/b>.<span class=\"Apple-converted-space\">\u00a0<\/span><\/li>\n<li class=\"li1\"><b>Chip ESS Sabre (ES9219MQ)<\/b><br \/>\nIntegra un DAC ESS de alta calidad con arquitectura \u201cBit-Perfect \/ HyperStream \/ jitter elimination\u201d que ayuda a mantener la se\u00f1al limpia y precisa.<span class=\"Apple-converted-space\">\u00a0<\/span><\/li>\n<li class=\"li1\"><b>Salidas duales: aud\u00edfonos + l\u00ednea<\/b><br \/>\nOfrece salida de auriculares de 3,5 mm con tecnolog\u00eda <i>S-Balanced\u00ae<\/i> (mejor manejo de distorsi\u00f3n y diafon\u00eda) y salida RCA est\u00e9reo (2 V max) para conectar a amplificadores o altavoces activos.<span class=\"Apple-converted-space\">\u00a0<\/span><\/li>\n<li class=\"li1\"><b>Potencia suficiente para IEMs \/ aud\u00edfonos eficientes<\/b><br \/>\nRinde aprox. <b>211 mW a 32 \u03a9<\/b>, y ~ 39 mW a 300 \u03a9.<br \/>\nAunque no es para aud\u00edfonos muy exigentes, es m\u00e1s que adecuado para IEMs o modelos de sensibilidad media.<span class=\"Apple-converted-space\">\u00a0<\/span><\/li>\n<li class=\"li1\"><b>Ecualizaci\u00f3n incorporada (3 modos EQ: Game \/ Movie \/ Music)<\/b><br \/>\nPermite seleccionar recoloraciones tonales \u00fatiles seg\u00fan uso (video, juegos, m\u00fasica).<span class=\"Apple-converted-space\">\u00a0<\/span><\/li>\n<li class=\"li1\"><b>Funci\u00f3n Power Match (ganancia adicional)<\/b><br \/>\nAumenta la amplitud de salida cuando se requieren niveles m\u00e1s altos sin comprometer calidad.<span class=\"Apple-converted-space\">\u00a0<\/span><\/li>\n<li class=\"li1\"><b>Consumo bajo y operaci\u00f3n simple<\/b><br \/>\nFunciona por USB-C 5 V \/ 0,5 A. Consumo en reposo ~ 0,8 W; a plena se\u00f1al ~ 1,5 W.<br \/>\nIncluye bot\u00f3n de volumen (que tambi\u00e9n act\u00faa como encendido), botones dedicados para EQ \/ Power Match.<span class=\"Apple-converted-space\">\u00a0<\/span><\/li>\n<li class=\"li1\"><b>Dise\u00f1o compacto y pr\u00e1ctico para escritorio<\/b><br \/>\nDimensiones: ~ 88 \u00d7 81 \u00d7 26 mm; peso ~92 g.<br \/>\nConstrucci\u00f3n mixta: frontal de aluminio cepillado + chasis de pol\u00edmero robusto.<br \/>\nTiene pies de goma para evitar deslizamientos y peque\u00f1os \u201cadhesivos\u201d para fijar sobre la mesa.<span class=\"Apple-converted-space\">\u00a0<\/span><\/li>\n<\/ul>\n","protected":false},"featured_media":5368,"template":"","meta":[],"product_cat":[19],"product_tag":[226,57,40,224],"_links":{"self":[{"href":"https:\/\/baflesoviedo.com\/home\/wp-json\/wp\/v2\/product\/5367"}],"collection":[{"href":"https:\/\/baflesoviedo.com\/home\/wp-json\/wp\/v2\/product"}],"about":[{"href":"https:\/\/baflesoviedo.com\/home\/wp-json\/wp\/v2\/types\/product"}],"wp:featuredmedia":[{"embeddable":true,"href":"https:\/\/baflesoviedo.com\/home\/wp-json\/wp\/v2\/media\/5368"}],"wp:attachment":[{"href":"https:\/\/baflesoviedo.com\/home\/wp-json\/wp\/v2\/media?parent=5367"}],"wp:term":[{"taxonomy":"product_cat","embeddable":true,"href":"https:\/\/baflesoviedo.com\/home\/wp-json\/wp\/v2\/product_cat?post=5367"},{"taxonomy":"product_tag","embeddable":true,"href":"https:\/\/baflesoviedo.com\/home\/wp-json\/wp\/v2\/product_tag?post=5367"}],"curies":[{"name":"wp","href":"https:\/\/api.w.org\/{rel}","templated":true}]}}