{"id":5372,"date":"2025-11-05T21:10:30","date_gmt":"2025-11-05T21:10:30","guid":{"rendered":"https:\/\/baflesoviedo.com\/home\/?post_type=product&#038;p=5372"},"modified":"2025-11-05T21:10:31","modified_gmt":"2025-11-05T21:10:31","slug":"ifi-hip-case-estuche","status":"publish","type":"product","link":"https:\/\/baflesoviedo.com\/home\/product\/ifi-hip-case-estuche\/","title":{"rendered":"iFi, hip-case, Estuche"},"content":{"rendered":"<p class=\"p1\"><b>Especificaciones T\u00e9cnicas:<\/b><\/p>\n<p><a href=\"https:\/\/ifi-audio.com\/collections\/all-products\/products\/hip-case\" target=\"_blank\" rel=\"noopener noreferrer\"><span style=\"color: #0000ff;\">Click aqu\u00ed para m\u00e1s informaci\u00f3n del producto.<\/span><\/a><\/p>\n","protected":false},"excerpt":{"rendered":"<p class=\"p1\">Un accesorio dise\u00f1ado para cuidar y realzar tu DAC port\u00e1til sin comprometer funcionalidad ni estilo.<\/p>\n<ul class=\"ul1\">\n<li class=\"li1\"><b>Ajuste ce\u00f1ido (\u201csnug fit\u201d) para tu hip-DAC \/ hip-DAC2<\/b><br \/>\nEl estuche est\u00e1 hecho a medida para que quede firme sin moverse, protegiendo exactamente las dimensiones del dispositivo.<span class=\"Apple-converted-space\">\u00a0<\/span><\/li>\n<li class=\"li1\"><b>Material \u201cfaux suede\u201d suave al tacto<\/b><br \/>\nSu acabado tipo gamuza sint\u00e9tica ofrece una sensaci\u00f3n agradable al tacto y ayuda a prevenir micro\u00adara\u00f1azos en la superficie met\u00e1lica del DAC.<span class=\"Apple-converted-space\">\u00a0<\/span><\/li>\n<li class=\"li1\"><b>Costuras decorativas con bordado del logo iFi<\/b><br \/>\nDetalles bordados y pespuntes precisos que aportan est\u00e9tica premium sin ser ostentosos.<span class=\"Apple-converted-space\">\u00a0<\/span><\/li>\n<li class=\"li1\"><b>Acceso a controles y conectores sin desmontar el estuche<\/b><br \/>\nLas aberturas est\u00e1n dise\u00f1adas para permitir el uso del bot\u00f3n de encendido, salidas de audio y puertos USB sin necesidad de extraer el equipo.<span class=\"Apple-converted-space\">\u00a0<\/span><\/li>\n<li class=\"li1\"><b>Protecci\u00f3n extra para el acabado anodizado<\/b><br \/>\nAunque el hip-DAC posee un chasis s\u00f3lido, el hip-case protege el acabado met\u00e1lico de desgaste diario, huellas y peque\u00f1os golpes.<\/li>\n<\/ul>\n","protected":false},"featured_media":5373,"template":"","meta":[],"product_cat":[139,19],"product_tag":[225,57,40,224],"_links":{"self":[{"href":"https:\/\/baflesoviedo.com\/home\/wp-json\/wp\/v2\/product\/5372"}],"collection":[{"href":"https:\/\/baflesoviedo.com\/home\/wp-json\/wp\/v2\/product"}],"about":[{"href":"https:\/\/baflesoviedo.com\/home\/wp-json\/wp\/v2\/types\/product"}],"wp:featuredmedia":[{"embeddable":true,"href":"https:\/\/baflesoviedo.com\/home\/wp-json\/wp\/v2\/media\/5373"}],"wp:attachment":[{"href":"https:\/\/baflesoviedo.com\/home\/wp-json\/wp\/v2\/media?parent=5372"}],"wp:term":[{"taxonomy":"product_cat","embeddable":true,"href":"https:\/\/baflesoviedo.com\/home\/wp-json\/wp\/v2\/product_cat?post=5372"},{"taxonomy":"product_tag","embeddable":true,"href":"https:\/\/baflesoviedo.com\/home\/wp-json\/wp\/v2\/product_tag?post=5372"}],"curies":[{"name":"wp","href":"https:\/\/api.w.org\/{rel}","templated":true}]}}