{"id":5393,"date":"2025-11-05T21:41:39","date_gmt":"2025-11-05T21:41:39","guid":{"rendered":"https:\/\/baflesoviedo.com\/home\/?post_type=product&#038;p=5393"},"modified":"2025-11-05T21:41:39","modified_gmt":"2025-11-05T21:41:39","slug":"ifi-zen-air-blue-dac-escritorio-c-bluetooth","status":"publish","type":"product","link":"https:\/\/baflesoviedo.com\/home\/product\/ifi-zen-air-blue-dac-escritorio-c-bluetooth\/","title":{"rendered":"iFi, ZEN Air Blue, DAC Escritorio c\/ Bluetooth"},"content":{"rendered":"<p class=\"p1\"><b>Especificaciones T\u00e9cnicas:<\/b><\/p>\n<table class=\"t1\" cellspacing=\"0\" cellpadding=\"0\">\n<tbody>\n<tr>\n<td class=\"td1\" valign=\"middle\">\n<p class=\"p3\"><span class=\"s1\"><b>CHIPSET<\/b><\/span><\/p>\n<\/td>\n<td class=\"td1\" valign=\"middle\">\n<p class=\"p3\"><span class=\"s1\">Qualcomm QCC 5100 Series<\/span><\/p>\n<\/td>\n<\/tr>\n<tr>\n<td class=\"td2\" valign=\"middle\">\n<p class=\"p3\"><span class=\"s1\"><b>DIMENSIONS<\/b><\/span><\/p>\n<\/td>\n<td class=\"td2\" valign=\"middle\">\n<p class=\"p4\">158 x 100 x 35 mm<span class=\"Apple-converted-space\">\u00a0<\/span><\/p>\n<p class=\"p3\"><span class=\"s1\">6.2&#8243; x 3.9&#8243; x 1.4&#8243;<\/span><\/p>\n<\/td>\n<\/tr>\n<tr>\n<td class=\"td1\" valign=\"middle\">\n<p class=\"p3\"><span class=\"s1\"><b>DNR<\/b><\/span><\/p>\n<\/td>\n<td class=\"td1\" valign=\"middle\">\n<p class=\"p3\"><span class=\"s1\">109dB (A)<\/span><\/p>\n<\/td>\n<\/tr>\n<tr>\n<td class=\"td3\" valign=\"middle\">\n<p class=\"p3\"><span class=\"s1\"><b>FREQUENCY RESPONSE<\/b><\/span><\/p>\n<\/td>\n<td class=\"td3\" valign=\"middle\">\n<p class=\"p4\">20Hz &#8211; 20kHz +0\/-0.5dB (44.1kHz)<span class=\"Apple-converted-space\">\u00a0<\/span><\/p>\n<p class=\"p3\"><span class=\"s1\">1Hz &#8211; 44khz +0\/-3.0dB (&gt;= 88.2kHz)<\/span><\/p>\n<\/td>\n<\/tr>\n<tr>\n<td class=\"td4\" valign=\"middle\">\n<p class=\"p3\"><span class=\"s1\"><b>INPUT<\/b><\/span><\/p>\n<\/td>\n<td class=\"td4\" valign=\"middle\">\n<p class=\"p3\"><span class=\"s1\">Bluetooth 5.0TM with SBC, AAC, aptX, aptX HD, aptX Adaptive, aptX LL, LDAC, LHDC\/HWA Codec<\/span><\/p>\n<\/td>\n<\/tr>\n<tr>\n<td class=\"td5\" valign=\"middle\">\n<p class=\"p3\"><span class=\"s1\"><b>NET WEIGHT<\/b><\/span><\/p>\n<\/td>\n<td class=\"td5\" valign=\"middle\">\n<p class=\"p4\">295g<span class=\"Apple-converted-space\">\u00a0<\/span><\/p>\n<p class=\"p3\"><span class=\"s1\">0.65 lbs<\/span><\/p>\n<\/td>\n<\/tr>\n<tr>\n<td class=\"td1\" valign=\"middle\">\n<p class=\"p3\"><span class=\"s1\"><b>OUTPUT<\/b><\/span><\/p>\n<\/td>\n<td class=\"td1\" valign=\"middle\">\n<p class=\"p3\"><span class=\"s1\">Audio RCA L\/R<\/span><\/p>\n<\/td>\n<\/tr>\n<tr>\n<td class=\"td6\" valign=\"middle\">\n<p class=\"p3\"><span class=\"s1\"><b>POWER CONSUMPTION<\/b><\/span><\/p>\n<\/td>\n<td class=\"td6\" valign=\"middle\">\n<p class=\"p3\"><span class=\"s1\">&lt;2.5W<\/span><\/p>\n<\/td>\n<\/tr>\n<tr>\n<td class=\"td1\" valign=\"middle\">\n<p class=\"p3\"><span class=\"s1\"><b>SNR<\/b><\/span><\/p>\n<\/td>\n<td class=\"td1\" valign=\"middle\">\n<p class=\"p3\"><span class=\"s1\">109dB (A) @ 0dBFS<\/span><\/p>\n<\/td>\n<\/tr>\n<tr>\n<td class=\"td6\" valign=\"middle\">\n<p class=\"p3\"><span class=\"s1\"><b>THD+N<\/b><\/span><\/p>\n<\/td>\n<td class=\"td6\" valign=\"middle\">\n<p class=\"p3\"><span class=\"s1\">&lt;0.0015% 10k Load @ 0dBFS<\/span><\/p>\n<\/td>\n<\/tr>\n<tr>\n<td class=\"td7\" valign=\"middle\">\n<p class=\"p3\"><span class=\"s1\"><b>POWER SUPPLY REQUIREMENT<\/b><\/span><\/p>\n<\/td>\n<td class=\"td7\" valign=\"middle\">\n<p class=\"p3\"><span class=\"s1\">DC 5V, \u2265 0.5A (centre +ve)<\/span><\/p>\n<\/td>\n<\/tr>\n<\/tbody>\n<\/table>\n<p><a href=\"https:\/\/ifi-audio.com\/products\/zen-air-blue\" target=\"_blank\" rel=\"noopener noreferrer\"><span style=\"color: #0000ff;\">Click aqu\u00ed para m\u00e1s informaci\u00f3n del producto.<\/span><\/a><\/p>\n","protected":false},"excerpt":{"rendered":"<p class=\"p1\">El <b>ZEN Air Blue<\/b> es la puerta perfecta para convertir tu sistema est\u00e9reo tradicional en una fuente moderna sin cables. Es un receptor Bluetooth (modo RX) con DAC incorporado que permite transmitir m\u00fasica desde tu m\u00f3vil, tablet, PC o fuente Bluetooth, a tu amplificador o parlantes activos con salidas RCA.<\/p>\n<ul class=\"ul1\">\n<li class=\"li1\"><b>Transmisi\u00f3n Bluetooth de alta definici\u00f3n<\/b><br \/>\nIntegra chip Qualcomm QCC5100 (serie) que permite c\u00f3decs avanzados como aptX (HD, Adaptive, LL), LDAC, LHDC\/HWA, AAC y SBC.<span class=\"Apple-converted-space\">\u00a0<\/span><\/li>\n<li class=\"li1\"><b>Dise\u00f1o focalizado en calidad de se\u00f1al<\/b><br \/>\niFi afirma que evita la p\u00e9rdida t\u00edpica del 40 % de calidad que muchos receptores Bluetooth generan.<span class=\"Apple-converted-space\">\u00a0<\/span><\/li>\n<li class=\"li1\"><b>Salida anal\u00f3gica RCA \u00fanica (no hay salidas digitales ni salidas balanceadas)<\/b><br \/>\nIdeal para conectar directamente a amplificadores o parlantes activos que acepten se\u00f1al anal\u00f3gica.<span class=\"Apple-converted-space\">\u00a0<\/span><\/li>\n<li class=\"li1\"><b>Indicador de tasa de muestreo \/ codec mediante LED<\/b><br \/>\nEl logo frontal cambia de color seg\u00fan el formato de reproducci\u00f3n (44\/48 kHz, 88\/96 kHz, tipo de c\u00f3dec Bluetooth) para dar feedback visual de calidad.<span class=\"Apple-converted-space\">\u00a0<\/span><\/li>\n<li class=\"li1\"><b>Circuito con DAC ESS Sabre de alta calidad<\/b><br \/>\nEmplea un DAC de la familia ESS HyperStream para convertir la se\u00f1al digital a anal\u00f3gica con bajo ruido y alta fidelidad.<span class=\"Apple-converted-space\">\u00a0<\/span><\/li>\n<li class=\"li1\"><b>Formato ergon\u00f3mico, compacto y est\u00e9tica tipo ZEN<\/b><br \/>\nSus dimensiones permiten ubicarlo c\u00f3modamente encima de equipos Hi-Fi; su est\u00e9tica coincide con otros productos de la serie ZEN.<span class=\"Apple-converted-space\">\u00a0<\/span><\/li>\n<li class=\"li1\"><b>Consumo contenido y operaci\u00f3n sencilla<\/b><br \/>\nFunciona con alimentaci\u00f3n de 5 V DC, \u2264 2,5 W de consumo m\u00e1ximo. No requiere ajustes complejos: emparejar y usar.<\/li>\n<\/ul>\n","protected":false},"featured_media":5394,"template":"","meta":[],"product_cat":[15],"product_tag":[226,80,57,40,224],"_links":{"self":[{"href":"https:\/\/baflesoviedo.com\/home\/wp-json\/wp\/v2\/product\/5393"}],"collection":[{"href":"https:\/\/baflesoviedo.com\/home\/wp-json\/wp\/v2\/product"}],"about":[{"href":"https:\/\/baflesoviedo.com\/home\/wp-json\/wp\/v2\/types\/product"}],"wp:featuredmedia":[{"embeddable":true,"href":"https:\/\/baflesoviedo.com\/home\/wp-json\/wp\/v2\/media\/5394"}],"wp:attachment":[{"href":"https:\/\/baflesoviedo.com\/home\/wp-json\/wp\/v2\/media?parent=5393"}],"wp:term":[{"taxonomy":"product_cat","embeddable":true,"href":"https:\/\/baflesoviedo.com\/home\/wp-json\/wp\/v2\/product_cat?post=5393"},{"taxonomy":"product_tag","embeddable":true,"href":"https:\/\/baflesoviedo.com\/home\/wp-json\/wp\/v2\/product_tag?post=5393"}],"curies":[{"name":"wp","href":"https:\/\/api.w.org\/{rel}","templated":true}]}}