{"id":5399,"date":"2025-11-05T21:50:11","date_gmt":"2025-11-05T21:50:11","guid":{"rendered":"https:\/\/baflesoviedo.com\/home\/?post_type=product&#038;p=5399"},"modified":"2025-11-05T21:50:12","modified_gmt":"2025-11-05T21:50:12","slug":"ifi-zen-air-dac-dac-amplificador-escritorio","status":"publish","type":"product","link":"https:\/\/baflesoviedo.com\/home\/product\/ifi-zen-air-dac-dac-amplificador-escritorio\/","title":{"rendered":"iFi, ZEN Air DAC, DAC\/Amplificador Escritorio"},"content":{"rendered":"<p class=\"p1\"><b>Especificaciones T\u00e9cnicas:<\/b><\/p>\n<table class=\"t1\" cellspacing=\"0\" cellpadding=\"0\">\n<tbody>\n<tr>\n<td class=\"td1\" valign=\"middle\">\n<p class=\"p3\"><span class=\"s1\"><b>DAC<\/b><\/span><\/p>\n<\/td>\n<td class=\"td1\" valign=\"middle\">\n<p class=\"p3\"><span class=\"s1\">Bit-Perfect DSD &amp; DXD DAC by Burr Brown<\/span><\/p>\n<\/td>\n<\/tr>\n<tr>\n<td class=\"td2\" valign=\"middle\">\n<p class=\"p3\"><span class=\"s1\"><b>DIMENSIONS<\/b><\/span><\/p>\n<\/td>\n<td class=\"td2\" valign=\"middle\">\n<p class=\"p4\">158 x 117 x 35 mm<span class=\"Apple-converted-space\">\u00a0<\/span><\/p>\n<p class=\"p3\"><span class=\"s1\">6.2&#8243; x 4.6&#8243; x 1.4&#8243;<\/span><\/p>\n<\/td>\n<\/tr>\n<tr>\n<td class=\"td1\" valign=\"middle\">\n<p class=\"p3\"><span class=\"s1\"><b>DNR<\/b><\/span><\/p>\n<\/td>\n<td class=\"td1\" valign=\"middle\">\n<p class=\"p4\"><b>Line Section:<span class=\"Apple-converted-space\">\u00a0<\/span><\/b><\/p>\n<p class=\"p3\"><span class=\"s1\">&gt;113dB(A) @ -60dBFS<\/span><\/p>\n<\/td>\n<\/tr>\n<tr>\n<td class=\"td3\" valign=\"middle\">\n<p class=\"p3\"><span class=\"s1\"><b>FORMATS SUPPORTED<\/b><\/span><\/p>\n<\/td>\n<td class=\"td3\" valign=\"middle\">\n<p class=\"p4\">44.1\/48\/88.2\/96\/176.4\/192\/352.8\/384kHz PCM<span class=\"Apple-converted-space\">\u00a0<\/span><\/p>\n<p class=\"p4\">2.8\/3.1\/5.6\/6.2\/11.2\/12.4MHz DSD<span class=\"Apple-converted-space\">\u00a0<\/span><\/p>\n<p class=\"p4\">353\/384KHz DXD<span class=\"Apple-converted-space\">\u00a0<\/span><\/p>\n<p class=\"p3\"><span class=\"s1\">MQA<\/span><\/p>\n<\/td>\n<\/tr>\n<tr>\n<td class=\"td4\" valign=\"middle\">\n<p class=\"p3\"><span class=\"s1\"><b>INPUT<\/b><\/span><\/p>\n<\/td>\n<td class=\"td4\" valign=\"middle\">\n<p class=\"p3\"><span class=\"s1\">USB2.0 B Socket<\/span><\/p>\n<\/td>\n<\/tr>\n<tr>\n<td class=\"td5\" valign=\"middle\">\n<p class=\"p3\"><span class=\"s1\"><b>INPUT VOLTAGE<\/b><\/span><\/p>\n<\/td>\n<td class=\"td5\" valign=\"middle\">\n<p class=\"p3\"><span class=\"s1\">DC 5V\/2.5A<\/span><\/p>\n<\/td>\n<\/tr>\n<tr>\n<td class=\"td1\" valign=\"middle\">\n<p class=\"p3\"><span class=\"s1\"><b>NET WEIGHT<\/b><\/span><\/p>\n<\/td>\n<td class=\"td1\" valign=\"middle\">\n<p class=\"p4\">315 g<span class=\"Apple-converted-space\">\u00a0<\/span><\/p>\n<p class=\"p3\"><span class=\"s1\">0.694 lbs<\/span><\/p>\n<\/td>\n<\/tr>\n<tr>\n<td class=\"td6\" valign=\"middle\">\n<p class=\"p3\"><span class=\"s1\"><b>OUTPUT<\/b><\/span><\/p>\n<\/td>\n<td class=\"td6\" valign=\"middle\">\n<p class=\"p4\"><b>Line Section:<span class=\"Apple-converted-space\">\u00a0<\/span><\/b><\/p>\n<p class=\"p4\">1V \/ 3.3V max.<span class=\"Apple-converted-space\">\u00a0<\/span><\/p>\n<p class=\"p4\"><b>Headphone Section:<span class=\"Apple-converted-space\">\u00a0<\/span><\/b><\/p>\n<p class=\"p3\"><span class=\"s1\">1V \/ 3.3V max. (variable)<\/span><\/p>\n<\/td>\n<\/tr>\n<tr>\n<td class=\"td7\" valign=\"middle\">\n<p class=\"p3\"><span class=\"s1\"><b>OUTPUT IMPEDANCE<\/b><\/span><\/p>\n<\/td>\n<td class=\"td7\" valign=\"middle\">\n<p class=\"p4\"><b>Line Section:<span class=\"Apple-converted-space\">\u00a0<\/span><\/b><\/p>\n<p class=\"p4\">\u226450\u03a9<span class=\"Apple-converted-space\">\u00a0<\/span><\/p>\n<p class=\"p4\"><b>Headphone Section:<span class=\"Apple-converted-space\">\u00a0<\/span><\/b><\/p>\n<p class=\"p3\"><span class=\"s1\">&lt;1\u03a9<\/span><\/p>\n<\/td>\n<\/tr>\n<tr>\n<td class=\"td2\" valign=\"middle\">\n<p class=\"p3\"><span class=\"s1\"><b>POWER CONSUMPTION<\/b><\/span><\/p>\n<\/td>\n<td class=\"td2\" valign=\"middle\">\n<p class=\"p3\"><span class=\"s1\">No Signal ~0.5W \/ Max Signal ~2.5W<\/span><\/p>\n<\/td>\n<\/tr>\n<tr>\n<td class=\"td8\" valign=\"middle\">\n<p class=\"p3\"><span class=\"s1\"><b>RMS OUTPUT POWER<\/b><\/span><\/p>\n<\/td>\n<td class=\"td8\" valign=\"middle\">\n<p class=\"p4\"><b>Headphone Section:<span class=\"Apple-converted-space\">\u00a0<\/span><\/b><\/p>\n<p class=\"p3\"><span class=\"s1\">&gt;230mW @ 32\u03a9 ; &gt;36mW @ 300\u03a9<\/span><\/p>\n<\/td>\n<\/tr>\n<tr>\n<td class=\"td9\" valign=\"middle\">\n<p class=\"p3\"><span class=\"s1\"><b>SNR<\/b><\/span><\/p>\n<\/td>\n<td class=\"td9\" valign=\"middle\">\n<p class=\"p4\"><b>Line Section:<span class=\"Apple-converted-space\">\u00a0<\/span><\/b><\/p>\n<p class=\"p4\">&lt;-113dB(A) @ 0dBFS<span class=\"Apple-converted-space\">\u00a0<\/span><\/p>\n<p class=\"p4\"><b>Headphone Section:<span class=\"Apple-converted-space\">\u00a0<\/span><\/b><\/p>\n<p class=\"p3\"><span class=\"s1\">&lt;-113dB(A) @ 0dBFS<\/span><\/p>\n<\/td>\n<\/tr>\n<tr>\n<td class=\"td10\" valign=\"middle\">\n<p class=\"p3\"><span class=\"s1\"><b>THD+N<\/b><\/span><\/p>\n<\/td>\n<td class=\"td10\" valign=\"middle\">\n<p class=\"p4\"><b>Line Section:<span class=\"Apple-converted-space\">\u00a0<\/span><\/b><\/p>\n<p class=\"p4\">&lt;0.04% @ 0dBFS<span class=\"Apple-converted-space\">\u00a0<\/span><\/p>\n<p class=\"p4\"><b>Headphone Section:<span class=\"Apple-converted-space\">\u00a0<\/span><\/b><\/p>\n<p class=\"p3\"><span class=\"s1\">&lt;0.04% (100mW @ 16\u03a9)<\/span><\/p>\n<\/td>\n<\/tr>\n<\/tbody>\n<\/table>\n<p><a href=\"https:\/\/ifi-audio.com\/products\/zen-air-dac\" target=\"_blank\" rel=\"noopener noreferrer\"><span style=\"color: #0000ff;\">Click aqu\u00ed para m\u00e1s informaci\u00f3n del producto.<\/span><\/a><\/p>\n","protected":false},"excerpt":{"rendered":"<p class=\"p1\">El <b>ZEN Air DAC<\/b> es una propuesta compacta y capaz que combina conversi\u00f3n digital con amplificaci\u00f3n para aud\u00edfonos, ideal como punto de partida para mejorar tu sistema de audio de escritorio sin gastar de m\u00e1s. Ofrece conectividad USB-B, salidas RCA, salida de aud\u00edfonos y funciones extras como ganancia ajustable (PowerMatch) y realce de graves (XBass+), manteniendo un sonido limpio, transparente y vers\u00e1til.<span class=\"Apple-converted-space\">\u00a0<\/span><\/p>\n<ul class=\"ul1\">\n<li class=\"li1\"><b>Conversi\u00f3n de alta resoluci\u00f3n integrando DAC Burr-Brown (True Native)<\/b><br \/>\nSoporta PCM hasta 32-bit \/ 384 kHz, DSD nativo hasta DSD256 y decodificaci\u00f3n MQA.<span class=\"Apple-converted-space\">\u00a0<\/span><\/li>\n<li class=\"li1\"><b>Amplificaci\u00f3n incorporada para auriculares<\/b><br \/>\nCuenta con salida de auriculares (jack de 6,35 mm) capaz de impulsar IEMs y modelos de baja demanda con soltura.<span class=\"Apple-converted-space\">\u00a0<\/span><\/li>\n<li class=\"li1\"><b>Controles anal\u00f3gicos frontales: PowerMatch y XBass+<\/b><br \/>\nPermite ajustar la ganancia (\u00fatil para auriculares m\u00e1s exigentes) y realzar graves de forma sutil sin afectar la se\u00f1al digital.<span class=\"Apple-converted-space\">\u00a0<\/span><\/li>\n<li class=\"li1\"><b>Salida RCA para conectarlo como DAC \/ preamplificador<\/b><br \/>\nLa salida de l\u00ednea permite integrarlo en sistemas con amplificadores o parlantes activos.<span class=\"Apple-converted-space\">\u00a0<\/span><\/li>\n<li class=\"li1\"><b>Indicador LED seg\u00fan formato \/ muestreo de la se\u00f1al<\/b><br \/>\nEl logo frontal cambia de color para mostrar el tipo de se\u00f1al digital que se est\u00e1 reproduciendo (PCM, DSD, MQA, etc.).<span class=\"Apple-converted-space\">\u00a0<\/span><\/li>\n<li class=\"li1\"><b>Alimentaci\u00f3n flexible: USB o fuente externa opcional<\/b><br \/>\nFunciona con 5 V DC tales como provistos por el cable USB del dispositivo fuente, o con fuente externa para mejorar estabilidad.<span class=\"Apple-converted-space\">\u00a0<\/span><\/li>\n<li class=\"li1\"><b>Dise\u00f1o compacto y est\u00e9tico tipo ZEN Air<\/b><br \/>\nChasis de policarbonato \/ pl\u00e1stico robusto, formato trapezoidal caracter\u00edstico de la l\u00ednea, f\u00e1cil de ubicar en escritorio o rack.<span class=\"Apple-converted-space\">\u00a0<\/span><\/li>\n<li class=\"li1\"><b>Actualizaciones de firmware disponibles<\/b><br \/>\nPermite mejoras posteriores, correcci\u00f3n de bugs y optimizaciones v\u00eda software.<\/li>\n<\/ul>\n","protected":false},"featured_media":5400,"template":"","meta":[],"product_cat":[19],"product_tag":[163,226,57,40,224],"_links":{"self":[{"href":"https:\/\/baflesoviedo.com\/home\/wp-json\/wp\/v2\/product\/5399"}],"collection":[{"href":"https:\/\/baflesoviedo.com\/home\/wp-json\/wp\/v2\/product"}],"about":[{"href":"https:\/\/baflesoviedo.com\/home\/wp-json\/wp\/v2\/types\/product"}],"wp:featuredmedia":[{"embeddable":true,"href":"https:\/\/baflesoviedo.com\/home\/wp-json\/wp\/v2\/media\/5400"}],"wp:attachment":[{"href":"https:\/\/baflesoviedo.com\/home\/wp-json\/wp\/v2\/media?parent=5399"}],"wp:term":[{"taxonomy":"product_cat","embeddable":true,"href":"https:\/\/baflesoviedo.com\/home\/wp-json\/wp\/v2\/product_cat?post=5399"},{"taxonomy":"product_tag","embeddable":true,"href":"https:\/\/baflesoviedo.com\/home\/wp-json\/wp\/v2\/product_tag?post=5399"}],"curies":[{"name":"wp","href":"https:\/\/api.w.org\/{rel}","templated":true}]}}