{"id":5404,"date":"2025-11-06T17:50:18","date_gmt":"2025-11-06T17:50:18","guid":{"rendered":"https:\/\/baflesoviedo.com\/home\/?post_type=product&#038;p=5404"},"modified":"2025-11-06T17:50:22","modified_gmt":"2025-11-06T17:50:22","slug":"ifi-zen-can-3-etapa-audifonos-escritorio","status":"publish","type":"product","link":"https:\/\/baflesoviedo.com\/home\/product\/ifi-zen-can-3-etapa-audifonos-escritorio\/","title":{"rendered":"iFi, ZEN CAN 3, Etapa Aud\u00edfonos Escritorio"},"content":{"rendered":"<p class=\"p1\"><b>Especificaciones T\u00e9cnicas:<\/b><\/p>\n<table class=\"t1\" cellspacing=\"0\" cellpadding=\"0\">\n<tbody>\n<tr>\n<td class=\"td1\" valign=\"middle\">\n<p class=\"p3\"><span class=\"s1\"><b>ANALOGUE INPUTS<\/b><\/span><\/p>\n<\/td>\n<td class=\"td1\" valign=\"middle\">\n<p class=\"p4\"><b>SE RCA L\/R:<span class=\"Apple-converted-space\">\u00a0<\/span><\/b><\/p>\n<p class=\"p4\">2.0V nominal @ 0dBFS, 1MegOhm Zin<span class=\"Apple-converted-space\">\u00a0<\/span><\/p>\n<p class=\"p4\"><b>SE 3.5mm:<span class=\"Apple-converted-space\">\u00a0<\/span><\/b><\/p>\n<p class=\"p4\">1.0V nominal @ 0dBFS, 1 MegOhm Zin<span class=\"Apple-converted-space\">\u00a0<\/span><\/p>\n<p class=\"p4\"><b>BAL 4.4mm:<span class=\"Apple-converted-space\">\u00a0<\/span><\/b><\/p>\n<p class=\"p3\"><span class=\"s1\">4.0V nominal @ 0dBFS, 24kOhm Zin<\/span><\/p>\n<\/td>\n<\/tr>\n<tr>\n<td class=\"td2\" valign=\"middle\">\n<p class=\"p3\"><span class=\"s1\"><b>DIMENSIONS<\/b><\/span><\/p>\n<\/td>\n<td class=\"td2\" valign=\"middle\">\n<p class=\"p3\"><span class=\"s1\">158x117x35mm (6.2&#215;4.6&#215;1.4\u201d)<\/span><\/p>\n<\/td>\n<\/tr>\n<tr>\n<td class=\"td3\" valign=\"middle\">\n<p class=\"p3\"><span class=\"s1\"><b>DNR<\/b><\/span><\/p>\n<\/td>\n<td class=\"td3\" valign=\"middle\">\n<p class=\"p4\"><b>Line Section:<span class=\"Apple-converted-space\">\u00a0<\/span><\/b><\/p>\n<p class=\"p4\">\u2265119dB(A)<\/p>\n<p class=\"p4\"><b>Headphone Section:<span class=\"Apple-converted-space\">\u00a0<\/span><\/b><\/p>\n<p class=\"p4\"><b>BAL 4.4mm:<\/b> \u2265119dB(A) @ 0dBFS<\/p>\n<p class=\"p3\"><span class=\"s1\"><b>SE 6.35mm:<\/b> \u2265119dB(A) @ 0dBFS<\/span><\/p>\n<\/td>\n<\/tr>\n<tr>\n<td class=\"td4\" valign=\"middle\">\n<p class=\"p3\"><span class=\"s1\"><b>FREQUENCY RESPONSE<\/b><\/span><\/p>\n<\/td>\n<td class=\"td4\" valign=\"middle\">\n<p class=\"p3\"><span class=\"s1\">10Hz-200kHz (-3dB)<\/span><\/p>\n<\/td>\n<\/tr>\n<tr>\n<td class=\"td5\" valign=\"middle\">\n<p class=\"p3\"><span class=\"s1\"><b>GAIN<\/b><\/span><\/p>\n<\/td>\n<td class=\"td5\" valign=\"middle\">\n<p class=\"p3\"><span class=\"s1\">0dB, 6dB, 12dB, 18dB<\/span><\/p>\n<\/td>\n<\/tr>\n<tr>\n<td class=\"td6\" valign=\"middle\">\n<p class=\"p3\"><span class=\"s1\"><b>HEADPHONE OUTPUT MAX<\/b><\/span><\/p>\n<\/td>\n<td class=\"td6\" valign=\"middle\">\n<p class=\"p4\"><b>Headphone Section:<span class=\"Apple-converted-space\">\u00a0<\/span><\/b><\/p>\n<p class=\"p4\"><b>BAL 4.4mm:<\/b>&gt;15.1V\/385mW (@ 600 Ohms), &gt;6.2V\/1,200mW (@ 32 Ohms)<\/p>\n<p class=\"p3\"><span class=\"s1\"><b>SE 6.35mm:<\/b> &gt;7.6V\/98mW (@ 600 Ohms), &gt;7.2V\/1,600mW (@ 32 Ohms)<\/span><\/p>\n<\/td>\n<\/tr>\n<tr>\n<td class=\"td7\" valign=\"middle\">\n<p class=\"p3\"><span class=\"s1\"><b>HEADPHONE OUTPUT RMS<\/b><\/span><\/p>\n<\/td>\n<td class=\"td7\" valign=\"middle\">\n<p class=\"p4\"><b>Headphone Section:<span class=\"Apple-converted-space\">\u00a0<\/span><\/b><\/p>\n<p class=\"p4\"><b>BAL 4.4mm:<\/b> &gt;11.5V\/2,000mW (@ 64 Ohms)<\/p>\n<p class=\"p3\"><span class=\"s1\"><b>SE 6.35mm:<\/b> &gt;7.2V\/1,600mW (@ 32 Ohms)<\/span><\/p>\n<\/td>\n<\/tr>\n<tr>\n<td class=\"td8\" valign=\"middle\">\n<p class=\"p3\"><span class=\"s1\"><b>INPUT VOLTAGE<\/b><\/span><\/p>\n<\/td>\n<td class=\"td8\" valign=\"middle\">\n<p class=\"p4\"><b>DC:<span class=\"Apple-converted-space\">\u00a0<\/span><\/b><\/p>\n<p class=\"p4\">5V\/2.5A<span class=\"Apple-converted-space\">\u00a0<\/span><\/p>\n<p class=\"p3\"><span class=\"s1\">AC 100-240V, 50\/60Hz<\/span><\/p>\n<\/td>\n<\/tr>\n<tr>\n<td class=\"td3\" valign=\"middle\">\n<p class=\"p3\"><span class=\"s1\"><b>MAXIMUM INPUT LEVEL<\/b><\/span><\/p>\n<\/td>\n<td class=\"td3\" valign=\"middle\">\n<p class=\"p4\"><b>SE RCA:<span class=\"Apple-converted-space\">\u00a0<\/span><\/b><\/p>\n<p class=\"p4\">3.8V RMS<span class=\"Apple-converted-space\">\u00a0<\/span><\/p>\n<p class=\"p4\"><b>SE 3.5mm:<span class=\"Apple-converted-space\">\u00a0<\/span><\/b><\/p>\n<p class=\"p4\">1.92V RMS<span class=\"Apple-converted-space\">\u00a0<\/span><\/p>\n<p class=\"p4\"><b>BAL 4.4mm:<span class=\"Apple-converted-space\">\u00a0<\/span><\/b><\/p>\n<p class=\"p3\"><span class=\"s1\">7.4V RMS<\/span><\/p>\n<\/td>\n<\/tr>\n<tr>\n<td class=\"td2\" valign=\"middle\">\n<p class=\"p3\"><span class=\"s1\"><b>NET WEIGHT<\/b><\/span><\/p>\n<\/td>\n<td class=\"td2\" valign=\"middle\">\n<p class=\"p3\"><span class=\"s1\">495g (1.09 lbs)<\/span><\/p>\n<\/td>\n<\/tr>\n<tr>\n<td class=\"td9\" valign=\"middle\">\n<p class=\"p3\"><span class=\"s1\"><b>OUTPUT IMPEDANCE<\/b><\/span><\/p>\n<\/td>\n<td class=\"td9\" valign=\"middle\">\n<p class=\"p4\"><b>Line Section:<span class=\"Apple-converted-space\">\u00a0<\/span><\/b><\/p>\n<p class=\"p4\">&lt;200 Ohms<\/p>\n<p class=\"p4\"><b>Headphone Section:<span class=\"Apple-converted-space\">\u00a0<\/span><\/b><\/p>\n<p class=\"p4\"><b>BAL 4.4mm HP:<\/b> &lt;2 Ohms<\/p>\n<p class=\"p3\"><span class=\"s1\"><b>SE 6.35mm HP:<\/b> &lt;1 Ohm<\/span><\/p>\n<\/td>\n<\/tr>\n<tr>\n<td class=\"td10\" valign=\"middle\">\n<p class=\"p3\"><span class=\"s1\"><b>POWER CONSUMPTION<\/b><\/span><\/p>\n<\/td>\n<td class=\"td10\" valign=\"middle\">\n<p class=\"p4\"><b>No Signal: <\/b>~5W<span class=\"Apple-converted-space\">\u00a0<\/span><\/p>\n<p class=\"p3\"><span class=\"s1\"><b>Max Signal: <\/b>~13W<\/span><\/p>\n<\/td>\n<\/tr>\n<tr>\n<td class=\"td11\" valign=\"middle\">\n<p class=\"p3\"><span class=\"s1\"><b>SNR<\/b><\/span><\/p>\n<\/td>\n<td class=\"td11\" valign=\"middle\">\n<p class=\"p4\"><b>Line Section:<span class=\"Apple-converted-space\">\u00a0<\/span><\/b><\/p>\n<p class=\"p4\">\u2265125dB (7.3V 4.4mm Input 0dB @ 200kOhm)<\/p>\n<p class=\"p4\"><b>Headphone Section:<span class=\"Apple-converted-space\">\u00a0<\/span><\/b><\/p>\n<p class=\"p4\"><b>BAL 4.4mm:<\/b> \u2265125dB (7.3V 4.4mm Input 0dB @ 600 Ohms)<\/p>\n<p class=\"p3\"><span class=\"s1\"><b>SE 6.35mm:<\/b> \u2265122dB (1.9V Input 0dB @ 600 Ohms)<\/span><\/p>\n<\/td>\n<\/tr>\n<tr>\n<td class=\"td12\" valign=\"middle\">\n<p class=\"p3\"><span class=\"s1\"><b>THD+N<\/b><\/span><\/p>\n<\/td>\n<td class=\"td12\" valign=\"middle\">\n<p class=\"p4\"><b>Line Section:<span class=\"Apple-converted-space\">\u00a0<\/span><\/b><\/p>\n<p class=\"p4\">0.006% (0dB 200kOhm load)<\/p>\n<p class=\"p4\"><b>Headphone Section:<span class=\"Apple-converted-space\">\u00a0<\/span><\/b><\/p>\n<p class=\"p4\"><b>BAL 4.4mm:<\/b> &lt;0.006% (@ 360 mW\/2.4V 16 Ohms)<\/p>\n<p class=\"p3\"><span class=\"s1\"><b>SE 6.35mm:<\/b> &lt;0.006% (@ 100mW\/1.27V 16 Ohms)<\/span><\/p>\n<\/td>\n<\/tr>\n<\/tbody>\n<\/table>\n<p><a href=\"https:\/\/ifi-audio.com\/products\/zen-can-3\" target=\"_blank\" rel=\"noopener noreferrer\"><span style=\"color: #0000ff;\">Click aqu\u00ed para m\u00e1s informaci\u00f3n del producto.<\/span><\/a><\/p>\n","protected":false},"excerpt":{"rendered":"<p class=\"p1\">El <b>ZEN CAN 3<\/b> es una unidad de escritorio para aud\u00edfonos, dise\u00f1ada para entregar potencia real, control anal\u00f3gico, versatilidad y una experiencia auditiva refinada. No incluye conversi\u00f3n digital (DAC) interna; su enfoque est\u00e1 en amplificar se\u00f1ales anal\u00f3gicas con m\u00ednima coloraci\u00f3n, mientras integra modos de ecualizaci\u00f3n anal\u00f3gica (sin DSP digital) y soporte para tecnolog\u00edas futuras como xMEMS. Es ideal si ya cuentas con un DAC o fuente anal\u00f3gica confiable y busc\u00e1s una etapa que entregue m\u00fasculo, control tonal y opciones de ajuste finas.<\/p>\n<ul class=\"ul1\">\n<li class=\"li1\"><b>Potencia alta y rendimiento vers\u00e1til<\/b><br \/>\nPuede entregar hasta <b>2.000 mW en salida balanceada<\/b> y 1.600 mW en salida no balanceada, lo que le permite manejar auriculares exigentes y tambi\u00e9n IEMs con amplio margen.<span class=\"Apple-converted-space\">\u00a0<\/span><\/li>\n<li class=\"li1\"><b>Modos de ecualizaci\u00f3n anal\u00f3gica sin procesamiento digital<\/b><br \/>\nIncluye cinco modos totalmente anal\u00f3gicos: <b>XBass+<\/b> (refuerzo de graves), <b>XSpace<\/b> (ampliaci\u00f3n del espacio), combinaci\u00f3n XBass+ + XSpace, <b>Game<\/b> (resalta efectos sutiles para gaming) y <b>Movie<\/b> (mejora claridad del di\u00e1logo).<span class=\"Apple-converted-space\">\u00a0<\/span><\/li>\n<li class=\"li1\"><b>Compatibilidad xMEMS<\/b><br \/>\nIncluye modo xMEMS para auriculares \/ IEMs con tecnolog\u00eda de micromembranas, que suelen requerir niveles de voltaje elevados para rendimiento \u00f3ptimo.<span class=\"Apple-converted-space\">\u00a0<\/span><\/li>\n<li class=\"li1\"><b>Amplia conectividad anal\u00f3gica<\/b><br \/>\nEntradas seleccionables en trasera: <b>RCA est\u00e9reo (SE)<\/b>, <b>jack 3,5 mm SE<\/b>, y entrada <b>balanceada 4,4 mm<\/b>. Adem\u00e1s de salidas para auriculares: <b>balanceada 4,4 mm<\/b> y <b>single-ended 6,35 mm<\/b>.<span class=\"Apple-converted-space\">\u00a0<\/span><\/li>\n<li class=\"li1\"><b>Ganancia ajustable en 4 niveles<\/b><br \/>\nCuenta con interruptor de ganancia (0 dB, +6 dB, +12 dB, +18 dB) para adaptarse tanto a IEMs sensibles como a auriculares de alta impedancia.<span class=\"Apple-converted-space\">\u00a0<\/span><\/li>\n<li class=\"li1\"><b>Control de volumen 100 % anal\u00f3gico<\/b><br \/>\nUtiliza potenci\u00f3metro anal\u00f3gico (marca TOCOS) para preservar la integridad de la se\u00f1al sin conversi\u00f3n digital intermedia.<span class=\"Apple-converted-space\">\u00a0<\/span><\/li>\n<li class=\"li1\"><b>Dise\u00f1o robusto y est\u00e9tico \u201cZEN 3\u201d<\/b><br \/>\nCarcasa de aluminio con acabado moderno (dos tonos, textura combinada), botones met\u00e1licos bien integrados, dise\u00f1o frontal con botones distribuidos estil\u00edsticamente.<span class=\"Apple-converted-space\">\u00a0<\/span><\/li>\n<li class=\"li1\"><b>Buen manejo t\u00e9rmico y eficiencia energ\u00e9tica<\/b><br \/>\nConsumo t\u00edpico sin se\u00f1al: ~5 W. Con se\u00f1al m\u00e1xima: ~13 W.<\/li>\n<\/ul>\n","protected":false},"featured_media":5405,"template":"","meta":[],"product_cat":[139,19],"product_tag":[163,203,226,40,224],"_links":{"self":[{"href":"https:\/\/baflesoviedo.com\/home\/wp-json\/wp\/v2\/product\/5404"}],"collection":[{"href":"https:\/\/baflesoviedo.com\/home\/wp-json\/wp\/v2\/product"}],"about":[{"href":"https:\/\/baflesoviedo.com\/home\/wp-json\/wp\/v2\/types\/product"}],"wp:featuredmedia":[{"embeddable":true,"href":"https:\/\/baflesoviedo.com\/home\/wp-json\/wp\/v2\/media\/5405"}],"wp:attachment":[{"href":"https:\/\/baflesoviedo.com\/home\/wp-json\/wp\/v2\/media?parent=5404"}],"wp:term":[{"taxonomy":"product_cat","embeddable":true,"href":"https:\/\/baflesoviedo.com\/home\/wp-json\/wp\/v2\/product_cat?post=5404"},{"taxonomy":"product_tag","embeddable":true,"href":"https:\/\/baflesoviedo.com\/home\/wp-json\/wp\/v2\/product_tag?post=5404"}],"curies":[{"name":"wp","href":"https:\/\/api.w.org\/{rel}","templated":true}]}}