{"id":5408,"date":"2025-11-06T17:57:06","date_gmt":"2025-11-06T17:57:06","guid":{"rendered":"https:\/\/baflesoviedo.com\/home\/?post_type=product&#038;p=5408"},"modified":"2025-11-06T17:57:06","modified_gmt":"2025-11-06T17:57:06","slug":"ifi-itraveller-estuche-dac-portatil","status":"publish","type":"product","link":"https:\/\/baflesoviedo.com\/home\/product\/ifi-itraveller-estuche-dac-portatil\/","title":{"rendered":"iFi, iTraveller, Estuche DAC Port\u00e1til"},"content":{"rendered":"<p class=\"p1\"><b>Especificaciones T\u00e9cnicas:<\/b><\/p>\n<p><a href=\"https:\/\/ifi-audio.com\/collections\/all-products\/products\/itraveller\" target=\"_blank\" rel=\"noopener noreferrer\"><span style=\"color: #0000ff;\">Click aqu\u00ed para m\u00e1s informaci\u00f3n del producto.<\/span><\/a><\/p>\n","protected":false},"excerpt":{"rendered":"<p class=\"p1\">El <b>iTraveller<\/b> es un estuche multiprop\u00f3sito dise\u00f1ado especialmente para quienes llevan su audio de alto nivel a todas partes. Protege y organiza tus DACs port\u00e1tiles, amplificadores, IEMs, cables y accesorios con estilo, practicidad y seguridad.<\/p>\n<ul class=\"ul1\">\n<li class=\"li1\"><b>Protecci\u00f3n integral para tus dispositivos<\/b><br \/>\nInterior acolchado con particiones removibles protege frente a golpes y rozaduras al transportar el equipo.<span class=\"Apple-converted-space\">\u00a0<\/span><\/li>\n<li class=\"li1\"><b>Dise\u00f1o inteligente con opciones de cableado<\/b><br \/>\nPuertos dobles (superior e inferior) permiten pasar cables conectados sin abrir el estuche, incluso para jack de hasta 6,3 mm.<span class=\"Apple-converted-space\">\u00a0<\/span><\/li>\n<li class=\"li1\"><b>Organizaci\u00f3n modular y sin enredos<\/b><br \/>\nDiversos bolsillos de malla el\u00e1stica, correas tipo \u201cvelcro\u201d, compartimentos para IEMs, cables, adaptadores y fuente de energ\u00eda, para mantener todo en su lugar.<span class=\"Apple-converted-space\">\u00a0<\/span><\/li>\n<li class=\"li1\"><b>Exterior resistente y funcional<\/b><br \/>\nFabricado en nailon resistente al agua con cremalleras \u201cself-healing\u201d (auto-sellantes) para proteger contra humedad y polvo.<\/li>\n<li class=\"li1\"><b>Dise\u00f1o compacto y pr\u00e1ctico de transportar<\/b><br \/>\nMedidas de <b>135 \u00d7 190 \u00d7 50 mm<\/b> (5,4<span class=\"s1\">\u2033<\/span> \u00d7 7,5<span class=\"s1\">\u2033<\/span> \u00d7 2<span class=\"s1\">\u2033<\/span>), pensado para caber en mochilas o maletines sin sacrificar capacidad interna.<br \/>\nIncluye una correa de transporte desmontable para comodidad adicional.<span class=\"Apple-converted-space\">\u00a0<\/span><\/li>\n<li class=\"li1\"><b>Abertura tipo libro para acceso total<\/b><br \/>\nSe abre por completo para ver y sacar equipos f\u00e1cilmente sin tener que rebuscar en compartimentos escondidos.<span class=\"Apple-converted-space\">\u00a0<\/span><\/li>\n<\/ul>\n","protected":false},"featured_media":5409,"template":"","meta":[],"product_cat":[19],"product_tag":[225,57,40,224],"_links":{"self":[{"href":"https:\/\/baflesoviedo.com\/home\/wp-json\/wp\/v2\/product\/5408"}],"collection":[{"href":"https:\/\/baflesoviedo.com\/home\/wp-json\/wp\/v2\/product"}],"about":[{"href":"https:\/\/baflesoviedo.com\/home\/wp-json\/wp\/v2\/types\/product"}],"wp:featuredmedia":[{"embeddable":true,"href":"https:\/\/baflesoviedo.com\/home\/wp-json\/wp\/v2\/media\/5409"}],"wp:attachment":[{"href":"https:\/\/baflesoviedo.com\/home\/wp-json\/wp\/v2\/media?parent=5408"}],"wp:term":[{"taxonomy":"product_cat","embeddable":true,"href":"https:\/\/baflesoviedo.com\/home\/wp-json\/wp\/v2\/product_cat?post=5408"},{"taxonomy":"product_tag","embeddable":true,"href":"https:\/\/baflesoviedo.com\/home\/wp-json\/wp\/v2\/product_tag?post=5408"}],"curies":[{"name":"wp","href":"https:\/\/api.w.org\/{rel}","templated":true}]}}