{"id":541,"date":"2020-04-23T15:48:10","date_gmt":"2020-04-23T15:48:10","guid":{"rendered":"https:\/\/baflesoviedo.com\/home\/?post_type=product&#038;p=541"},"modified":"2023-10-21T03:51:50","modified_gmt":"2023-10-21T03:51:50","slug":"sonos-one-altavoz-inalambrico-wifi","status":"publish","type":"product","link":"https:\/\/baflesoviedo.com\/home\/product\/sonos-one-altavoz-inalambrico-wifi\/","title":{"rendered":"Sonos, One, Altavoz Inal\u00e1mbrico WiFi"},"content":{"rendered":"<p>&nbsp;<\/p>\n<p><strong>Especificaciones<\/strong><\/p>\n<table width=\"1032\">\n<tbody>\n<tr>\n<td width=\"289\">Audio<\/td>\n<td width=\"743\">Dos amplificadores digitales de clase D perfectamente ajustados para combinar con los controladores de los altavoces y la arquitectura ac\u00fastica.<\/td>\n<\/tr>\n<tr>\n<td width=\"289\"><\/td>\n<td width=\"743\">El timbre de audio receptivo le permite saber que Sonos One lo ha escuchado y est\u00e1 trabajando en una respuesta.<\/td>\n<\/tr>\n<tr>\n<td width=\"289\"><\/td>\n<td width=\"743\">Conjunto de micr\u00f3fonos de campo lejano, utilizado para captura de voz inteligente y cancelaci\u00f3n de ruido.<\/td>\n<\/tr>\n<tr>\n<td width=\"289\"><\/td>\n<td width=\"743\">Un tweeter crea una respuesta de alta frecuencia n\u00edtida y clara.<\/td>\n<\/tr>\n<tr>\n<td width=\"289\"><\/td>\n<td width=\"743\">Un altavoz de graves medio asegura que escuchar\u00e1 la reproducci\u00f3n fiel de frecuencias vocales de rango medio m\u00e1s graves profundos y ricos.<\/td>\n<\/tr>\n<tr>\n<td width=\"289\">Dimensiones<\/td>\n<td width=\"743\"><\/td>\n<\/tr>\n<tr>\n<td width=\"289\">Dimensiones: alto x ancho x profundidad<\/td>\n<td width=\"743\">6,36 x 4,69 x 4,69 pulgadas (161,45 x 119,7 x 119,7 mm).<\/td>\n<\/tr>\n<tr>\n<td width=\"289\">Producto acabado<\/td>\n<td width=\"743\">Blanco con rejilla blanca mate; negro con rejilla negra mate.<\/td>\n<\/tr>\n<tr>\n<td width=\"289\">Caracter\u00edsticas del panel superior<\/td>\n<td width=\"743\">Controles t\u00e1ctiles capacitivos para subir \/ bajar el volumen, pista anterior \/ siguiente, reproducci\u00f3n \/ pausa, silencio del micr\u00f3fono. El LED indica el estado, el estado de silencio y la respuesta de voz.<\/td>\n<\/tr>\n<tr>\n<td width=\"289\">Privacidad completa<\/td>\n<td width=\"743\">Una luz indicadora LED iluminada asegura que siempre est\u00e9 atento cuando el micr\u00f3fono del altavoz est\u00e1 activo.<\/td>\n<\/tr>\n<tr>\n<td width=\"289\">Peso<\/td>\n<td width=\"743\">4.08 libras (1,85 kg).<\/td>\n<\/tr>\n<tr>\n<td width=\"289\">Energ\u00eda y redes<\/td>\n<td width=\"743\"><\/td>\n<\/tr>\n<tr>\n<td width=\"289\">Puerto Ethernet<\/td>\n<td width=\"743\">Un puerto Ethernet de 10\/100 Mbps. Conecte directamente a su enrutador para operar su Sonos si el WiFi es inestable.<\/td>\n<\/tr>\n<tr>\n<td width=\"289\">Fuente de alimentaci\u00f3n<\/td>\n<td width=\"743\">Conmutaci\u00f3n autom\u00e1tica de 100-240 V, entrada universal de CA de 50-60 Hz.<\/td>\n<\/tr>\n<tr>\n<td width=\"289\">WiFi, no Bluetooth<\/td>\n<td width=\"743\">Se conecta a la red WiFi de su hogar con cualquier enrutador 802.11b \/ g con capacidad de transmisi\u00f3n de 2.4 GHz para una transmisi\u00f3n inal\u00e1mbrica ininterrumpida.<\/td>\n<\/tr>\n<tr>\n<td width=\"289\">Apple AirPlay 2<\/td>\n<td width=\"743\">Funciona con AirPlay 2 en dispositivos Apple iOS 11.4 y superior.<\/td>\n<\/tr>\n<\/tbody>\n<\/table>\n<p><a href=\"https:\/\/www.sonos.com\/en-us\/shop\/one.html\" target=\"_blank\" rel=\"noopener noreferrer\"><span style=\"color: #0000ff;\">Click aqu\u00ed para m\u00e1s informaci\u00f3n del producto<\/span><\/a><\/p>\n","protected":false},"excerpt":{"rendered":"<p>El potente altavoz inteligente con control de voz incorporado.<\/p>\n<p>Obtenga un sonido rico y envolvente con Sonos One y contr\u00f3lelo con su voz, la aplicaci\u00f3n Sonos, Apple AirPlay 2 y m\u00e1s.<\/p>\n","protected":false},"featured_media":551,"template":"","meta":[],"product_cat":[22],"product_tag":[31,74,78,73],"_links":{"self":[{"href":"https:\/\/baflesoviedo.com\/home\/wp-json\/wp\/v2\/product\/541"}],"collection":[{"href":"https:\/\/baflesoviedo.com\/home\/wp-json\/wp\/v2\/product"}],"about":[{"href":"https:\/\/baflesoviedo.com\/home\/wp-json\/wp\/v2\/types\/product"}],"wp:featuredmedia":[{"embeddable":true,"href":"https:\/\/baflesoviedo.com\/home\/wp-json\/wp\/v2\/media\/551"}],"wp:attachment":[{"href":"https:\/\/baflesoviedo.com\/home\/wp-json\/wp\/v2\/media?parent=541"}],"wp:term":[{"taxonomy":"product_cat","embeddable":true,"href":"https:\/\/baflesoviedo.com\/home\/wp-json\/wp\/v2\/product_cat?post=541"},{"taxonomy":"product_tag","embeddable":true,"href":"https:\/\/baflesoviedo.com\/home\/wp-json\/wp\/v2\/product_tag?post=541"}],"curies":[{"name":"wp","href":"https:\/\/api.w.org\/{rel}","templated":true}]}}