{"id":5418,"date":"2025-11-06T18:25:35","date_gmt":"2025-11-06T18:25:35","guid":{"rendered":"https:\/\/baflesoviedo.com\/home\/?post_type=product&#038;p=5418"},"modified":"2025-11-06T18:25:37","modified_gmt":"2025-11-06T18:25:37","slug":"ifi-idsd-valkyrie-dac-amplificador-portatil","status":"publish","type":"product","link":"https:\/\/baflesoviedo.com\/home\/product\/ifi-idsd-valkyrie-dac-amplificador-portatil\/","title":{"rendered":"iFi, iDSD Valkyrie, DAC\/Amplificador Port\u00e1til"},"content":{"rendered":"<p class=\"p1\"><b>Especificaciones T\u00e9cnicas:<\/b><\/p>\n<table class=\"t1\" cellspacing=\"0\" cellpadding=\"0\">\n<tbody>\n<tr>\n<td class=\"td1\" valign=\"middle\">\n<p class=\"p3\"><span class=\"s1\"><b>ANALOGUE INPUTS<\/b><\/span><\/p>\n<\/td>\n<td class=\"td1\" valign=\"middle\">\n<p class=\"p4\">Balanced 4.4mm<span class=\"Apple-converted-space\">\u00a0<\/span><\/p>\n<p class=\"p3\"><span class=\"s1\">Single-Ended 3.5mm<\/span><\/p>\n<\/td>\n<\/tr>\n<tr>\n<td class=\"td2\" valign=\"middle\">\n<p class=\"p3\"><span class=\"s1\"><b>ANALOGUE OUTPUTS<\/b><\/span><\/p>\n<\/td>\n<td class=\"td2\" valign=\"middle\">\n<p class=\"p4\">Balanced 4.4mm<span class=\"Apple-converted-space\">\u00a0<\/span><\/p>\n<p class=\"p4\">2x Single-Ended 3.5mm<span class=\"Apple-converted-space\">\u00a0<\/span><\/p>\n<p class=\"p3\"><span class=\"s1\">RCA<\/span><\/p>\n<\/td>\n<\/tr>\n<tr>\n<td class=\"td3\" valign=\"middle\">\n<p class=\"p3\"><span class=\"s1\"><b>BATTERY<\/b><\/span><\/p>\n<\/td>\n<td class=\"td3\" valign=\"middle\">\n<p class=\"p3\"><span class=\"s1\">Lithium-Polymer 20,000mAh<\/span><\/p>\n<\/td>\n<\/tr>\n<tr>\n<td class=\"td4\" valign=\"middle\">\n<p class=\"p3\"><span class=\"s1\"><b>BLUETOOTH FORMATS<\/b><\/span><\/p>\n<\/td>\n<td class=\"td4\" valign=\"middle\">\n<p class=\"p4\">aptX Lossless<span class=\"Apple-converted-space\">\u00a0<\/span><\/p>\n<p class=\"p4\">aptX Adaptive<span class=\"Apple-converted-space\">\u00a0<\/span><\/p>\n<p class=\"p4\">aptX<span class=\"Apple-converted-space\">\u00a0<\/span><\/p>\n<p class=\"p4\">LDAC<span class=\"Apple-converted-space\">\u00a0<\/span><\/p>\n<p class=\"p4\">LHDC\/HWA<span class=\"Apple-converted-space\">\u00a0<\/span><\/p>\n<p class=\"p4\">AAC<span class=\"Apple-converted-space\">\u00a0<\/span><\/p>\n<p class=\"p3\"><span class=\"s1\">SBC<\/span><\/p>\n<\/td>\n<\/tr>\n<tr>\n<td class=\"td5\" valign=\"middle\">\n<p class=\"p3\"><span class=\"s1\"><b>CHARGING<\/b><\/span><\/p>\n<\/td>\n<td class=\"td5\" valign=\"middle\">\n<p class=\"p4\">PD\/QC3.0 @ 20V;<span class=\"Apple-converted-space\">\u00a0<\/span><\/p>\n<p class=\"p3\"><span class=\"s1\">QC2.0 @ 5-12V<\/span><\/p>\n<\/td>\n<\/tr>\n<tr>\n<td class=\"td6\" valign=\"middle\">\n<p class=\"p3\"><span class=\"s1\"><b>DIGITAL FILTERS<\/b><\/span><\/p>\n<\/td>\n<td class=\"td6\" valign=\"middle\">\n<p class=\"p4\">Bit Perfect<span class=\"Apple-converted-space\">\u00a0<\/span><\/p>\n<p class=\"p4\">Standard<span class=\"Apple-converted-space\">\u00a0<\/span><\/p>\n<p class=\"p4\">Minimum<span class=\"Apple-converted-space\">\u00a0<\/span><\/p>\n<p class=\"p4\">GTO<span class=\"Apple-converted-space\">\u00a0<\/span><\/p>\n<p class=\"p4\">Apodising<span class=\"Apple-converted-space\">\u00a0<\/span><\/p>\n<p class=\"p4\">Transient Aligned<span class=\"Apple-converted-space\">\u00a0<\/span><\/p>\n<p class=\"p4\">\u2018K2\u2019 mode<span class=\"Apple-converted-space\">\u00a0<\/span><\/p>\n<p class=\"p3\"><span class=\"s1\">\u2018K2HD\u2019 mode<\/span><\/p>\n<\/td>\n<\/tr>\n<tr>\n<td class=\"td7\" valign=\"middle\">\n<p class=\"p3\"><span class=\"s1\"><b>DIGITAL INPUTS<\/b><\/span><\/p>\n<\/td>\n<td class=\"td7\" valign=\"middle\">\n<p class=\"p4\">USB-C<span class=\"Apple-converted-space\">\u00a0<\/span><\/p>\n<p class=\"p4\">S\/PDIF (Coaxial\/Optical)<span class=\"Apple-converted-space\">\u00a0<\/span><\/p>\n<p class=\"p3\"><span class=\"s1\">Bluetooth 5.4<\/span><\/p>\n<\/td>\n<\/tr>\n<tr>\n<td class=\"td8\" valign=\"middle\">\n<p class=\"p3\"><span class=\"s1\"><b>DIMENSIONS<\/b><\/span><\/p>\n<\/td>\n<td class=\"td8\" valign=\"middle\">\n<p class=\"p4\">172 x 160 x 30mm<span class=\"Apple-converted-space\">\u00a0<\/span><\/p>\n<p class=\"p3\"><span class=\"s1\">(6.8 x 6.3 x 1.2\u201d)<\/span><\/p>\n<\/td>\n<\/tr>\n<tr>\n<td class=\"td1\" valign=\"middle\">\n<p class=\"p3\"><span class=\"s1\"><b>DNR<\/b><\/span><\/p>\n<\/td>\n<td class=\"td1\" valign=\"middle\">\n<p class=\"p4\"><b>Line Output<\/b><\/p>\n<p class=\"p3\"><span class=\"s1\">116dBA<\/span><\/p>\n<\/td>\n<\/tr>\n<tr>\n<td class=\"td8\" valign=\"middle\">\n<p class=\"p3\"><span class=\"s1\"><b>HEADPHONE OUTPUT MAX<\/b><\/span><\/p>\n<\/td>\n<td class=\"td8\" valign=\"middle\">\n<p class=\"p4\">Balanced 4.4mm<span class=\"Apple-converted-space\">\u00a0<\/span><\/p>\n<p class=\"p3\"><span class=\"s1\">S-Balanced 3.5mm<\/span><\/p>\n<\/td>\n<\/tr>\n<tr>\n<td class=\"td1\" valign=\"middle\">\n<p class=\"p3\"><span class=\"s1\"><b>HI-RES SUPPORT<\/b><\/span><\/p>\n<\/td>\n<td class=\"td1\" valign=\"middle\">\n<p class=\"p4\">PCM 768kHz<span class=\"Apple-converted-space\">\u00a0<\/span><\/p>\n<p class=\"p3\"><span class=\"s1\">Native DSD512, with DSD1024 Remastering<\/span><\/p>\n<\/td>\n<\/tr>\n<tr>\n<td class=\"td9\" valign=\"middle\">\n<p class=\"p3\"><span class=\"s1\"><b>LIMITED WARRANTY<\/b><\/span><\/p>\n<\/td>\n<td class=\"td9\" valign=\"middle\">\n<p class=\"p3\"><span class=\"s1\">12 months*<\/span><\/p>\n<\/td>\n<\/tr>\n<tr>\n<td class=\"td10\" valign=\"middle\">\n<p class=\"p3\"><span class=\"s1\"><b>MAXIMUM OUTPUT POWER<\/b><\/span><\/p>\n<\/td>\n<td class=\"td10\" valign=\"middle\">\n<p class=\"p4\"><b>Headphone Section<\/b><\/p>\n<p class=\"p4\"><b>4.4mm:<\/b><\/p>\n<p class=\"p4\">13.5V\/5,700mW (@32\u03a9);<span class=\"Apple-converted-space\">\u00a0<\/span><\/p>\n<p class=\"p4\">19.6V\/640mW (@600\u03a9)<span class=\"Apple-converted-space\">\u00a0<\/span><\/p>\n<p class=\"p4\"><b>3.5mm:<\/b><\/p>\n<p class=\"p4\">8.9V\/2,475mW (@32\u03a9);<span class=\"Apple-converted-space\">\u00a0<\/span><\/p>\n<p class=\"p3\"><span class=\"s1\">9.8V\/160mW (@600\u03a9)<\/span><\/p>\n<\/td>\n<\/tr>\n<tr>\n<td class=\"td9\" valign=\"middle\">\n<p class=\"p3\"><span class=\"s1\"><b>NET WEIGHT<\/b><\/span><\/p>\n<\/td>\n<td class=\"td9\" valign=\"middle\">\n<p class=\"p3\"><span class=\"s1\">882g (1.94 lbs)<\/span><\/p>\n<\/td>\n<\/tr>\n<tr>\n<td class=\"td11\" valign=\"middle\">\n<p class=\"p3\"><span class=\"s1\"><b>OUTPUT IMPEDANCE<\/b><\/span><\/p>\n<\/td>\n<td class=\"td11\" valign=\"middle\">\n<p class=\"p4\"><b>Headphone Section<\/b><\/p>\n<p class=\"p4\">\u22640.3\u03a9 via 4.4mm;<span class=\"Apple-converted-space\">\u00a0<\/span><\/p>\n<p class=\"p4\">\u22640.2\u03a9 via 3.5mm<span class=\"Apple-converted-space\">\u00a0<\/span><\/p>\n<p class=\"p4\"><b>Line Output<\/b><\/p>\n<p class=\"p4\">205\u03a9 via 4.4mm;<span class=\"Apple-converted-space\">\u00a0<\/span><\/p>\n<p class=\"p3\"><span class=\"s1\">105\u03a9 via 3.5mm<\/span><\/p>\n<\/td>\n<\/tr>\n<tr>\n<td class=\"td12\" valign=\"middle\">\n<p class=\"p3\"><span class=\"s1\"><b>POWER CONSUMPTION<\/b><\/span><\/p>\n<\/td>\n<td class=\"td12\" valign=\"middle\">\n<p class=\"p4\">Nitro 13W<span class=\"Apple-converted-space\">\u00a0<\/span><\/p>\n<p class=\"p4\">Turbo 6.5W<span class=\"Apple-converted-space\">\u00a0<\/span><\/p>\n<p class=\"p4\">Normal 3.5W<span class=\"Apple-converted-space\">\u00a0<\/span><\/p>\n<p class=\"p3\"><span class=\"s1\">xMEMS \u22646.1W<\/span><\/p>\n<\/td>\n<\/tr>\n<tr>\n<td class=\"td13\" valign=\"middle\">\n<p class=\"p3\"><span class=\"s1\"><b>RMS OUTPUT POWER<\/b><\/span><\/p>\n<\/td>\n<td class=\"td13\" valign=\"middle\">\n<p class=\"p4\"><b>Headphone Section<\/b><\/p>\n<p class=\"p4\"><b>4.4mm:<\/b><\/p>\n<p class=\"p4\">12.0V\/2,250mW (@64\u03a9);<span class=\"Apple-converted-space\">\u00a0<\/span><\/p>\n<p class=\"p4\">19.6V\/640mW (@600\u03a9)<span class=\"Apple-converted-space\">\u00a0<\/span><\/p>\n<p class=\"p4\"><b>3.5mm:<\/b><\/p>\n<p class=\"p4\">8.5V\/2,258mW (@32\u03a9);<span class=\"Apple-converted-space\">\u00a0<\/span><\/p>\n<p class=\"p3\"><span class=\"s1\">9.8V\/160mW (@600\u03a9)<\/span><\/p>\n<\/td>\n<\/tr>\n<tr>\n<td class=\"td14\" valign=\"middle\">\n<p class=\"p3\"><span class=\"s1\"><b>SNR<\/b><\/span><\/p>\n<\/td>\n<td class=\"td14\" valign=\"middle\">\n<p class=\"p4\"><b>Line Output<\/b><span class=\"Apple-converted-space\">\u00a0<\/span><\/p>\n<p class=\"p3\"><span class=\"s1\">116dBA<\/span><\/p>\n<\/td>\n<\/tr>\n<tr>\n<td class=\"td5\" valign=\"middle\">\n<p class=\"p3\"><span class=\"s1\"><b>THD+N<\/b><\/span><\/p>\n<\/td>\n<td class=\"td5\" valign=\"middle\">\n<p class=\"p4\"><b>Line Output<\/b><span class=\"Apple-converted-space\">\u00a0<\/span><\/p>\n<p class=\"p3\"><span class=\"s1\">0.002% (20-20kHz)<\/span><\/p>\n<\/td>\n<\/tr>\n<\/tbody>\n<\/table>\n<p><a href=\"https:\/\/ifi-audio.com\/products\/idsd-valkyrie?variant=52027479261521\" target=\"_blank\" rel=\"noopener noreferrer\"><span style=\"color: #0000ff;\">Click aqu\u00ed para m\u00e1s informaci\u00f3n del producto.<\/span><\/a><\/p>\n","protected":false},"excerpt":{"rendered":"<p class=\"p1\">El <b>iDSD Valkyrie<\/b> es el nuevo tope de l\u00ednea port\u00e1til (o mejor dicho \u201ctransportable\u201d) de iFi: dise\u00f1ado para ofrecer potencia brutal, flexibilidad total, funciones de alta gama y sonido sin concesiones. Es perfecto para quienes quieren rendimiento de escritorio en un formato \u201cmanejable\u201d, apoyado por bater\u00eda de larga duraci\u00f3n, conectividad moderna y opciones de ecualizaci\u00f3n ricas.<\/p>\n<ul class=\"ul1\">\n<li class=\"li1\"><b>Potencia extrema con arquitectura de 4 DACs<\/b><br \/>\nEntrega picos de hasta <b>5.700 mW<\/b>, suficiente para mover pr\u00e1cticamente cualquier auricular del mercado.<br \/>\nOfrece modos de potencia (Normal, Turbo, Nitro) para adaptarse a IEMs sensibles o cascos exigentes.<span class=\"Apple-converted-space\">\u00a0<\/span><\/li>\n<li class=\"li1\"><b>Bater\u00eda de alta capacidad + carga r\u00e1pida<\/b><br \/>\nIntegra bater\u00eda de <b>20.000 mAh<\/b> con autonom\u00eda de hasta ~ 18 horas.<br \/>\nRecarga r\u00e1pida v\u00eda USB-C con soporte para QuickCharge (QC3.0 20 V o QC2.0 5-12 V).<span class=\"Apple-converted-space\">\u00a0<\/span><\/li>\n<li class=\"li1\"><b>Conectividad digital y anal\u00f3gica completa<\/b><br \/>\nEntradas: USB-C, S\/PDIF \u00f3ptico\/coaxial.<br \/>\nEntradas anal\u00f3gicas: 4,4 mm balanceada y 3,5 mm SE.<br \/>\nSalidas de l\u00ednea: 4,4 mm balanceada, 3,5 mm, RCA.<br \/>\nSalidas de aud\u00edfonos: 4,4 mm balanceada y 3,5 mm <b>S-Balanced<\/b>.<span class=\"Apple-converted-space\">\u00a0<\/span><\/li>\n<li class=\"li1\"><b>Bluetooth 5.4 con aptX Lossless y otros codecs<\/b><br \/>\nPermite streaming inal\u00e1mbrico de alta fidelidad con p\u00e9rdida m\u00ednima.<span class=\"Apple-converted-space\">\u00a0<\/span><\/li>\n<li class=\"li1\"><b>Procesamiento digital avanzado y remuestreo DSD 1024<\/b><br \/>\nSoporta PCM hasta 768 kHz, DSD nativo hasta DSD512 y remuestreo hasta DSD1024.<br \/>\nIncluye filtros digitales m\u00faltiples (Bit Perfect, Minimum, GTO, Apodising, Transient Aligned) y tecnolog\u00edas K2\/K2HD para enriquecer grabaciones digitales.<span class=\"Apple-converted-space\">\u00a0<\/span><\/li>\n<li class=\"li1\"><b>Ecualizaci\u00f3n anal\u00f3gica (no DSP)<\/b><br \/>\nFunciones XBass II, XSpace y XPresence permiten ajustes tonales sin degradar la se\u00f1al digital.<span class=\"Apple-converted-space\">\u00a0<\/span><\/li>\n<li class=\"li1\"><b>Modo xMEMS compatible<\/b><br \/>\nFuncionalidad dise\u00f1ada para IEMs de tecnolog\u00eda emergente xMEMS, con capacidad de voltaje elevado.<span class=\"Apple-converted-space\">\u00a0<\/span><\/li>\n<li class=\"li1\"><b>Dise\u00f1o audaz, est\u00e9tico y funcional<\/b><br \/>\nCarcasa con est\u00e9tica de \u201calas de Valkyrie\u201d, pantalla de estado, botones bien distribuidos, y un tama\u00f1o notable para su clase (~ 172 \u00d7 160 \u00d7 30 mm).<span class=\"Apple-converted-space\">\u00a0<\/span><\/li>\n<li class=\"li1\"><b>Construcci\u00f3n premium y usabilidad<\/b><br \/>\nEstructura robusta, componentes de clase audi\u00f3fila, rutas de se\u00f1al aisladas, paneles bien acabados y controles firmes.<span class=\"Apple-converted-space\">\u00a0<\/span><\/li>\n<\/ul>\n","protected":false},"featured_media":5419,"template":"","meta":[],"product_cat":[19],"product_tag":[163,226,225,80,57,40,224],"_links":{"self":[{"href":"https:\/\/baflesoviedo.com\/home\/wp-json\/wp\/v2\/product\/5418"}],"collection":[{"href":"https:\/\/baflesoviedo.com\/home\/wp-json\/wp\/v2\/product"}],"about":[{"href":"https:\/\/baflesoviedo.com\/home\/wp-json\/wp\/v2\/types\/product"}],"wp:featuredmedia":[{"embeddable":true,"href":"https:\/\/baflesoviedo.com\/home\/wp-json\/wp\/v2\/media\/5419"}],"wp:attachment":[{"href":"https:\/\/baflesoviedo.com\/home\/wp-json\/wp\/v2\/media?parent=5418"}],"wp:term":[{"taxonomy":"product_cat","embeddable":true,"href":"https:\/\/baflesoviedo.com\/home\/wp-json\/wp\/v2\/product_cat?post=5418"},{"taxonomy":"product_tag","embeddable":true,"href":"https:\/\/baflesoviedo.com\/home\/wp-json\/wp\/v2\/product_tag?post=5418"}],"curies":[{"name":"wp","href":"https:\/\/api.w.org\/{rel}","templated":true}]}}