{"id":5427,"date":"2025-11-06T18:42:51","date_gmt":"2025-11-06T18:42:51","guid":{"rendered":"https:\/\/baflesoviedo.com\/home\/?post_type=product&#038;p=5427"},"modified":"2025-11-06T18:42:52","modified_gmt":"2025-11-06T18:42:52","slug":"ifi-ican-phantom-amplificador-audifonos","status":"publish","type":"product","link":"https:\/\/baflesoviedo.com\/home\/product\/ifi-ican-phantom-amplificador-audifonos\/","title":{"rendered":"iFi, iCAN Phantom, Amplificador Aud\u00edfonos"},"content":{"rendered":"<p class=\"p1\"><b>Especificaciones T\u00e9cnicas:<\/b><\/p>\n<table class=\"t1\" cellspacing=\"0\" cellpadding=\"0\">\n<tbody>\n<tr>\n<td class=\"td1\" valign=\"middle\">\n<p class=\"p3\"><span class=\"s1\"><b>DIMENSIONS<\/b><\/span><\/p>\n<\/td>\n<td class=\"td1\" valign=\"middle\">\n<p class=\"p3\"><span class=\"s1\">256 \u00d7 185 \u00d7 120 mm (10.1&#8243; x 7.3&#8243; \u00d7 4.7&#8243;)<\/span><\/p>\n<\/td>\n<\/tr>\n<tr>\n<td class=\"td2\" valign=\"middle\">\n<p class=\"p3\"><span class=\"s1\"><b>ESL OUTPUT VOLTAGE<\/b><\/span><\/p>\n<\/td>\n<td class=\"td2\" valign=\"middle\">\n<p class=\"p4\">Custom\/Pro640V RMS max<\/p>\n<p class=\"p3\"><span class=\"s1\">Normal320V RMS max.<\/span><\/p>\n<\/td>\n<\/tr>\n<tr>\n<td class=\"td3\" valign=\"middle\">\n<p class=\"p3\"><span class=\"s1\"><b>FREQUENCY RESPONSE<\/b><\/span><\/p>\n<\/td>\n<td class=\"td3\" valign=\"middle\">\n<p class=\"p3\"><span class=\"s1\">0.5Hz to 500kHz(-3dB)<\/span><\/p>\n<\/td>\n<\/tr>\n<tr>\n<td class=\"td4\" valign=\"middle\">\n<p class=\"p3\"><span class=\"s1\"><b>GAIN<\/b><\/span><\/p>\n<\/td>\n<td class=\"td4\" valign=\"middle\">\n<p class=\"p3\"><span class=\"s1\">0dB, 9dB and 18dB user-selectable<\/span><\/p>\n<\/td>\n<\/tr>\n<tr>\n<td class=\"td5\" valign=\"middle\">\n<p class=\"p3\"><span class=\"s1\"><b>INPUT VOLTAGE<\/b><\/span><\/p>\n<\/td>\n<td class=\"td5\" valign=\"middle\">\n<p class=\"p3\"><span class=\"s1\">DC 12V\/4A or 15V\/3A (Phantom iCAN)<\/span><\/p>\n<\/td>\n<\/tr>\n<tr>\n<td class=\"td6\" valign=\"middle\">\n<p class=\"p3\"><span class=\"s1\"><b>LIMITED WARRANTY<\/b><\/span><\/p>\n<\/td>\n<td class=\"td6\" valign=\"middle\">\n<p class=\"p3\"><span class=\"s1\">12 months<\/span><\/p>\n<\/td>\n<\/tr>\n<tr>\n<td class=\"td1\" valign=\"middle\">\n<p class=\"p3\"><span class=\"s1\"><b>MAXIMUM OUTPUT POWER<\/b><\/span><\/p>\n<\/td>\n<td class=\"td1\" valign=\"middle\">\n<p class=\"p4\">Balanced&gt;15,000mW (@ 16\u03a9)<\/p>\n<p class=\"p3\"><span class=\"s1\">UnBAL&gt;5,760mW (@ 16\u03a9)<\/span><\/p>\n<\/td>\n<\/tr>\n<tr>\n<td class=\"td2\" valign=\"middle\">\n<p class=\"p3\"><span class=\"s1\"><b>MAXIMUM OUTPUT VOLTAGE<\/b><\/span><\/p>\n<\/td>\n<td class=\"td2\" valign=\"middle\">\n<p class=\"p4\">Balanced&gt;27.0V (@ 600\u03a9)<\/p>\n<p class=\"p3\"><span class=\"s1\">UnBAL&gt;14.0V (@600\u03a9)<\/span><\/p>\n<\/td>\n<\/tr>\n<tr>\n<td class=\"td3\" valign=\"middle\">\n<p class=\"p3\"><span class=\"s1\"><b>NET WEIGHT<\/b><\/span><\/p>\n<\/td>\n<td class=\"td3\" valign=\"middle\">\n<p class=\"p3\"><span class=\"s1\">4.2 kg (9.3 Ibs)<\/span><\/p>\n<\/td>\n<\/tr>\n<tr>\n<td class=\"td7\" valign=\"middle\">\n<p class=\"p3\"><span class=\"s1\"><b>POWER CONSUMPTION<\/b><\/span><\/p>\n<\/td>\n<td class=\"td7\" valign=\"middle\">\n<p class=\"p3\"><span class=\"s1\">&lt; 27W idle, 75W max<\/span><\/p>\n<\/td>\n<\/tr>\n<tr>\n<td class=\"td1\" valign=\"middle\">\n<p class=\"p3\"><span class=\"s1\"><b>RMS OUTPUT POWER<\/b><\/span><\/p>\n<\/td>\n<td class=\"td1\" valign=\"middle\">\n<p class=\"p4\">Balanced&gt;9,030mW (@ 32\u03a9)<\/p>\n<p class=\"p3\"><span class=\"s1\">UnBAL&gt;3,120mW (@ 32\u03a9)<\/span><\/p>\n<\/td>\n<\/tr>\n<tr>\n<td class=\"td4\" valign=\"middle\">\n<p class=\"p3\"><span class=\"s1\"><b>SNR<\/b><\/span><\/p>\n<\/td>\n<td class=\"td4\" valign=\"middle\">\n<p class=\"p4\">Balanced&gt;145dB(A)<\/p>\n<p class=\"p3\"><span class=\"s1\">UnBAL&gt; 130dB(A)<\/span><\/p>\n<\/td>\n<\/tr>\n<tr>\n<td class=\"td8\" valign=\"middle\">\n<p class=\"p3\"><span class=\"s1\"><b>THD+N<\/b><\/span><\/p>\n<\/td>\n<td class=\"td8\" valign=\"middle\">\n<p class=\"p4\"><b>Solid state<\/b><span class=\"Apple-converted-space\">\u00a0<\/span><\/p>\n<p class=\"p4\">Balanced: \u22640.0015%<span class=\"Apple-converted-space\">\u00a0<\/span><\/p>\n<p class=\"p4\">Unbal: \u22640.007%<\/p>\n<p class=\"p4\"><b>Tube<\/b><span class=\"Apple-converted-space\">\u00a0<\/span><\/p>\n<p class=\"p4\">Balanced: \u22640.002%<span class=\"Apple-converted-space\">\u00a0<\/span><\/p>\n<p class=\"p4\">Unbal: \u22640.006%<\/p>\n<p class=\"p4\"><b>Tube plus<\/b><span class=\"Apple-converted-space\">\u00a0<\/span><\/p>\n<p class=\"p4\">Balanced: \u22640.012%<span class=\"Apple-converted-space\">\u00a0<\/span><\/p>\n<p class=\"p3\"><span class=\"s1\">Unbal: \u22640.2%<\/span><\/p>\n<\/td>\n<\/tr>\n<\/tbody>\n<\/table>\n<p><a href=\"https:\/\/ifi-audio.com\/collections\/all-products\/products\/ican-phantom\" target=\"_blank\" rel=\"noopener noreferrer\"><span style=\"color: #0000ff;\">Click aqu\u00ed para m\u00e1s informaci\u00f3n del producto.<\/span><\/a><\/p>\n","protected":false},"excerpt":{"rendered":"<p class=\"p1\">El <b>iCAN Phantom<\/b> es la c\u00faspide de la l\u00ednea iFi en amplificadores anal\u00f3gicos: combina un dise\u00f1o h\u00edbrido (estado s\u00f3lido + tubos) con una arquitectura completamente diferencial, capacidades de preamplificador, y un energizador interno para aud\u00edfonos electrost\u00e1ticos. Dise\u00f1ado para poder manejar cualquier tipo de auricular\u2014desde IEMs sensibles hasta grandes din\u00e1micos, planars y modelos electrost\u00e1ticos\u2014con control, versatilidad y clase.<\/p>\n<ul class=\"ul1\">\n<li class=\"li1\"><b>Potencia monstruosa<\/b><br \/>\nCapaz de entregar m\u00e1s de <b>15.000 mW en salidas balanceadas<\/b>, y m\u00e1s de <b>5.760 mW en modo no balanceado<\/b>.<br \/>\nEn modo single-ended puede emitir &gt; 14 V; en modo balanceado puede superar los 27 V.<br \/>\nPara aud\u00edfonos electrost\u00e1ticos, ofrece bias de hasta 640 V.<span class=\"Apple-converted-space\">\u00a0<\/span><\/li>\n<li class=\"li1\"><b>Dos etapas de entrada: estado s\u00f3lido y tubos (conmutables en tiempo real)<\/b><br \/>\nPuedes cambiar entre \u201cSS\u201d (estado s\u00f3lido), \u201cTube\u201d (modo que introduce car\u00e1cter de v\u00e1lvula) y \u201cTube+\u201d (mayor \u00e9nfasis en el car\u00e1cter de tubos) mientras escuchas.<span class=\"Apple-converted-space\">\u00a0<\/span><\/li>\n<li class=\"li1\"><b>Energizador electrost\u00e1tico integrado (modo iESL \u201cPro \/ Custom Bias\u201d)<\/b><br \/>\nNo necesitas un m\u00f3dulo externo para alimentar aud\u00edfonos electrost\u00e1ticos: el iCAN Phantom suministra bias ajustable (500 V a 640 V) con tarjetas de voltaje intercambiables.<span class=\"Apple-converted-space\">\u00a0<\/span><\/li>\n<li class=\"li1\"><b>Funci\u00f3n de preamplificador<\/b><br \/>\nTambi\u00e9n puede usarse como preamplificador de se\u00f1al para alimentar etapas de potencia o altavoces con salidas RCA \/ balanceadas XLR.<span class=\"Apple-converted-space\">\u00a0<\/span><\/li>\n<li class=\"li1\"><b>Controles tonales anal\u00f3gicos: XBass y XSpace<\/b><br \/>\nPuedes aplicar refuerzo de graves o expandir la espacialidad de forma anal\u00f3gica sin procesamiento digital que degrade la se\u00f1al.<span class=\"Apple-converted-space\">\u00a0<\/span><\/li>\n<li class=\"li1\"><b>Selecci\u00f3n de ganancia e impedancia + iEMatch<\/b><br \/>\nTiene ajustes de ganancia (0 dB, 9 dB, 18 dB) y opciones de carga de impedancia para adaptarse a diversos modelos de auriculares \/ IEMs. Incluye circuito iEMatch para reducir ruido con IEMs sensibles.<span class=\"Apple-converted-space\">\u00a0<\/span><\/li>\n<li class=\"li1\"><b>Dise\u00f1o de alimentaci\u00f3n \u201cbattery \/ virtual battery pack\u201d + filtrado activo<\/b><br \/>\nUsa banco capacitivo interno (\u201cvirtual battery pack\u201d) que entrega se\u00f1al el\u00e9ctrica ultra limpia, con m\u00ednima interferencia de la red el\u00e9ctrica.<span class=\"Apple-converted-space\">\u00a0<\/span><\/li>\n<li class=\"li1\"><b>Construcci\u00f3n premium con panel superior de vidrio y visual de tubos<\/b><br \/>\nLa superficie superior es vidrio ahumado removible para acceso a las v\u00e1lvulas GE5670 y permite ver su brillo en funcionamiento.<br \/>\nEl chasis es robusto y modular, con disipadores t\u00e9rmicos bien dimensionados.<span class=\"Apple-converted-space\">\u00a0<\/span><\/li>\n<li class=\"li1\"><b>Interfaz moderna con control remoto y m\u00f3dulo iFi Nexis (app)<\/b><br \/>\nIncorpora m\u00f3dulo Nexis que permite controlar el amplificador v\u00eda app (iOS \/ Android), visualizar estado de operaci\u00f3n y acceder a funciones avanzadas.<span class=\"Apple-converted-space\">\u00a0<\/span><\/li>\n<\/ul>\n","protected":false},"featured_media":5428,"template":"","meta":[],"product_cat":[139,19],"product_tag":[163,203,226,40,224],"_links":{"self":[{"href":"https:\/\/baflesoviedo.com\/home\/wp-json\/wp\/v2\/product\/5427"}],"collection":[{"href":"https:\/\/baflesoviedo.com\/home\/wp-json\/wp\/v2\/product"}],"about":[{"href":"https:\/\/baflesoviedo.com\/home\/wp-json\/wp\/v2\/types\/product"}],"wp:featuredmedia":[{"embeddable":true,"href":"https:\/\/baflesoviedo.com\/home\/wp-json\/wp\/v2\/media\/5428"}],"wp:attachment":[{"href":"https:\/\/baflesoviedo.com\/home\/wp-json\/wp\/v2\/media?parent=5427"}],"wp:term":[{"taxonomy":"product_cat","embeddable":true,"href":"https:\/\/baflesoviedo.com\/home\/wp-json\/wp\/v2\/product_cat?post=5427"},{"taxonomy":"product_tag","embeddable":true,"href":"https:\/\/baflesoviedo.com\/home\/wp-json\/wp\/v2\/product_tag?post=5427"}],"curies":[{"name":"wp","href":"https:\/\/api.w.org\/{rel}","templated":true}]}}