{"id":5433,"date":"2025-11-06T18:58:37","date_gmt":"2025-11-06T18:58:37","guid":{"rendered":"https:\/\/baflesoviedo.com\/home\/?post_type=product&#038;p=5433"},"modified":"2025-11-06T18:58:38","modified_gmt":"2025-11-06T18:58:38","slug":"ifi-neo-idsd-2-dac-amplificador-escritorio","status":"publish","type":"product","link":"https:\/\/baflesoviedo.com\/home\/product\/ifi-neo-idsd-2-dac-amplificador-escritorio\/","title":{"rendered":"iFi, NEO iDSD 2, DAC\/Amplificador Escritorio"},"content":{"rendered":"<p class=\"p1\"><b>Especificaciones T\u00e9cnicas:<\/b><\/p>\n<table class=\"t1\" cellspacing=\"0\" cellpadding=\"0\">\n<tbody>\n<tr>\n<td class=\"td1\" valign=\"middle\">\n<p class=\"p3\"><span class=\"s1\"><b>BLUETOOTH FORMATS<\/b><\/span><\/p>\n<\/td>\n<td class=\"td1\" valign=\"middle\">\n<p class=\"p3\"><span class=\"s1\">Bluetooth 5.4 (aptX Lossless, aptX Adaptive, aptx, LDAC, HWA\/LHDC, AAC and SBC)<\/span><\/p>\n<\/td>\n<\/tr>\n<tr>\n<td class=\"td2\" valign=\"middle\">\n<p class=\"p3\"><span class=\"s1\"><b>DIMENSIONS<\/b><\/span><\/p>\n<\/td>\n<td class=\"td2\" valign=\"middle\">\n<p class=\"p3\"><span class=\"s1\">214 x 158 x 41 mm (8.4&#8243; x 6.2&#8243; x 1.6&#8243;)<\/span><\/p>\n<\/td>\n<\/tr>\n<tr>\n<td class=\"td3\" valign=\"middle\">\n<p class=\"p3\"><span class=\"s1\"><b>DNR<\/b><\/span><\/p>\n<\/td>\n<td class=\"td3\" valign=\"middle\">\n<p class=\"p4\"><b>Line Section:<\/b><\/p>\n<p class=\"p4\">&gt;120dB(A) @ -60dBFS<span class=\"Apple-converted-space\">\u00a0<\/span><\/p>\n<p class=\"p4\"><b>Headphone Section:<\/b><\/p>\n<p class=\"p3\"><span class=\"s1\">-120dB(A)<\/span><\/p>\n<\/td>\n<\/tr>\n<tr>\n<td class=\"td4\" valign=\"middle\">\n<p class=\"p3\"><span class=\"s1\"><b>FORMATS SUPPORTED<\/b><\/span><\/p>\n<\/td>\n<td class=\"td4\" valign=\"middle\">\n<p class=\"p3\"><span class=\"s1\">PCM 768kHz; DSD 512 (22.6MHz); MQA Full Decoder<\/span><\/p>\n<\/td>\n<\/tr>\n<tr>\n<td class=\"td5\" valign=\"middle\">\n<p class=\"p3\"><span class=\"s1\"><b>INPUT<\/b><\/span><\/p>\n<\/td>\n<td class=\"td5\" valign=\"middle\">\n<p class=\"p3\"><span class=\"s1\">USB3.0 B (USB2.0 compatible); S\/PDIF (coaxial up to 192kHz, optical up to 96kHz)<\/span><\/p>\n<\/td>\n<\/tr>\n<tr>\n<td class=\"td6\" valign=\"middle\">\n<p class=\"p3\"><span class=\"s1\"><b>LIMITED WARRANTY<\/b><\/span><\/p>\n<\/td>\n<td class=\"td6\" valign=\"middle\">\n<p class=\"p3\"><span class=\"s1\">12 months**<\/span><\/p>\n<\/td>\n<\/tr>\n<tr>\n<td class=\"td7\" valign=\"middle\">\n<p class=\"p3\"><span class=\"s1\"><b>MAXIMUM OUTPUT POWER<\/b><\/span><\/p>\n<\/td>\n<td class=\"td7\" valign=\"middle\">\n<p class=\"p4\"><b>Headphone Section:<\/b><span class=\"Apple-converted-space\">\u00a0<\/span><\/p>\n<p class=\"p4\"><b>Balanced:<\/b> &gt;19.5V\/650 mW (@ 600\u03a9); &gt;13.3V\/5,551 mW (@ 32\u03a9)<span class=\"Apple-converted-space\">\u00a0<\/span><\/p>\n<p class=\"p3\"><span class=\"s1\"><b>UnBAL:<\/b> &gt;10.5V\/184 mW (@ 600\u03a9); &gt;9.5V\/2,832 mW (@ 32\u03a9)<\/span><\/p>\n<\/td>\n<\/tr>\n<tr>\n<td class=\"td8\" valign=\"middle\">\n<p class=\"p3\"><span class=\"s1\"><b>NET WEIGHT<\/b><\/span><\/p>\n<\/td>\n<td class=\"td8\" valign=\"middle\">\n<p class=\"p3\"><span class=\"s1\">916g (2.0 Ibs)<\/span><\/p>\n<\/td>\n<\/tr>\n<tr>\n<td class=\"td9\" valign=\"middle\">\n<p class=\"p3\"><span class=\"s1\"><b>OUTPUT<\/b><\/span><\/p>\n<\/td>\n<td class=\"td9\" valign=\"middle\">\n<p class=\"p4\"><b>Line Section<\/b><span class=\"Apple-converted-space\">\u00a0<\/span><\/p>\n<p class=\"p4\"><b>Outputs:<\/b><span class=\"Apple-converted-space\">\u00a0<\/span><\/p>\n<p class=\"p4\">Balanced XLR: 19.5V max. (variable) 4.4V\u00ad fixed<span class=\"Apple-converted-space\">\u00a0<\/span><\/p>\n<p class=\"p4\">UnBAL RCA: 10.5V max. (variable) 2.2V \u00adfixed<span class=\"Apple-converted-space\">\u00a0<\/span><\/p>\n<p class=\"p4\"><b>Headphone Section<\/b><\/p>\n<p class=\"p4\"><b>Outputs:<span class=\"Apple-converted-space\">\u00a0<\/span><\/b><\/p>\n<p class=\"p4\">Balanced 4.4mm: 3.5V \/ 19.5V max. (12\u03a9 &#8211; 600\u03a9 Headphone)<\/p>\n<p class=\"p3\"><span class=\"s1\">UnBAL 6.3mm: 4.5V \/ 9.50V max. (12\u03a9 &#8211; 300\u03a9 Headphone)<\/span><\/p>\n<\/td>\n<\/tr>\n<tr>\n<td class=\"td10\" valign=\"middle\">\n<p class=\"p3\"><span class=\"s1\"><b>OUTPUT IMPEDANCE<\/b><\/span><\/p>\n<\/td>\n<td class=\"td10\" valign=\"middle\">\n<p class=\"p4\"><b>Line Section<\/b> XLR \u2264100\u03a9; RCA \u226450\u03a9<span class=\"Apple-converted-space\">\u00a0<\/span><\/p>\n<p class=\"p3\"><span class=\"s1\"><b>Headphone Section<\/b> &lt;1\u03a9<\/span><\/p>\n<\/td>\n<\/tr>\n<tr>\n<td class=\"td11\" valign=\"middle\">\n<p class=\"p3\"><span class=\"s1\"><b>POWER CONSUMPTION<\/b><\/span><\/p>\n<\/td>\n<td class=\"td11\" valign=\"middle\">\n<p class=\"p3\"><span class=\"s1\">No Signal ~5W; Max Signal ~13.5W<\/span><\/p>\n<\/td>\n<\/tr>\n<tr>\n<td class=\"td12\" valign=\"middle\">\n<p class=\"p3\"><span class=\"s1\"><b>RMS OUTPUT POWER<\/b><\/span><\/p>\n<\/td>\n<td class=\"td12\" valign=\"middle\">\n<p class=\"p4\"><b>Headphone Section:<\/b><\/p>\n<p class=\"p4\"><b>Balanced:<\/b> &gt;19.3V\/620 mW (@ 600\u03a9); &gt;12.7V\/2530 mW (@ 64\u03a9)<span class=\"Apple-converted-space\">\u00a0<\/span><\/p>\n<p class=\"p3\"><span class=\"s1\"><b>UnBAL:<\/b> &gt;9.7V\/157 mW (@ 600\u03a9); &gt;9.4V\/1390 mW (@ 64\u03a9)<\/span><\/p>\n<\/td>\n<\/tr>\n<tr>\n<td class=\"td13\" valign=\"middle\">\n<p class=\"p3\"><span class=\"s1\"><b>SNR<\/b><\/span><\/p>\n<\/td>\n<td class=\"td13\" valign=\"middle\">\n<p class=\"p4\"><b>Line Section:<\/b><\/p>\n<p class=\"p4\">&lt;-120dB(A) @ 0dBFS<span class=\"Apple-converted-space\">\u00a0<\/span><\/p>\n<p class=\"p4\"><b>Headphone Section:<\/b><\/p>\n<p class=\"p3\"><span class=\"s1\">&gt;120dB(A) (3.3V 6.3mm\/6.2V 4.4mm)<\/span><\/p>\n<\/td>\n<\/tr>\n<tr>\n<td class=\"td14\" valign=\"middle\">\n<p class=\"p3\"><span class=\"s1\"><b>THD+N<\/b><\/span><\/p>\n<\/td>\n<td class=\"td14\" valign=\"middle\">\n<p class=\"p4\"><b>Line Section:<\/b><\/p>\n<p class=\"p4\">&lt;0.0015% @ 0dBFS<span class=\"Apple-converted-space\">\u00a0<\/span><\/p>\n<p class=\"p4\"><b>Headphone Section:<\/b><\/p>\n<p class=\"p3\"><span class=\"s1\">&lt;0.0015% (125mW @ 32\u03a9)<\/span><\/p>\n<\/td>\n<\/tr>\n<\/tbody>\n<\/table>\n<p><a href=\"https:\/\/ifi-audio.com\/collections\/all-products\/products\/neo-idsd-2\" target=\"_blank\" rel=\"noopener noreferrer\"><span style=\"color: #0000ff;\">Click aqu\u00ed para m\u00e1s informaci\u00f3n del producto.<\/span><\/a><\/p>\n","protected":false},"excerpt":{"rendered":"<p class=\"p1\">El <b>NEO iDSD 2<\/b> es la versi\u00f3n evolucionada de la l\u00ednea NEO: combina un DAC de alto nivel, una etapa de auriculares mucho m\u00e1s poderosa, conectividad Bluetooth de pr\u00f3xima generaci\u00f3n (aptX Lossless y m\u00e1s), y capacidades como preamplificador y entrada anal\u00f3gica. Es ideal para usuarios que buscan una estaci\u00f3n de audio compacta pero sin comprometer el rendimiento ni funcionalidad.<\/p>\n<ul class=\"ul1\">\n<li class=\"li1\"><b>Bluetooth 5.4 con aptX Lossless<\/b><br \/>\nEl NEO iDSD 2 es uno de los primeros DAC\/amplificadores que admite el codec aptX Lossless, permitiendo transmisi\u00f3n inal\u00e1mbrica en calidad CD sin p\u00e9rdidas.<br \/>\nTambi\u00e9n es compatible con aptX Adaptive, aptX cl\u00e1sico, LDAC, LHDC \/ HWA, AAC y SBC.<span class=\"Apple-converted-space\">\u00a0<\/span><\/li>\n<li class=\"li1\"><b>Potencia ampliada en la secci\u00f3n de auriculares<\/b><br \/>\nLa salida balanceada 4,4 mm entrega m\u00e1s de <b>5.551 mW (pico) a 32 \u03a9<\/b> seg\u00fan pruebas independientes.<br \/>\nEn modo RMS (continuo), el amplificador tambi\u00e9n mejora significativamente respecto al modelo anterior.<span class=\"Apple-converted-space\">\u00a0<\/span><\/li>\n<li class=\"li1\"><b>Entradas digitales + entrada anal\u00f3gica<\/b><br \/>\nAdmite USB-B, \u00f3ptico (Toslink), coaxial S\/PDIF, y una entrada anal\u00f3gica de 3,5 mm para usar solo la etapa de amplificaci\u00f3n si lo deseas.<br \/>\nTambi\u00e9n ofrece una entrada BNC para reloj externo (10 MHz) para sincronizaci\u00f3n digital avanzada.<span class=\"Apple-converted-space\">\u00a0<\/span><\/li>\n<li class=\"li1\"><b>Salidas anal\u00f3gicas variables \/ fijas y modo preamplificador<\/b><br \/>\nPod\u00e9s usarlo como DAC puro (salida fija) o como DAC\/pre para alimentar amplificadores externos o parlantes activos.<br \/>\nSalidas disponibles: RCA stereo (no balanceadas) y XLR balanceadas.<span class=\"Apple-converted-space\">\u00a0<\/span><\/li>\n<li class=\"li1\"><b>Caracter\u00edsticas tonales ajustables: XBass II y XSpace<\/b><br \/>\nPermiten realzar graves o expandir la espacialidad sin recurrir a procesamiento digital agresivo.<span class=\"Apple-converted-space\">\u00a0<\/span><\/li>\n<li class=\"li1\"><b>Filtros digitales seleccionables<\/b><br \/>\nIncluye modos como Standard, Bit Perfect, Minimum Phase y GTO para que elij\u00e1s el perfil que mejor se adapte a tu equipo y gusto.<span class=\"Apple-converted-space\">\u00a0<\/span><\/li>\n<li class=\"li1\"><b>Pantalla TFT y control moderno<\/b><br \/>\nIncorpora pantalla a color (\u2248 2&#8243;) que gira seg\u00fan la orientaci\u00f3n (horizontal \/ vertical).<br \/>\nControl mediante perilla rotativa multifunci\u00f3n, compatibilidad con control remoto y uso con aplicaci\u00f3n iFi Nexis para ajustes y actualizaciones v\u00eda OTA.<span class=\"Apple-converted-space\">\u00a0<\/span><\/li>\n<li class=\"li1\"><b>Dise\u00f1o compacto y vers\u00e1til en orientaci\u00f3n<\/b><br \/>\nPuede usarse horizontalmente sobre un escritorio o vertical usando la base incluida, optimizando espacio.<span class=\"Apple-converted-space\">\u00a0<\/span><\/li>\n<\/ul>\n","protected":false},"featured_media":5434,"template":"","meta":[],"product_cat":[19],"product_tag":[163,226,57,40,224],"_links":{"self":[{"href":"https:\/\/baflesoviedo.com\/home\/wp-json\/wp\/v2\/product\/5433"}],"collection":[{"href":"https:\/\/baflesoviedo.com\/home\/wp-json\/wp\/v2\/product"}],"about":[{"href":"https:\/\/baflesoviedo.com\/home\/wp-json\/wp\/v2\/types\/product"}],"wp:featuredmedia":[{"embeddable":true,"href":"https:\/\/baflesoviedo.com\/home\/wp-json\/wp\/v2\/media\/5434"}],"wp:attachment":[{"href":"https:\/\/baflesoviedo.com\/home\/wp-json\/wp\/v2\/media?parent=5433"}],"wp:term":[{"taxonomy":"product_cat","embeddable":true,"href":"https:\/\/baflesoviedo.com\/home\/wp-json\/wp\/v2\/product_cat?post=5433"},{"taxonomy":"product_tag","embeddable":true,"href":"https:\/\/baflesoviedo.com\/home\/wp-json\/wp\/v2\/product_tag?post=5433"}],"curies":[{"name":"wp","href":"https:\/\/api.w.org\/{rel}","templated":true}]}}