{"id":5437,"date":"2025-11-06T19:05:43","date_gmt":"2025-11-06T19:05:43","guid":{"rendered":"https:\/\/baflesoviedo.com\/home\/?post_type=product&#038;p=5437"},"modified":"2025-11-06T19:05:44","modified_gmt":"2025-11-06T19:05:44","slug":"ifi-pro-idsd-signature-dac-streamer-amplificador","status":"publish","type":"product","link":"https:\/\/baflesoviedo.com\/home\/product\/ifi-pro-idsd-signature-dac-streamer-amplificador\/","title":{"rendered":"iFi, Pro iDSD Signature, DAC\/ Streamer\/ Amplificador"},"content":{"rendered":"<p class=\"p1\"><b>Especificaciones T\u00e9cnicas:<\/b><\/p>\n<table class=\"t1\" cellspacing=\"0\" cellpadding=\"0\">\n<tbody>\n<tr>\n<td class=\"td1\" valign=\"middle\">\n<p class=\"p3\"><span class=\"s1\"><b>DIGITAL FILTERS<\/b><\/span><\/p>\n<\/td>\n<td class=\"td1\" valign=\"middle\">\n<p class=\"p3\"><span class=\"s1\">Bit-Perfect\/Bit-Perfect+\/Gibbs Transient Optimised\/Apodising\/Transient Aligned<\/span><\/p>\n<\/td>\n<\/tr>\n<tr>\n<td class=\"td2\" valign=\"middle\">\n<p class=\"p3\"><span class=\"s1\"><b>DIMENSIONS<\/b><\/span><\/p>\n<\/td>\n<td class=\"td2\" valign=\"middle\">\n<p class=\"p3\"><span class=\"s1\">213 x 220x 63 mm \/ 8.4&#8243; x 8.7&#8243; x 2.5&#8243;<\/span><\/p>\n<\/td>\n<\/tr>\n<tr>\n<td class=\"td1\" valign=\"middle\">\n<p class=\"p3\"><span class=\"s1\"><b>GAIN<\/b><\/span><\/p>\n<\/td>\n<td class=\"td1\" valign=\"middle\">\n<p class=\"p4\">Headphone Section:<span class=\"Apple-converted-space\">\u00a0<\/span><\/p>\n<p class=\"p3\"><span class=\"s1\">user-selectable: 0dB, 9dB and 18dB<\/span><\/p>\n<\/td>\n<\/tr>\n<tr>\n<td class=\"td3\" valign=\"middle\">\n<p class=\"p3\"><span class=\"s1\"><b>INPUT<\/b><\/span><\/p>\n<\/td>\n<td class=\"td3\" valign=\"middle\">\n<p class=\"p3\"><span class=\"s1\">USB\/AES3 (XLR)\/S\/PDIF (coaxial\/optical combo)\/BNC<\/span><\/p>\n<\/td>\n<\/tr>\n<tr>\n<td class=\"td4\" valign=\"middle\">\n<p class=\"p3\"><span class=\"s1\"><b>INPUT VOLTAGE<\/b><\/span><\/p>\n<\/td>\n<td class=\"td4\" valign=\"middle\">\n<p class=\"p4\">Pro iDSD &#8211; DC 9V\/6.7A \u2013 18V\/3.35A<span class=\"Apple-converted-space\">\u00a0<\/span><\/p>\n<p class=\"p3\"><span class=\"s1\">iPower Elite &#8211; AC 85 \u2013 265V, 50\/60Hz<\/span><\/p>\n<\/td>\n<\/tr>\n<tr>\n<td class=\"td5\" valign=\"middle\">\n<p class=\"p3\"><span class=\"s1\"><b>LIMITED WARRANTY<\/b><\/span><\/p>\n<\/td>\n<td class=\"td5\" valign=\"middle\">\n<p class=\"p3\"><span class=\"s1\">12 months<\/span><\/p>\n<\/td>\n<\/tr>\n<tr>\n<td class=\"td6\" valign=\"middle\">\n<p class=\"p3\"><span class=\"s1\"><b>NET WEIGHT<\/b><\/span><\/p>\n<\/td>\n<td class=\"td6\" valign=\"middle\">\n<p class=\"p3\"><span class=\"s1\">1980 g (4.37 Ibs)<\/span><\/p>\n<\/td>\n<\/tr>\n<tr>\n<td class=\"td2\" valign=\"middle\">\n<p class=\"p3\"><span class=\"s1\"><b>OUTPUT POWER<\/b><\/span><\/p>\n<\/td>\n<td class=\"td2\" valign=\"middle\">\n<p class=\"p3\"><span class=\"s1\">(16\u03a9, balanced\/single-ended): &gt;4,200mW \/1&gt;1,575mW<\/span><\/p>\n<\/td>\n<\/tr>\n<tr>\n<td class=\"td7\" valign=\"middle\">\n<p class=\"p3\"><span class=\"s1\"><b>OUTPUT VOLTAGE<\/b><\/span><\/p>\n<\/td>\n<td class=\"td7\" valign=\"middle\">\n<p class=\"p3\"><span class=\"s1\">(600\u03a9, balanced\/single-ended): &gt;11.7V \/ &gt;5.9V<\/span><\/p>\n<\/td>\n<\/tr>\n<tr>\n<td class=\"td8\" valign=\"middle\">\n<p class=\"p3\"><span class=\"s1\"><b>POWER CONSUMPTION<\/b><\/span><\/p>\n<\/td>\n<td class=\"td8\" valign=\"middle\">\n<p class=\"p3\"><span class=\"s1\">&lt; 22W idle, 50W max.<\/span><\/p>\n<\/td>\n<\/tr>\n<tr>\n<td class=\"td1\" valign=\"middle\">\n<p class=\"p3\"><span class=\"s1\"><b>SAMPLE RATE<\/b><\/span><\/p>\n<\/td>\n<td class=\"td1\" valign=\"middle\">\n<p class=\"p3\"><span class=\"s1\">PCM 768kHz\/DSD 49.152MHz (DSD 1024)\/MQA 352.8KHz\/DXD (2xDXD)<\/span><\/p>\n<\/td>\n<\/tr>\n<\/tbody>\n<\/table>\n<p><a href=\"https:\/\/ifi-audio.com\/collections\/all-products\/products\/pro-idsd-signature\" target=\"_blank\" rel=\"noopener noreferrer\"><span style=\"color: #0000ff;\">Click aqu\u00ed para m\u00e1s informaci\u00f3n del producto.<\/span><\/a><\/p>\n","protected":false},"excerpt":{"rendered":"<p class=\"p1\">El <b>Pro iDSD Signature<\/b> es la cima de la l\u00ednea iFi en soluciones integradas: combina conversi\u00f3n digital de \u00faltima generaci\u00f3n, conectividad en red, amplificaci\u00f3n potente y versatilidad como preamplificador. Es ideal para quienes buscan un \u00fanico equipo capaz de reemplazar DAC, streamer y etapa de aud\u00edfonos, sin comprometer calidad.<\/p>\n<ul class=\"ul1\">\n<li class=\"li1\"><b>Dise\u00f1o 3 en 1: DAC + streamer + amplificador<\/b><br \/>\nPermite reproducir desde m\u00faltiples fuentes digitales (USB, AES3, S\/PDIF, microSD, red Wi-Fi \/ Ethernet) con funciones de streamer integradas (DLNA, Spotify, Tidal, AirPlay)<span class=\"Apple-converted-space\">\u00a0<\/span><\/li>\n<li class=\"li1\"><b>Conversi\u00f3n de alta resoluci\u00f3n con \u201cquad-stack\u201d DACs<\/b><br \/>\nAdopta 4 pilas de DAC Burr-Brown interleaved por canal para lograr se\u00f1al balanceada con baja distorsi\u00f3n<span class=\"Apple-converted-space\">\u00a0<\/span><\/li>\n<li class=\"li1\"><b>Soporte extremo de formatos digitales<\/b><br \/>\nPCM hasta 768 kHz, DSD hasta DSD1024, decodificaci\u00f3n total de MQA, DXD, etc.<span class=\"Apple-converted-space\">\u00a0<\/span><\/li>\n<li class=\"li1\"><b>Modos de salida (variable \/ fija + \u201cPro \/ HiFi\u201d)<\/b><br \/>\nPermite usar el equipo como DAC puro o como preamplificador variable, seleccionando niveles de salida dom\u00e9stico o profesional<span class=\"Apple-converted-space\">\u00a0<\/span><\/li>\n<li class=\"li1\"><b>Potencia de amplificaci\u00f3n notable<\/b><br \/>\nSalida balanceada: &gt; 4.200 mW \/ salida single-ended: ~1.575 mW (16 \u03a9)<br \/>\nSalidas de alto voltaje cuando se configura en modo \u201cPro\u201d vs modo \u201cHiFi\u201d (por ejemplo, 11,7 V balanceada, 5,9 V no balanceada)<span class=\"Apple-converted-space\">\u00a0<\/span><\/li>\n<li class=\"li1\"><b>Selecci\u00f3n de ganancia<\/b><br \/>\nTres niveles seleccionables por el usuario: 0 dB, 9 dB, 18 dB en la secci\u00f3n de auriculares<span class=\"Apple-converted-space\">\u00a0<\/span><\/li>\n<li class=\"li1\"><b>Filtros digitales variados<\/b><br \/>\nBit-Perfect, Bit-Perfect+, Gibbs Transient Optimised, Apodising, Transient Aligned, para adaptar la presentaci\u00f3n seg\u00fan gusto y sistema<span class=\"Apple-converted-space\">\u00a0<\/span><\/li>\n<li class=\"li1\"><b>Modo \u201ctube \/ tube+ \/ solid-state\u201d<\/b><br \/>\nPermite elegir entre el car\u00e1cter tonal de v\u00e1lvulas o la transparencia del estado s\u00f3lido, o una combinaci\u00f3n h\u00edbrida<span class=\"Apple-converted-space\">\u00a0<\/span><\/li>\n<li class=\"li1\"><b>Conectividad de red y streaming integrados<\/b><br \/>\nIncluye Wi-Fi \/ Ethernet, reproducci\u00f3n desde NAS, soporte DLNA, servicios de streaming, AirPlay, microSD, USB como fuente local<span class=\"Apple-converted-space\">\u00a0<\/span><\/li>\n<li class=\"li1\"><b>Entradas y salidas completas<\/b><br \/>\nEntradas digitales: USB, AES3 (XLR), S\/PDIF (\u00f3ptico \/ coaxial), BNC (clock)<br \/>\nSalidas anal\u00f3gicas: XLR balanceado, RCA single-ended; opci\u00f3n variable\/fija<span class=\"Apple-converted-space\">\u00a0<\/span><\/li>\n<li class=\"li1\"><b>Dise\u00f1o robusto y bien equipado<\/b><br \/>\nChasis de dimensiones generosas (213 \u00d7 220 \u00d7 63 mm) con construcci\u00f3n pesada para reducir vibraciones y efecto de interferencias.<\/li>\n<\/ul>\n","protected":false},"featured_media":5438,"template":"","meta":[],"product_cat":[19,23],"product_tag":[163,226,57,40,224,219,67],"_links":{"self":[{"href":"https:\/\/baflesoviedo.com\/home\/wp-json\/wp\/v2\/product\/5437"}],"collection":[{"href":"https:\/\/baflesoviedo.com\/home\/wp-json\/wp\/v2\/product"}],"about":[{"href":"https:\/\/baflesoviedo.com\/home\/wp-json\/wp\/v2\/types\/product"}],"wp:featuredmedia":[{"embeddable":true,"href":"https:\/\/baflesoviedo.com\/home\/wp-json\/wp\/v2\/media\/5438"}],"wp:attachment":[{"href":"https:\/\/baflesoviedo.com\/home\/wp-json\/wp\/v2\/media?parent=5437"}],"wp:term":[{"taxonomy":"product_cat","embeddable":true,"href":"https:\/\/baflesoviedo.com\/home\/wp-json\/wp\/v2\/product_cat?post=5437"},{"taxonomy":"product_tag","embeddable":true,"href":"https:\/\/baflesoviedo.com\/home\/wp-json\/wp\/v2\/product_tag?post=5437"}],"curies":[{"name":"wp","href":"https:\/\/api.w.org\/{rel}","templated":true}]}}