{"id":5462,"date":"2025-11-10T23:33:01","date_gmt":"2025-11-10T23:33:01","guid":{"rendered":"https:\/\/baflesoviedo.com\/home\/?post_type=product&#038;p=5462"},"modified":"2025-11-10T23:33:01","modified_gmt":"2025-11-10T23:33:01","slug":"ifi-4-4-mm-xlr-cable","status":"publish","type":"product","link":"https:\/\/baflesoviedo.com\/home\/product\/ifi-4-4-mm-xlr-cable\/","title":{"rendered":"iFi, 4.4 mm \u2014 XLR Cable"},"content":{"rendered":"<p class=\"p1\"><b>Especificaciones T\u00e9cnicas:<\/b><\/p>\n<table class=\"t1\" cellspacing=\"0\" cellpadding=\"0\">\n<tbody>\n<tr>\n<td class=\"td1\" valign=\"middle\">\n<p class=\"p3\"><span class=\"s1\"><b>CONSTRUCTION<\/b><\/span><\/p>\n<\/td>\n<td class=\"td1\" valign=\"middle\">\n<p class=\"p3\"><span class=\"s1\">Minimum inductance and capacitance minZ\u2122 (for: minimum impedance) helix construction<\/span><\/p>\n<\/td>\n<\/tr>\n<tr>\n<td class=\"td2\" valign=\"middle\">\n<p class=\"p3\"><span class=\"s1\"><b>CONDUCTORS<\/b><\/span><\/p>\n<\/td>\n<td class=\"td2\" valign=\"middle\">\n<p class=\"p3\"><span class=\"s1\">AWG\u00a016<\/span><\/p>\n<\/td>\n<\/tr>\n<tr>\n<td class=\"td3\" valign=\"middle\">\n<p class=\"p3\"><span class=\"s1\"><b>CONDUCTOR MATERIAL<\/b><\/span><\/p>\n<\/td>\n<td class=\"td3\" valign=\"middle\">\n<p class=\"p3\"><span class=\"s1\">Heavy OFHC continuous cast copper silver matrix<\/span><\/p>\n<\/td>\n<\/tr>\n<tr>\n<td class=\"td4\" valign=\"middle\">\n<p class=\"p3\"><span class=\"s1\"><b>INSULATION<\/b><\/span><\/p>\n<\/td>\n<td class=\"td4\" valign=\"middle\">\n<p class=\"p3\"><span class=\"s1\">RoHS compliant super-soft (60P) HD polymer<\/span><\/p>\n<\/td>\n<\/tr>\n<tr>\n<td class=\"td5\" valign=\"middle\">\n<p class=\"p3\"><span class=\"s1\"><b>SHIELDING<\/b><\/span><\/p>\n<\/td>\n<td class=\"td5\" valign=\"middle\">\n<p class=\"p3\"><span class=\"s1\">Intrinsic shielding provided by minZ\u2122 helix construction<\/span><\/p>\n<\/td>\n<\/tr>\n<tr>\n<td class=\"td4\" valign=\"middle\">\n<p class=\"p3\"><span class=\"s1\"><b>CONNECTORS<\/b><\/span><\/p>\n<\/td>\n<td class=\"td4\" valign=\"middle\">\n<p class=\"p3\"><span class=\"s1\">iFi &#8216;FINAL&#8217; 4.4 and XLR connectors<\/span><\/p>\n<\/td>\n<\/tr>\n<tr>\n<td class=\"td6\" valign=\"middle\">\n<p class=\"p3\"><span class=\"s1\"><b>INSULATION RESISTANCE<\/b><\/span><\/p>\n<\/td>\n<td class=\"td6\" valign=\"middle\">\n<p class=\"p3\"><span class=\"s1\">100Mohm<\/span><\/p>\n<\/td>\n<\/tr>\n<tr>\n<td class=\"td7\" valign=\"middle\">\n<p class=\"p3\"><span class=\"s1\"><b>SIZE<\/b><\/span><\/p>\n<\/td>\n<td class=\"td7\" valign=\"middle\">\n<p class=\"p3\"><span class=\"s1\">2M Wide (78.6&#8243;) fully extended \/\/ 1M (39.3&#8243;) per XLR cable<\/span><\/p>\n<\/td>\n<\/tr>\n<tr>\n<td class=\"td6\" valign=\"middle\">\n<p class=\"p3\"><span class=\"s1\"><b>WEIGHT<\/b><\/span><\/p>\n<\/td>\n<td class=\"td6\" valign=\"middle\">\n<p class=\"p3\"><span class=\"s1\">133g (0.29 Ibs)<\/span><\/p>\n<\/td>\n<\/tr>\n<tr>\n<td class=\"td2\" valign=\"middle\">\n<p class=\"p3\"><span class=\"s1\"><b>WARRANTY PERIOD<\/b><\/span><\/p>\n<\/td>\n<td class=\"td2\" valign=\"middle\">\n<p class=\"p3\"><span class=\"s1\">12 months<\/span><\/p>\n<\/td>\n<\/tr>\n<\/tbody>\n<\/table>\n<p><a href=\"https:\/\/ifi-audio.com\/products\/4-4mm-to-xlr-cable\" target=\"_blank\" rel=\"noopener noreferrer\"><span style=\"color: #0000ff;\">Click aqu\u00ed para m\u00e1s informaci\u00f3n del producto.<\/span><\/a><\/p>\n","protected":false},"excerpt":{"rendered":"<p class=\"p1\">Este cable de interconexi\u00f3n est\u00e1 dise\u00f1ado para ofrecer una conexi\u00f3n balanceada premium entre equipos que cuentan con salida Pentaconn 4,4 mm (como DACs modernos) y entradas XLR de amplificadores\/pre-amplificadores de alta gama. Es ideal para quienes desean maximizar la calidad de se\u00f1al, minimizar ruido y aprovechar al m\u00e1ximo las capacidades de un sistema stereo serio.<\/p>\n<ul class=\"ul1\">\n<li class=\"li1\"><b>Transmisi\u00f3n balanceada de calidad audi\u00f3fila<\/b><br \/>\nPermite conectar un equipo con salida 4,4 mm balanceada a otro con entrada XLR, manteniendo la ruta se\u00f1al-ruido lo m\u00e1s limpia posible y optimizando separaci\u00f3n de canales y din\u00e1mica.<\/li>\n<li class=\"li1\"><b>Conductores de alta gama<\/b><br \/>\nUtiliza cobre libre de ox\u00edgeno (OFC) de fundici\u00f3n continua (\u00abcontinuous cast copper\u00bb) combinado con matriz de plata (\u201csilver matrix\u201d) seg\u00fan la versi\u00f3n, lo cual favorece una transferencia de se\u00f1al m\u00e1s eficiente.<span class=\"Apple-converted-space\">\u00a0<\/span><\/li>\n<li class=\"li1\"><b>Dise\u00f1o \u201chelix minZ\u2122\u201d para m\u00ednima inductancia y capacitancia<\/b><br \/>\nLa construcci\u00f3n interna en espiral reducida (helix) ayuda a mantener muy baja impedancia, as\u00ed como a proteger la se\u00f1al de interferencia de radiofrecuencia (RFI) y electromagn\u00e9tica (EMI).<span class=\"Apple-converted-space\">\u00a0<\/span><\/li>\n<li class=\"li1\"><b>Blindaje interno e aislamiento robusto<\/b><br \/>\nGracias a su blindaje intr\u00ednseco y materiales de aislaci\u00f3n de alta calidad, el cable est\u00e1 preparado para asegurar se\u00f1al limpia incluso en ambientes complejos.<span class=\"Apple-converted-space\">\u00a0<\/span><\/li>\n<li class=\"li1\"><b>Conectores de acabado premium<\/b><br \/>\nEl conector XLR macho cuenta con chasis de aleaci\u00f3n de aluminio y pines chapados en oro; el conector 4.4 mm tambi\u00e9n con acabado de precisi\u00f3n, labio elevado para ajuste firme, y contacto de calidad.<span class=\"Apple-converted-space\">\u00a0<\/span><\/li>\n<li class=\"li1\"><b>Longitud pr\u00e1ctica y peso contenido<\/b><br \/>\nLa versi\u00f3n est\u00e1ndar ofrece ~1 m (\u2248 39.3<span class=\"s1\">\u2033<\/span>) de longitud, lo que lo hace adecuado para instalaciones de escritorio o rack sin cables demasiado largos que agreguen masa o p\u00e9rdidas innecesarias.<\/li>\n<\/ul>\n","protected":false},"featured_media":5463,"template":"","meta":[],"product_cat":[26],"product_tag":[201,40,224],"_links":{"self":[{"href":"https:\/\/baflesoviedo.com\/home\/wp-json\/wp\/v2\/product\/5462"}],"collection":[{"href":"https:\/\/baflesoviedo.com\/home\/wp-json\/wp\/v2\/product"}],"about":[{"href":"https:\/\/baflesoviedo.com\/home\/wp-json\/wp\/v2\/types\/product"}],"wp:featuredmedia":[{"embeddable":true,"href":"https:\/\/baflesoviedo.com\/home\/wp-json\/wp\/v2\/media\/5463"}],"wp:attachment":[{"href":"https:\/\/baflesoviedo.com\/home\/wp-json\/wp\/v2\/media?parent=5462"}],"wp:term":[{"taxonomy":"product_cat","embeddable":true,"href":"https:\/\/baflesoviedo.com\/home\/wp-json\/wp\/v2\/product_cat?post=5462"},{"taxonomy":"product_tag","embeddable":true,"href":"https:\/\/baflesoviedo.com\/home\/wp-json\/wp\/v2\/product_tag?post=5462"}],"curies":[{"name":"wp","href":"https:\/\/api.w.org\/{rel}","templated":true}]}}