{"id":5474,"date":"2025-11-10T23:52:44","date_gmt":"2025-11-10T23:52:44","guid":{"rendered":"https:\/\/baflesoviedo.com\/home\/?post_type=product&#038;p=5474"},"modified":"2025-11-10T23:52:44","modified_gmt":"2025-11-10T23:52:44","slug":"ifi-type-c-otg-cable","status":"publish","type":"product","link":"https:\/\/baflesoviedo.com\/home\/product\/ifi-type-c-otg-cable\/","title":{"rendered":"iFi, Type-C OTG Cable"},"content":{"rendered":"<p class=\"p1\"><b>Especificaciones T\u00e9cnicas:<\/b><\/p>\n<p><a href=\"https:\/\/ifi-audio.com\/products\/otg-cables\" target=\"_blank\" rel=\"noopener noreferrer\"><span style=\"color: #0000ff;\">Click aqu\u00ed para m\u00e1s informaci\u00f3n del producto.<\/span><\/a><\/p>\n","protected":false},"excerpt":{"rendered":"<p class=\"p1\">Los OTG Cables de iFi est\u00e1n dise\u00f1ados para conectar dispositivos USB-C o micro-USB en modo host (smartphones, tablets, port\u00e1tiles) hacia un DAC, con el objetivo de mantener la se\u00f1al digital lo m\u00e1s limpia y estable posible. Su dise\u00f1o se centra en minimizar p\u00e9rdidas, interferencias y asegurar una conexi\u00f3n robusta m\u00e1s all\u00e1 de lo que ofrecen los cables est\u00e1ndar.<span class=\"Apple-converted-space\">\u00a0<\/span><\/p>\n<ul class=\"ul1\">\n<li class=\"li1\"><b>Conexi\u00f3n USB-OTG optimizada para audio<\/b><br \/>\nEstos cables activan el modo host del dispositivo (gracias a la resistencia adicional en el pin OTG) para que el m\u00f3vil\/tablet env\u00ede se\u00f1al digital al DAC sin necesidad de adaptadores improvisados.<span class=\"Apple-converted-space\">\u00a0<\/span><\/li>\n<li class=\"li1\"><b>Materiales de alta calidad para se\u00f1al digital<\/b><br \/>\nConstrucci\u00f3n con cobre libre de ox\u00edgeno (OFHC) de fundici\u00f3n continua (\u201ccontinuous cast copper\u201d) para maximizar conductividad y minimizar p\u00e9rdidas el\u00e9ctricas.<span class=\"Apple-converted-space\">\u00a0<\/span><\/li>\n<li class=\"li1\"><b>Construcci\u00f3n robusta y confiable<\/b><br \/>\nPuertos y conectores reforzados mec\u00e1nicamente para soportar uso m\u00f3vil\/mac-book u otros dispositivos port\u00e1tiles que requieren cables durables.<span class=\"Apple-converted-space\">\u00a0<\/span><\/li>\n<li class=\"li1\"><b>Compatibilidad amplia<\/b><br \/>\nVersiones para USB C (y tambi\u00e9n micro-USB en algunos modelos): ideales para Android, tablets, e incluso algunos dispositivos Apple con USB-C.<span class=\"Apple-converted-space\">\u00a0<\/span><\/li>\n<li class=\"li1\"><b>Dise\u00f1o \u201caudi\u00f3filo\u201d hasta el cable<\/b><br \/>\nAunque es un peque\u00f1o accesorio, iFi lo trata como componente clave de la cadena: buena materiales, construcci\u00f3n pensada, presentaci\u00f3n cuidada.<\/li>\n<\/ul>\n","protected":false},"featured_media":5475,"template":"","meta":[],"product_cat":[26],"product_tag":[201,40,224],"_links":{"self":[{"href":"https:\/\/baflesoviedo.com\/home\/wp-json\/wp\/v2\/product\/5474"}],"collection":[{"href":"https:\/\/baflesoviedo.com\/home\/wp-json\/wp\/v2\/product"}],"about":[{"href":"https:\/\/baflesoviedo.com\/home\/wp-json\/wp\/v2\/types\/product"}],"wp:featuredmedia":[{"embeddable":true,"href":"https:\/\/baflesoviedo.com\/home\/wp-json\/wp\/v2\/media\/5475"}],"wp:attachment":[{"href":"https:\/\/baflesoviedo.com\/home\/wp-json\/wp\/v2\/media?parent=5474"}],"wp:term":[{"taxonomy":"product_cat","embeddable":true,"href":"https:\/\/baflesoviedo.com\/home\/wp-json\/wp\/v2\/product_cat?post=5474"},{"taxonomy":"product_tag","embeddable":true,"href":"https:\/\/baflesoviedo.com\/home\/wp-json\/wp\/v2\/product_tag?post=5474"}],"curies":[{"name":"wp","href":"https:\/\/api.w.org\/{rel}","templated":true}]}}