{"id":5485,"date":"2025-11-11T20:01:26","date_gmt":"2025-11-11T20:01:26","guid":{"rendered":"https:\/\/baflesoviedo.com\/home\/?post_type=product&#038;p=5485"},"modified":"2025-11-11T20:01:30","modified_gmt":"2025-11-11T20:01:30","slug":"ifi-iematch4-4-adaptador-atenuador","status":"publish","type":"product","link":"https:\/\/baflesoviedo.com\/home\/product\/ifi-iematch4-4-adaptador-atenuador\/","title":{"rendered":"iFi, iEMatch4.4, Adaptador Atenuador"},"content":{"rendered":"<p class=\"p1\"><b>Especificaciones T\u00e9cnicas:<\/b><\/p>\n<table class=\"t1\" cellspacing=\"0\" cellpadding=\"0\">\n<tbody>\n<tr>\n<td class=\"td1\" valign=\"middle\">\n<p class=\"p3\"><span class=\"s1\"><b>CONSTRUCTION<\/b><\/span><\/p>\n<\/td>\n<td class=\"td1\" valign=\"middle\">\n<p class=\"p4\">Ultra (-24dB) &amp; High-Gain (-12db) sensitivity adjustment<\/p>\n<p class=\"p4\">Custom minZ\u2122 helix construction design, intrinsic shielding provided by minZ\u2122 helix<span class=\"Apple-converted-space\">\u00a0<\/span><\/p>\n<p class=\"p4\">6N silver\/copper matrix wiring with FINAL6063-T5 aluminium-magnesium alloy shell<span class=\"Apple-converted-space\">\u00a0<\/span><\/p>\n<p class=\"p4\">Gold-plated printed circuit board with audiophile components (eg MELF resistors)<\/p>\n<p class=\"p3\"><span class=\"s1\">Gold-plated 4.4mm male\/female connectors<\/span><\/p>\n<\/td>\n<\/tr>\n<tr>\n<td class=\"td2\" valign=\"middle\">\n<p class=\"p3\"><span class=\"s1\"><b>INPUT IMPEDANCE<\/b><\/span><\/p>\n<\/td>\n<td class=\"td2\" valign=\"middle\">\n<p class=\"p4\">&lt; 40 Ohms (High-Sensitivity)<span class=\"Apple-converted-space\">\u00a0<\/span><\/p>\n<p class=\"p3\"><span class=\"s1\">&lt; 50 Ohms (Ultra-Sensitivity)<\/span><\/p>\n<\/td>\n<\/tr>\n<tr>\n<td class=\"td3\" valign=\"middle\">\n<p class=\"p3\"><span class=\"s1\"><b>OUTPUT IMPEDANCE<\/b><\/span><\/p>\n<\/td>\n<td class=\"td3\" valign=\"middle\">\n<p class=\"p4\">&lt; 8.4 Ohms (High-Sensitivity)<span class=\"Apple-converted-space\">\u00a0<\/span><\/p>\n<p class=\"p3\"><span class=\"s1\">&lt; 3.6 Ohms (Ultra-Sensitivity)<\/span><\/p>\n<\/td>\n<\/tr>\n<tr>\n<td class=\"td4\" valign=\"middle\">\n<p class=\"p3\"><span class=\"s1\"><b>LENGTHS<\/b><\/span><\/p>\n<\/td>\n<td class=\"td4\" valign=\"middle\">\n<p class=\"p3\"><span class=\"s1\">116mm (4.6&#8243;)<\/span><\/p>\n<\/td>\n<\/tr>\n<tr>\n<td class=\"td5\" valign=\"middle\">\n<p class=\"p3\"><span class=\"s1\"><b>WEIGHT<\/b><\/span><\/p>\n<\/td>\n<td class=\"td5\" valign=\"middle\">\n<p class=\"p3\"><span class=\"s1\">17.5g (0.62oz)<\/span><\/p>\n<\/td>\n<\/tr>\n<tr>\n<td class=\"td4\" valign=\"middle\">\n<p class=\"p3\"><span class=\"s1\"><b>WARRANTY PERIOD<\/b><\/span><\/p>\n<\/td>\n<td class=\"td4\" valign=\"middle\">\n<p class=\"p3\"><span class=\"s1\">12 months<\/span><\/p>\n<\/td>\n<\/tr>\n<\/tbody>\n<\/table>\n<p><a href=\"https:\/\/ifi-audio.com\/products\/iematch4-4\" target=\"_blank\" rel=\"noopener noreferrer\"><span style=\"color: #0000ff;\">Click aqu\u00ed para m\u00e1s informaci\u00f3n del producto.<\/span><\/a><\/p>\n","protected":false},"excerpt":{"rendered":"<p class=\"p1\">Este accesorio permite optimizar la experiencia de escucha para auriculares o monitores in-ear (IEMs) con <b>salida balanceada de 4.4 mm<\/b>. Si ten\u00e9s un equipo con conector 4.4 mm balanceado pero unos auriculares extremadamente sensibles o de baja impedancia que captan siseos, ruidos de fondo o simplemente no alcanzan el nivel \u00f3ptimo de din\u00e1mica, el iEMatch 4.4 ofrece una soluci\u00f3n sencilla e inmediata: se intercala entre fuente y auriculares para reducir la ganancia, atenuar ruido residual y recuperar rango din\u00e1mico.<span class=\"Apple-converted-space\">\u00a0<\/span><\/p>\n<ul class=\"ul1\">\n<li class=\"li1\"><b>Reducci\u00f3n de ganancia para auriculares sensibles<\/b>: dispone de dos ajustes de sensibilidad \u2014 <i>High<\/i> (-12 dB) y <i>Ultra<\/i> (-24 dB) \u2014 para adaptarse a auriculares de alta o ultra sensibilidad.<span class=\"Apple-converted-space\">\u00a0<\/span><\/li>\n<li class=\"li1\"><b>Menor ruido de fondo y mayor rango din\u00e1mico<\/b>: al reducir la ganancia, se logra que el nivel de ruido o \u201chiss\u201d descienda notablemente, lo que permite una escucha m\u00e1s limpia y detallada incluso a vol\u00famenes bajos.<span class=\"Apple-converted-space\">\u00a0<\/span><\/li>\n<li class=\"li1\"><b>Dise\u00f1o compatible con sistemas balanceados 4.4 mm<\/b>: Conectores chapados en oro 4.4 mm macho\/hembra, y construcci\u00f3n balanceada que aprovecha completamente la salida de 4,4 mm.<span class=\"Apple-converted-space\">\u00a0<\/span><\/li>\n<li class=\"li1\"><b>Construcci\u00f3n audi\u00f3fila y cable de alta calidad<\/b>: Cable \u201cminZ\u2122 helix\u201d con blindaje intr\u00ednseco frente a RFI\/EMI, y chasis en aleaci\u00f3n de aluminio-magnesio de precisi\u00f3n.<span class=\"Apple-converted-space\">\u00a0<\/span><\/li>\n<li class=\"li1\"><b>Soluci\u00f3n plug-and-play<\/b>: Solo tienes que conectarlo entre la fuente (DAC, amplificador, DAP) y los aud\u00edfonos \u2014sin configuraci\u00f3n compleja, con efecto inmediato.<\/li>\n<\/ul>\n","protected":false},"featured_media":5491,"template":"","meta":[],"product_cat":[139,26],"product_tag":[203,201,40,224],"_links":{"self":[{"href":"https:\/\/baflesoviedo.com\/home\/wp-json\/wp\/v2\/product\/5485"}],"collection":[{"href":"https:\/\/baflesoviedo.com\/home\/wp-json\/wp\/v2\/product"}],"about":[{"href":"https:\/\/baflesoviedo.com\/home\/wp-json\/wp\/v2\/types\/product"}],"wp:featuredmedia":[{"embeddable":true,"href":"https:\/\/baflesoviedo.com\/home\/wp-json\/wp\/v2\/media\/5491"}],"wp:attachment":[{"href":"https:\/\/baflesoviedo.com\/home\/wp-json\/wp\/v2\/media?parent=5485"}],"wp:term":[{"taxonomy":"product_cat","embeddable":true,"href":"https:\/\/baflesoviedo.com\/home\/wp-json\/wp\/v2\/product_cat?post=5485"},{"taxonomy":"product_tag","embeddable":true,"href":"https:\/\/baflesoviedo.com\/home\/wp-json\/wp\/v2\/product_tag?post=5485"}],"curies":[{"name":"wp","href":"https:\/\/api.w.org\/{rel}","templated":true}]}}