{"id":5499,"date":"2025-11-11T20:12:17","date_gmt":"2025-11-11T20:12:17","guid":{"rendered":"https:\/\/baflesoviedo.com\/home\/?post_type=product&#038;p=5499"},"modified":"2025-11-11T20:12:17","modified_gmt":"2025-11-11T20:12:17","slug":"ifi-ipower-x-fuente-alimentacion-ac-dc","status":"publish","type":"product","link":"https:\/\/baflesoviedo.com\/home\/product\/ifi-ipower-x-fuente-alimentacion-ac-dc\/","title":{"rendered":"iFi, iPower X, Fuente Alimentaci\u00f3n AC\/DC"},"content":{"rendered":"<p class=\"p1\"><b>Especificaciones T\u00e9cnicas:<\/b><\/p>\n<p class=\"p1\"><b>INPUT<\/b><br \/>\n100-240VAC (50-60Hz\/1.5A)<br \/>\n(UK\/US\/EU\/AU interchangeable pins. Sold separately)<\/p>\n<p class=\"p1\"><b>OUTPUT<\/b><\/p>\n<p class=\"p3\">5V\/3.0A, 9V\/2.5A, 12V\/2.0A, 15V\/1.5A<\/p>\n<p class=\"p3\"><b>OUTPUT PLUG<\/b><\/p>\n<p class=\"p3\">3.5&#215;1.35mm; 4.0&#215;1.7mm; 4.8&#215;1.7mm;<br \/>\n5.5&#215;2.1 mm; 5.5&#215;2.5mm Reverse Polarity Plug (White)<\/p>\n<p class=\"p3\"><b>NOISE FLOOR<\/b><\/p>\n<p class=\"p3\">~1uV<\/p>\n<p class=\"p3\"><b>DIMENSIONS<\/b><\/p>\n<p class=\"p3\">95 (L) 5O (W) 43 (H) mm.<\/p>\n<p class=\"p3\"><b>WEIGHT<\/b><\/p>\n<p class=\"p3\">135g (0.3lbs)<\/p>\n<p class=\"p3\"><b>WARRANTY PERIOD<\/b><\/p>\n<p class=\"p3\">12 months<\/p>\n<p><a href=\"https:\/\/www.silentpower.tech\/collections\/power\/products\/ipowerx?variant=45309590864136\" target=\"_blank\" rel=\"noopener noreferrer\"><span style=\"color: #0000ff;\">Click aqu\u00ed para m\u00e1s informaci\u00f3n del producto.<\/span><\/a><\/p>\n","protected":false},"excerpt":{"rendered":"<p class=\"p1\">La iPower X es una fuente de alimentaci\u00f3n AC<span class=\"s1\">\u2192<\/span>DC dise\u00f1ada espec\u00edficamente para sistemas de audio de alto rendimiento: DACs, etapas, routers, etc. Su objetivo es eliminar al m\u00e1ximo el ruido el\u00e9ctrico procedente de la red (EMI\/RFI) y ofrecer corriente limpia con un piso de ruido extremadamente bajo, elevando as\u00ed la calidad sonora del equipo conectado.<span class=\"Apple-converted-space\">\u00a0<\/span><\/p>\n<ul class=\"ul1\">\n<li class=\"li1\"><b>Compatibilidad de voltaje y amperaje para distintos equipos<\/b><br \/>\nDisponible en versiones de 5 V\/3 A, 9 V\/2,5 A, 12 V\/2 A y 15 V\/1,5 A, lo que la hace vers\u00e1til para varios dispositivos de audio.<\/li>\n<li class=\"li1\"><b>Tecnolog\u00eda de cancelaci\u00f3n activa de ruido \u201cActive Noise Cancellation II\u201d<\/b><br \/>\nEsta tecnolog\u00eda act\u00faa de forma similar a unos auriculares con cancelaci\u00f3n activa: mide el ruido entrante y genera una se\u00f1al opuesta para neutralizarlo. El resultado: un piso de ruido del orden de ~ 1 \u00b5V.<span class=\"Apple-converted-space\">\u00a0<\/span><\/li>\n<li class=\"li1\"><b>Filtrado y capacitancia mejorados respecto a generaciones anteriores<\/b><br \/>\nComparada con la iPower original, la iPower X dispone de una entrada con 50 % m\u00e1s de capacitancia y una salida con un 150 % m\u00e1s de filtrado, lo que mejora din\u00e1micas y baja a\u00fan m\u00e1s el ruido.<span class=\"Apple-converted-space\">\u00a0<\/span><\/li>\n<li class=\"li1\"><b>Salida con pines intercambiables e internacionalizaci\u00f3n<\/b><br \/>\nLa unidad incluye adaptadores para distintos tama\u00f1os de conector barrel, y el dise\u00f1o permite el uso con diferentes tipos de enchufe (pa\u00edses) seg\u00fan accesorio.<span class=\"Apple-converted-space\">\u00a0<\/span><\/li>\n<li class=\"li1\"><b>Efecto audible en sistemas exigentes<\/b><br \/>\nUsuarios se\u00f1alan mejoras en detalle, silencio de fondo, control din\u00e1mico y eliminaci\u00f3n de zumbidos o vibraciones generadas por fuentes de alimentaci\u00f3n \u201cgen\u00e9ricas\u201d.<span class=\"Apple-converted-space\">\u00a0<\/span><\/li>\n<\/ul>\n","protected":false},"featured_media":5500,"template":"","meta":[],"product_cat":[26],"product_tag":[201,40,224],"_links":{"self":[{"href":"https:\/\/baflesoviedo.com\/home\/wp-json\/wp\/v2\/product\/5499"}],"collection":[{"href":"https:\/\/baflesoviedo.com\/home\/wp-json\/wp\/v2\/product"}],"about":[{"href":"https:\/\/baflesoviedo.com\/home\/wp-json\/wp\/v2\/types\/product"}],"wp:featuredmedia":[{"embeddable":true,"href":"https:\/\/baflesoviedo.com\/home\/wp-json\/wp\/v2\/media\/5500"}],"wp:attachment":[{"href":"https:\/\/baflesoviedo.com\/home\/wp-json\/wp\/v2\/media?parent=5499"}],"wp:term":[{"taxonomy":"product_cat","embeddable":true,"href":"https:\/\/baflesoviedo.com\/home\/wp-json\/wp\/v2\/product_cat?post=5499"},{"taxonomy":"product_tag","embeddable":true,"href":"https:\/\/baflesoviedo.com\/home\/wp-json\/wp\/v2\/product_tag?post=5499"}],"curies":[{"name":"wp","href":"https:\/\/api.w.org\/{rel}","templated":true}]}}